{"id":277962,"date":"2024-03-15T10:31:11","date_gmt":"2024-03-15T09:31:11","guid":{"rendered":"https:\/\/www.ferrovial.com\/?page_id=277962"},"modified":"2024-05-17T12:44:53","modified_gmt":"2024-05-17T10:44:53","slug":"motos-electricas-scooter","status":"publish","type":"page","link":"https:\/\/www.ferrovial.com\/es\/recursos\/motos-electricas-scooter\/","title":{"rendered":"Motos el\u00e9ctricas scooter"},"content":{"rendered":"    <m-final-content-header >\n            <c-breadcrumb label-text=\"Breadcrumb\" slot=\"breadcrumbs\" type='2' align='left' wrap='wrapped wrapped' aria-label='Vienes de Recursos'>\n                        <ol>\n\n                                                            <li><a href=\"https:\/\/www.ferrovial.com\/es\/\" title=\"Ferrovial\">Ferrovial<\/a><\/li>\n                                                                        <li><a href=\"https:\/\/www.ferrovial.com\/es\/recursos\/\" title=\"Recursos\">Recursos<\/a><\/li>\n                                    \n                <\/ol>\n\n                <\/c-breadcrumb>\n    \n        <div slot=\"header\">\n            <h1>\n                \u00bfQu\u00e9 es una moto el\u00e9ctrica?            <\/h1>\n                    <\/div>\n    <\/m-final-content-header>\n\n    \n\n\n<m-wysiwig class=\"wp-block-components-wysiwyg\"><div slot=\"maincontent\">\n<script type=\"application\/ld+json\">\n{\n  \"@context\": \"https:\/\/schema.org\",\n  \"@type\": \"FAQPage\",\n  \"mainEntity\": [{\n    \"@type\": \"Question\",\n    \"name\": \"\u00bfQu\u00e9 es una moto el\u00e9ctrica?\",\n    \"acceptedAnswer\": {\n      \"@type\": \"Answer\",\n      \"text\": \"Las motocicletas el\u00e9ctricas estilo scooter son veh\u00edculos de dos ruedas propulsados por motores el\u00e9ctricos que combinan el dise\u00f1o ic\u00f3nico de una motocicleta scooter con la eficiencia y sostenibilidad de la propulsi\u00f3n el\u00e9ctrica. Las motos el\u00e9ctricas son una opci\u00f3n cada vez m\u00e1s popular para la movilidad urbana, que ofrecen una alternativa limpia y eficiente a las motocicletas de combusti\u00f3n interna tradicionales.\"\n    }\n  },{\n    \"@type\": \"Question\",\n    \"name\": \"\u00bfC\u00f3mo funciona una moto el\u00e9ctrica?\",\n    \"acceptedAnswer\": {\n      \"@type\": \"Answer\",\n      \"text\": \"El motor de una motocicleta el\u00e9ctrica funciona de manera diferente a los motores de combusti\u00f3n interna. En lugar de quemar combustible, las motocicletas el\u00e9ctricas utilizan un motor que convierte la energ\u00eda el\u00e9ctrica de la bater\u00eda en energ\u00eda mec\u00e1nica para impulsar la rueda trasera. Para esto, se emplean los controladores electr\u00f3nicos equipados en la empu\u00f1adura del manillar que regulan la potencia entregada al motor seg\u00fan las \u00f3rdenes del conductor. Cuando el conductor gira el pu\u00f1o del acelerador, el controlador aumenta la potencia suministrada al motor, lo que acelera la motocicleta. Algunas motos el\u00e9ctricas cuentan con sistemas de frenado regenerativo que convierten parte de la energ\u00eda cin\u00e9tica en electricidad que se devuelve a la bater\u00eda para recargarla cuando el conductor aplica los frenos del manillar.\"\n    }\n  },{\n    \"@type\": \"Question\",\n    \"name\": \"\u00bfQu\u00e9 tipo de bater\u00eda se utiliza en las motos el\u00e9ctricas?\",\n    \"acceptedAnswer\": {\n      \"@type\": \"Answer\",\n      \"text\": \"La autonom\u00eda de una motocicleta el\u00e9ctrica depende de la capacidad de la bater\u00eda. En la actualidad, las bater\u00edas de iones de litio son las m\u00e1s comunes. La autonom\u00eda t\u00edpica var\u00eda desde unos 40 kil\u00f3metros hasta m\u00e1s de 100 km con una sola carga, dependiendo del modelo y las condiciones de conducci\u00f3n, como pueden ser: la velocidad empleada, las paradas, el peso del veh\u00edculo y del conductor, la inclinaci\u00f3n del terreno, la temperatura del ambiente y otros factores.\"\n    }\n  },{\n    \"@type\": \"Question\",\n    \"name\": \"\u00bfQu\u00e9 ventajas tienen las motos el\u00e9ctricas en la movilidad urbana?\",\n    \"acceptedAnswer\": {\n      \"@type\": \"Answer\",\n      \"text\": \"Uno de los mayores beneficios de las motocicletas el\u00e9ctricas estilo scooter es su impacto ambiental reducido. No emiten gases contaminantes ni part\u00edculas nocivas y contribuyen a la reducci\u00f3n de la contaminaci\u00f3n del aire en \u00e1reas urbanas.\n\nOtra de las caracter\u00edsticas notables de las motos el\u00e9ctricas es que sus motores son sumamente silenciosos y no generan vibraciones, por lo que reducen considerablemente la contaminaci\u00f3n ambiental caracter\u00edstica de sus pares de motores de combusti\u00f3n.\"\n    }\n  },{\n    \"@type\": \"Question\",\n    \"name\": \"\u00bfCu\u00e1les son las diferencias entre las motos el\u00e9ctricas y los scooters el\u00e9ctricos?\",\n    \"acceptedAnswer\": {\n      \"@type\": \"Answer\",\n      \"text\": \"La otra gran diferencia est\u00e1 en la potencia y la autonom\u00eda. Los patinetes el\u00e9ctricos est\u00e1n dise\u00f1ados para cubrir distancias urbanas cercanas a los 20 km, mientras que las motos el\u00e9ctricas suelen superar los 80 km de autonom\u00eda.\"\n    }\n  }]\n}\n<\/script>\n<p>Las motocicletas el\u00e9ctricas estilo <em>scooter <\/em>son <strong>veh\u00edculos de dos ruedas propulsados por <\/strong><a href=\"https:\/\/www.ferrovial.com\/es\/stem\/motores\/\"><strong>motores<\/strong><\/a><strong> el\u00e9ctricos <\/strong>que combinan el dise\u00f1o ic\u00f3nico de una motocicleta <em>scooter <\/em>con la <strong>eficiencia y sostenibilidad <\/strong>de la propulsi\u00f3n el\u00e9ctrica. Las motos el\u00e9ctricas son una opci\u00f3n cada vez m\u00e1s popular para la movilidad urbana, que ofrecen una alternativa limpia y eficiente a las motocicletas de <a href=\"https:\/\/www.ferrovial.com\/blog\/es\/2022\/07\/motor-combustion-interna-desliz-historico\/\">combusti\u00f3n interna<\/a> tradicionales.<\/p>\n\n\n\n<h2 class=\"wp-block-heading\"><strong>\u00bfC\u00f3mo funciona una moto el\u00e9ctrica?<\/strong><\/h2>\n\n\n\n<p>El motor de una motocicleta el\u00e9ctrica funciona de manera diferente a los motores de combusti\u00f3n interna. En lugar de quemar combustible, las motocicletas el\u00e9ctricas <strong>utilizan un motor que convierte la energ\u00eda el\u00e9ctrica de la bater\u00eda en energ\u00eda mec\u00e1nica <\/strong>para impulsar la rueda trasera. Para esto, se emplean los controladores electr\u00f3nicos equipados en la empu\u00f1adura del manillar que regulan la potencia entregada al motor seg\u00fan las \u00f3rdenes del conductor. Cuando el conductor gira el pu\u00f1o del acelerador, el controlador aumenta la potencia suministrada al motor, lo que acelera la motocicleta. Algunas motos el\u00e9ctricas cuentan con <strong>sistemas de frenado regenerativo<\/strong> que convierten parte de la <a href=\"https:\/\/www.ferrovial.com\/es\/stem\/energia-cinetica\/#:~:text=Teniendo%20en%20cuenta%20estos%20conceptos,de%20la%20velocidad%20de%20movimiento.\">energ\u00eda cin\u00e9tica<\/a> en <a href=\"https:\/\/www.ferrovial.com\/es\/recursos\/electricidad\/\">electricidad<\/a> que se devuelve a la bater\u00eda para recargarla cuando el conductor aplica los frenos del manillar.<\/p>\n\n\n\n<h2 class=\"wp-block-heading\"><strong>\u00bfQu\u00e9 tipo de bater\u00eda se utiliza en las motos el\u00e9ctricas?<\/strong><\/h2>\n\n\n\n<p>La autonom\u00eda de una motocicleta el\u00e9ctrica depende de la capacidad de la bater\u00eda. En la actualidad, las <a href=\"https:\/\/www.ferrovial.com\/es\/stem\/bateria-ion-litio\/\"><strong>bater\u00edas de iones de litio<\/strong><\/a><strong> son las m\u00e1s comunes<\/strong>. La <strong>autonom\u00eda <\/strong>t\u00edpica var\u00eda desde unos 40 kil\u00f3metros hasta m\u00e1s de 100 km con una sola carga, dependiendo del modelo y las condiciones de conducci\u00f3n, como pueden ser: la velocidad empleada, las paradas, el peso del veh\u00edculo y del conductor, la inclinaci\u00f3n del terreno, la temperatura del ambiente y otros factores.<\/p>\n\n\n\n<h2 class=\"wp-block-heading\"><strong>\u00bfQu\u00e9 ventajas tienen las motos el\u00e9ctricas en la movilidad urbana?<\/strong><\/h2>\n\n\n\n<p>Uno de los mayores beneficios de las motocicletas el\u00e9ctricas estilo <em>scooter <\/em>es su <strong>impacto ambiental reducido<\/strong>. No emiten gases contaminantes ni part\u00edculas nocivas y contribuyen a la reducci\u00f3n de la contaminaci\u00f3n del aire en \u00e1reas urbanas.<\/p>\n\n\n\n<p>Otra de las caracter\u00edsticas notables de las motos el\u00e9ctricas es que sus <strong>motores son sumamente silenciosos y no generan vibraciones<\/strong>, por lo que reducen considerablemente la contaminaci\u00f3n ambiental caracter\u00edstica de sus pares de motores de combusti\u00f3n.<\/p>\n\n\n\n<p>Las motocicletas el\u00e9ctricas tienen <strong>costos operativos m\u00e1s bajos <\/strong>en comparaci\u00f3n con las motocicletas de gasolina, debido a qu\u00e9, seg\u00fan el m\u00e9todo con el que se produzca, la electricidad tiende a ser m\u00e1s econ\u00f3mica que la gasolina. Por otro lado, los motores el\u00e9ctricos <strong>requieren menos mantenimiento <\/strong>que los de combusti\u00f3n.<\/p>\n\n\n\n<p>Debido a sus caracter\u00edsticas, las motos el\u00e9ctricas estilo <em>scooter <\/em>son veh\u00edculos <strong>ideales para el <\/strong><a href=\"https:\/\/www.ferrovial.com\/es\/recursos\/carsharing\/\"><strong>alquiler compartido<\/strong><\/a><strong> o <\/strong><strong><em>motosharing<\/em><\/strong>. Esta es una modalidad de alquiler de veh\u00edculos por horas o minutos para cubrir una necesidad de movilizaci\u00f3n puntual. En muchas ciudades, las flotas de veh\u00edculos compartidos, aparcados en la v\u00eda p\u00fablica o en puntos espec\u00edficos de recogida, dispuestos para su alquiler a trav\u00e9s de una aplicaci\u00f3n m\u00f3vil, est\u00e1n aumentando cada vez m\u00e1s. Esta forma de transporte se presenta como una <strong>alternativa m\u00e1s sostenible <\/strong>que la adquisici\u00f3n individual de un veh\u00edculo por cada usuario.<\/p>\n\n\n\n<h2 class=\"wp-block-heading\"><strong>\u00bfCu\u00e1les son las diferencias entre las motos el\u00e9ctricas y los scooters el\u00e9ctricos?<\/strong><\/h2>\n\n\n\n<p>El t\u00e9rmino moto el\u00e9ctrica se prefiere al de <em>scooter <\/em>el\u00e9ctrico, puesto que puede causar confusi\u00f3n. En ingl\u00e9s, la palabra <em>scooter <\/em>se usa ampliamente para referirse a los patinetes o monopatines. Los patinetes el\u00e9ctricos son tambi\u00e9n una gran alternativa de movilidad urbana que ha ganado popularidad en los \u00faltimos a\u00f1os. Los e-scooters suelen tener un dise\u00f1o compacto y ligero, con un manillar para dirigir y un sistema de frenos. El motor el\u00e9ctrico se encuentra ubicado en la base de la plataforma y es alimentado por una bater\u00eda recargable. Los usuarios pueden acelerar y frenar mediante un gatillo o palanca en el manillar.<\/p>\n\n\n\n<p>Aunque ambos veh\u00edculos el\u00e9ctricos tienen en com\u00fan que poseen dos ruedas alineadas una delante de la otra, y que la primera sirve para pivotar la direcci\u00f3n del veh\u00edculo que se mantiene en equilibrio din\u00e1mico mientras el conductor se encuentra en desplazamiento, el <strong>dise\u00f1o y posici\u00f3n de conducci\u00f3n<\/strong> resulta la diferencia m\u00e1s evidente entre estos dos tipos de veh\u00edculos. El patinete el\u00e9ctrico consta de una plataforma horizontal estrecha que se encuentra cercana al suelo, en la que el usuario va normalmente de pie mientras se sostiene del manillar que est\u00e1 anclado verticalmente a la parte delantera de la plataforma. Las motos el\u00e9ctricas estilo <em>scooter<\/em>, en cambio, brindan una mayor comodidad. Su dise\u00f1o parte del de una bicicleta de paseo, con un cuadro abierto y un c\u00f3modo asiento al que se le incorpora una plataforma para posar los pies. Las ruedas de este tipo de motocicletas suelen ser m\u00e1s peque\u00f1as que las de las motos convencionales, pero bastante m\u00e1s grandes que las de los patinetes.<\/p>\n\n\n\n<p>La otra gran diferencia est\u00e1 en la potencia y la autonom\u00eda. Los patinetes el\u00e9ctricos est\u00e1n dise\u00f1ados para cubrir distancias urbanas cercanas a los 20 km, mientras que las motos el\u00e9ctricas suelen superar los 80 km de autonom\u00eda.<\/p>\n<\/div><\/m-wysiwig>\n","protected":false},"excerpt":{"rendered":"","protected":false},"featured_media":0,"parent":25267,"menu_order":0,"comment_status":"closed","ping_status":"closed","template":"","meta":{"_acf_changed":false,"footnotes":""},"class_list":["post-277962","page","type-page","status-publish","hentry"],"acf":[],"yoast_head":"<!-- This site is optimized with the Yoast SEO plugin v27.2 - https:\/\/yoast.com\/product\/yoast-seo-wordpress\/ -->\n<title>Moto el\u00e9ctrica: qu\u00e9 es, funcionamiento, bater\u00eda, ventajas y diferencias - Ferrovial<\/title>\n<meta name=\"description\" content=\"Las motocicletas el\u00e9ctricas estilo scooter son veh\u00edculos de dos ruedas propulsados por motores el\u00e9ctricos que combinan el dise\u00f1o ic\u00f3nico de una motocicleta scooter con la eficiencia y sostenibilidad de la propulsi\u00f3n el\u00e9ctrica.\" \/>\n<meta name=\"robots\" content=\"index, follow, max-snippet:-1, max-image-preview:large, max-video-preview:-1\" \/>\n<link rel=\"canonical\" href=\"https:\/\/www.ferrovial.com\/es\/recursos\/motos-electricas-scooter\/\" \/>\n<meta property=\"og:locale\" content=\"es_ES\" \/>\n<meta property=\"og:type\" content=\"article\" \/>\n<meta property=\"og:title\" content=\"Moto el\u00e9ctrica: qu\u00e9 es, funcionamiento, bater\u00eda, ventajas y diferencias - Ferrovial\" \/>\n<meta property=\"og:description\" content=\"Las motocicletas el\u00e9ctricas estilo scooter son veh\u00edculos de dos ruedas propulsados por motores el\u00e9ctricos que combinan el dise\u00f1o ic\u00f3nico de una motocicleta scooter con la eficiencia y sostenibilidad de la propulsi\u00f3n el\u00e9ctrica.\" \/>\n<meta property=\"og:url\" content=\"https:\/\/www.ferrovial.com\/es\/recursos\/motos-electricas-scooter\/\" \/>\n<meta property=\"og:site_name\" content=\"Ferrovial\" \/>\n<meta property=\"article:publisher\" content=\"https:\/\/www.facebook.com\/ferrovial\" \/>\n<meta property=\"article:modified_time\" content=\"2024-05-17T10:44:53+00:00\" \/>\n<meta name=\"twitter:card\" content=\"summary_large_image\" \/>\n<meta name=\"twitter:site\" content=\"@ferrovial\" \/>\n<meta name=\"twitter:label1\" content=\"Est. reading time\" \/>\n\t<meta name=\"twitter:data1\" content=\"4 minutos\" \/>\n<!-- \/ Yoast SEO plugin. -->","yoast_head_json":{"title":"Moto el\u00e9ctrica: qu\u00e9 es, funcionamiento, bater\u00eda, ventajas y diferencias - Ferrovial","description":"Las motocicletas el\u00e9ctricas estilo scooter son veh\u00edculos de dos ruedas propulsados por motores el\u00e9ctricos que combinan el dise\u00f1o ic\u00f3nico de una motocicleta scooter con la eficiencia y sostenibilidad de la propulsi\u00f3n el\u00e9ctrica.","robots":{"index":"index","follow":"follow","max-snippet":"max-snippet:-1","max-image-preview":"max-image-preview:large","max-video-preview":"max-video-preview:-1"},"canonical":"https:\/\/www.ferrovial.com\/es\/recursos\/motos-electricas-scooter\/","og_locale":"es_ES","og_type":"article","og_title":"Moto el\u00e9ctrica: qu\u00e9 es, funcionamiento, bater\u00eda, ventajas y diferencias - Ferrovial","og_description":"Las motocicletas el\u00e9ctricas estilo scooter son veh\u00edculos de dos ruedas propulsados por motores el\u00e9ctricos que combinan el dise\u00f1o ic\u00f3nico de una motocicleta scooter con la eficiencia y sostenibilidad de la propulsi\u00f3n el\u00e9ctrica.","og_url":"https:\/\/www.ferrovial.com\/es\/recursos\/motos-electricas-scooter\/","og_site_name":"Ferrovial","article_publisher":"https:\/\/www.facebook.com\/ferrovial","article_modified_time":"2024-05-17T10:44:53+00:00","twitter_card":"summary_large_image","twitter_site":"@ferrovial","twitter_misc":{"Est. reading time":"4 minutos"},"schema":{"@context":"https:\/\/schema.org","@graph":[{"@type":"WebPage","@id":"https:\/\/www.ferrovial.com\/es\/recursos\/motos-electricas-scooter\/","url":"https:\/\/www.ferrovial.com\/es\/recursos\/motos-electricas-scooter\/","name":"Moto el\u00e9ctrica: qu\u00e9 es, funcionamiento, bater\u00eda, ventajas y diferencias - Ferrovial","isPartOf":{"@id":"https:\/\/www.ferrovial.com\/es\/#website"},"datePublished":"2024-03-15T09:31:11+00:00","dateModified":"2024-05-17T10:44:53+00:00","description":"Las motocicletas el\u00e9ctricas estilo scooter son veh\u00edculos de dos ruedas propulsados por motores el\u00e9ctricos que combinan el dise\u00f1o ic\u00f3nico de una motocicleta scooter con la eficiencia y sostenibilidad de la propulsi\u00f3n el\u00e9ctrica.","breadcrumb":{"@id":"https:\/\/www.ferrovial.com\/es\/recursos\/motos-electricas-scooter\/#breadcrumb"},"inLanguage":"es","potentialAction":[{"@type":"ReadAction","target":["https:\/\/www.ferrovial.com\/es\/recursos\/motos-electricas-scooter\/"]}]},{"@type":"BreadcrumbList","@id":"https:\/\/www.ferrovial.com\/es\/recursos\/motos-electricas-scooter\/#breadcrumb","itemListElement":[{"@type":"ListItem","position":1,"name":"Portada","item":"https:\/\/www.ferrovial.com\/es\/"},{"@type":"ListItem","position":2,"name":"Recursos","item":"https:\/\/www.ferrovial.com\/es\/recursos\/"},{"@type":"ListItem","position":3,"name":"Motos el\u00e9ctricas scooter"}]},{"@type":"WebSite","@id":"https:\/\/www.ferrovial.com\/es\/#website","url":"https:\/\/www.ferrovial.com\/es\/","name":"Ferrovial","description":"Welcome to the Ferrovial&#039;s website, global operator of sustainable infrastructure. Here you can find all the information about the company and subsidiaries.","publisher":{"@id":"https:\/\/www.ferrovial.com\/es\/#organization"},"potentialAction":[{"@type":"SearchAction","target":{"@type":"EntryPoint","urlTemplate":"https:\/\/www.ferrovial.com\/es\/?s={search_term_string}"},"query-input":{"@type":"PropertyValueSpecification","valueRequired":true,"valueName":"search_term_string"}}],"inLanguage":"es"},{"@type":"Organization","@id":"https:\/\/www.ferrovial.com\/es\/#organization","name":"Ferrovial S.A.","url":"https:\/\/www.ferrovial.com\/es\/","logo":{"@type":"ImageObject","inLanguage":"es","@id":"https:\/\/www.ferrovial.com\/es\/#\/schema\/logo\/image\/","url":"https:\/\/static.ferrovial.com\/wp-content\/uploads\/2020\/01\/13124948\/logo-ferrovial-cf7.png","contentUrl":"https:\/\/static.ferrovial.com\/wp-content\/uploads\/2020\/01\/13124948\/logo-ferrovial-cf7.png","width":144,"height":32,"caption":"Ferrovial S.A."},"image":{"@id":"https:\/\/www.ferrovial.com\/es\/#\/schema\/logo\/image\/"},"sameAs":["https:\/\/www.facebook.com\/ferrovial","https:\/\/x.com\/ferrovial","https:\/\/www.instagram.com\/ferrovial\/","https:\/\/www.linkedin.com\/company\/ferrovial","https:\/\/www.pinterest.es\/ferrovial\/","https:\/\/www.youtube.com\/ferrovial","https:\/\/en.wikipedia.org\/wiki\/Ferrovial"]}]}},"_links":{"self":[{"href":"https:\/\/www.ferrovial.com\/es\/wp-json\/wp\/v2\/pages\/277962","targetHints":{"allow":["GET"]}}],"collection":[{"href":"https:\/\/www.ferrovial.com\/es\/wp-json\/wp\/v2\/pages"}],"about":[{"href":"https:\/\/www.ferrovial.com\/es\/wp-json\/wp\/v2\/types\/page"}],"replies":[{"embeddable":true,"href":"https:\/\/www.ferrovial.com\/es\/wp-json\/wp\/v2\/comments?post=277962"}],"version-history":[{"count":2,"href":"https:\/\/www.ferrovial.com\/es\/wp-json\/wp\/v2\/pages\/277962\/revisions"}],"predecessor-version":[{"id":281732,"href":"https:\/\/www.ferrovial.com\/es\/wp-json\/wp\/v2\/pages\/277962\/revisions\/281732"}],"up":[{"embeddable":true,"href":"https:\/\/www.ferrovial.com\/es\/wp-json\/wp\/v2\/pages\/25267"}],"wp:attachment":[{"href":"https:\/\/www.ferrovial.com\/es\/wp-json\/wp\/v2\/media?parent=277962"}],"curies":[{"name":"wp","href":"https:\/\/api.w.org\/{rel}","templated":true}]}}