{"id":277964,"date":"2024-03-15T10:41:16","date_gmt":"2024-03-15T09:41:16","guid":{"rendered":"https:\/\/www.ferrovial.com\/?page_id=277964"},"modified":"2024-09-16T21:35:39","modified_gmt":"2024-09-16T19:35:39","slug":"biotecnologia","status":"publish","type":"page","link":"https:\/\/www.ferrovial.com\/es\/stem\/biotecnologia\/","title":{"rendered":"Biotecnolog\u00eda"},"content":{"rendered":"    <m-final-content-header >\n            <c-breadcrumb label-text=\"Breadcrumb\" slot=\"breadcrumbs\" type='2' align='left' wrap='wrapped wrapped' aria-label='Vienes de STEM'>\n                        <ol>\n\n                                                            <li><a href=\"https:\/\/www.ferrovial.com\/es\/\" title=\"Ferrovial\">Ferrovial<\/a><\/li>\n                                                                        <li><a href=\"https:\/\/www.ferrovial.com\/es\/stem\/\" title=\"STEM\">STEM<\/a><\/li>\n                                    \n                <\/ol>\n\n                <\/c-breadcrumb>\n    \n        <div slot=\"header\">\n            <h1>\n                \u00bfQu\u00e9 es la biotecnolog\u00eda?            <\/h1>\n                    <\/div>\n    <\/m-final-content-header>\n\n    \n\n\n<m-wysiwig class=\"wp-block-components-wysiwyg\"><div slot=\"maincontent\">\n<p><p>La <strong>biotecnolog\u00eda<\/strong> (del griego \u03b2\u03af\u03bf\u03c2 <em>b\u00edos<\/em>, \u2018vida\u2019, \u03c4\u03ad\u03c7\u03bd\u03b7 <em>t\u00e9chne<\/em>, \u2018destreza\u2019 y -\u03bb\u03bf\u03b3\u03af\u03b1 <em>-log\u00eda<\/em>, \u2018tratado, estudio, ciencia\u2019) es una <strong>rama interdisciplinaria <\/strong>del conocimiento que se encuentra entre la biolog\u00eda, la f\u00edsica, la qu\u00edmica y la biomedicina. La biotecnolog\u00eda consiste en la <strong>utilizaci\u00f3n de sistemas biol\u00f3gicos, seres vivos o parte de estos para la creaci\u00f3n o modificaci\u00f3n de productos o procesos <\/strong>que permiten la obtenci\u00f3n de un bien o servicio de utilidad para el ser humano.<\/p><\/p>\n\n\n\n<p>La biotecnolog\u00eda tiene repercusi\u00f3n en la farmacolog\u00eda, la medicina, la bromatolog\u00eda, la industria, la ganader\u00eda, la agricultura y en el <a href=\"https:\/\/www.ferrovial.com\/es\/recursos\/residuos\/\">tratamiento de residuos<\/a> s\u00f3lidos, l\u00edquidos y gaseosos.<\/p>\n\n\n\n<h2 class=\"wp-block-heading\"><strong>\u00bfCu\u00e1les son los or\u00edgenes de la biotecnolog\u00eda?<\/strong><\/h2>\n\n\n\n<p>La biotecnolog\u00eda <strong>se remonta a miles de a\u00f1os atr\u00e1s <\/strong>cuando, aun sin entender los procesos, el ser humano comenz\u00f3 a aplicar la fermentaci\u00f3n para obtener productos como vino a partir del jugo de uva, queso y yogurt a partir de la leche o cerveza a partir del l\u00fapulo y la cebada. Se trataba de una <strong>biotecnolog\u00eda tradicional <\/strong>que aprovechaba los procesos metab\u00f3licos de algunos microorganismos. El desarrollo cient\u00edfico permiti\u00f3 comprender c\u00f3mo y por qu\u00e9 ocurr\u00edan, al tiempo que se comenz\u00f3 a investigar de qu\u00e9 manera se pod\u00edan optimizar los resultados y encontrar nuevas aplicaciones.<\/p>\n\n\n\n<p>Al ingeniero h\u00fangaro K\u00e1roly Ereki se le considera el padre de la biotecnolog\u00eda. Fue \u00e9l quien introdujo el <strong>t\u00e9rmino <\/strong>en su libro <em>Biotecnolog\u00eda en la producci\u00f3n c\u00e1rnica y l\u00e1ctica<\/em>, en <strong>1919<\/strong>.&nbsp;<\/p>\n\n\n\n<h2 class=\"wp-block-heading\"><strong>\u00bfCu\u00e1les son las principales aplicaciones de la biotecnolog\u00eda?&nbsp;<\/strong><\/h2>\n\n\n\n<p>Algunas de las aplicaciones de la biotecnolog\u00eda son:<\/p>\n\n\n\n<ul class=\"wp-block-list\">\n<li><strong>M\u00e9dica<\/strong>: se utiliza para prevenir, tratar o curar patolog\u00edas mediante la producci\u00f3n de diversos productos farmac\u00e9uticos, el desarrollo de diagn\u00f3sticos, etc. Algunos de los productos que se desarrollan gracias a la biotecnolog\u00eda son: vacunas, inmunoterapias y antibi\u00f3ticos. En cuanto a tratamientos, la biotecnolog\u00eda permite, por ejemplo, la incorporaci\u00f3n de t\u00e9cnicas de inmunohistoqu\u00edmica y an\u00e1lisis gen\u00e9tico de las prote\u00ednas o \u00e1cidos nucleicos de tumores para una detecci\u00f3n, clasificaci\u00f3n y tratamiento precoz de c\u00e9lulas malignas.<\/li>\n\n\n\n<li><strong>Agr\u00edcola:<\/strong> se emplea para la mejora de cultivos y plantas, enriqueciendo sus caracter\u00edsticas, resistencia y adaptabilidad, y potenciando su valor nutricional. Adem\u00e1s, fortalece la agricultura sostenible al disminuir o eliminar la necesidad de plaguicidas o herbicidas t\u00f3xicos.<\/li>\n\n\n\n<li><strong>Industrial:<\/strong> contribuye a la creaci\u00f3n de elementos industriales m\u00e1s amigables con el medio ambiente, reduciendo la utilizaci\u00f3n de energ\u00eda de fuentes no renovables y la producci\u00f3n de desechos. Por ejemplo: la producci\u00f3n de pl\u00e1sticos biodegradables, el uso de enzimas como catalizadores o inhibidores enzim\u00e1ticos para destruir contaminantes qu\u00edmicos peligrosos, etc.<\/li>\n\n\n\n<li><strong>Energ\u00e9tica:<\/strong> se utiliza para la producci\u00f3n de biog\u00e1s combustible.<\/li>\n\n\n\n<li><strong>Ambiental: <\/strong>se aplica en el mantenimiento de la biodiversidad, la preservaci\u00f3n de las especies y la eliminaci\u00f3n de contaminantes y metales pesados en la naturaleza, utilizando plantas y microorganismos para la reducci\u00f3n de los contaminantes. Por ejemplo: la fracci\u00f3n de los hidrocarburos que entran al medio marino y su toxicidad gracias a comunidades microbianas que en su genoma contienen genes codificados para degradar alcanos.<\/li>\n<\/ul>\n\n\n\n<h2 class=\"wp-block-heading\"><strong>\u00bfCu\u00e1les son las principales desventajas de la biotecnolog\u00eda?<\/strong><\/h2>\n\n\n\n<p>Las ventajas de la biotecnolog\u00eda resultan evidentes al observar sus aplicaciones. Sin embargo, como toda actividad, la biotecnolog\u00eda tambi\u00e9n tiene desventajas y posibles riesgos.<\/p>\n\n\n\n<p>La biotecnolog\u00eda implica algunos <strong>riesgos ecol\u00f3gicos<\/strong> que pueden impactar negativamente en el equilibrio de los ecosistemas y la biodiversidad; por ejemplo:<\/p>\n\n\n\n<ul class=\"wp-block-list\">\n<li>La <strong>polinizaci\u00f3n cruzada<\/strong> puede dispersar caracter\u00edsticas como la resistencia a los herbicidas, y contribuir al desarrollo de malezas m\u00e1s agresivas.<\/li>\n\n\n\n<li>La <strong>modificaci\u00f3n gen\u00e9tica<\/strong> que introduce toxinas insecticidas en las plantas de cultivo agr\u00edcola puede contribuir a desarrollar resistencia en poblaciones de plagas, pero tambi\u00e9n pueden poner en riesgo a aves, mariposas y abejas.&nbsp;<\/li>\n\n\n\n<li>El <strong>fortalecimiento de las especies de cultivo <\/strong>a trav\u00e9s de su manipulaci\u00f3n gen\u00e9tica podr\u00eda llevar a la desaparici\u00f3n de las variedades de la especie y a la imposibilidad de su reproducci\u00f3n natural.<\/li>\n<\/ul>\n\n\n\n<p>Desde el punto de vista <strong>social y econ\u00f3mico<\/strong>, la biotecnolog\u00eda favorece el cultivo sostenible y la producci\u00f3n de alimento suficiente para la poblaci\u00f3n humana; sin embargo, el acceso a ella sigue implicando una inversi\u00f3n a la que no todos los agricultores pueden hacer frente. Esto podr\u00eda <strong>acrecentar la brecha econ\u00f3mica <\/strong>entre peque\u00f1os y grandes agricultores, as\u00ed como entre las distintas regiones del mundo.<\/p>\n<\/div><\/m-wysiwig>\n","protected":false},"excerpt":{"rendered":"","protected":false},"featured_media":0,"parent":227878,"menu_order":0,"comment_status":"closed","ping_status":"closed","template":"","meta":{"_acf_changed":false,"footnotes":""},"class_list":["post-277964","page","type-page","status-publish","hentry"],"acf":[],"yoast_head":"<!-- This site is optimized with the Yoast SEO plugin v27.2 - https:\/\/yoast.com\/product\/yoast-seo-wordpress\/ -->\n<title>Biotecnolog\u00eda: qu\u00e9 es, or\u00edgenes, aplicaciones y principales desventajas<\/title>\n<meta name=\"description\" content=\"La biotecnolog\u00eda consiste en la utilizaci\u00f3n de sistemas biol\u00f3gicos, seres vivos o parte de estos para la creaci\u00f3n o modificaci\u00f3n de productos o procesos que permiten la obtenci\u00f3n de un bien o servicio de utilidad para el ser humano.\" \/>\n<meta name=\"robots\" content=\"index, follow, max-snippet:-1, max-image-preview:large, max-video-preview:-1\" \/>\n<link rel=\"canonical\" href=\"https:\/\/www.ferrovial.com\/es\/stem\/biotecnologia\/\" \/>\n<meta property=\"og:locale\" content=\"es_ES\" \/>\n<meta property=\"og:type\" content=\"article\" \/>\n<meta property=\"og:title\" content=\"Biotecnolog\u00eda: qu\u00e9 es, or\u00edgenes, aplicaciones y principales desventajas\" \/>\n<meta property=\"og:description\" content=\"La biotecnolog\u00eda consiste en la utilizaci\u00f3n de sistemas biol\u00f3gicos, seres vivos o parte de estos para la creaci\u00f3n o modificaci\u00f3n de productos o procesos que permiten la obtenci\u00f3n de un bien o servicio de utilidad para el ser humano.\" \/>\n<meta property=\"og:url\" content=\"https:\/\/www.ferrovial.com\/es\/stem\/biotecnologia\/\" \/>\n<meta property=\"og:site_name\" content=\"Ferrovial\" \/>\n<meta property=\"article:publisher\" content=\"https:\/\/www.facebook.com\/ferrovial\" \/>\n<meta property=\"article:modified_time\" content=\"2024-09-16T19:35:39+00:00\" \/>\n<meta name=\"twitter:card\" content=\"summary_large_image\" \/>\n<meta name=\"twitter:site\" content=\"@ferrovial\" \/>\n<meta name=\"twitter:label1\" content=\"Est. reading time\" \/>\n\t<meta name=\"twitter:data1\" content=\"4 minutos\" \/>\n<!-- \/ Yoast SEO plugin. -->","yoast_head_json":{"title":"Biotecnolog\u00eda: qu\u00e9 es, or\u00edgenes, aplicaciones y principales desventajas","description":"La biotecnolog\u00eda consiste en la utilizaci\u00f3n de sistemas biol\u00f3gicos, seres vivos o parte de estos para la creaci\u00f3n o modificaci\u00f3n de productos o procesos que permiten la obtenci\u00f3n de un bien o servicio de utilidad para el ser humano.","robots":{"index":"index","follow":"follow","max-snippet":"max-snippet:-1","max-image-preview":"max-image-preview:large","max-video-preview":"max-video-preview:-1"},"canonical":"https:\/\/www.ferrovial.com\/es\/stem\/biotecnologia\/","og_locale":"es_ES","og_type":"article","og_title":"Biotecnolog\u00eda: qu\u00e9 es, or\u00edgenes, aplicaciones y principales desventajas","og_description":"La biotecnolog\u00eda consiste en la utilizaci\u00f3n de sistemas biol\u00f3gicos, seres vivos o parte de estos para la creaci\u00f3n o modificaci\u00f3n de productos o procesos que permiten la obtenci\u00f3n de un bien o servicio de utilidad para el ser humano.","og_url":"https:\/\/www.ferrovial.com\/es\/stem\/biotecnologia\/","og_site_name":"Ferrovial","article_publisher":"https:\/\/www.facebook.com\/ferrovial","article_modified_time":"2024-09-16T19:35:39+00:00","twitter_card":"summary_large_image","twitter_site":"@ferrovial","twitter_misc":{"Est. reading time":"4 minutos"},"schema":{"@context":"https:\/\/schema.org","@graph":[{"@type":"WebPage","@id":"https:\/\/www.ferrovial.com\/es\/stem\/biotecnologia\/","url":"https:\/\/www.ferrovial.com\/es\/stem\/biotecnologia\/","name":"Biotecnolog\u00eda: qu\u00e9 es, or\u00edgenes, aplicaciones y principales desventajas","isPartOf":{"@id":"https:\/\/www.ferrovial.com\/es\/#website"},"datePublished":"2024-03-15T09:41:16+00:00","dateModified":"2024-09-16T19:35:39+00:00","description":"La biotecnolog\u00eda consiste en la utilizaci\u00f3n de sistemas biol\u00f3gicos, seres vivos o parte de estos para la creaci\u00f3n o modificaci\u00f3n de productos o procesos que permiten la obtenci\u00f3n de un bien o servicio de utilidad para el ser humano.","breadcrumb":{"@id":"https:\/\/www.ferrovial.com\/es\/stem\/biotecnologia\/#breadcrumb"},"inLanguage":"es","potentialAction":[{"@type":"ReadAction","target":["https:\/\/www.ferrovial.com\/es\/stem\/biotecnologia\/"]}]},{"@type":"BreadcrumbList","@id":"https:\/\/www.ferrovial.com\/es\/stem\/biotecnologia\/#breadcrumb","itemListElement":[{"@type":"ListItem","position":1,"name":"Portada","item":"https:\/\/www.ferrovial.com\/es\/"},{"@type":"ListItem","position":2,"name":"STEM","item":"https:\/\/www.ferrovial.com\/es\/stem\/"},{"@type":"ListItem","position":3,"name":"Biotecnolog\u00eda"}]},{"@type":"WebSite","@id":"https:\/\/www.ferrovial.com\/es\/#website","url":"https:\/\/www.ferrovial.com\/es\/","name":"Ferrovial","description":"Welcome to the Ferrovial&#039;s website, global operator of sustainable infrastructure. Here you can find all the information about the company and subsidiaries.","publisher":{"@id":"https:\/\/www.ferrovial.com\/es\/#organization"},"potentialAction":[{"@type":"SearchAction","target":{"@type":"EntryPoint","urlTemplate":"https:\/\/www.ferrovial.com\/es\/?s={search_term_string}"},"query-input":{"@type":"PropertyValueSpecification","valueRequired":true,"valueName":"search_term_string"}}],"inLanguage":"es"},{"@type":"Organization","@id":"https:\/\/www.ferrovial.com\/es\/#organization","name":"Ferrovial S.A.","url":"https:\/\/www.ferrovial.com\/es\/","logo":{"@type":"ImageObject","inLanguage":"es","@id":"https:\/\/www.ferrovial.com\/es\/#\/schema\/logo\/image\/","url":"https:\/\/static.ferrovial.com\/wp-content\/uploads\/2020\/01\/13124948\/logo-ferrovial-cf7.png","contentUrl":"https:\/\/static.ferrovial.com\/wp-content\/uploads\/2020\/01\/13124948\/logo-ferrovial-cf7.png","width":144,"height":32,"caption":"Ferrovial S.A."},"image":{"@id":"https:\/\/www.ferrovial.com\/es\/#\/schema\/logo\/image\/"},"sameAs":["https:\/\/www.facebook.com\/ferrovial","https:\/\/x.com\/ferrovial","https:\/\/www.instagram.com\/ferrovial\/","https:\/\/www.linkedin.com\/company\/ferrovial","https:\/\/www.pinterest.es\/ferrovial\/","https:\/\/www.youtube.com\/ferrovial","https:\/\/en.wikipedia.org\/wiki\/Ferrovial"]}]}},"_links":{"self":[{"href":"https:\/\/www.ferrovial.com\/es\/wp-json\/wp\/v2\/pages\/277964","targetHints":{"allow":["GET"]}}],"collection":[{"href":"https:\/\/www.ferrovial.com\/es\/wp-json\/wp\/v2\/pages"}],"about":[{"href":"https:\/\/www.ferrovial.com\/es\/wp-json\/wp\/v2\/types\/page"}],"replies":[{"embeddable":true,"href":"https:\/\/www.ferrovial.com\/es\/wp-json\/wp\/v2\/comments?post=277964"}],"version-history":[{"count":3,"href":"https:\/\/www.ferrovial.com\/es\/wp-json\/wp\/v2\/pages\/277964\/revisions"}],"predecessor-version":[{"id":288251,"href":"https:\/\/www.ferrovial.com\/es\/wp-json\/wp\/v2\/pages\/277964\/revisions\/288251"}],"up":[{"embeddable":true,"href":"https:\/\/www.ferrovial.com\/es\/wp-json\/wp\/v2\/pages\/227878"}],"wp:attachment":[{"href":"https:\/\/www.ferrovial.com\/es\/wp-json\/wp\/v2\/media?parent=277964"}],"curies":[{"name":"wp","href":"https:\/\/api.w.org\/{rel}","templated":true}]}}