{"id":277975,"date":"2024-03-15T11:05:18","date_gmt":"2024-03-15T10:05:18","guid":{"rendered":"https:\/\/www.ferrovial.com\/?page_id=277975"},"modified":"2024-05-17T13:54:25","modified_gmt":"2024-05-17T11:54:25","slug":"nanotecnologia","status":"publish","type":"page","link":"https:\/\/www.ferrovial.com\/es\/stem\/nanotecnologia\/","title":{"rendered":"Nanotecnolog\u00eda"},"content":{"rendered":"    <m-final-content-header >\n            <c-breadcrumb label-text=\"Breadcrumb\" slot=\"breadcrumbs\" type='2' align='left' wrap='wrapped wrapped' aria-label='Vienes de STEM'>\n                        <ol>\n\n                                                            <li><a href=\"https:\/\/www.ferrovial.com\/es\/\" title=\"Ferrovial\">Ferrovial<\/a><\/li>\n                                                                        <li><a href=\"https:\/\/www.ferrovial.com\/es\/stem\/\" title=\"STEM\">STEM<\/a><\/li>\n                                    \n                <\/ol>\n\n                <\/c-breadcrumb>\n    \n        <div slot=\"header\">\n            <h1>\n                \u00bfQu\u00e9 es la nanotecnolog\u00eda?            <\/h1>\n                    <\/div>\n    <\/m-final-content-header>\n\n    \n\n\n<m-wysiwig class=\"wp-block-components-wysiwyg\"><div slot=\"maincontent\">\n<script type=\"application\/ld+json\">\n{\n  \"@context\": \"https:\/\/schema.org\",\n  \"@type\": \"FAQPage\",\n  \"mainEntity\": [{\n    \"@type\": \"Question\",\n    \"name\": \"\u00bfQu\u00e9 es la nanotecnolog\u00eda?\",\n    \"acceptedAnswer\": {\n      \"@type\": \"Answer\",\n      \"text\": \"La nanotecnolog\u00eda es una tecnolog\u00eda multidisciplinaria que combina ciencia e ingenier\u00eda para manipular  y controlar materia de escala nanom\u00e9trica \u2014es decir, a nivel at\u00f3mico y molecular\u2014. Gracias a ella es posible crear nuevos materiales y dispositivos que ser\u00edan impensables con otras tecnolog\u00edas.\n\nAlgunas de las ciencias involucradas en la nanotecnolog\u00eda son: qu\u00edmica, f\u00edsica, bioqu\u00edmica, biolog\u00eda, matem\u00e1ticas, inform\u00e1tica y electr\u00f3nica.\"\n    }\n  },{\n    \"@type\": \"Question\",\n    \"name\": \"\u00bfQu\u00e9 se considera materia nanom\u00e9trica?\",\n    \"acceptedAnswer\": {\n      \"@type\": \"Answer\",\n      \"text\": \"En f\u00edsica y qu\u00edmica, se considera que la materia nanom\u00e9trica tiene un tama\u00f1o entre 1 y 100 nan\u00f3metros. Sin embargo, en biolog\u00eda, se considera de escala nanom\u00e9trica a aquella materia que no supere los 1000 nan\u00f3metros.\"\n    }\n  },{\n    \"@type\": \"Question\",\n    \"name\": \"\u00bfCu\u00e1l es la diferencia entre nanotecnolog\u00eda y nanociencia?\",\n    \"acceptedAnswer\": {\n      \"@type\": \"Answer\",\n      \"text\": \"La nanociencia est\u00e1 especializada en el estudio de fen\u00f3menos f\u00edsicos, qu\u00edmicos y biol\u00f3gicos de escala nanom\u00e9trica. En cambio, la nanotecnolog\u00eda implica, adem\u00e1s del estudio de la materia, el dise\u00f1o, la manipulaci\u00f3n y la aplicaci\u00f3n de materiales, sistemas y aparatos a la materia nanom\u00e9trica.\"\n    }\n  },{\n    \"@type\": \"Question\",\n    \"name\": \"\u00bfCu\u00e1les son los or\u00edgenes de la nanotecnolog\u00eda?\",\n    \"acceptedAnswer\": {\n      \"@type\": \"Answer\",\n      \"text\": \"La primera persona que hizo referencia a las posibilidades de la nanociencia y la nanotecnolog\u00eda fue el f\u00edsico te\u00f3rico Richard Feynman en un discurso llamado \u00abHay espacio de sobra en el fondo\u00bb (\u201cThere\u2019s Plenty of Room at the Bottom\u201d), pronunciado en California en 1959. En 1965, Feynman recibir\u00eda el Premio Nobel de F\u00edsica.\"\n    }\n  },{\n    \"@type\": \"Question\",\n    \"name\": \"\u00bfQu\u00e9 t\u00e9cnicas emplea la nanotecnolog\u00eda?\",\n    \"acceptedAnswer\": {\n      \"@type\": \"Answer\",\n      \"text\": \"La nanotecnolog\u00eda se apoya en una gran cantidad de disciplinas cient\u00edficas y aplica numerosas t\u00e9cnicas, pero algunas de las m\u00e1s conocidas son:\n<ul>\n<li>Microscop\u00eda de efecto t\u00fanel\n<\/li>\n<li>Microscop\u00eda de fuerza at\u00f3mica\n<\/li>\n<li>Litograf\u00eda de electrones\n<\/li>\n<li>Deposici\u00f3n de capa at\u00f3mica\n<\/li>\n<li>Barrido orientado a la caracter\u00edstica\n<\/li>\n<li>Interferometr\u00eda de polarizaci\u00f3n dual\n<\/li>\n<\/ul>\"\n    }\n  },{\n    \"@type\": \"Question\",\n    \"name\": \"\u00bfCu\u00e1les son las principales aplicaciones de la nanotecnolog\u00eda?\",\n    \"acceptedAnswer\": {\n      \"@type\": \"Answer\",\n      \"text\": \"Por supuesto, la nanotecnolog\u00eda tiene un gran y creciente n\u00famero de aplicaciones. Algunos de los campos en los que participa son:\n<ul>\n<li>En medicina: ha permitido el desarrollo de materiales que liberan medicamentos de forma controlada y de nanorobots capaces de aplicar tratamientos espec\u00edficos. El desarrollo de nanoestructuras relacionadas con el ADN tambi\u00e9n ha permitido tratar patolog\u00edas de manera m\u00e1s precisa y sin los efectos colaterales de los tratamientos convencionales. <\/li>\n<li>En electr\u00f3nica: ha sido fundamental para la miniaturizaci\u00f3n de los dispositivos.\n<\/li>\n<li>En la industria: se ha utilizado para mejorar la resistencia y las propiedades de los materiales en general.\n<\/li>\n<\/ul>\"\n    }\n  },{\n    \"@type\": \"Question\",\n    \"name\": \"\u00bfCu\u00e1les son las principales preocupaciones que despierta la nanotecnolog\u00eda?\",\n    \"acceptedAnswer\": {\n      \"@type\": \"Answer\",\n      \"text\": \"Como ha ocurrido con todas las tecnolog\u00edas a lo largo de la historia de la humanidad, la nanotecnolog\u00eda tambi\u00e9n ha despertado preocupaciones a nivel \u00e9tico, toxicol\u00f3gico y ambiental. Las principales reservas que se han expresado tienen que ver con el posible impacto negativo que los nanomateriales puedan tener en la salud humana y en el medio ambiente.\"\n    }\n  }]\n}\n<\/script>\n<p>La nanotecnolog\u00eda es una tecnolog\u00eda multidisciplinaria que combina ciencia e ingenier\u00eda para manipular&nbsp; y controlar materia de escala nanom\u00e9trica \u2014es decir, a nivel at\u00f3mico y molecular\u2014. Gracias a ella es posible crear nuevos materiales y dispositivos que ser\u00edan impensables con otras tecnolog\u00edas.<\/p>\n\n\n\n<p><strong>Algunas de las ciencias <\/strong>involucradas en la nanotecnolog\u00eda son: <a href=\"https:\/\/www.ferrovial.com\/es\/stem\/quimica\/\">qu\u00edmica<\/a>, <a href=\"https:\/\/www.ferrovial.com\/es\/stem\/fisica\/\">f\u00edsica<\/a>, bioqu\u00edmica, biolog\u00eda, matem\u00e1ticas, inform\u00e1tica y electr\u00f3nica.<\/p>\n\n\n\n<p>La nanotecnolog\u00eda puede estar concentrada en los <strong>nanomateriales<\/strong>, tener un <strong>enfoque de arriba abajo <\/strong>\u2014orientado a crear dispositivos m\u00e1s peque\u00f1os utilizando otros m\u00e1s grandes\u2014 o <strong>de abajo arriba <\/strong>\u2014que dispone componentes peque\u00f1os en estructuras m\u00e1s complejas\u2014, o tener un <strong>enfoque funcional<\/strong>, <strong>biom\u00e9trico <\/strong>o <strong>especulativo<\/strong>.<\/p>\n\n\n\n<h2 class=\"wp-block-heading\"><strong>\u00bfQu\u00e9 se considera materia nanom\u00e9trica?<\/strong><\/h2>\n\n\n\n<p>En <strong>f\u00edsica y qu\u00edmica<\/strong>, se considera que la materia nanom\u00e9trica tiene un tama\u00f1o entre <strong>1 y 100 nan\u00f3metros<\/strong>. Sin embargo, en <strong>biolog\u00eda<\/strong>, se considera de escala nanom\u00e9trica a aquella materia que <strong>no supere los 1000 nan\u00f3metros<\/strong>.<\/p>\n\n\n\n<h2 class=\"wp-block-heading\"><strong>\u00bfCu\u00e1l es la diferencia entre nanotecnolog\u00eda y nanociencia?<\/strong><\/h2>\n\n\n\n<p>La <strong>nanociencia <\/strong>est\u00e1 especializada en el <strong>estudio de fen\u00f3menos f\u00edsicos, qu\u00edmicos y biol\u00f3gicos de escala nanom\u00e9trica<\/strong>. En cambio, la <strong>nanotecnolog\u00eda <\/strong>implica, adem\u00e1s del estudio de la materia, <strong>el dise\u00f1o, la manipulaci\u00f3n y la aplicaci\u00f3n <\/strong>de materiales, sistemas y aparatos a la materia nanom\u00e9trica.<\/p>\n\n\n\n<h2 class=\"wp-block-heading\"><strong>\u00bfCu\u00e1les son los or\u00edgenes de la nanotecnolog\u00eda?<\/strong><\/h2>\n\n\n\n<p>La primera persona que hizo referencia a las <strong>posibilidades de la nanociencia y la nanotecnolog\u00eda<\/strong> fue el f\u00edsico te\u00f3rico Richard Feynman en un discurso llamado \u00abHay espacio de sobra en el fondo\u00bb (\u201cThere\u2019s Plenty of Room at the Bottom\u201d), pronunciado en California en <strong>1959<\/strong>. En 1965, Feynman recibir\u00eda el Premio Nobel de F\u00edsica.<\/p>\n\n\n\n<p>El <strong>t\u00e9rmino nanotecnolog\u00eda<\/strong>, en cambio, no aparece sino hasta <strong>1974<\/strong>, cuando fue utilizado por el profesor Norio Taniguchi. Sin embargo, fue el ingeniero estadounidense K. Eric Drexler, inspirado en el trabajo de Feynman, quien <strong>acu\u00f1\u00f3 el t\u00e9rmino nanotecnolog\u00eda <\/strong>en su libro <em>Motores de la creaci\u00f3n: la llegada de la era de la nanotecnolog\u00eda <\/em>(<em>Engines of Creation: The Coming Era of Nanotechnology<\/em>). Fue, justamente, el trabajo de Drexler el que estableci\u00f3 la nanotecnolog\u00eda como disciplina.<\/p>\n\n\n\n<h2 class=\"wp-block-heading\"><strong>\u00bfQu\u00e9 t\u00e9cnicas emplea la nanotecnolog\u00eda?<\/strong><\/h2>\n\n\n\n<p>La nanotecnolog\u00eda se apoya en una gran cantidad de disciplinas cient\u00edficas y aplica numerosas t\u00e9cnicas, pero algunas de las m\u00e1s conocidas son:<\/p>\n\n\n\n<ul class=\"wp-block-list\">\n<li>Microscop\u00eda de efecto t\u00fanel<\/li>\n\n\n\n<li>Microscop\u00eda de fuerza at\u00f3mica<\/li>\n\n\n\n<li>Litograf\u00eda de electrones<\/li>\n\n\n\n<li>Deposici\u00f3n de capa at\u00f3mica<\/li>\n\n\n\n<li>Barrido orientado a la caracter\u00edstica<\/li>\n\n\n\n<li>Interferometr\u00eda de polarizaci\u00f3n dual<\/li>\n<\/ul>\n\n\n\n<h2 class=\"wp-block-heading\"><strong>\u00bfCu\u00e1les son las principales aplicaciones de la nanotecnolog\u00eda?<\/strong><\/h2>\n\n\n\n<p>Por supuesto, la nanotecnolog\u00eda tiene un gran y creciente n\u00famero de aplicaciones. Algunos de los campos en los que participa son:<\/p>\n\n\n\n<ul class=\"wp-block-list\">\n<li><strong>En medicina: <\/strong>ha permitido el desarrollo de materiales que <strong>liberan medicamentos de forma controlada <\/strong>y de nanorobots capaces de <strong>aplicar tratamientos espec\u00edficos<\/strong>. El desarrollo de <strong>nanoestructuras relacionadas con el ADN <\/strong>tambi\u00e9n ha permitido tratar patolog\u00edas de manera m\u00e1s precisa y sin los efectos colaterales de los tratamientos convencionales.<\/li>\n\n\n\n<li><strong>En electr\u00f3nica: <\/strong>ha sido fundamental para la miniaturizaci\u00f3n de los dispositivos.<\/li>\n\n\n\n<li><strong>En la industria: <\/strong>se ha utilizado para mejorar la resistencia y las propiedades de los materiales en general.<\/li>\n<\/ul>\n\n\n\n<h2 class=\"wp-block-heading\"><strong>\u00bfCu\u00e1les son las principales preocupaciones que despierta la nanotecnolog\u00eda?<\/strong><\/h2>\n\n\n\n<p>Como ha ocurrido con todas las tecnolog\u00edas a lo largo de la historia de la humanidad, la nanotecnolog\u00eda tambi\u00e9n ha despertado <strong>preocupaciones a nivel \u00e9tico, toxicol\u00f3gico y ambiental<\/strong>. Las principales reservas que se han expresado tienen que ver con el posible <strong>impacto negativo <\/strong>que los nanomateriales puedan tener en la <strong>salud humana y en el medio ambiente<\/strong>.<\/p>\n\n\n\n<p>El <strong>aspecto \u00e9tico <\/strong>de la nanotecnolog\u00eda es tambi\u00e9n una fuente importante de preguntas; por ejemplo: \u00bfhasta qu\u00e9 punto es admisible intervenir el <strong>ADN <\/strong>humano?, \u00bfqu\u00e9 <strong>implicaciones militares <\/strong>tiene la nanotecnolog\u00eda?, \u00bfcu\u00e1les son las potenciales amenazas a la libertad que implica la aplicaci\u00f3n de nanotecnolog\u00eda para <strong>la vigilancia<\/strong>?<\/p>\n\n\n\n<p>Otras preocupaciones, m\u00e1s apocal\u00edpticas, tienen que ver con el nivel de autonom\u00eda de los nanomateriales y las nanoestructuras. <em>La plaga gris<\/em> \u2014<em>grey goo<\/em>, en ingl\u00e9s\u2014, se refiere a un hipot\u00e9tico escenario en el que los nanorobots se autorreplicar\u00edan sin control hasta acabar con toda la vida org\u00e1nica en la Tierra.<\/p>\n<\/div><\/m-wysiwig>\n","protected":false},"excerpt":{"rendered":"","protected":false},"featured_media":0,"parent":227878,"menu_order":0,"comment_status":"closed","ping_status":"closed","template":"","meta":{"_acf_changed":false,"footnotes":""},"class_list":["post-277975","page","type-page","status-publish","hentry"],"acf":[],"yoast_head":"<!-- This site is optimized with the Yoast SEO plugin v27.2 - https:\/\/yoast.com\/product\/yoast-seo-wordpress\/ -->\n<title>Nanotecnolog\u00eda: qu\u00e9 es, or\u00edgenes, t\u00e9cnicas y aplicaciones - Ferrovial<\/title>\n<meta name=\"description\" content=\"La nanotecnolog\u00eda es una tecnolog\u00eda multidisciplinaria que combina ciencia e ingenier\u00eda para manipular y controlar materia de escala nanom\u00e9trica \u2014es decir, a nivel at\u00f3mico y molecular\u2014.\" \/>\n<meta name=\"robots\" content=\"index, follow, max-snippet:-1, max-image-preview:large, max-video-preview:-1\" \/>\n<link rel=\"canonical\" href=\"https:\/\/www.ferrovial.com\/es\/stem\/nanotecnologia\/\" \/>\n<meta property=\"og:locale\" content=\"es_ES\" \/>\n<meta property=\"og:type\" content=\"article\" \/>\n<meta property=\"og:title\" content=\"Nanotecnolog\u00eda: qu\u00e9 es, or\u00edgenes, t\u00e9cnicas y aplicaciones - Ferrovial\" \/>\n<meta property=\"og:description\" content=\"La nanotecnolog\u00eda es una tecnolog\u00eda multidisciplinaria que combina ciencia e ingenier\u00eda para manipular y controlar materia de escala nanom\u00e9trica \u2014es decir, a nivel at\u00f3mico y molecular\u2014.\" \/>\n<meta property=\"og:url\" content=\"https:\/\/www.ferrovial.com\/es\/stem\/nanotecnologia\/\" \/>\n<meta property=\"og:site_name\" content=\"Ferrovial\" \/>\n<meta property=\"article:publisher\" content=\"https:\/\/www.facebook.com\/ferrovial\" \/>\n<meta property=\"article:modified_time\" content=\"2024-05-17T11:54:25+00:00\" \/>\n<meta name=\"twitter:card\" content=\"summary_large_image\" \/>\n<meta name=\"twitter:site\" content=\"@ferrovial\" \/>\n<meta name=\"twitter:label1\" content=\"Est. reading time\" \/>\n\t<meta name=\"twitter:data1\" content=\"3 minutos\" \/>\n<!-- \/ Yoast SEO plugin. -->","yoast_head_json":{"title":"Nanotecnolog\u00eda: qu\u00e9 es, or\u00edgenes, t\u00e9cnicas y aplicaciones - Ferrovial","description":"La nanotecnolog\u00eda es una tecnolog\u00eda multidisciplinaria que combina ciencia e ingenier\u00eda para manipular y controlar materia de escala nanom\u00e9trica \u2014es decir, a nivel at\u00f3mico y molecular\u2014.","robots":{"index":"index","follow":"follow","max-snippet":"max-snippet:-1","max-image-preview":"max-image-preview:large","max-video-preview":"max-video-preview:-1"},"canonical":"https:\/\/www.ferrovial.com\/es\/stem\/nanotecnologia\/","og_locale":"es_ES","og_type":"article","og_title":"Nanotecnolog\u00eda: qu\u00e9 es, or\u00edgenes, t\u00e9cnicas y aplicaciones - Ferrovial","og_description":"La nanotecnolog\u00eda es una tecnolog\u00eda multidisciplinaria que combina ciencia e ingenier\u00eda para manipular y controlar materia de escala nanom\u00e9trica \u2014es decir, a nivel at\u00f3mico y molecular\u2014.","og_url":"https:\/\/www.ferrovial.com\/es\/stem\/nanotecnologia\/","og_site_name":"Ferrovial","article_publisher":"https:\/\/www.facebook.com\/ferrovial","article_modified_time":"2024-05-17T11:54:25+00:00","twitter_card":"summary_large_image","twitter_site":"@ferrovial","twitter_misc":{"Est. reading time":"3 minutos"},"schema":{"@context":"https:\/\/schema.org","@graph":[{"@type":"WebPage","@id":"https:\/\/www.ferrovial.com\/es\/stem\/nanotecnologia\/","url":"https:\/\/www.ferrovial.com\/es\/stem\/nanotecnologia\/","name":"Nanotecnolog\u00eda: qu\u00e9 es, or\u00edgenes, t\u00e9cnicas y aplicaciones - Ferrovial","isPartOf":{"@id":"https:\/\/www.ferrovial.com\/es\/#website"},"datePublished":"2024-03-15T10:05:18+00:00","dateModified":"2024-05-17T11:54:25+00:00","description":"La nanotecnolog\u00eda es una tecnolog\u00eda multidisciplinaria que combina ciencia e ingenier\u00eda para manipular y controlar materia de escala nanom\u00e9trica \u2014es decir, a nivel at\u00f3mico y molecular\u2014.","breadcrumb":{"@id":"https:\/\/www.ferrovial.com\/es\/stem\/nanotecnologia\/#breadcrumb"},"inLanguage":"es","potentialAction":[{"@type":"ReadAction","target":["https:\/\/www.ferrovial.com\/es\/stem\/nanotecnologia\/"]}]},{"@type":"BreadcrumbList","@id":"https:\/\/www.ferrovial.com\/es\/stem\/nanotecnologia\/#breadcrumb","itemListElement":[{"@type":"ListItem","position":1,"name":"Portada","item":"https:\/\/www.ferrovial.com\/es\/"},{"@type":"ListItem","position":2,"name":"STEM","item":"https:\/\/www.ferrovial.com\/es\/stem\/"},{"@type":"ListItem","position":3,"name":"Nanotecnolog\u00eda"}]},{"@type":"WebSite","@id":"https:\/\/www.ferrovial.com\/es\/#website","url":"https:\/\/www.ferrovial.com\/es\/","name":"Ferrovial","description":"Welcome to the Ferrovial&#039;s website, global operator of sustainable infrastructure. Here you can find all the information about the company and subsidiaries.","publisher":{"@id":"https:\/\/www.ferrovial.com\/es\/#organization"},"potentialAction":[{"@type":"SearchAction","target":{"@type":"EntryPoint","urlTemplate":"https:\/\/www.ferrovial.com\/es\/?s={search_term_string}"},"query-input":{"@type":"PropertyValueSpecification","valueRequired":true,"valueName":"search_term_string"}}],"inLanguage":"es"},{"@type":"Organization","@id":"https:\/\/www.ferrovial.com\/es\/#organization","name":"Ferrovial S.A.","url":"https:\/\/www.ferrovial.com\/es\/","logo":{"@type":"ImageObject","inLanguage":"es","@id":"https:\/\/www.ferrovial.com\/es\/#\/schema\/logo\/image\/","url":"https:\/\/static.ferrovial.com\/wp-content\/uploads\/2020\/01\/13124948\/logo-ferrovial-cf7.png","contentUrl":"https:\/\/static.ferrovial.com\/wp-content\/uploads\/2020\/01\/13124948\/logo-ferrovial-cf7.png","width":144,"height":32,"caption":"Ferrovial S.A."},"image":{"@id":"https:\/\/www.ferrovial.com\/es\/#\/schema\/logo\/image\/"},"sameAs":["https:\/\/www.facebook.com\/ferrovial","https:\/\/x.com\/ferrovial","https:\/\/www.instagram.com\/ferrovial\/","https:\/\/www.linkedin.com\/company\/ferrovial","https:\/\/www.pinterest.es\/ferrovial\/","https:\/\/www.youtube.com\/ferrovial","https:\/\/en.wikipedia.org\/wiki\/Ferrovial"]}]}},"_links":{"self":[{"href":"https:\/\/www.ferrovial.com\/es\/wp-json\/wp\/v2\/pages\/277975","targetHints":{"allow":["GET"]}}],"collection":[{"href":"https:\/\/www.ferrovial.com\/es\/wp-json\/wp\/v2\/pages"}],"about":[{"href":"https:\/\/www.ferrovial.com\/es\/wp-json\/wp\/v2\/types\/page"}],"replies":[{"embeddable":true,"href":"https:\/\/www.ferrovial.com\/es\/wp-json\/wp\/v2\/comments?post=277975"}],"version-history":[{"count":2,"href":"https:\/\/www.ferrovial.com\/es\/wp-json\/wp\/v2\/pages\/277975\/revisions"}],"predecessor-version":[{"id":281740,"href":"https:\/\/www.ferrovial.com\/es\/wp-json\/wp\/v2\/pages\/277975\/revisions\/281740"}],"up":[{"embeddable":true,"href":"https:\/\/www.ferrovial.com\/es\/wp-json\/wp\/v2\/pages\/227878"}],"wp:attachment":[{"href":"https:\/\/www.ferrovial.com\/es\/wp-json\/wp\/v2\/media?parent=277975"}],"curies":[{"name":"wp","href":"https:\/\/api.w.org\/{rel}","templated":true}]}}