{"id":277980,"date":"2024-03-15T11:12:25","date_gmt":"2024-03-15T10:12:25","guid":{"rendered":"https:\/\/www.ferrovial.com\/?page_id=277980"},"modified":"2024-05-17T14:00:38","modified_gmt":"2024-05-17T12:00:38","slug":"puente-de-brooklyn","status":"publish","type":"page","link":"https:\/\/www.ferrovial.com\/es\/recursos\/puente-de-brooklyn\/","title":{"rendered":"Puente de Brooklyn"},"content":{"rendered":"    <m-final-content-header >\n            <c-breadcrumb label-text=\"Breadcrumb\" slot=\"breadcrumbs\" type='2' align='left' wrap='wrapped wrapped' aria-label='Vienes de Recursos'>\n                        <ol>\n\n                                                            <li><a href=\"https:\/\/www.ferrovial.com\/es\/\" title=\"Ferrovial\">Ferrovial<\/a><\/li>\n                                                                        <li><a href=\"https:\/\/www.ferrovial.com\/es\/recursos\/\" title=\"Recursos\">Recursos<\/a><\/li>\n                                    \n                <\/ol>\n\n                <\/c-breadcrumb>\n    \n        <div slot=\"header\">\n            <h1>\n                \u00bfQu\u00e9 es el Puente de Brooklyn?            <\/h1>\n                    <\/div>\n    <\/m-final-content-header>\n\n    \n\n\n<m-wysiwig class=\"wp-block-components-wysiwyg\"><div slot=\"maincontent\">\n<script type=\"application\/ld+json\">\n{\n  \"@context\": \"https:\/\/schema.org\",\n  \"@type\": \"FAQPage\",\n  \"mainEntity\": [{\n    \"@type\": \"Question\",\n    \"name\": \"\u00bfQu\u00e9 es el Puente de Brooklyn?\",\n    \"acceptedAnswer\": {\n      \"@type\": \"Answer\",\n      \"text\": \"El Puente de Brooklyn es un famoso puente colgante que atraviesa el estrecho de agua del Oc\u00e9ano Atl\u00e1ntico, conocido como el R\u00edo Este, que separa las islas de Brooklyn y de Manhattan; ambas, distritos de la ciudad de Nueva York, en los Estados Unidos de Am\u00e9rica.\"\n    }\n  },{\n    \"@type\": \"Question\",\n    \"name\": \"\u00bfCu\u00e1l es la importancia del Puente de Brooklyn?\",\n    \"acceptedAnswer\": {\n      \"@type\": \"Answer\",\n      \"text\": \"El Puente de Brooklyn es considerado una obra de ingenier\u00eda muy notable que estableci\u00f3 varios hitos en el siglo XIX. Durante 30 a\u00f1os ostent\u00f3 el r\u00e9cord del puente con el vano m\u00e1s largo del mundo. Est\u00e1 construido con granito, cemento, piedra caliza y acero (que para entonces era un material no usado en esas magnitudes para construcci\u00f3n). Las obras iniciaron en 1870 y concluyeron 13 a\u00f1os despu\u00e9s. Fue el primer puente que salv\u00f3 la separaci\u00f3n que hay entre Manhattan y Brooklyn, y a\u00fan sigue en funcionamiento, casi 150 a\u00f1os despu\u00e9s de su inauguraci\u00f3n.\n\nLa construcci\u00f3n del puente impuls\u00f3 enormemente el desarrollo de Brooklyn y facilit\u00f3 el crecimiento econ\u00f3mico y la expansi\u00f3n de la ciudad de Nueva York. Antes de su existencia, la comunicaci\u00f3n entre los dos distritos se hac\u00eda por medio de barcas y transbordadores, lo que limitaba considerablemente el transporte de personas y mercanc\u00eda a las condiciones de navegaci\u00f3n y la disponibilidad de naves.\nEl puente es un importante punto de referencia hist\u00f3rico y cultural en Nueva York. Ha aparecido en numerosas pel\u00edculas, libros y obras de arte. En la actualidad, representa un s\u00edmbolo de la ciudad y uno de los sitios de inter\u00e9s tur\u00edsticos ineludibles de La Gran Manzana.\"\n    }\n  },{\n    \"@type\": \"Question\",\n    \"name\": \"\u00bfCu\u00e1nto mide el puente de Brooklyn?\",\n    \"acceptedAnswer\": {\n      \"@type\": \"Answer\",\n      \"text\": \"El Puente de Brooklyn tiene una longitud total de aproximadamente 1825 metros de una orilla a la otra del R\u00edo Este. Su luz principal, es decir, la distancia entre las dos torres principales del puente, es de 486 metros. El g\u00e1libo del puente es de 41 metros. El g\u00e1libo es la distancia que hay entre la parte baja de la estructura del puente y la media del nivel del agua.\nEl ancho del puente es de unos 25.6 metros, lo que le permite, en la actualidad, disponer de cinco canales para autom\u00f3viles, un canal de doble sentido exclusivo para bicicletas y un paseo para peatones en la plataforma superior. Los autobuses y camiones tienen prohibido el paso por limitaciones de peso y altura. En el pasado, tambi\u00e9n transitaron por \u00e9l carruajes tirados por caballos, tranv\u00edas y trenes elevados.\"\n    }\n  },{\n    \"@type\": \"Question\",\n    \"name\": \"\u00bfCu\u00e1les son los otros puentes de Brooklyn?\",\n    \"acceptedAnswer\": {\n      \"@type\": \"Answer\",\n      \"text\": \"En la zona del R\u00edo Este se levantaron posteriormente otros dos puentes que cruzan el estrecho de norte a sur: el Puente de Williamsburg (1903), que conecta el Lower East Side de Manhattan con el barrio de Williamsburg, en Brooklyn, y por el que pasan 3 l\u00edneas de metro; y el Puente de Manhattan (1909), que va desde el Bajo Manhattan a la avenida Flatbush.\n\nEstos proyectos posteriores surgieron como una consecuencia directa del impacto que tuvo el Puente de Brooklyn para el crecimiento de Nueva York y por el precedente que esta imponente estructura hab\u00eda sentado en la historia de la construcci\u00f3n.\"\n    }\n  }]\n}\n<\/script>\n<p>El Puente de Brooklyn es un famoso <a href=\"https:\/\/www.ferrovial.com\/es\/recursos\/puentes\/\"><strong>puente<\/strong><\/a><strong> colgante <\/strong>que atraviesa el estrecho de agua del Oc\u00e9ano Atl\u00e1ntico, conocido como el R\u00edo Este, que separa <strong>las islas de Brooklyn y de Manhattan<\/strong>; ambas, distritos de la ciudad de <strong>Nueva York<\/strong>, en los Estados Unidos de Am\u00e9rica.<\/p>\n\n\n\n<h2 class=\"wp-block-heading\"><strong>\u00bfCu\u00e1l es la importancia del Puente de Brooklyn?<\/strong><\/h2>\n\n\n\n<p>El Puente de Brooklyn es considerado una <strong>obra de ingenier\u00eda muy notable<\/strong> que estableci\u00f3 varios hitos en el siglo XIX. Durante 30 a\u00f1os ostent\u00f3 el <strong>r\u00e9cord del puente con el vano m\u00e1s largo del mundo<\/strong>. Est\u00e1 construido con granito, <a href=\"https:\/\/www.ferrovial.com\/es\/recursos\/cemento\/\">cemento<\/a>, piedra caliza y acero (que para entonces era un material no usado en esas magnitudes para construcci\u00f3n). Las obras iniciaron en 1870 y concluyeron 13 a\u00f1os despu\u00e9s. Fue el <strong>primer puente que salv\u00f3 la separaci\u00f3n que hay entre Manhattan y Brooklyn<\/strong>, y a\u00fan sigue en funcionamiento, casi 150 a\u00f1os despu\u00e9s de su inauguraci\u00f3n.<\/p>\n\n\n\n<p>La construcci\u00f3n del puente <strong>impuls\u00f3 enormemente el desarrollo de Brooklyn y facilit\u00f3 el crecimiento econ\u00f3mico y la expansi\u00f3n de la ciudad de Nueva York<\/strong>. Antes de su existencia, la comunicaci\u00f3n entre los dos distritos se hac\u00eda por medio de barcas y transbordadores, lo que limitaba considerablemente el transporte de personas y mercanc\u00eda a las condiciones de navegaci\u00f3n y la disponibilidad de naves.<\/p>\n\n\n\n<p>El puente es un importante punto de referencia hist\u00f3rico y cultural en Nueva York. Ha aparecido en numerosas pel\u00edculas, libros y obras de arte. En la actualidad, <strong>representa un s\u00edmbolo de la ciudad<\/strong> y uno de los sitios de inter\u00e9s tur\u00edsticos ineludibles de La Gran Manzana.&nbsp;<\/p>\n\n\n\n<p>El dise\u00f1o y la estructura del Puente de Brooklyn han <strong>influido en la arquitectura de puentes en todo el mundo<\/strong>. El puente est\u00e1 colgado de sus dos torres de piedra de estilo neog\u00f3tico con arcos apuntados. Los pilares se construyeron sobre cimientos en el lecho del r\u00edo. Las torres tienen una altura m\u00e1xima de 84.4 metros. En ellas descansan los 4 cables de 40 cent\u00edmetros de di\u00e1metro cada uno, desde los que se cuelgan 1520 cables de suspensi\u00f3n que soportan las vigas y la plataforma del puente, junto a otros 400 tirantes que se proyectan desde las torres en forma diagonal, formando una celos\u00eda. Su <strong>esqueleto abierto, formado por cables y vigas<\/strong>, responde muy bien a posibles amenazas de vientos, pese a que en la \u00e9poca a\u00fan no se hab\u00edan desarrollado las pruebas aerodin\u00e1micas para asegurar la resistencia de estructuras de este tama\u00f1o.<\/p>\n\n\n\n<h2 class=\"wp-block-heading\"><strong>\u00bfCu\u00e1nto mide el puente de Brooklyn?<\/strong><\/h2>\n\n\n\n<p>El Puente de Brooklyn tiene una <strong>longitud total de aproximadamente 1825 metros <\/strong>de una orilla a la otra del R\u00edo Este. Su <strong>luz principal<\/strong>, es decir, la distancia entre las dos torres principales del puente, es de 486 metros. El <strong>g\u00e1libo <\/strong>del puente es de 41 metros. El g\u00e1libo es la distancia que hay entre la parte baja de la estructura del puente y la media del nivel del agua.<\/p>\n\n\n\n<p><strong>El ancho del puente es de unos 25.6 metros<\/strong>, lo que le permite, en la actualidad, disponer de <strong>cinco canales para autom\u00f3viles<\/strong>, un canal de doble sentido <strong>exclusivo para bicicletas <\/strong>y un <strong>paseo para peatones <\/strong>en la plataforma superior. Los autobuses y camiones tienen prohibido el paso por limitaciones de peso y altura. En el pasado, tambi\u00e9n transitaron por \u00e9l carruajes tirados por caballos, tranv\u00edas y trenes elevados.<\/p>\n\n\n\n<h2 class=\"wp-block-heading\"><strong>\u00bfCu\u00e1les son los otros puentes de Brooklyn?<\/strong><\/h2>\n\n\n\n<p>En la zona del R\u00edo Este se levantaron posteriormente otros dos puentes que cruzan el estrecho de norte a sur: el <strong>Puente de Williamsburg <\/strong>(1903), que conecta el Lower East Side de Manhattan con el barrio de Williamsburg, en Brooklyn, y por el que pasan 3 l\u00edneas de metro; y el <strong>Puente de Manhattan <\/strong>(1909), que va desde el Bajo Manhattan a la avenida Flatbush.<\/p>\n\n\n\n<p>Estos proyectos posteriores surgieron como una consecuencia directa del impacto que tuvo el Puente de Brooklyn para el crecimiento de Nueva York y por el precedente que esta imponente estructura hab\u00eda sentado en la historia de la construcci\u00f3n.<\/p>\n<\/div><\/m-wysiwig>\n","protected":false},"excerpt":{"rendered":"","protected":false},"featured_media":0,"parent":25267,"menu_order":0,"comment_status":"closed","ping_status":"closed","template":"","meta":{"_acf_changed":false,"footnotes":""},"class_list":["post-277980","page","type-page","status-publish","hentry"],"acf":[],"yoast_head":"<!-- This site is optimized with the Yoast SEO plugin v27.2 - https:\/\/yoast.com\/product\/yoast-seo-wordpress\/ -->\n<title>Puente de Brooklyn, dise\u00f1o e importancia del famoso puente<\/title>\n<meta name=\"description\" content=\"El Puente de Brooklyn es considerado una obra de ingenier\u00eda muy notable que estableci\u00f3 varios hitos en el siglo XIX. Durante 30 a\u00f1os ostent\u00f3 el r\u00e9cord del puente con el vano m\u00e1s largo del mundo.\" \/>\n<meta name=\"robots\" content=\"index, follow, max-snippet:-1, max-image-preview:large, max-video-preview:-1\" \/>\n<link rel=\"canonical\" href=\"https:\/\/www.ferrovial.com\/es\/recursos\/puente-de-brooklyn\/\" \/>\n<meta property=\"og:locale\" content=\"es_ES\" \/>\n<meta property=\"og:type\" content=\"article\" \/>\n<meta property=\"og:title\" content=\"Puente de Brooklyn, dise\u00f1o e importancia del famoso puente\" \/>\n<meta property=\"og:description\" content=\"El Puente de Brooklyn es considerado una obra de ingenier\u00eda muy notable que estableci\u00f3 varios hitos en el siglo XIX. Durante 30 a\u00f1os ostent\u00f3 el r\u00e9cord del puente con el vano m\u00e1s largo del mundo.\" \/>\n<meta property=\"og:url\" content=\"https:\/\/www.ferrovial.com\/es\/recursos\/puente-de-brooklyn\/\" \/>\n<meta property=\"og:site_name\" content=\"Ferrovial\" \/>\n<meta property=\"article:publisher\" content=\"https:\/\/www.facebook.com\/ferrovial\" \/>\n<meta property=\"article:modified_time\" content=\"2024-05-17T12:00:38+00:00\" \/>\n<meta name=\"twitter:card\" content=\"summary_large_image\" \/>\n<meta name=\"twitter:site\" content=\"@ferrovial\" \/>\n<meta name=\"twitter:label1\" content=\"Est. reading time\" \/>\n\t<meta name=\"twitter:data1\" content=\"3 minutos\" \/>\n<!-- \/ Yoast SEO plugin. -->","yoast_head_json":{"title":"Puente de Brooklyn, dise\u00f1o e importancia del famoso puente","description":"El Puente de Brooklyn es considerado una obra de ingenier\u00eda muy notable que estableci\u00f3 varios hitos en el siglo XIX. Durante 30 a\u00f1os ostent\u00f3 el r\u00e9cord del puente con el vano m\u00e1s largo del mundo.","robots":{"index":"index","follow":"follow","max-snippet":"max-snippet:-1","max-image-preview":"max-image-preview:large","max-video-preview":"max-video-preview:-1"},"canonical":"https:\/\/www.ferrovial.com\/es\/recursos\/puente-de-brooklyn\/","og_locale":"es_ES","og_type":"article","og_title":"Puente de Brooklyn, dise\u00f1o e importancia del famoso puente","og_description":"El Puente de Brooklyn es considerado una obra de ingenier\u00eda muy notable que estableci\u00f3 varios hitos en el siglo XIX. Durante 30 a\u00f1os ostent\u00f3 el r\u00e9cord del puente con el vano m\u00e1s largo del mundo.","og_url":"https:\/\/www.ferrovial.com\/es\/recursos\/puente-de-brooklyn\/","og_site_name":"Ferrovial","article_publisher":"https:\/\/www.facebook.com\/ferrovial","article_modified_time":"2024-05-17T12:00:38+00:00","twitter_card":"summary_large_image","twitter_site":"@ferrovial","twitter_misc":{"Est. reading time":"3 minutos"},"schema":{"@context":"https:\/\/schema.org","@graph":[{"@type":"WebPage","@id":"https:\/\/www.ferrovial.com\/es\/recursos\/puente-de-brooklyn\/","url":"https:\/\/www.ferrovial.com\/es\/recursos\/puente-de-brooklyn\/","name":"Puente de Brooklyn, dise\u00f1o e importancia del famoso puente","isPartOf":{"@id":"https:\/\/www.ferrovial.com\/es\/#website"},"datePublished":"2024-03-15T10:12:25+00:00","dateModified":"2024-05-17T12:00:38+00:00","description":"El Puente de Brooklyn es considerado una obra de ingenier\u00eda muy notable que estableci\u00f3 varios hitos en el siglo XIX. Durante 30 a\u00f1os ostent\u00f3 el r\u00e9cord del puente con el vano m\u00e1s largo del mundo.","breadcrumb":{"@id":"https:\/\/www.ferrovial.com\/es\/recursos\/puente-de-brooklyn\/#breadcrumb"},"inLanguage":"es","potentialAction":[{"@type":"ReadAction","target":["https:\/\/www.ferrovial.com\/es\/recursos\/puente-de-brooklyn\/"]}]},{"@type":"BreadcrumbList","@id":"https:\/\/www.ferrovial.com\/es\/recursos\/puente-de-brooklyn\/#breadcrumb","itemListElement":[{"@type":"ListItem","position":1,"name":"Portada","item":"https:\/\/www.ferrovial.com\/es\/"},{"@type":"ListItem","position":2,"name":"Recursos","item":"https:\/\/www.ferrovial.com\/es\/recursos\/"},{"@type":"ListItem","position":3,"name":"Puente de Brooklyn"}]},{"@type":"WebSite","@id":"https:\/\/www.ferrovial.com\/es\/#website","url":"https:\/\/www.ferrovial.com\/es\/","name":"Ferrovial","description":"Welcome to the Ferrovial&#039;s website, global operator of sustainable infrastructure. Here you can find all the information about the company and subsidiaries.","publisher":{"@id":"https:\/\/www.ferrovial.com\/es\/#organization"},"potentialAction":[{"@type":"SearchAction","target":{"@type":"EntryPoint","urlTemplate":"https:\/\/www.ferrovial.com\/es\/?s={search_term_string}"},"query-input":{"@type":"PropertyValueSpecification","valueRequired":true,"valueName":"search_term_string"}}],"inLanguage":"es"},{"@type":"Organization","@id":"https:\/\/www.ferrovial.com\/es\/#organization","name":"Ferrovial S.A.","url":"https:\/\/www.ferrovial.com\/es\/","logo":{"@type":"ImageObject","inLanguage":"es","@id":"https:\/\/www.ferrovial.com\/es\/#\/schema\/logo\/image\/","url":"https:\/\/static.ferrovial.com\/wp-content\/uploads\/2020\/01\/13124948\/logo-ferrovial-cf7.png","contentUrl":"https:\/\/static.ferrovial.com\/wp-content\/uploads\/2020\/01\/13124948\/logo-ferrovial-cf7.png","width":144,"height":32,"caption":"Ferrovial S.A."},"image":{"@id":"https:\/\/www.ferrovial.com\/es\/#\/schema\/logo\/image\/"},"sameAs":["https:\/\/www.facebook.com\/ferrovial","https:\/\/x.com\/ferrovial","https:\/\/www.instagram.com\/ferrovial\/","https:\/\/www.linkedin.com\/company\/ferrovial","https:\/\/www.pinterest.es\/ferrovial\/","https:\/\/www.youtube.com\/ferrovial","https:\/\/en.wikipedia.org\/wiki\/Ferrovial"]}]}},"_links":{"self":[{"href":"https:\/\/www.ferrovial.com\/es\/wp-json\/wp\/v2\/pages\/277980","targetHints":{"allow":["GET"]}}],"collection":[{"href":"https:\/\/www.ferrovial.com\/es\/wp-json\/wp\/v2\/pages"}],"about":[{"href":"https:\/\/www.ferrovial.com\/es\/wp-json\/wp\/v2\/types\/page"}],"replies":[{"embeddable":true,"href":"https:\/\/www.ferrovial.com\/es\/wp-json\/wp\/v2\/comments?post=277980"}],"version-history":[{"count":2,"href":"https:\/\/www.ferrovial.com\/es\/wp-json\/wp\/v2\/pages\/277980\/revisions"}],"predecessor-version":[{"id":281745,"href":"https:\/\/www.ferrovial.com\/es\/wp-json\/wp\/v2\/pages\/277980\/revisions\/281745"}],"up":[{"embeddable":true,"href":"https:\/\/www.ferrovial.com\/es\/wp-json\/wp\/v2\/pages\/25267"}],"wp:attachment":[{"href":"https:\/\/www.ferrovial.com\/es\/wp-json\/wp\/v2\/media?parent=277980"}],"curies":[{"name":"wp","href":"https:\/\/api.w.org\/{rel}","templated":true}]}}