{"id":278434,"date":"2024-03-27T11:38:21","date_gmt":"2024-03-27T10:38:21","guid":{"rendered":"https:\/\/www.ferrovial.com\/?page_id=278434"},"modified":"2024-05-17T14:07:35","modified_gmt":"2024-05-17T12:07:35","slug":"puente-golden-gate","status":"publish","type":"page","link":"https:\/\/www.ferrovial.com\/es\/recursos\/puente-golden-gate\/","title":{"rendered":"Puente Golden Gate"},"content":{"rendered":"    <m-final-content-header >\n            <c-breadcrumb label-text=\"Breadcrumb\" slot=\"breadcrumbs\" type='2' align='left' wrap='wrapped wrapped' aria-label='Vienes de Recursos'>\n                        <ol>\n\n                                                            <li><a href=\"https:\/\/www.ferrovial.com\/es\/\" title=\"Ferrovial\">Ferrovial<\/a><\/li>\n                                                                        <li><a href=\"https:\/\/www.ferrovial.com\/es\/recursos\/\" title=\"Recursos\">Recursos<\/a><\/li>\n                                    \n                <\/ol>\n\n                <\/c-breadcrumb>\n    \n        <div slot=\"header\">\n            <h1>\n                \u00bfQu\u00e9 es el puente Golden Gate?            <\/h1>\n                    <\/div>\n    <\/m-final-content-header>\n\n    \n\n\n<m-wysiwig class=\"wp-block-components-wysiwyg\"><div slot=\"maincontent\">\n<script type=\"application\/ld+json\">\n{\n  \"@context\": \"https:\/\/schema.org\",\n  \"@type\": \"FAQPage\",\n  \"mainEntity\": [{\n    \"@type\": \"Question\",\n    \"name\": \"\u00bfQu\u00e9 es el puente Golden Gate?\",\n    \"acceptedAnswer\": {\n      \"@type\": \"Answer\",\n      \"text\": \"El Golden Gate es un puente colgante de acero ubicado en la costa oeste de los Estados Unidos, en la ciudad de San Francisco, California. El puente conecta la zona norte de San Francisco con el condado de Marin; forma parte tanto de la Ruta Interestatal 101 como de la Ruta Estatal de California 1.\n\nEl puente Golden Gate est\u00e1 conformado por seis carriles para el tr\u00e1fico vehicular (tres en cada direcci\u00f3n) y una acera protegida de cada lado: los peatones pueden circular \u00fanicamente la acera este, mientras que las bicicletas pueden utilizar ambas, pero en la acera oeste deben ceder el paso a los peatones. No est\u00e1 permitida la circulaci\u00f3n de monopatines. Adem\u00e1s de permitir el tr\u00e1fico de personas y veh\u00edculos, el Golden Gate tambi\u00e9n se utiliza para el cruce del tendido el\u00e9ctrico.\n\nGolden Gate significa puerta dorada. El puente recibe su nombre del estrecho sobre el que se despliega, y este estrecho, a su vez, fue bautizado por el capit\u00e1n John C. Fremont en su Memoria geogr\u00e1fica por la Alta California (Geographical Memoir Upon Upper California). En ella, dice que al verlo lo consider\u00f3 una \u00abpuerta de oro para el comercio con Oriente\u00bb, raz\u00f3n por la cual le da este nombre, as\u00ed como se le dio al Cuerno de Oro de Constantinopla por las mismas razones.\"\n    }\n  },{\n    \"@type\": \"Question\",\n    \"name\": \"\u00bfCu\u00e1l es la importancia del puente Golden Gate?\",\n    \"acceptedAnswer\": {\n      \"@type\": \"Answer\",\n      \"text\": \"Pese a no ser el puente m\u00e1s grande de San Francisco, el Golden Gate es el puente m\u00e1s importante, y representa la \u00fanica salida en direcci\u00f3n norte de la ciudad. El Puente de la Bah\u00eda, tambi\u00e9n ubicado en San Francisco, es el m\u00e1s grande y guarda algunas similitudes est\u00e9ticas con el Golden Gate debido a que es un puente parcialmente colgante.\n\nEl puente Golden Gate es la estructura artificial m\u00e1s fotografiada de los Estados Unidos y el puente m\u00e1s visitado del mundo.\"\n    }\n  },{\n    \"@type\": \"Question\",\n    \"name\": \"\u00bfCu\u00e1l es la historia del puente Golden Gate?\",\n    \"acceptedAnswer\": {\n      \"@type\": \"Answer\",\n      \"text\": \"El proyecto del puente Golden Gate se aprob\u00f3 en 1928, pero la obra se retras\u00f3 debido al crac del 29. En 1932 el banquero Amadeo Giannini adquiri\u00f3 los bonos necesarios para cubrir los costos de fabricaci\u00f3n, y los trabajos finalmente comenzaron el 5 de enero de 1933, bajo la supervisi\u00f3n de Joseph Strauss. Las obras finalizaron en 1936. El puente se construy\u00f3 durante la Gran Depresi\u00f3n, contribuyendo a su valor simb\u00f3lico.\nUna de las grandes innovaciones introducidas por la construcci\u00f3n de este puente fue la instalaci\u00f3n de una red de seguridad que salv\u00f3 la vida de 19 personas durante la construcci\u00f3n. Sin embargo, 11 personas fallecieron durante la ejecuci\u00f3n de la obra; 10 de ellas cuando la red de seguridad cedi\u00f3 por el peso de un andamio ca\u00eddo en ella.\n\nEl puente Golden Gate fue pintado con un color llamado International Orange (naranja internacional), que es ampliamente utilizado en la industria aeroespacial. Tiene una doble funci\u00f3n: evitar la oxidaci\u00f3n y hacer que el puente sea visible para las embarcaciones en la espesa y frecuente niebla de la bah\u00eda de San Francisco. Solo existe otro puente en el mundo pintado del mismo color: el puente 25 de abril, en Portugal.\"\n    }\n  },{\n    \"@type\": \"Question\",\n    \"name\": \"\u00bfCu\u00e1nto mide el puente Golden Gate?\",\n    \"acceptedAnswer\": {\n      \"@type\": \"Answer\",\n      \"text\": \"El puente tiene una longitud total de 2737 metros, de los cuales la parte colgante corresponde a 1970 metros. Su vano mayor \u2014es decir, la mayor distancia entre apoyos estructurales\u2014 es de 1280 metros, y cuelga de dos torres de 227 metros de altura.\n\nEl Golden Gate tiene 27 metros de ancho y 67 metros de g\u00e1libo \u2014la distancia que hay entre la parte baja de la estructura del puente y la media del nivel del agua\u2014.\nCada uno de los cables utilizados para la suspensi\u00f3n del puente fue fabricado mediante un proceso llamado hilado de cables a partir de alambres individuales que fueron extendidos in situ y trenzados juntos. Cada cable est\u00e1 conformado por m\u00e1s de 25000 alambres, que equivalen a 128.748 km de alambre, tiene un grosor de casi un metro, una longitud de m\u00e1s de 2300 metros y pesa alrededor de 12 toneladas, peso que asciende casi al doble si se cuentan los suspensores y accesorios. La cantidad de alambre utilizada podr\u00eda darle la vuelta al planeta hasta tres veces. El fabricante de los cables es el mismo del Puente de Brooklyn.\n\nA pesar de ser principalmente un puente colgante, el Golden Gate incluye una peque\u00f1a zona de puente en arco en el lado de la pen\u00ednsula de San Francisco.\"\n    }\n  },{\n    \"@type\": \"Question\",\n    \"name\": \"\u00bfQu\u00e9 se debe tomar en cuenta al cruzar el puente Golden Gate?\",\n    \"acceptedAnswer\": {\n      \"@type\": \"Answer\",\n      \"text\": \"Cruzar el puente Golden Gate caminando toma unos 30 minutos; los peatones solo pueden recorrerlo durante las horas diurnas \u2014el horario var\u00eda seg\u00fan el periodo del a\u00f1o\u2014. En bicicleta, es posible cruzar el puente las 24 horas del d\u00eda, pero fuera de ciertos horarios es necesario tocar un timbre para que se abra el acceso. Las bicicletas circulan de forma gratuita y deben respetar los l\u00edmites de velocidad \u201424 km\/h y 8 km\/h en el \u00e1rea de las torres\u2014.\n\nCruzar el puente en un veh\u00edculo toma aproximadamente 2 minutos, si no hay tr\u00e1fico. Para cruzar en direcci\u00f3n sur, es necesario pagar un peaje, que se cobra de forma telem\u00e1tica para evitar atascos; es posible pagarlo con anticipaci\u00f3n o hasta 48 horas despu\u00e9s de haberlo cruzado. El pago de peaje tambi\u00e9n prev\u00e9 suscripciones al carril express y descuentos para veh\u00edculos de alta ocupaci\u00f3n.\n\nDurante los fines de semana se mueve la barrera que divide ambos sentidos del tr\u00e1fico para evitar atascos. La operaci\u00f3n de cambio de sentido del carril toma unos 30 minutos.\"\n    }\n  },{\n    \"@type\": \"Question\",\n    \"name\": \"\u00bfCu\u00e1l es la relaci\u00f3n del puente Golden Gate con el suicidio?\",\n    \"acceptedAnswer\": {\n      \"@type\": \"Answer\",\n      \"text\": \"Desde su inauguraci\u00f3n, en 1937, m\u00e1s de 1700 personas se han quitado la vida saltando desde el puente; esto sin contar a las personas que han saltado y han sobrevivido extraordinariamente. El puente Golden Gate es uno de los lugares con mayor \u00edndice de suicidios en el mundo entero.\n\nSeg\u00fan las estad\u00edsticas de 2018, 214 personas intentaron saltar del puente \u2014es decir, un promedio de una persona cada dos d\u00edas\u2014. Sin embargo, gracias a los distintos mecanismos de prevenci\u00f3n que se han puesto en marcha, solamente 27 personas lo hicieron.\"\n    }\n  }]\n}\n<\/script>\n<p>El Golden Gate es un <strong>puente colgante de acero <\/strong>ubicado en la costa oeste de los Estados Unidos, en la ciudad de San Francisco, California. El puente conecta la zona norte de San Francisco con el condado de Marin; forma parte tanto de la Ruta Interestatal 101 como de la Ruta Estatal de California 1.<\/p>\n\n\n\n<p>El puente Golden Gate est\u00e1 conformado por <strong>seis carriles para el tr\u00e1fico vehicular <\/strong>(tres en cada direcci\u00f3n) y <strong>una acera protegida de cada lado<\/strong>: los peatones pueden circular \u00fanicamente la acera este, mientras que las bicicletas pueden utilizar ambas, pero en la acera oeste deben ceder el paso a los peatones. No est\u00e1 permitida la circulaci\u00f3n de monopatines. Adem\u00e1s de permitir el tr\u00e1fico de personas y veh\u00edculos, el Golden Gate tambi\u00e9n se utiliza para el <strong>cruce del tendido el\u00e9ctrico<\/strong>.<\/p>\n\n\n\n<p><strong>Golden Gate significa <\/strong><strong><em>puerta dorada<\/em><\/strong>. El puente recibe su nombre del estrecho sobre el que se despliega, y este estrecho, a su vez, fue bautizado por el capit\u00e1n John C. Fremont en su <em>Memoria geogr\u00e1fica por la Alta California <\/em>(<em>Geographical Memoir Upon Upper California<\/em>). En ella, dice que al verlo lo consider\u00f3 una \u00abpuerta de oro para el comercio con Oriente\u00bb, raz\u00f3n por la cual le da este nombre, as\u00ed como se le dio al Cuerno de Oro de Constantinopla por las mismas razones.<\/p>\n\n\n\n<h2 class=\"wp-block-heading\"><strong>\u00bfCu\u00e1l es la importancia del puente Golden Gate?<\/strong><\/h2>\n\n\n\n<p>Pese a no ser el puente m\u00e1s grande de San Francisco, <strong>el Golden Gate es el puente m\u00e1s importante, y representa la \u00fanica salida en direcci\u00f3n norte de la ciudad<\/strong>. El Puente de la Bah\u00eda, tambi\u00e9n ubicado en San Francisco, es el m\u00e1s grande y guarda algunas similitudes est\u00e9ticas con el Golden Gate debido a que es un puente parcialmente colgante.<\/p>\n\n\n\n<p>El <a href=\"https:\/\/www.youtube.com\/watch?v=qxj-fKzsTI8\">puente Golden Gate<\/a> es la <strong>estructura artificial m\u00e1s fotografiada de los Estados Unidos <\/strong>y <strong>el puente m\u00e1s visitado del mundo<\/strong>.<\/p>\n\n\n\n<h2 class=\"wp-block-heading\"><strong>\u00bfCu\u00e1l es la historia del puente Golden Gate?<\/strong><\/h2>\n\n\n\n<p>El <strong>proyecto del puente Golden Gate se aprob\u00f3 en 1928<\/strong>, pero la obra se retras\u00f3 debido al crac del 29. En 1932 el banquero Amadeo Giannini adquiri\u00f3 los bonos necesarios para cubrir los costos de fabricaci\u00f3n, y <strong>los trabajos finalmente comenzaron el 5 de enero de 1933<\/strong>, bajo la supervisi\u00f3n de Joseph Strauss. Las obras finalizaron en 1936. El puente <strong>se construy\u00f3 durante la Gran Depresi\u00f3n<\/strong>, contribuyendo a su valor simb\u00f3lico.<\/p>\n\n\n\n<p>Una de las grandes innovaciones introducidas por la construcci\u00f3n de este puente fue la <strong>instalaci\u00f3n de una red de seguridad <\/strong>que salv\u00f3 la vida de 19 personas durante la construcci\u00f3n. Sin embargo, 11 personas fallecieron durante la ejecuci\u00f3n de la obra; 10 de ellas cuando la red de seguridad cedi\u00f3 por el peso de un andamio ca\u00eddo en ella.<\/p>\n\n\n\n<p>El puente Golden Gate fue <strong>inaugurado el 27 de mayo de 1937<\/strong>, y ese fue el inicio de una semana de celebraciones (Opening Fiesta Week). <strong>El primer d\u00eda de circulaci\u00f3n en el puente fue exclusivamente peatonal<\/strong>, y despert\u00f3 una suerte de competencia informal de las <em>primeras veces<\/em>; se registraron: las primeras personas que cruzaron el puente en patines y en esqu\u00edes, el primer cruce del correo postal, la primera ni\u00f1a perdida en el puente, etc. <strong>El segundo d\u00eda se dedic\u00f3 a los veh\u00edculos<\/strong>, e incluy\u00f3 un anuncio del presidente declarando el puente abierto para el mundo entero. Cuando se inaugur\u00f3, el Golden Gate era el puente m\u00e1s largo y alto del mundo.<\/p>\n\n\n\n<p>El puente Golden Gate fue <strong>pintado con un color llamado <\/strong><strong><em>International Orange <\/em><\/strong>(naranja internacional), que es ampliamente utilizado en la industria aeroespacial. Tiene una <strong>doble funci\u00f3n: evitar la oxidaci\u00f3n y hacer que el puente sea visible <\/strong>para las embarcaciones en la espesa y frecuente niebla de la bah\u00eda de San Francisco. Solo existe otro puente en el mundo pintado del mismo color: el puente 25 de abril, en Portugal.<\/p>\n\n\n\n<p>En enero de 2015 se instal\u00f3 una <strong>barrera de seguridad que divide los carriles <\/strong>que circulan en sentidos opuestos. Esta barrera aumenta notablemente la seguridad de conducci\u00f3n del puente, pues elimina, virtualmente, la posibilidad de un choque frontal. Anteriormente, los dos sentidos del tr\u00e1fico estaban demarcados por tubos de pl\u00e1stico amarillos que se insertaban en agujeros especialmente destinados a ello cada cierto n\u00famero de metros, y que tambi\u00e9n se mov\u00edan para facilitar el flujo de veh\u00edculos seg\u00fan las necesidades del tr\u00e1fico.<\/p>\n\n\n\n<h2 class=\"wp-block-heading\"><strong>\u00bfCu\u00e1nto mide el puente Golden Gate?<\/strong><\/h2>\n\n\n\n<p>El puente tiene una <strong>longitud total de 2737 metros<\/strong>, de los cuales la parte colgante corresponde a 1970 metros. Su vano mayor \u2014es decir, la mayor distancia entre apoyos estructurales\u2014 es de 1280 metros, y cuelga de <strong>dos torres de 227 metros <\/strong>de altura.<\/p>\n\n\n\n<p>El Golden Gate tiene <strong>27 metros de ancho <\/strong>y 67 metros de g\u00e1libo \u2014la distancia que hay entre la parte baja de la estructura del puente y la media del nivel del agua\u2014.<\/p>\n\n\n\n<p>Cada uno de los cables utilizados para la suspensi\u00f3n del puente fue fabricado mediante un proceso llamado <em>hilado de cables <\/em>a partir de alambres individuales que fueron extendidos <em>in situ<\/em> y trenzados juntos. Cada cable est\u00e1 conformado por m\u00e1s de 25000 alambres, que equivalen a <strong>128.748 km de alambre<\/strong>, tiene <strong>un grosor de casi un metro<\/strong>, una <strong>longitud de m\u00e1s de 2300 metros <\/strong>y pesa alrededor de <strong>12 toneladas<\/strong>, peso que asciende casi al doble si se cuentan los suspensores y accesorios. La cantidad de alambre utilizada podr\u00eda darle la vuelta al planeta hasta tres veces. El fabricante de los cables es el mismo del Puente de Brooklyn.<\/p>\n\n\n\n<p>A pesar de ser principalmente un puente colgante, el Golden Gate incluye una <strong>peque\u00f1a zona de puente en arco <\/strong>en el lado de la pen\u00ednsula de San Francisco.<\/p>\n\n\n\n<h2 class=\"wp-block-heading\"><strong>\u00bfQu\u00e9 se debe tomar en cuenta al cruzar el puente Golden Gate?<\/strong><\/h2>\n\n\n\n<p>Cruzar el puente Golden Gate <strong>caminando toma unos 30 minutos<\/strong>; los peatones solo pueden recorrerlo <strong>durante las horas diurnas <\/strong>\u2014el horario var\u00eda seg\u00fan el periodo del a\u00f1o\u2014. En <strong>bicicleta<\/strong>, es posible cruzar el puente las<strong> 24 horas del d\u00eda<\/strong>, pero fuera de ciertos horarios es necesario tocar un timbre para que se abra el acceso. Las bicicletas circulan de forma <strong>gratuita<\/strong> y deben respetar los <strong>l\u00edmites de velocidad <\/strong>\u201424 km\/h y 8 km\/h en el \u00e1rea de las torres\u2014.<\/p>\n\n\n\n<p>Cruzar el puente <strong>en un veh\u00edculo toma aproximadamente 2 minutos<\/strong>, si no hay tr\u00e1fico. Para cruzar en direcci\u00f3n sur, es necesario pagar un <strong>peaje<\/strong>, que se cobra de forma telem\u00e1tica para evitar atascos; es posible pagarlo con anticipaci\u00f3n o hasta 48 horas despu\u00e9s de haberlo cruzado. El pago de peaje tambi\u00e9n prev\u00e9 suscripciones al <a href=\"https:\/\/www.ferrovial.com\/es\/recursos\/carriles-expres\/\">carril express<\/a> y descuentos para <strong>veh\u00edculos de alta ocupaci\u00f3n<\/strong>.<\/p>\n\n\n\n<p>Durante los fines de semana se mueve la barrera que divide ambos sentidos del tr\u00e1fico para evitar atascos. La operaci\u00f3n de cambio de sentido del carril toma unos 30 minutos.<\/p>\n\n\n\n<h2 class=\"wp-block-heading\"><strong>\u00bfCu\u00e1l es la relaci\u00f3n del puente Golden Gate con el suicidio?<\/strong><\/h2>\n\n\n\n<p>Desde su inauguraci\u00f3n, en 1937, m\u00e1s de 1700 personas se han quitado la vida saltando desde el puente; esto sin contar a las personas que han saltado y han sobrevivido extraordinariamente. <strong>El puente Golden Gate es uno de los lugares con mayor \u00edndice de suicidios en el mundo entero<\/strong>.<\/p>\n\n\n\n<p>Seg\u00fan las estad\u00edsticas de 2018, 214 personas intentaron saltar del puente \u2014es decir, un promedio de una persona cada dos d\u00edas\u2014. Sin embargo, gracias a los distintos mecanismos de prevenci\u00f3n que se han puesto en marcha, solamente 27 personas lo hicieron.<\/p>\n\n\n\n<p>Las <strong>estrategias de prevenci\u00f3n del suicidio <\/strong>en el puente Golden Gate incluyen:<\/p>\n\n\n\n<ul class=\"wp-block-list\">\n<li>Un grupo de <strong>voluntarios que patrulla el puente <\/strong>en fechas de alto riesgo de suicidio \u2014como San Valent\u00edn, v\u00edsperas de Navidad, A\u00f1o Nuevo, etc.\u2014. La organizaci\u00f3n Bridgewatch Angels, fundada en 2011, est\u00e1 constituida por personas que han sido capacitadas para desplegar distintas estrategias de negociaci\u00f3n para disuadir a los suicidas y est\u00e1n habilitadas para abordar a cualquier persona que consideren en peligro.<\/li>\n\n\n\n<li><strong>Carteles <\/strong>a lo largo del puente con mensajes de disuasi\u00f3n acompa\u00f1ados por contactos de l\u00edneas de prevenci\u00f3n de crisis a las que se puede llamar o escribir a todas horas todos los d\u00edas del a\u00f1o.<\/li>\n\n\n\n<li><strong>Tel\u00e9fonos especiales <\/strong>para contactar a una l\u00ednea de crisis, tambi\u00e9n activa las 24 horas del d\u00eda, 7 d\u00edas a la semana, durante todos los d\u00edas del a\u00f1o.<\/li>\n\n\n\n<li>En 2014 se aprob\u00f3 la colocaci\u00f3n de una <strong>red de acero <\/strong>de 6 metros de altura para prevenir f\u00edsicamente los suicidios. Los trabajos comenzaron en 2017, pero han sufrido diversos retrasos. Se estima que se concluya el proyecto en 2023.<\/li>\n<\/ul>\n<\/div><\/m-wysiwig>\n","protected":false},"excerpt":{"rendered":"","protected":false},"featured_media":0,"parent":25267,"menu_order":0,"comment_status":"closed","ping_status":"closed","template":"","meta":{"_acf_changed":false,"footnotes":""},"class_list":["post-278434","page","type-page","status-publish","hentry"],"acf":[],"yoast_head":"<!-- This site is optimized with the Yoast SEO plugin v27.2 - https:\/\/yoast.com\/product\/yoast-seo-wordpress\/ -->\n<title>El Golden Gate, historia y curiosidades del puente m\u00e1s fotografiado de EEUU<\/title>\n<meta name=\"description\" content=\"El Golden Gate es un puente colgante de acero ubicado en la costa oeste de los Estados Unidos, en la ciudad de San Francisco, California. El puente conecta la zona norte de San Francisco con el condado de Marin.\" \/>\n<meta name=\"robots\" content=\"index, follow, max-snippet:-1, max-image-preview:large, max-video-preview:-1\" \/>\n<link rel=\"canonical\" href=\"https:\/\/www.ferrovial.com\/es\/recursos\/puente-golden-gate\/\" \/>\n<meta property=\"og:locale\" content=\"es_ES\" \/>\n<meta property=\"og:type\" content=\"article\" \/>\n<meta property=\"og:title\" content=\"El Golden Gate, historia y curiosidades del puente m\u00e1s fotografiado de EEUU\" \/>\n<meta property=\"og:description\" content=\"El Golden Gate es un puente colgante de acero ubicado en la costa oeste de los Estados Unidos, en la ciudad de San Francisco, California. El puente conecta la zona norte de San Francisco con el condado de Marin.\" \/>\n<meta property=\"og:url\" content=\"https:\/\/www.ferrovial.com\/es\/recursos\/puente-golden-gate\/\" \/>\n<meta property=\"og:site_name\" content=\"Ferrovial\" \/>\n<meta property=\"article:publisher\" content=\"https:\/\/www.facebook.com\/ferrovial\" \/>\n<meta property=\"article:modified_time\" content=\"2024-05-17T12:07:35+00:00\" \/>\n<meta name=\"twitter:card\" content=\"summary_large_image\" \/>\n<meta name=\"twitter:site\" content=\"@ferrovial\" \/>\n<meta name=\"twitter:label1\" content=\"Est. reading time\" \/>\n\t<meta name=\"twitter:data1\" content=\"7 minutos\" \/>\n<!-- \/ Yoast SEO plugin. -->","yoast_head_json":{"title":"El Golden Gate, historia y curiosidades del puente m\u00e1s fotografiado de EEUU","description":"El Golden Gate es un puente colgante de acero ubicado en la costa oeste de los Estados Unidos, en la ciudad de San Francisco, California. El puente conecta la zona norte de San Francisco con el condado de Marin.","robots":{"index":"index","follow":"follow","max-snippet":"max-snippet:-1","max-image-preview":"max-image-preview:large","max-video-preview":"max-video-preview:-1"},"canonical":"https:\/\/www.ferrovial.com\/es\/recursos\/puente-golden-gate\/","og_locale":"es_ES","og_type":"article","og_title":"El Golden Gate, historia y curiosidades del puente m\u00e1s fotografiado de EEUU","og_description":"El Golden Gate es un puente colgante de acero ubicado en la costa oeste de los Estados Unidos, en la ciudad de San Francisco, California. El puente conecta la zona norte de San Francisco con el condado de Marin.","og_url":"https:\/\/www.ferrovial.com\/es\/recursos\/puente-golden-gate\/","og_site_name":"Ferrovial","article_publisher":"https:\/\/www.facebook.com\/ferrovial","article_modified_time":"2024-05-17T12:07:35+00:00","twitter_card":"summary_large_image","twitter_site":"@ferrovial","twitter_misc":{"Est. reading time":"7 minutos"},"schema":{"@context":"https:\/\/schema.org","@graph":[{"@type":"WebPage","@id":"https:\/\/www.ferrovial.com\/es\/recursos\/puente-golden-gate\/","url":"https:\/\/www.ferrovial.com\/es\/recursos\/puente-golden-gate\/","name":"El Golden Gate, historia y curiosidades del puente m\u00e1s fotografiado de EEUU","isPartOf":{"@id":"https:\/\/www.ferrovial.com\/es\/#website"},"datePublished":"2024-03-27T10:38:21+00:00","dateModified":"2024-05-17T12:07:35+00:00","description":"El Golden Gate es un puente colgante de acero ubicado en la costa oeste de los Estados Unidos, en la ciudad de San Francisco, California. El puente conecta la zona norte de San Francisco con el condado de Marin.","breadcrumb":{"@id":"https:\/\/www.ferrovial.com\/es\/recursos\/puente-golden-gate\/#breadcrumb"},"inLanguage":"es","potentialAction":[{"@type":"ReadAction","target":["https:\/\/www.ferrovial.com\/es\/recursos\/puente-golden-gate\/"]}]},{"@type":"BreadcrumbList","@id":"https:\/\/www.ferrovial.com\/es\/recursos\/puente-golden-gate\/#breadcrumb","itemListElement":[{"@type":"ListItem","position":1,"name":"Portada","item":"https:\/\/www.ferrovial.com\/es\/"},{"@type":"ListItem","position":2,"name":"Recursos","item":"https:\/\/www.ferrovial.com\/es\/recursos\/"},{"@type":"ListItem","position":3,"name":"Puente Golden Gate"}]},{"@type":"WebSite","@id":"https:\/\/www.ferrovial.com\/es\/#website","url":"https:\/\/www.ferrovial.com\/es\/","name":"Ferrovial","description":"Welcome to the Ferrovial&#039;s website, global operator of sustainable infrastructure. Here you can find all the information about the company and subsidiaries.","publisher":{"@id":"https:\/\/www.ferrovial.com\/es\/#organization"},"potentialAction":[{"@type":"SearchAction","target":{"@type":"EntryPoint","urlTemplate":"https:\/\/www.ferrovial.com\/es\/?s={search_term_string}"},"query-input":{"@type":"PropertyValueSpecification","valueRequired":true,"valueName":"search_term_string"}}],"inLanguage":"es"},{"@type":"Organization","@id":"https:\/\/www.ferrovial.com\/es\/#organization","name":"Ferrovial S.A.","url":"https:\/\/www.ferrovial.com\/es\/","logo":{"@type":"ImageObject","inLanguage":"es","@id":"https:\/\/www.ferrovial.com\/es\/#\/schema\/logo\/image\/","url":"https:\/\/static.ferrovial.com\/wp-content\/uploads\/2020\/01\/13124948\/logo-ferrovial-cf7.png","contentUrl":"https:\/\/static.ferrovial.com\/wp-content\/uploads\/2020\/01\/13124948\/logo-ferrovial-cf7.png","width":144,"height":32,"caption":"Ferrovial S.A."},"image":{"@id":"https:\/\/www.ferrovial.com\/es\/#\/schema\/logo\/image\/"},"sameAs":["https:\/\/www.facebook.com\/ferrovial","https:\/\/x.com\/ferrovial","https:\/\/www.instagram.com\/ferrovial\/","https:\/\/www.linkedin.com\/company\/ferrovial","https:\/\/www.pinterest.es\/ferrovial\/","https:\/\/www.youtube.com\/ferrovial","https:\/\/en.wikipedia.org\/wiki\/Ferrovial"]}]}},"_links":{"self":[{"href":"https:\/\/www.ferrovial.com\/es\/wp-json\/wp\/v2\/pages\/278434","targetHints":{"allow":["GET"]}}],"collection":[{"href":"https:\/\/www.ferrovial.com\/es\/wp-json\/wp\/v2\/pages"}],"about":[{"href":"https:\/\/www.ferrovial.com\/es\/wp-json\/wp\/v2\/types\/page"}],"replies":[{"embeddable":true,"href":"https:\/\/www.ferrovial.com\/es\/wp-json\/wp\/v2\/comments?post=278434"}],"version-history":[{"count":2,"href":"https:\/\/www.ferrovial.com\/es\/wp-json\/wp\/v2\/pages\/278434\/revisions"}],"predecessor-version":[{"id":281746,"href":"https:\/\/www.ferrovial.com\/es\/wp-json\/wp\/v2\/pages\/278434\/revisions\/281746"}],"up":[{"embeddable":true,"href":"https:\/\/www.ferrovial.com\/es\/wp-json\/wp\/v2\/pages\/25267"}],"wp:attachment":[{"href":"https:\/\/www.ferrovial.com\/es\/wp-json\/wp\/v2\/media?parent=278434"}],"curies":[{"name":"wp","href":"https:\/\/api.w.org\/{rel}","templated":true}]}}