{"id":278438,"date":"2024-03-27T11:47:41","date_gmt":"2024-03-27T10:47:41","guid":{"rendered":"https:\/\/www.ferrovial.com\/?page_id=278438"},"modified":"2024-05-17T14:13:48","modified_gmt":"2024-05-17T12:13:48","slug":"el-alamo","status":"publish","type":"page","link":"https:\/\/www.ferrovial.com\/es\/recursos\/el-alamo\/","title":{"rendered":"El \u00c1lamo"},"content":{"rendered":"    <m-final-content-header >\n            <c-breadcrumb label-text=\"Breadcrumb\" slot=\"breadcrumbs\" type='2' align='left' wrap='wrapped wrapped' aria-label='Vienes de Recursos'>\n                        <ol>\n\n                                                            <li><a href=\"https:\/\/www.ferrovial.com\/es\/\" title=\"Ferrovial\">Ferrovial<\/a><\/li>\n                                                                        <li><a href=\"https:\/\/www.ferrovial.com\/es\/recursos\/\" title=\"Recursos\">Recursos<\/a><\/li>\n                                    \n                <\/ol>\n\n                <\/c-breadcrumb>\n    \n        <div slot=\"header\">\n            <h1>\n                \u00bfQu\u00e9 es El \u00c1lamo?            <\/h1>\n                    <\/div>\n    <\/m-final-content-header>\n\n    \n\n\n<m-wysiwig class=\"wp-block-components-wysiwyg\"><div slot=\"maincontent\">\n<script type=\"application\/ld+json\">\n{\n  \"@context\": \"https:\/\/schema.org\",\n  \"@type\": \"FAQPage\",\n  \"mainEntity\": [{\n    \"@type\": \"Question\",\n    \"name\": \"\u00bfQu\u00e9 es El \u00c1lamo?\",\n    \"acceptedAnswer\": {\n      \"@type\": \"Answer\",\n      \"text\": \"La Misi\u00f3n de San Antonio Valero, mejor conocida como El \u00c1lamo, es un lugar de inter\u00e9s hist\u00f3rico ubicado en la ciudad de San Antonio, Texas, Estados Unidos. Se trat\u00f3 de la primera misi\u00f3n espa\u00f1ola a lo largo del r\u00edo San Antonio. Fue establecida por fray Antonio de San Buenaventura y Olivar y construida por los misioneros en conjunto con los nativos Xarames.\n\nLa Misi\u00f3n se fund\u00f3 en 1718, pero se asent\u00f3 en dos locaciones, cercanas aunque inadecuadas, antes de establecerse en su ubicaci\u00f3n actual en el a\u00f1o 1724. La ubicaci\u00f3n de El \u00c1lamo tiene un \u00e1rea total de 1,7 hect\u00e1reas.\"\n    }\n  },{\n    \"@type\": \"Question\",\n    \"name\": \"\u00bfCu\u00e1l es la importancia de El \u00c1lamo?\",\n    \"acceptedAnswer\": {\n      \"@type\": \"Answer\",\n      \"text\": \"El \u00c1lamo forma parte de las Misiones de San Antonio, declaradas Patrimonio Mundial por la UNESCO. Su importancia radica en el rol que tuvo en la fundaci\u00f3n de la ciudad de San Antonio, as\u00ed como en el papel que jug\u00f3 a lo largo de la historia de la creaci\u00f3n y consolidaci\u00f3n del estado de Texas.\n\nJunto con las otras misiones de San Antonio representa tambi\u00e9n un hito art\u00edstico y cultural. En estas estructuras se conjugan tecnolog\u00edas, artes, iconograf\u00edas y principios est\u00e9ticos de la reci\u00e9n llegada cultura europea (particularmente espa\u00f1ola) con los de las poblaciones nativas, convirtiendo las misiones en un s\u00edmbolo de integraci\u00f3n y un documento hist\u00f3rico de los usos y costumbres de la \u00e9poca. Los hallazgos arqueol\u00f3gicos demuestran una sincretizaci\u00f3n de las costumbres de colonos y nativos, por ejemplo, en sus h\u00e1bitos alimenticios.\n\nHoy en d\u00eda, adem\u00e1s de ser Patrimonio Mundial desde 2015, El \u00c1lamo tambi\u00e9n forma parte del Registro Nacional de Lugares Hist\u00f3ricos (U.S. National Register of Historic Places) desde 1966, es un Hito Hist\u00f3rico Nacional (National Historic Landmark), Propiedad Contribuidora de los Distritos Hist\u00f3ricos de Estados Unidos (U.S. Historic District Contributing Property) desde 1977 e Hito Hist\u00f3rico del Estado de Texas (Texas State Antiquities Landmark) desde 1983.\"\n    }\n  },{\n    \"@type\": \"Question\",\n    \"name\": \"\u00bfQu\u00e9 eventos hist\u00f3ricos tuvieron lugar en El \u00c1lamo?\",\n    \"acceptedAnswer\": {\n      \"@type\": \"Answer\",\n      \"text\": \"Una vez asentada la Misi\u00f3n de San Antonio de Valero en su ubicaci\u00f3n actual (en 1724), comenz\u00f3 la construcci\u00f3n de un monasterio en 1740. Se proyectaba un edificio con techo de b\u00f3vedas que no lleg\u00f3 a ser completado durante el tiempo de la misi\u00f3n, aunque llegaron a construirse los arcos que deb\u00edan sostenerlas.\nEl objetivo de las misiones era establecer los usos y las creencias religiosas en un lugar espec\u00edfico, para luego ser secularizadas. En 1793 la corona espa\u00f1ola orden\u00f3 la secularizaci\u00f3n de la Misi\u00f3n de San Antonio Valero, que se convirti\u00f3 en una poblaci\u00f3n aut\u00f3noma denominada Pueblo de Valero.\nEn 1803 la locaci\u00f3n fue ocupada por La Segunda Compa\u00f1\u00eda Volante de San Carlos de Parras, un cuerpo de lanceros del ej\u00e9rcito del virreinato espa\u00f1ol tambi\u00e9n conocido como la Compa\u00f1\u00eda \u00c1lamo de Parras, con el objetivo de defender el dominio espa\u00f1ol ante la amenaza de otros exploradores en la zona. \nDespu\u00e9s de 10 a\u00f1os de ocupaci\u00f3n, en 1813 La Compa\u00f1\u00eda Volante entrega el control de los edificios a la Expedici\u00f3n Guti\u00e9rrez-Magee durante los primeros a\u00f1os de la Guerra de Independencia de M\u00e9xico.\nEn 1835 las estructuras de la misi\u00f3n pasan a ser controladas por soldados texanos durante la Revoluci\u00f3n de Texas contra el gobierno mexicano que termin\u00f3 con el establecimiento de la Rep\u00fablica de Texas en 1836. Muchas de las paredes del \u00c1lamo fueron derrumbadas y quemadas durante la retirada. Los soldados texanos y mexicanos siguieron utilizando El \u00c1lamo como postaci\u00f3n durante los siguientes 5 a\u00f1os, hasta que fue abandonado.\n\nEn 1845 Texas fue anexado a los Estados Unidos de Am\u00e9rica y en 1849 el ej\u00e9rcito de los Estados Unidos alquil\u00f3 el espacio para utilizarlo como dep\u00f3sito de intendencia hasta 1876, cuando nuevamente fue abandonado para ocupar la estructura del recientemente construido Fuerte Sam Houston, en la ciudad de San Antonio.\n\nEl \u00c1lamo qued\u00f3 a la deriva hasta que en 1891 la asociaci\u00f3n Hijas de la Rep\u00fablica de Texas toma el control de El \u00c1lamo para su recuperaci\u00f3n y gesti\u00f3n.\"\n    }\n  },{\n    \"@type\": \"Question\",\n    \"name\": \"\u00bfQu\u00e9 es la asociaci\u00f3n Hijas de la Rep\u00fablica de Texas?\",\n    \"acceptedAnswer\": {\n      \"@type\": \"Answer\",\n      \"text\": \"Las Hijas de la Rep\u00fablica de Texas (Daughters of the Republic of Texas, o DRT) es una asociaci\u00f3n de parentesco lineal reservada a descendientes directas de ancestros que prestaron servicio a la Rep\u00fablica de Texas antes del 19 de febrero de 1846, fecha en la que la rep\u00fablica pas\u00f3 a ser controlada por los Estados Unidos. La asociaci\u00f3n fue fundada por las primas Betty Eva Ballinger y Hally Ballinger Bryan Perry con el objetivo de perpetuar la memoria de las familias y soldados fundadores de la Rep\u00fablica de Texas.\"\n    }\n  },{\n    \"@type\": \"Question\",\n    \"name\": \"\u00bfQu\u00e9 representa El \u00c1lamo hoy en d\u00eda?\",\n    \"acceptedAnswer\": {\n      \"@type\": \"Answer\",\n      \"text\": \"Hoy en d\u00eda El \u00c1lamo funciona como museo y lugar de memoria hist\u00f3rica en el que se llevan a cabo exposiciones, visitas guiadas, eventos, y recreaciones hist\u00f3ricas y participativas que permiten conocer la historia de la fundaci\u00f3n de Texas.\"\n    }\n  }]\n}\n<\/script>\n<p>La <strong>Misi\u00f3n de San Antonio Valero<\/strong>, mejor conocida como El \u00c1lamo, es un <strong>lugar de inter\u00e9s hist\u00f3rico <\/strong>ubicado en la ciudad de San Antonio, Texas, Estados Unidos. Se trat\u00f3 de la <strong>primera misi\u00f3n espa\u00f1ola a lo largo del r\u00edo San Antonio<\/strong>. Fue establecida por fray Antonio de San Buenaventura y Olivar y construida por los misioneros en conjunto con los nativos Xarames.<\/p>\n\n\n\n<p>La <strong>Misi\u00f3n se fund\u00f3 en 1718<\/strong>, pero se asent\u00f3 en dos locaciones, cercanas aunque inadecuadas, antes de establecerse <strong>en su ubicaci\u00f3n actual en el a\u00f1o 1724<\/strong>. La ubicaci\u00f3n de El \u00c1lamo tiene un \u00e1rea total de <strong>1,7 hect\u00e1reas<\/strong>.<\/p>\n\n\n\n<h2 class=\"wp-block-heading\"><strong>\u00bfCu\u00e1l es la importancia de El \u00c1lamo?<\/strong><\/h2>\n\n\n\n<p>El \u00c1lamo forma parte de las <strong>Misiones de San Antonio<\/strong>, declaradas Patrimonio Mundial por la UNESCO. Su importancia radica en el rol que tuvo en la <strong>fundaci\u00f3n de la ciudad de San Antonio<\/strong>, as\u00ed como en el papel que jug\u00f3 a lo largo de la <strong>historia de la creaci\u00f3n y consolidaci\u00f3n del estado de Texas<\/strong>.<\/p>\n\n\n\n<p>Junto con las otras misiones de San Antonio representa tambi\u00e9n un <strong>hito art\u00edstico y cultural<\/strong>. En estas estructuras se conjugan tecnolog\u00edas, artes, iconograf\u00edas y principios est\u00e9ticos de la reci\u00e9n llegada cultura europea (particularmente espa\u00f1ola) con los de las poblaciones nativas, convirtiendo las misiones en un <strong>s\u00edmbolo de integraci\u00f3n <\/strong>y un documento hist\u00f3rico de los usos y costumbres de la \u00e9poca. Los hallazgos arqueol\u00f3gicos demuestran una sincretizaci\u00f3n de las costumbres de colonos y nativos, por ejemplo, en sus h\u00e1bitos alimenticios.<\/p>\n\n\n\n<p>Hoy en d\u00eda, adem\u00e1s de ser Patrimonio Mundial desde 2015, El \u00c1lamo tambi\u00e9n forma parte del <strong>Registro Nacional de Lugares Hist\u00f3ricos <\/strong>(U.S. National Register of Historic Places) desde 1966, es un <strong>Hito Hist\u00f3rico Nacional <\/strong>(National Historic Landmark), <strong>Propiedad Contribuidora de los Distritos Hist\u00f3ricos de Estados Unidos <\/strong>(U.S. Historic District Contributing Property) desde 1977 e <strong>Hito Hist\u00f3rico del Estado de Texas <\/strong>(Texas State Antiquities Landmark) desde 1983.<\/p>\n\n\n\n<h2 class=\"wp-block-heading\"><strong>\u00bfQu\u00e9 eventos hist\u00f3ricos tuvieron lugar en El \u00c1lamo?<\/strong><\/h2>\n\n\n\n<p>Una vez asentada la <strong>Misi\u00f3n de San Antonio de Valero <\/strong>en su ubicaci\u00f3n actual (en 1724), comenz\u00f3 la <strong>construcci\u00f3n de un monasterio en 1740<\/strong>. Se proyectaba un edificio con techo de b\u00f3vedas que no lleg\u00f3 a ser completado durante el tiempo de la misi\u00f3n, aunque llegaron a construirse los arcos que deb\u00edan sostenerlas.<\/p>\n\n\n\n<p>El objetivo de las misiones era establecer los usos y las creencias religiosas en un lugar espec\u00edfico, para luego ser secularizadas. En <strong>1793 <\/strong>la corona espa\u00f1ola orden\u00f3 la <strong>secularizaci\u00f3n de la Misi\u00f3n de San Antonio Valero<\/strong>, que se convirti\u00f3 en una poblaci\u00f3n aut\u00f3noma denominada <strong>Pueblo de Valero<\/strong>.<\/p>\n\n\n\n<p>En <strong>1803 la locaci\u00f3n fue ocupada por La Segunda Compa\u00f1\u00eda Volante de San Carlos de Parras<\/strong>, un cuerpo de lanceros del ej\u00e9rcito del virreinato espa\u00f1ol tambi\u00e9n conocido como la Compa\u00f1\u00eda \u00c1lamo de Parras, con el objetivo de defender el dominio espa\u00f1ol ante la amenaza de otros exploradores en la zona. La compa\u00f1\u00eda reestructur\u00f3 la misi\u00f3n para cumplir funciones militares y estableci\u00f3 en ella un hospital. Se cree que el nombre de El \u00c1lamo se remonta a este per\u00edodo de ocupaci\u00f3n de la estructura.<\/p>\n\n\n\n<p>Despu\u00e9s de 10 a\u00f1os de ocupaci\u00f3n, en <strong>1813 <\/strong>La Compa\u00f1\u00eda Volante entrega el control de los edificios a la <strong>Expedici\u00f3n Guti\u00e9rrez-Magee <\/strong>durante los primeros a\u00f1os de la <strong>Guerra de Independencia de M\u00e9xico<\/strong>.<\/p>\n\n\n\n<p>En <strong>1835 <\/strong>las estructuras de la misi\u00f3n pasan a ser <strong>controladas por soldados texanos durante la Revoluci\u00f3n de Texas <\/strong>contra el gobierno mexicano que termin\u00f3 con el establecimiento de la <strong>Rep\u00fablica de Texas en 1836<\/strong>. Muchas de las paredes del \u00c1lamo fueron derrumbadas y quemadas durante la retirada. Los soldados texanos y mexicanos siguieron utilizando El \u00c1lamo como postaci\u00f3n durante los siguientes 5 a\u00f1os, hasta que fue abandonado.<\/p>\n\n\n\n<p>En <strong>1845 Texas fue anexado a los Estados Unidos de Am\u00e9rica <\/strong>y en <strong>1849 el ej\u00e9rcito de los Estados Unidos <\/strong>alquil\u00f3 el espacio para utilizarlo como dep\u00f3sito de intendencia <strong>hasta 1876<\/strong>, cuando nuevamente fue abandonado para ocupar la estructura del recientemente construido Fuerte Sam Houston, en la ciudad de San Antonio.<\/p>\n\n\n\n<p>El \u00c1lamo qued\u00f3 a la deriva hasta que en <strong>1891 la asociaci\u00f3n Hijas de la Rep\u00fablica de Texas <\/strong>toma el control de El \u00c1lamo para su recuperaci\u00f3n y gesti\u00f3n.<\/p>\n\n\n\n<h2 class=\"wp-block-heading\"><strong>\u00bfQu\u00e9 es la asociaci\u00f3n Hijas de la Rep\u00fablica de Texas?<\/strong><\/h2>\n\n\n\n<p>Las Hijas de la Rep\u00fablica de Texas (<strong>Daughters of the Republic of Texas<\/strong>, o DRT) es una <strong>asociaci\u00f3n de parentesco lineal <\/strong>reservada a descendientes directas de ancestros que prestaron servicio a la Rep\u00fablica de Texas antes del 19 de febrero de 1846, fecha en la que la rep\u00fablica pas\u00f3 a ser controlada por los Estados Unidos. La asociaci\u00f3n fue fundada por las primas Betty Eva Ballinger y Hally Ballinger Bryan Perry con el objetivo de <strong>perpetuar la memoria de las familias y soldados fundadores de la Rep\u00fablica de Texas<\/strong>.<\/p>\n\n\n\n<p>Entre los principales logros de las Hijas de la Rep\u00fablica de Texas est\u00e1 la <strong>recuperaci\u00f3n de El \u00c1lamo<\/strong>, que gestionaron hasta el a\u00f1o 2015, cuando pas\u00f3 a ser jurisdicci\u00f3n de la Oficina General de Tierras de Texas. Las DRT tambi\u00e9n <strong>operaron la Legaci\u00f3n Francesa <\/strong>(French Legation), una de las estructuras m\u00e1s antiguas de Austin Texas, que fue sede diplom\u00e1tica del gobierno franc\u00e9s en Texas. La French Legation pertenece al Estado de Texas, pero estuvo bajo la administraci\u00f3n de las Hermanas desde 1940 hasta 2017. Actualmente contin\u00faan operando un <strong>museo dedicado a la historia texana <\/strong>en Austin, Texas.<\/p>\n\n\n\n<h2 class=\"wp-block-heading\"><strong>\u00bfQu\u00e9 representa El \u00c1lamo hoy en d\u00eda?<\/strong><\/h2>\n\n\n\n<p>Hoy en d\u00eda El \u00c1lamo funciona como <strong>museo y lugar de memoria hist\u00f3rica <\/strong>en el que se llevan a cabo exposiciones, visitas guiadas, eventos, y recreaciones hist\u00f3ricas y participativas que permiten conocer la historia de la fundaci\u00f3n de Texas.<\/p>\n<\/div><\/m-wysiwig>\n","protected":false},"excerpt":{"rendered":"","protected":false},"featured_media":0,"parent":25267,"menu_order":0,"comment_status":"closed","ping_status":"closed","template":"","meta":{"_acf_changed":false,"footnotes":""},"class_list":["post-278438","page","type-page","status-publish","hentry"],"acf":[],"yoast_head":"<!-- This site is optimized with the Yoast SEO plugin v27.2 - https:\/\/yoast.com\/product\/yoast-seo-wordpress\/ -->\n<title>El \u00c1lamo, qu\u00e9 es, cu\u00e1l es su importancia hist\u00f3rica - Ferrovial<\/title>\n<meta name=\"description\" content=\"La Misi\u00f3n de San Antonio Valero, mejor conocida como El \u00c1lamo, es un lugar de inter\u00e9s hist\u00f3rico ubicado en la ciudad de San Antonio, Texas, Estados Unidos.\" \/>\n<meta name=\"robots\" content=\"index, follow, max-snippet:-1, max-image-preview:large, max-video-preview:-1\" \/>\n<link rel=\"canonical\" href=\"https:\/\/www.ferrovial.com\/es\/recursos\/el-alamo\/\" \/>\n<meta property=\"og:locale\" content=\"es_ES\" \/>\n<meta property=\"og:type\" content=\"article\" \/>\n<meta property=\"og:title\" content=\"El \u00c1lamo, qu\u00e9 es, cu\u00e1l es su importancia hist\u00f3rica - Ferrovial\" \/>\n<meta property=\"og:description\" content=\"La Misi\u00f3n de San Antonio Valero, mejor conocida como El \u00c1lamo, es un lugar de inter\u00e9s hist\u00f3rico ubicado en la ciudad de San Antonio, Texas, Estados Unidos.\" \/>\n<meta property=\"og:url\" content=\"https:\/\/www.ferrovial.com\/es\/recursos\/el-alamo\/\" \/>\n<meta property=\"og:site_name\" content=\"Ferrovial\" \/>\n<meta property=\"article:publisher\" content=\"https:\/\/www.facebook.com\/ferrovial\" \/>\n<meta property=\"article:modified_time\" content=\"2024-05-17T12:13:48+00:00\" \/>\n<meta name=\"twitter:card\" content=\"summary_large_image\" \/>\n<meta name=\"twitter:site\" content=\"@ferrovial\" \/>\n<meta name=\"twitter:label1\" content=\"Est. reading time\" \/>\n\t<meta name=\"twitter:data1\" content=\"5 minutos\" \/>\n<!-- \/ Yoast SEO plugin. -->","yoast_head_json":{"title":"El \u00c1lamo, qu\u00e9 es, cu\u00e1l es su importancia hist\u00f3rica - Ferrovial","description":"La Misi\u00f3n de San Antonio Valero, mejor conocida como El \u00c1lamo, es un lugar de inter\u00e9s hist\u00f3rico ubicado en la ciudad de San Antonio, Texas, Estados Unidos.","robots":{"index":"index","follow":"follow","max-snippet":"max-snippet:-1","max-image-preview":"max-image-preview:large","max-video-preview":"max-video-preview:-1"},"canonical":"https:\/\/www.ferrovial.com\/es\/recursos\/el-alamo\/","og_locale":"es_ES","og_type":"article","og_title":"El \u00c1lamo, qu\u00e9 es, cu\u00e1l es su importancia hist\u00f3rica - Ferrovial","og_description":"La Misi\u00f3n de San Antonio Valero, mejor conocida como El \u00c1lamo, es un lugar de inter\u00e9s hist\u00f3rico ubicado en la ciudad de San Antonio, Texas, Estados Unidos.","og_url":"https:\/\/www.ferrovial.com\/es\/recursos\/el-alamo\/","og_site_name":"Ferrovial","article_publisher":"https:\/\/www.facebook.com\/ferrovial","article_modified_time":"2024-05-17T12:13:48+00:00","twitter_card":"summary_large_image","twitter_site":"@ferrovial","twitter_misc":{"Est. reading time":"5 minutos"},"schema":{"@context":"https:\/\/schema.org","@graph":[{"@type":"WebPage","@id":"https:\/\/www.ferrovial.com\/es\/recursos\/el-alamo\/","url":"https:\/\/www.ferrovial.com\/es\/recursos\/el-alamo\/","name":"El \u00c1lamo, qu\u00e9 es, cu\u00e1l es su importancia hist\u00f3rica - Ferrovial","isPartOf":{"@id":"https:\/\/www.ferrovial.com\/es\/#website"},"datePublished":"2024-03-27T10:47:41+00:00","dateModified":"2024-05-17T12:13:48+00:00","description":"La Misi\u00f3n de San Antonio Valero, mejor conocida como El \u00c1lamo, es un lugar de inter\u00e9s hist\u00f3rico ubicado en la ciudad de San Antonio, Texas, Estados Unidos.","breadcrumb":{"@id":"https:\/\/www.ferrovial.com\/es\/recursos\/el-alamo\/#breadcrumb"},"inLanguage":"es","potentialAction":[{"@type":"ReadAction","target":["https:\/\/www.ferrovial.com\/es\/recursos\/el-alamo\/"]}]},{"@type":"BreadcrumbList","@id":"https:\/\/www.ferrovial.com\/es\/recursos\/el-alamo\/#breadcrumb","itemListElement":[{"@type":"ListItem","position":1,"name":"Portada","item":"https:\/\/www.ferrovial.com\/es\/"},{"@type":"ListItem","position":2,"name":"Recursos","item":"https:\/\/www.ferrovial.com\/es\/recursos\/"},{"@type":"ListItem","position":3,"name":"El \u00c1lamo"}]},{"@type":"WebSite","@id":"https:\/\/www.ferrovial.com\/es\/#website","url":"https:\/\/www.ferrovial.com\/es\/","name":"Ferrovial","description":"Welcome to the Ferrovial&#039;s website, global operator of sustainable infrastructure. Here you can find all the information about the company and subsidiaries.","publisher":{"@id":"https:\/\/www.ferrovial.com\/es\/#organization"},"potentialAction":[{"@type":"SearchAction","target":{"@type":"EntryPoint","urlTemplate":"https:\/\/www.ferrovial.com\/es\/?s={search_term_string}"},"query-input":{"@type":"PropertyValueSpecification","valueRequired":true,"valueName":"search_term_string"}}],"inLanguage":"es"},{"@type":"Organization","@id":"https:\/\/www.ferrovial.com\/es\/#organization","name":"Ferrovial S.A.","url":"https:\/\/www.ferrovial.com\/es\/","logo":{"@type":"ImageObject","inLanguage":"es","@id":"https:\/\/www.ferrovial.com\/es\/#\/schema\/logo\/image\/","url":"https:\/\/static.ferrovial.com\/wp-content\/uploads\/2020\/01\/13124948\/logo-ferrovial-cf7.png","contentUrl":"https:\/\/static.ferrovial.com\/wp-content\/uploads\/2020\/01\/13124948\/logo-ferrovial-cf7.png","width":144,"height":32,"caption":"Ferrovial S.A."},"image":{"@id":"https:\/\/www.ferrovial.com\/es\/#\/schema\/logo\/image\/"},"sameAs":["https:\/\/www.facebook.com\/ferrovial","https:\/\/x.com\/ferrovial","https:\/\/www.instagram.com\/ferrovial\/","https:\/\/www.linkedin.com\/company\/ferrovial","https:\/\/www.pinterest.es\/ferrovial\/","https:\/\/www.youtube.com\/ferrovial","https:\/\/en.wikipedia.org\/wiki\/Ferrovial"]}]}},"_links":{"self":[{"href":"https:\/\/www.ferrovial.com\/es\/wp-json\/wp\/v2\/pages\/278438","targetHints":{"allow":["GET"]}}],"collection":[{"href":"https:\/\/www.ferrovial.com\/es\/wp-json\/wp\/v2\/pages"}],"about":[{"href":"https:\/\/www.ferrovial.com\/es\/wp-json\/wp\/v2\/types\/page"}],"replies":[{"embeddable":true,"href":"https:\/\/www.ferrovial.com\/es\/wp-json\/wp\/v2\/comments?post=278438"}],"version-history":[{"count":2,"href":"https:\/\/www.ferrovial.com\/es\/wp-json\/wp\/v2\/pages\/278438\/revisions"}],"predecessor-version":[{"id":281747,"href":"https:\/\/www.ferrovial.com\/es\/wp-json\/wp\/v2\/pages\/278438\/revisions\/281747"}],"up":[{"embeddable":true,"href":"https:\/\/www.ferrovial.com\/es\/wp-json\/wp\/v2\/pages\/25267"}],"wp:attachment":[{"href":"https:\/\/www.ferrovial.com\/es\/wp-json\/wp\/v2\/media?parent=278438"}],"curies":[{"name":"wp","href":"https:\/\/api.w.org\/{rel}","templated":true}]}}