{"id":278443,"date":"2024-03-27T11:56:07","date_gmt":"2024-03-27T10:56:07","guid":{"rendered":"https:\/\/www.ferrovial.com\/?page_id=278443"},"modified":"2024-04-17T12:28:46","modified_gmt":"2024-04-17T10:28:46","slug":"administracion-de-la-cadena-de-suministro","status":"publish","type":"page","link":"https:\/\/www.ferrovial.com\/es\/recursos\/administracion-de-la-cadena-de-suministro\/","title":{"rendered":"Administraci\u00f3n de la cadena de suministro"},"content":{"rendered":"    <m-final-content-header >\n            <c-breadcrumb label-text=\"Breadcrumb\" slot=\"breadcrumbs\" type='2' align='left' wrap='wrapped wrapped' aria-label='Vienes de Recursos'>\n                        <ol>\n\n                                                            <li><a href=\"https:\/\/www.ferrovial.com\/es\/\" title=\"Ferrovial\">Ferrovial<\/a><\/li>\n                                                                        <li><a href=\"https:\/\/www.ferrovial.com\/es\/recursos\/\" title=\"Recursos\">Recursos<\/a><\/li>\n                                    \n                <\/ol>\n\n                <\/c-breadcrumb>\n    \n        <div slot=\"header\">\n            <h1>\n                \u00bfQu\u00e9 es administraci\u00f3n de la cadena de suministro?            <\/h1>\n                    <\/div>\n    <\/m-final-content-header>\n\n    \n\n\n<m-wysiwig class=\"wp-block-components-wysiwyg\"><div slot=\"maincontent\">\n<script type=\"application\/ld+json\">\n{\n  \"@context\": \"https:\/\/schema.org\",\n  \"@type\": \"FAQPage\",\n  \"mainEntity\": [{\n    \"@type\": \"Question\",\n    \"name\": \"\u00bfQu\u00e9 es administraci\u00f3n de la cadena de suministro?\",\n    \"acceptedAnswer\": {\n      \"@type\": \"Answer\",\n      \"text\": \"La administraci\u00f3n de la cadena de suministro es el \u00e1rea de las empresas que se encarga de planificar, gestionar y mantener fluyendo \u00f3ptimamente la cadena de procesos que van desde el abastecimiento de materia prima, provisiones y servicios para la operatividad de una empresa hasta la entrega de productos o servicios a sus clientes finales.\"\n    }\n  },{\n    \"@type\": \"Question\",\n    \"name\": \"\u00bfC\u00f3mo funciona una cadena de suministro de productos?\",\n    \"acceptedAnswer\": {\n      \"@type\": \"Answer\",\n      \"text\": \"A grandes rasgos, una cadena de suministro de productos muy sencilla funciona con tres elementos: el cliente, el productor y el proveedor. En el centro de esta cadena de tres eslabones se encuentra el productor, quien adquiere materia prima de su proveedor y la transforma en un producto que vende a su cliente.\n\nNaturalmente, en el mercado real estas cadenas son mucho m\u00e1s elaboradas y se parecen m\u00e1s a una red que a una cadena. Los proveedores, a su vez, tienen detr\u00e1s otros eslabones secundarios que les suministran materias, componentes, productos y servicios. Al mismo tiempo, el productor cuenta con distintos canales de distribuci\u00f3n que aumentan el alcance de su producto.\"\n    }\n  },{\n    \"@type\": \"Question\",\n    \"name\": \"\u00bfC\u00f3mo funciona una cadena de suministro de servicios?\",\n    \"acceptedAnswer\": {\n      \"@type\": \"Answer\",\n      \"text\": \"La industria de servicios entra perfectamente dentro de la l\u00f3gica de la cadena de suministro, pues su objetivo es satisfacer las necesidades de un tercero y cuidar sus intereses, por lo que debe administrar \u00f3ptimamente todos los componentes que hacen posible que cumpla su cometido, como lo son un personal cualificado y una maquinaria e infraestructura eficientes.\n\nEn la pr\u00e1ctica, casi todas las organizaciones ofrecen servicios, a excepci\u00f3n de las que se dedican estrictamente a la agricultura, la miner\u00eda y la fabricaci\u00f3n de productos. Algunos ejemplos tradicionales de empresas de servicios son las que se dedican al mantenimiento, reparaci\u00f3n, limpieza, telecomunicaci\u00f3n, asesor\u00eda, distribuci\u00f3n o mensajer\u00eda.\"\n    }\n  }]\n}\n<\/script><p>La administraci\u00f3n de la cadena de suministro es <strong>el \u00e1rea de las empresas que se encarga de planificar, gestionar y mantener fluyendo \u00f3ptimamente la cadena de procesos <\/strong>que van desde el abastecimiento de materia prima, provisiones y servicios para la operatividad de una empresa hasta la entrega de productos o servicios a sus clientes finales.<\/p>\n\n\n\n<p>La gerencia de cadenas de suministro trabaja para lograr la mayor <strong>eficiencia en cuanto a selecci\u00f3n de proveedores<\/strong>, tomando en cuenta su n\u00famero, ubicaci\u00f3n, calidad y costos; <strong>instalaciones <\/strong>de producci\u00f3n e <strong>infraestructura de almac\u00e9n<\/strong>, asegurando un inventario balanceado de materias primas, producci\u00f3n en curso y mercanc\u00eda acabada que se adec\u00fae a la demanda de su mercado; y <strong>medios de distribuci\u00f3n<\/strong>, determinando si deben ser centralizados o no, propios o de tercero. Todo esto se consigue analizando la informaci\u00f3n disponible sobre especificaciones, facturas, ingresos, pedidos, etc.&nbsp;<\/p>\n\n\n\n<h2 class=\"wp-block-heading\"><strong>\u00bfC\u00f3mo funciona una cadena de suministro de productos?<\/strong><\/h2>\n\n\n\n<p>A grandes rasgos, una cadena de suministro de productos muy sencilla funciona con <strong>tres elementos: el cliente, el productor y el proveedor<\/strong>. En el centro de esta cadena de tres eslabones se encuentra el productor, quien adquiere materia prima de su proveedor y la transforma en un producto que vende a su cliente.<\/p>\n\n\n\n<p>Naturalmente, en el mercado real estas cadenas son mucho m\u00e1s elaboradas y <strong>se parecen m\u00e1s a una red que a una cadena<\/strong>. Los proveedores, a su vez, tienen detr\u00e1s otros eslabones secundarios que les suministran materias, componentes, productos y servicios. Al mismo tiempo, el productor cuenta con distintos canales de distribuci\u00f3n que aumentan el alcance de su producto.<\/p>\n\n\n\n<h2 class=\"wp-block-heading\"><strong>\u00bfC\u00f3mo funciona una cadena de suministro de servicios?<\/strong><\/h2>\n\n\n\n<p>La industria de servicios entra perfectamente dentro de la l\u00f3gica de la cadena de suministro, pues su objetivo es satisfacer las necesidades de un tercero y cuidar sus intereses, por lo que debe administrar \u00f3ptimamente todos los componentes que hacen posible que cumpla su cometido, como lo son un personal cualificado y una maquinaria e infraestructura eficientes.<\/p>\n\n\n\n<p>En la pr\u00e1ctica, casi todas las organizaciones ofrecen servicios, a excepci\u00f3n de las que se dedican estrictamente a la agricultura, la miner\u00eda y la fabricaci\u00f3n de productos. Algunos ejemplos tradicionales de empresas de servicios son las que se dedican al mantenimiento, reparaci\u00f3n, limpieza, telecomunicaci\u00f3n, asesor\u00eda, distribuci\u00f3n o mensajer\u00eda.<\/p>\n<\/div><\/m-wysiwig>\n","protected":false},"excerpt":{"rendered":"","protected":false},"featured_media":0,"parent":25267,"menu_order":0,"comment_status":"closed","ping_status":"closed","template":"","meta":{"_acf_changed":false,"footnotes":""},"class_list":["post-278443","page","type-page","status-publish","hentry"],"acf":[],"yoast_head":"<!-- This site is optimized with the Yoast SEO plugin v27.2 - https:\/\/yoast.com\/product\/yoast-seo-wordpress\/ -->\n<title>Administraci\u00f3n de la cadena de suministro, qu\u00e9 es y c\u00f3mo funciona<\/title>\n<meta name=\"description\" content=\"La administraci\u00f3n de la cadena de suministro es el \u00e1rea de las empresas que se encarga de planificar, gestionar y mantener fluyendo \u00f3ptimamente la cadena de procesos que van desde el abastecimiento de materia prima, provisiones y servicios para la operatividad de una empresa hasta la entrega de productos o servicios a sus clientes finales.\" \/>\n<meta name=\"robots\" content=\"index, follow, max-snippet:-1, max-image-preview:large, max-video-preview:-1\" \/>\n<link rel=\"canonical\" href=\"https:\/\/www.ferrovial.com\/es\/recursos\/administracion-de-la-cadena-de-suministro\/\" \/>\n<meta property=\"og:locale\" content=\"es_ES\" \/>\n<meta property=\"og:type\" content=\"article\" \/>\n<meta property=\"og:title\" content=\"Administraci\u00f3n de la cadena de suministro, qu\u00e9 es y c\u00f3mo funciona\" \/>\n<meta property=\"og:description\" content=\"La administraci\u00f3n de la cadena de suministro es el \u00e1rea de las empresas que se encarga de planificar, gestionar y mantener fluyendo \u00f3ptimamente la cadena de procesos que van desde el abastecimiento de materia prima, provisiones y servicios para la operatividad de una empresa hasta la entrega de productos o servicios a sus clientes finales.\" \/>\n<meta property=\"og:url\" content=\"https:\/\/www.ferrovial.com\/es\/recursos\/administracion-de-la-cadena-de-suministro\/\" \/>\n<meta property=\"og:site_name\" content=\"Ferrovial\" \/>\n<meta property=\"article:publisher\" content=\"https:\/\/www.facebook.com\/ferrovial\" \/>\n<meta property=\"article:modified_time\" content=\"2024-04-17T10:28:46+00:00\" \/>\n<meta name=\"twitter:card\" content=\"summary_large_image\" \/>\n<meta name=\"twitter:site\" content=\"@ferrovial\" \/>\n<meta name=\"twitter:label1\" content=\"Est. reading time\" \/>\n\t<meta name=\"twitter:data1\" content=\"2 minutos\" \/>\n<!-- \/ Yoast SEO plugin. -->","yoast_head_json":{"title":"Administraci\u00f3n de la cadena de suministro, qu\u00e9 es y c\u00f3mo funciona","description":"La administraci\u00f3n de la cadena de suministro es el \u00e1rea de las empresas que se encarga de planificar, gestionar y mantener fluyendo \u00f3ptimamente la cadena de procesos que van desde el abastecimiento de materia prima, provisiones y servicios para la operatividad de una empresa hasta la entrega de productos o servicios a sus clientes finales.","robots":{"index":"index","follow":"follow","max-snippet":"max-snippet:-1","max-image-preview":"max-image-preview:large","max-video-preview":"max-video-preview:-1"},"canonical":"https:\/\/www.ferrovial.com\/es\/recursos\/administracion-de-la-cadena-de-suministro\/","og_locale":"es_ES","og_type":"article","og_title":"Administraci\u00f3n de la cadena de suministro, qu\u00e9 es y c\u00f3mo funciona","og_description":"La administraci\u00f3n de la cadena de suministro es el \u00e1rea de las empresas que se encarga de planificar, gestionar y mantener fluyendo \u00f3ptimamente la cadena de procesos que van desde el abastecimiento de materia prima, provisiones y servicios para la operatividad de una empresa hasta la entrega de productos o servicios a sus clientes finales.","og_url":"https:\/\/www.ferrovial.com\/es\/recursos\/administracion-de-la-cadena-de-suministro\/","og_site_name":"Ferrovial","article_publisher":"https:\/\/www.facebook.com\/ferrovial","article_modified_time":"2024-04-17T10:28:46+00:00","twitter_card":"summary_large_image","twitter_site":"@ferrovial","twitter_misc":{"Est. reading time":"2 minutos"},"schema":{"@context":"https:\/\/schema.org","@graph":[{"@type":"WebPage","@id":"https:\/\/www.ferrovial.com\/es\/recursos\/administracion-de-la-cadena-de-suministro\/","url":"https:\/\/www.ferrovial.com\/es\/recursos\/administracion-de-la-cadena-de-suministro\/","name":"Administraci\u00f3n de la cadena de suministro, qu\u00e9 es y c\u00f3mo funciona","isPartOf":{"@id":"https:\/\/www.ferrovial.com\/es\/#website"},"datePublished":"2024-03-27T10:56:07+00:00","dateModified":"2024-04-17T10:28:46+00:00","description":"La administraci\u00f3n de la cadena de suministro es el \u00e1rea de las empresas que se encarga de planificar, gestionar y mantener fluyendo \u00f3ptimamente la cadena de procesos que van desde el abastecimiento de materia prima, provisiones y servicios para la operatividad de una empresa hasta la entrega de productos o servicios a sus clientes finales.","breadcrumb":{"@id":"https:\/\/www.ferrovial.com\/es\/recursos\/administracion-de-la-cadena-de-suministro\/#breadcrumb"},"inLanguage":"es","potentialAction":[{"@type":"ReadAction","target":["https:\/\/www.ferrovial.com\/es\/recursos\/administracion-de-la-cadena-de-suministro\/"]}]},{"@type":"BreadcrumbList","@id":"https:\/\/www.ferrovial.com\/es\/recursos\/administracion-de-la-cadena-de-suministro\/#breadcrumb","itemListElement":[{"@type":"ListItem","position":1,"name":"Portada","item":"https:\/\/www.ferrovial.com\/es\/"},{"@type":"ListItem","position":2,"name":"Recursos","item":"https:\/\/www.ferrovial.com\/es\/recursos\/"},{"@type":"ListItem","position":3,"name":"Administraci\u00f3n de la cadena de suministro"}]},{"@type":"WebSite","@id":"https:\/\/www.ferrovial.com\/es\/#website","url":"https:\/\/www.ferrovial.com\/es\/","name":"Ferrovial","description":"Welcome to the Ferrovial&#039;s website, global operator of sustainable infrastructure. Here you can find all the information about the company and subsidiaries.","publisher":{"@id":"https:\/\/www.ferrovial.com\/es\/#organization"},"potentialAction":[{"@type":"SearchAction","target":{"@type":"EntryPoint","urlTemplate":"https:\/\/www.ferrovial.com\/es\/?s={search_term_string}"},"query-input":{"@type":"PropertyValueSpecification","valueRequired":true,"valueName":"search_term_string"}}],"inLanguage":"es"},{"@type":"Organization","@id":"https:\/\/www.ferrovial.com\/es\/#organization","name":"Ferrovial S.A.","url":"https:\/\/www.ferrovial.com\/es\/","logo":{"@type":"ImageObject","inLanguage":"es","@id":"https:\/\/www.ferrovial.com\/es\/#\/schema\/logo\/image\/","url":"https:\/\/static.ferrovial.com\/wp-content\/uploads\/2020\/01\/13124948\/logo-ferrovial-cf7.png","contentUrl":"https:\/\/static.ferrovial.com\/wp-content\/uploads\/2020\/01\/13124948\/logo-ferrovial-cf7.png","width":144,"height":32,"caption":"Ferrovial S.A."},"image":{"@id":"https:\/\/www.ferrovial.com\/es\/#\/schema\/logo\/image\/"},"sameAs":["https:\/\/www.facebook.com\/ferrovial","https:\/\/x.com\/ferrovial","https:\/\/www.instagram.com\/ferrovial\/","https:\/\/www.linkedin.com\/company\/ferrovial","https:\/\/www.pinterest.es\/ferrovial\/","https:\/\/www.youtube.com\/ferrovial","https:\/\/en.wikipedia.org\/wiki\/Ferrovial"]}]}},"_links":{"self":[{"href":"https:\/\/www.ferrovial.com\/es\/wp-json\/wp\/v2\/pages\/278443","targetHints":{"allow":["GET"]}}],"collection":[{"href":"https:\/\/www.ferrovial.com\/es\/wp-json\/wp\/v2\/pages"}],"about":[{"href":"https:\/\/www.ferrovial.com\/es\/wp-json\/wp\/v2\/types\/page"}],"replies":[{"embeddable":true,"href":"https:\/\/www.ferrovial.com\/es\/wp-json\/wp\/v2\/comments?post=278443"}],"version-history":[{"count":2,"href":"https:\/\/www.ferrovial.com\/es\/wp-json\/wp\/v2\/pages\/278443\/revisions"}],"predecessor-version":[{"id":279873,"href":"https:\/\/www.ferrovial.com\/es\/wp-json\/wp\/v2\/pages\/278443\/revisions\/279873"}],"up":[{"embeddable":true,"href":"https:\/\/www.ferrovial.com\/es\/wp-json\/wp\/v2\/pages\/25267"}],"wp:attachment":[{"href":"https:\/\/www.ferrovial.com\/es\/wp-json\/wp\/v2\/media?parent=278443"}],"curies":[{"name":"wp","href":"https:\/\/api.w.org\/{rel}","templated":true}]}}