{"id":278446,"date":"2024-03-27T12:04:02","date_gmt":"2024-03-27T11:04:02","guid":{"rendered":"https:\/\/www.ferrovial.com\/?page_id=278446"},"modified":"2024-04-17T12:36:31","modified_gmt":"2024-04-17T10:36:31","slug":"construcciones-de-granito","status":"publish","type":"page","link":"https:\/\/www.ferrovial.com\/es\/stem\/construcciones-de-granito\/","title":{"rendered":"Construcciones de granito"},"content":{"rendered":"    <m-final-content-header >\n            <c-breadcrumb label-text=\"Breadcrumb\" slot=\"breadcrumbs\" type='2' align='left' wrap='wrapped wrapped' aria-label='Vienes de STEM'>\n                        <ol>\n\n                                                            <li><a href=\"https:\/\/www.ferrovial.com\/es\/\" title=\"Ferrovial\">Ferrovial<\/a><\/li>\n                                                                        <li><a href=\"https:\/\/www.ferrovial.com\/es\/stem\/\" title=\"STEM\">STEM<\/a><\/li>\n                                    \n                <\/ol>\n\n                <\/c-breadcrumb>\n    \n        <div slot=\"header\">\n            <h1>\n                \u00bfQu\u00e9 son las construcciones de granito?            <\/h1>\n                    <\/div>\n    <\/m-final-content-header>\n\n    \n\n\n<m-wysiwig class=\"wp-block-components-wysiwyg\"><div slot=\"maincontent\">\n<script type=\"application\/ld+json\">\n{\n  \"@context\": \"https:\/\/schema.org\",\n  \"@type\": \"FAQPage\",\n  \"mainEntity\": [{\n    \"@type\": \"Question\",\n    \"name\": \"\u00bfQu\u00e9 son las construcciones de granito?\",\n    \"acceptedAnswer\": {\n      \"@type\": \"Answer\",\n      \"text\": \"Las construcciones en granito son aquellas en las que el granito se utiliza como material principal para erigir edificios, estructuras o elementos espec\u00edficos de un proyecto de construcci\u00f3n.\"\n    }\n  },{\n    \"@type\": \"Question\",\n    \"name\": \"\u00bfQu\u00e9 es el granito?\",\n    \"acceptedAnswer\": {\n      \"@type\": \"Answer\",\n      \"text\": \"El granito es una roca \u00edgnea formada por la solidificaci\u00f3n lenta del magma en la corteza terrestre. Su resistencia, durabilidad y atractivo est\u00e9tico han hecho de este un material apreciado y utilizado en la construcci\u00f3n desde la antig\u00fcedad.\"\n    }\n  },{\n    \"@type\": \"Question\",\n    \"name\": \"\u00bfCu\u00e1les son las caracter\u00edsticas del granito?\",\n    \"acceptedAnswer\": {\n      \"@type\": \"Answer\",\n      \"text\": \"La roca de granito posee una excelente dureza y resistencia. Esto le permite soportar altas cargas, impactos y condiciones clim\u00e1ticas adversas sin sufrir da\u00f1os significativos. Es resistente al desgaste, la abrasi\u00f3n y la decoloraci\u00f3n, lo que lo convierte en un material ideal para construcciones cuya vida \u00fatil se espera que sea de d\u00e9cadas o incluso siglos. \n\nEl granito ofrece variedad de colores y texturas con tonos que van desde el negro y grises oscuros y claros a blancos crema, pasando tambi\u00e9n por verde, rojo, salm\u00f3n o p\u00farpura. Antiguamente, el acabado de pulido fino del granito era sumamente dif\u00edcil de conseguir, pero en la actualidad existe tecnolog\u00eda que lo hace posible.\n\nEste mineral tiene muy baja porosidad natural, lo que lo hace resistente a la absorci\u00f3n de humedad y al deterioro causado por la congelaci\u00f3n y descongelaci\u00f3n. Esto lo convierte en un material adecuado para aplicaciones en exteriores y \u00e1reas h\u00famedas.\n\nEl granito es relativamente f\u00e1cil de mantener. Se puede limpiar con agua y jab\u00f3n suave. Es recomendable aplicar un sellado peri\u00f3dicamente para proteger su acabado. La frecuencia del sellado puede variar mucho dependiendo de la propia composici\u00f3n del granito y las condiciones a las que est\u00e9 expuesto, pero se trata de un tratamiento sencillo y que puede durar a\u00f1os.\"\n    }\n  },{\n    \"@type\": \"Question\",\n    \"name\": \"\u00bfCu\u00e1les son los usos m\u00e1s frecuentes del granito en construcci\u00f3n?\",\n    \"acceptedAnswer\": {\n      \"@type\": \"Answer\",\n      \"text\": \"El granito se puede usar como piedra de dimensi\u00f3n o como baldosa de revestimiento en construcciones muy diversas.\n\nDebido a su capacidad impermeable, es ideal y frecuente para la construcci\u00f3n de espigones o rompeolas que estar\u00e1n expuestos a la erosi\u00f3n constante del agua por largo tiempo. Esta misma cualidad lo hace un material ideal en la construcci\u00f3n de embalses, puentes o cimientos sumergidos de toda clase de construcciones.  \n\nHist\u00f3ricamente, el granito se ha empleado en la construcci\u00f3n de monumentos y esculturas conmemorativas debido a su resistencia y belleza duradera. Un ejemplo famoso es El Monte Rushmore, en Estados Unidos.\n\nEl granito es un material apreciado para revestir fachadas de edificios, proporcionando una apariencia atractiva y duradera.\n\nTambi\u00e9n se emplea para la instalaci\u00f3n de suelos y encimeras de cocina.\"\n    }\n  },{\n    \"@type\": \"Question\",\n    \"name\": \"\u00bfCu\u00e1les son las desventajas del granito?\",\n    \"acceptedAnswer\": {\n      \"@type\": \"Answer\",\n      \"text\": \"El granito es considerado un material de alta gama, por lo que su costo puede ser una limitaci\u00f3n para proyectos con presupuesto reducido. Por otro lado, su instalaci\u00f3n y manipulaci\u00f3n pueden resultar complicadas frente a otros materiales debido a su peso, especialmente cuando se emplea en construcciones de gran tama\u00f1o como edificios de varias plantas.\n\nAunque el granito es generalmente resistente a las manchas, ciertos tipos de granito pueden ser sensibles a los \u00e1cidos presentes en algunos productos de limpieza o alimentos.\"\n    }\n  }]\n}\n<\/script>\n<p>Las construcciones en granito son aquellas en las que el <strong>granito se utiliza como material principal para erigir edificios, estructuras o elementos <\/strong>espec\u00edficos de un proyecto de construcci\u00f3n.<\/p>\n\n\n\n<h2 class=\"wp-block-heading\"><strong>\u00bfQu\u00e9 es el granito?<\/strong><\/h2>\n\n\n\n<p>El granito es una <strong>roca \u00edgnea <\/strong>formada por la solidificaci\u00f3n lenta del magma en la corteza terrestre. Su <strong>resistencia, durabilidad y atractivo est\u00e9tico <\/strong>han hecho de este un material apreciado y utilizado en la construcci\u00f3n desde la antig\u00fcedad.<\/p>\n\n\n\n<h2 class=\"wp-block-heading\"><strong>\u00bfCu\u00e1les son las caracter\u00edsticas del granito?<\/strong><\/h2>\n\n\n\n<p>La roca de granito posee una excelente <strong>dureza y resistencia<\/strong>. Esto le permite soportar <strong>altas cargas, impactos y condiciones clim\u00e1ticas adversas <\/strong>sin sufrir da\u00f1os significativos. Es <strong>resistente al desgaste, la abrasi\u00f3n y la decoloraci\u00f3n<\/strong>, lo que lo convierte en un material ideal para construcciones cuya <strong>vida \u00fatil se espera que sea de d\u00e9cadas o incluso siglos<\/strong>.&nbsp;<\/p>\n\n\n\n<p>El granito ofrece <strong>variedad de colores y texturas<\/strong> con tonos que van desde el negro y grises oscuros y claros a blancos crema, pasando tambi\u00e9n por verde, rojo, salm\u00f3n o p\u00farpura. Antiguamente, el <strong>acabado de pulido fino del granito<\/strong> era sumamente dif\u00edcil de conseguir, pero en la actualidad existe tecnolog\u00eda que lo hace posible.<\/p>\n\n\n\n<p>Este mineral tiene muy <strong>baja porosidad natural<\/strong>, lo que lo hace resistente a la absorci\u00f3n de humedad y al deterioro causado por la congelaci\u00f3n y descongelaci\u00f3n. Esto lo convierte en un material adecuado para aplicaciones en <strong>exteriores y \u00e1reas h\u00famedas<\/strong>.<\/p>\n\n\n\n<p>El granito es relativamente <strong>f\u00e1cil de mantener<\/strong>. Se puede limpiar con agua y jab\u00f3n suave. Es recomendable aplicar un sellado peri\u00f3dicamente para proteger su acabado. La frecuencia del sellado puede variar mucho dependiendo de la propia composici\u00f3n del granito y las condiciones a las que est\u00e9 expuesto, pero se trata de un tratamiento sencillo y que puede durar a\u00f1os.<\/p>\n\n\n\n<h2 class=\"wp-block-heading\"><strong>\u00bfCu\u00e1les son los usos m\u00e1s frecuentes del granito en construcci\u00f3n?<\/strong><\/h2>\n\n\n\n<p>El granito se puede usar como <strong>piedra de dimensi\u00f3n<\/strong> o como <strong>baldosa de revestimiento<\/strong> en construcciones muy diversas.<\/p>\n\n\n\n<p>Debido a su capacidad impermeable, es ideal y frecuente para la construcci\u00f3n de <strong>espigones o rompeolas<\/strong> que estar\u00e1n expuestos a la erosi\u00f3n constante del agua por largo tiempo. Esta misma cualidad lo hace un material ideal en la construcci\u00f3n de <strong>embalses<\/strong>, <a href=\"https:\/\/www.ferrovial.com\/es\/recursos\/puentes\/\"><strong>puentes<\/strong><\/a> o <a href=\"https:\/\/www.ferrovial.com\/es\/stem\/cimentaciones\/\"><strong>cimientos<\/strong><\/a><strong> sumergidos <\/strong>de toda clase de construcciones.&nbsp;&nbsp;<\/p>\n\n\n\n<p>Hist\u00f3ricamente, el granito se ha empleado en la <strong>construcci\u00f3n de monumentos <\/strong>y esculturas conmemorativas debido a su resistencia y belleza duradera. Un ejemplo famoso es El Monte Rushmore, en Estados Unidos.<\/p>\n\n\n\n<p>El granito es un material apreciado para <strong>revestir fachadas <\/strong>de edificios, proporcionando una apariencia atractiva y duradera.<\/p>\n\n\n\n<p>Tambi\u00e9n se emplea para la instalaci\u00f3n de <strong>suelos <\/strong>y <strong>encimeras de cocina<\/strong>.<\/p>\n\n\n\n<h2 class=\"wp-block-heading\"><strong>\u00bfCu\u00e1les son las desventajas del granito?<\/strong><\/h2>\n\n\n\n<p>El granito es considerado un material de alta gama, por lo que su <strong>costo<\/strong> puede ser una limitaci\u00f3n para proyectos con presupuesto reducido. Por otro lado, su <strong>instalaci\u00f3n y manipulaci\u00f3n<\/strong> pueden resultar complicadas frente a otros materiales debido a su <strong>peso<\/strong>, especialmente cuando se emplea en construcciones de gran tama\u00f1o como edificios de varias plantas.<\/p>\n\n\n\n<p>Aunque el granito es generalmente resistente a las manchas, ciertos tipos de granito pueden ser <strong>sensibles a los \u00e1cidos<\/strong> presentes en algunos productos de limpieza o alimentos.<\/p>\n<\/div><\/m-wysiwig>\n","protected":false},"excerpt":{"rendered":"","protected":false},"featured_media":0,"parent":227878,"menu_order":0,"comment_status":"closed","ping_status":"closed","template":"","meta":{"_acf_changed":false,"footnotes":""},"class_list":["post-278446","page","type-page","status-publish","hentry"],"acf":[],"yoast_head":"<!-- This site is optimized with the Yoast SEO plugin v27.2 - https:\/\/yoast.com\/product\/yoast-seo-wordpress\/ -->\n<title>Construcciones de granito, qu\u00e9 son, caracter\u00edsticas y usos m\u00e1s frecuentes<\/title>\n<meta name=\"description\" content=\"Las construcciones en granito son aquellas en las que el granito se utiliza como material principal para erigir edificios, estructuras o elementos espec\u00edficos de un proyecto de construcci\u00f3n.\" \/>\n<meta name=\"robots\" content=\"index, follow, max-snippet:-1, max-image-preview:large, max-video-preview:-1\" \/>\n<link rel=\"canonical\" href=\"https:\/\/www.ferrovial.com\/es\/stem\/construcciones-de-granito\/\" \/>\n<meta property=\"og:locale\" content=\"es_ES\" \/>\n<meta property=\"og:type\" content=\"article\" \/>\n<meta property=\"og:title\" content=\"Construcciones de granito, qu\u00e9 son, caracter\u00edsticas y usos m\u00e1s frecuentes\" \/>\n<meta property=\"og:description\" content=\"Las construcciones en granito son aquellas en las que el granito se utiliza como material principal para erigir edificios, estructuras o elementos espec\u00edficos de un proyecto de construcci\u00f3n.\" \/>\n<meta property=\"og:url\" content=\"https:\/\/www.ferrovial.com\/es\/stem\/construcciones-de-granito\/\" \/>\n<meta property=\"og:site_name\" content=\"Ferrovial\" \/>\n<meta property=\"article:publisher\" content=\"https:\/\/www.facebook.com\/ferrovial\" \/>\n<meta property=\"article:modified_time\" content=\"2024-04-17T10:36:31+00:00\" \/>\n<meta name=\"twitter:card\" content=\"summary_large_image\" \/>\n<meta name=\"twitter:site\" content=\"@ferrovial\" \/>\n<meta name=\"twitter:label1\" content=\"Est. reading time\" \/>\n\t<meta name=\"twitter:data1\" content=\"3 minutos\" \/>\n<!-- \/ Yoast SEO plugin. -->","yoast_head_json":{"title":"Construcciones de granito, qu\u00e9 son, caracter\u00edsticas y usos m\u00e1s frecuentes","description":"Las construcciones en granito son aquellas en las que el granito se utiliza como material principal para erigir edificios, estructuras o elementos espec\u00edficos de un proyecto de construcci\u00f3n.","robots":{"index":"index","follow":"follow","max-snippet":"max-snippet:-1","max-image-preview":"max-image-preview:large","max-video-preview":"max-video-preview:-1"},"canonical":"https:\/\/www.ferrovial.com\/es\/stem\/construcciones-de-granito\/","og_locale":"es_ES","og_type":"article","og_title":"Construcciones de granito, qu\u00e9 son, caracter\u00edsticas y usos m\u00e1s frecuentes","og_description":"Las construcciones en granito son aquellas en las que el granito se utiliza como material principal para erigir edificios, estructuras o elementos espec\u00edficos de un proyecto de construcci\u00f3n.","og_url":"https:\/\/www.ferrovial.com\/es\/stem\/construcciones-de-granito\/","og_site_name":"Ferrovial","article_publisher":"https:\/\/www.facebook.com\/ferrovial","article_modified_time":"2024-04-17T10:36:31+00:00","twitter_card":"summary_large_image","twitter_site":"@ferrovial","twitter_misc":{"Est. reading time":"3 minutos"},"schema":{"@context":"https:\/\/schema.org","@graph":[{"@type":"WebPage","@id":"https:\/\/www.ferrovial.com\/es\/stem\/construcciones-de-granito\/","url":"https:\/\/www.ferrovial.com\/es\/stem\/construcciones-de-granito\/","name":"Construcciones de granito, qu\u00e9 son, caracter\u00edsticas y usos m\u00e1s frecuentes","isPartOf":{"@id":"https:\/\/www.ferrovial.com\/es\/#website"},"datePublished":"2024-03-27T11:04:02+00:00","dateModified":"2024-04-17T10:36:31+00:00","description":"Las construcciones en granito son aquellas en las que el granito se utiliza como material principal para erigir edificios, estructuras o elementos espec\u00edficos de un proyecto de construcci\u00f3n.","breadcrumb":{"@id":"https:\/\/www.ferrovial.com\/es\/stem\/construcciones-de-granito\/#breadcrumb"},"inLanguage":"es","potentialAction":[{"@type":"ReadAction","target":["https:\/\/www.ferrovial.com\/es\/stem\/construcciones-de-granito\/"]}]},{"@type":"BreadcrumbList","@id":"https:\/\/www.ferrovial.com\/es\/stem\/construcciones-de-granito\/#breadcrumb","itemListElement":[{"@type":"ListItem","position":1,"name":"Portada","item":"https:\/\/www.ferrovial.com\/es\/"},{"@type":"ListItem","position":2,"name":"STEM","item":"https:\/\/www.ferrovial.com\/es\/stem\/"},{"@type":"ListItem","position":3,"name":"Construcciones de granito"}]},{"@type":"WebSite","@id":"https:\/\/www.ferrovial.com\/es\/#website","url":"https:\/\/www.ferrovial.com\/es\/","name":"Ferrovial","description":"Welcome to the Ferrovial&#039;s website, global operator of sustainable infrastructure. Here you can find all the information about the company and subsidiaries.","publisher":{"@id":"https:\/\/www.ferrovial.com\/es\/#organization"},"potentialAction":[{"@type":"SearchAction","target":{"@type":"EntryPoint","urlTemplate":"https:\/\/www.ferrovial.com\/es\/?s={search_term_string}"},"query-input":{"@type":"PropertyValueSpecification","valueRequired":true,"valueName":"search_term_string"}}],"inLanguage":"es"},{"@type":"Organization","@id":"https:\/\/www.ferrovial.com\/es\/#organization","name":"Ferrovial S.A.","url":"https:\/\/www.ferrovial.com\/es\/","logo":{"@type":"ImageObject","inLanguage":"es","@id":"https:\/\/www.ferrovial.com\/es\/#\/schema\/logo\/image\/","url":"https:\/\/static.ferrovial.com\/wp-content\/uploads\/2020\/01\/13124948\/logo-ferrovial-cf7.png","contentUrl":"https:\/\/static.ferrovial.com\/wp-content\/uploads\/2020\/01\/13124948\/logo-ferrovial-cf7.png","width":144,"height":32,"caption":"Ferrovial S.A."},"image":{"@id":"https:\/\/www.ferrovial.com\/es\/#\/schema\/logo\/image\/"},"sameAs":["https:\/\/www.facebook.com\/ferrovial","https:\/\/x.com\/ferrovial","https:\/\/www.instagram.com\/ferrovial\/","https:\/\/www.linkedin.com\/company\/ferrovial","https:\/\/www.pinterest.es\/ferrovial\/","https:\/\/www.youtube.com\/ferrovial","https:\/\/en.wikipedia.org\/wiki\/Ferrovial"]}]}},"_links":{"self":[{"href":"https:\/\/www.ferrovial.com\/es\/wp-json\/wp\/v2\/pages\/278446","targetHints":{"allow":["GET"]}}],"collection":[{"href":"https:\/\/www.ferrovial.com\/es\/wp-json\/wp\/v2\/pages"}],"about":[{"href":"https:\/\/www.ferrovial.com\/es\/wp-json\/wp\/v2\/types\/page"}],"replies":[{"embeddable":true,"href":"https:\/\/www.ferrovial.com\/es\/wp-json\/wp\/v2\/comments?post=278446"}],"version-history":[{"count":2,"href":"https:\/\/www.ferrovial.com\/es\/wp-json\/wp\/v2\/pages\/278446\/revisions"}],"predecessor-version":[{"id":279874,"href":"https:\/\/www.ferrovial.com\/es\/wp-json\/wp\/v2\/pages\/278446\/revisions\/279874"}],"up":[{"embeddable":true,"href":"https:\/\/www.ferrovial.com\/es\/wp-json\/wp\/v2\/pages\/227878"}],"wp:attachment":[{"href":"https:\/\/www.ferrovial.com\/es\/wp-json\/wp\/v2\/media?parent=278446"}],"curies":[{"name":"wp","href":"https:\/\/api.w.org\/{rel}","templated":true}]}}