{"id":278452,"date":"2024-03-27T12:09:27","date_gmt":"2024-03-27T11:09:27","guid":{"rendered":"https:\/\/www.ferrovial.com\/?page_id=278452"},"modified":"2024-04-17T12:57:13","modified_gmt":"2024-04-17T10:57:13","slug":"planimetria-de-la-casa","status":"publish","type":"page","link":"https:\/\/www.ferrovial.com\/es\/stem\/planimetria-de-la-casa\/","title":{"rendered":"Planimetr\u00eda de la casa"},"content":{"rendered":"    <m-final-content-header >\n            <c-breadcrumb label-text=\"Breadcrumb\" slot=\"breadcrumbs\" type='2' align='left' wrap='wrapped wrapped' aria-label='Vienes de STEM'>\n                        <ol>\n\n                                                            <li><a href=\"https:\/\/www.ferrovial.com\/es\/\" title=\"Ferrovial\">Ferrovial<\/a><\/li>\n                                                                        <li><a href=\"https:\/\/www.ferrovial.com\/es\/stem\/\" title=\"STEM\">STEM<\/a><\/li>\n                                    \n                <\/ol>\n\n                <\/c-breadcrumb>\n    \n        <div slot=\"header\">\n            <h1>\n                \u00bfQu\u00e9 es la planimetr\u00eda de la casa?            <\/h1>\n                    <\/div>\n    <\/m-final-content-header>\n\n    \n\n\n<m-wysiwig class=\"wp-block-components-wysiwyg\"><div slot=\"maincontent\">\n<script type=\"application\/ld+json\">\n{\n  \"@context\": \"https:\/\/schema.org\",\n  \"@type\": \"FAQPage\",\n  \"mainEntity\": [{\n    \"@type\": \"Question\",\n    \"name\": \"\u00bfQu\u00e9 es la planimetr\u00eda de la casa?\",\n    \"acceptedAnswer\": {\n      \"@type\": \"Answer\",\n      \"text\": \"La planimetr\u00eda es la rama de la topograf\u00eda que se dedica a reproducir a escala, sobre una superficie plana, detalles de un terreno. En arquitectura, la planimetr\u00eda se refiere a la representaci\u00f3n gr\u00e1fica de una obra.\"\n    }\n  },{\n    \"@type\": \"Question\",\n    \"name\": \"\u00bfQu\u00e9 se muestra en la planimetr\u00eda de la casa?\",\n    \"acceptedAnswer\": {\n      \"@type\": \"Answer\",\n      \"text\": \"El plano arquitect\u00f3nico de una casa muestra una vista cenital de la planta de una vivienda. En \u00e9l se representan las paredes, escaleras y dem\u00e1s elementos arquitect\u00f3nicos. Los planos tambi\u00e9n muestran cotas y dimensiones lineales y volum\u00e9tricas.\n\nEn un plano, adem\u00e1s, se pueden incluir elementos de mobiliario para comprobar que la distribuci\u00f3n de los espacios sea adecuada o para mostrar posibilidades de aprovechamiento de los mismos. Los planos son una excelente herramienta para comunicar las ideas relacionadas con la proyecci\u00f3n de una obra, y sirven como material de gu\u00eda para el desarrollo y la construcci\u00f3n del proyecto.\"\n    }\n  },{\n    \"@type\": \"Question\",\n    \"name\": \"\u00bfQu\u00e9 tipos de planos de casa existen?\",\n    \"acceptedAnswer\": {\n      \"@type\": \"Answer\",\n      \"text\": \"Existen distintos tipos de planos que se pueden elaborar seg\u00fan las caracter\u00edsticas de cada casa y la finalidad pr\u00e1ctica para la que se est\u00e9 desarrollando el plano. Algunos tipos de planos pueden ser:\n<ul>\n<li>Planos de cimentaci\u00f3n.<\/li>\n<li>Planos de instalaciones (electricidad, tuber\u00edas, etc.).<\/li>\n<li>Planos estructurales.<\/li>\n<li>Planos a detalle.<\/li>\n<li>Planos de cubierta.<\/li>\n<\/ul>\"\n    }\n  },{\n    \"@type\": \"Question\",\n    \"name\": \"\u00bfPara qu\u00e9 sirven los planos de las casas?\",\n    \"acceptedAnswer\": {\n      \"@type\": \"Answer\",\n      \"text\": \"Los planos son muy \u00fatiles para los profesionales de la arquitectura y la construcci\u00f3n, pero tambi\u00e9n para los propietarios actuales o futuros de viviendas. Algunas de las ventajas de los planos son:\n<ul>\n<li>Visualizaci\u00f3n clara de la disposici\u00f3n de los espacios de una casa.<\/li>\n<li>Comunicaci\u00f3n efectiva entre arquitectos, constructores, dise\u00f1adores y propietarios.<\/li>\n<li>Distribuci\u00f3n eficiente de los espacios.<\/li>\n<li>Ejecuci\u00f3n eficiente del proyecto.<\/li>\n<li>Documentaci\u00f3n y referencia futura para los propietarios de viviendas.<\/li>\n<\/ul>\"\n    }\n  },{\n    \"@type\": \"Question\",\n    \"name\": \"\u00bfC\u00f3mo se hace la planimetr\u00eda de la casa?\",\n    \"acceptedAnswer\": {\n      \"@type\": \"Answer\",\n      \"text\": \"Antiguamente, los planos se hac\u00edan manualmente siguiendo las directrices del dibujo t\u00e9cnico. En la actualidad, los arquitectos y proyectistas ya no trazan los planos manualmente, sino que se sirven de una serie de softwares que permiten agilizar el trabajo t\u00e9cnico, tanto para el desarrollo de la planimetr\u00eda, como para la realizaci\u00f3n de renders que permitan ver un adelanto del aspecto general de la obra en tres dimensiones.\nEn una planimetr\u00eda, existen algunos elementos gr\u00e1ficos universales que se utilizan para representar diferentes elementos de una vivienda; por ejemplo:\n<ul>\n<li>Paredes<\/li>\n<li>Puertas<\/li>\n<li>Ventanas<\/li>\n<li>Escaleras<\/li>\n<li>Mobiliario fijo<\/li>\n<li>Dimensiones<\/li>\n<li>S\u00edmbolos<\/li>\n<li>Leyenda<\/li>\n<\/ul>\"\n    }\n  },{\n    \"@type\": \"Question\",\n    \"name\": \"\u00bfQu\u00e9 es la escala?\",\n    \"acceptedAnswer\": {\n      \"@type\": \"Answer\",\n      \"text\": \"La escala es la relaci\u00f3n que existe entre las dimensiones del dibujo y las de la realidad. La escala se decidir\u00e1 dependiendo de la naturaleza del plano y del proyecto. Seg\u00fan el tipo de plano, las escalas m\u00e1s comunes son:\n<ul>\n<li>Planos generales: 1 : 500, 1 : 400, 1 : 250 y 1 : 200.<\/li>\n<li>Planos arquitect\u00f3nicos y constructivos: 1 : 100, 1 : 75, 1 : 50 y 1 : 25.<\/li>\n<li>Planos de detalles y piezas: 1 : 20, 1 : 10, 1 : 5, 1 : 2 y 1 : 1.<\/li>\n<\/ul>\nEn una escala, el n\u00famero de la izquierda indica la unidad del plano y el de la derecha su equivalencia. En la escala 1 : 100, 1 cm del plano corresponde a 100 cm en la realidad, es decir, a un metro.\"\n    }\n  }]\n}\n<\/script><p>La planimetr\u00eda es la <strong>rama de la topograf\u00eda <\/strong>que se dedica a reproducir a escala, sobre una superficie plana, detalles de un terreno. <strong>En arquitectura<\/strong>, la planimetr\u00eda se refiere a la <strong>representaci\u00f3n gr\u00e1fica de una <\/strong><a href=\"https:\/\/www.ferrovial.com\/es\/recursos\/obras\/\"><strong>obra<\/strong><\/a>.<\/p>\n\n\n\n<h2 class=\"wp-block-heading\"><strong>\u00bfQu\u00e9 se muestra en la planimetr\u00eda de la casa?<\/strong><\/h2>\n\n\n\n<p>El plano arquitect\u00f3nico de una casa muestra una <strong>vista cenital de la planta de una vivienda<\/strong>. En \u00e9l se representan las <strong>paredes, escaleras y dem\u00e1s elementos arquitect\u00f3nicos<\/strong>. Los planos tambi\u00e9n muestran cotas y dimensiones lineales y volum\u00e9tricas.<\/p>\n\n\n\n<p>En un plano, adem\u00e1s, se pueden incluir <strong>elementos de mobiliario <\/strong>para comprobar que la distribuci\u00f3n de los espacios sea adecuada o para mostrar posibilidades de aprovechamiento de los mismos. Los planos son una excelente <strong>herramienta para comunicar las ideas relacionadas con la proyecci\u00f3n de una obra<\/strong>, y sirven como material de gu\u00eda para el desarrollo y la construcci\u00f3n del proyecto.<\/p>\n\n\n\n<h2 class=\"wp-block-heading\"><strong>\u00bfQu\u00e9 tipos de planos de casa existen?<\/strong><\/h2>\n\n\n\n<p>Existen distintos tipos de planos que se pueden elaborar seg\u00fan las <strong>caracter\u00edsticas <\/strong>de cada casa y la <strong>finalidad pr\u00e1ctica <\/strong>para la que se est\u00e9 desarrollando el plano. Algunos tipos de planos pueden ser:<\/p>\n\n\n\n<ul class=\"wp-block-list\">\n<li>Planos de cimentaci\u00f3n.<\/li>\n\n\n\n<li>Planos de instalaciones (electricidad, tuber\u00edas, etc.).<\/li>\n\n\n\n<li>Planos estructurales.<\/li>\n\n\n\n<li>Planos a detalle.<\/li>\n\n\n\n<li>Planos de cubierta.<\/li>\n<\/ul>\n\n\n\n<h2 class=\"wp-block-heading\"><strong>\u00bfPara qu\u00e9 sirven los planos de las casas?<\/strong><\/h2>\n\n\n\n<p>Los planos son muy \u00fatiles para los <strong>profesionales de la arquitectura y la construcci\u00f3n<\/strong>, pero tambi\u00e9n para los <strong>propietarios actuales o futuros de viviendas<\/strong>. Algunas de las ventajas de los planos son:<\/p>\n\n\n\n<ul class=\"wp-block-list\">\n<li><strong>Visualizaci\u00f3n clara de la disposici\u00f3n de los espacios de una casa<\/strong>. Esto ayuda a los arquitectos y dise\u00f1adores a visualizar c\u00f3mo se conectan las diferentes \u00e1reas y a los propietarios a comprender c\u00f3mo se ver\u00e1 la casa terminada.<\/li>\n\n\n\n<li><strong>Comunicaci\u00f3n efectiva entre arquitectos, constructores, dise\u00f1adores y propietarios<\/strong>. Los planos arquitect\u00f3nicos permiten una comunicaci\u00f3n efectiva entre personas con distintas competencias t\u00e9cnicas; adem\u00e1s ayudan a transmitir ideas, evaluar opciones y hacer modificaciones antes de iniciar la construcci\u00f3n.<\/li>\n\n\n\n<li><strong>Distribuci\u00f3n eficiente de los espacios<\/strong>. Gracias a la planimetr\u00eda se pueden evaluar las dimensiones y la ubicaci\u00f3n de los espacios para comprobar que sean adecuados u optimizar su dise\u00f1o. Observando un plano se pueden identificar \u00e1reas desaprovechadas o mejorar la relaci\u00f3n entre habitaciones, logrando una mayor funcionalidad de la vivienda.<\/li>\n\n\n\n<li><strong>Ejecuci\u00f3n eficiente del proyecto.<\/strong> La planimetr\u00eda de la casa sirve de gu\u00eda para los diferentes actores durante todo el proceso de construcci\u00f3n.<\/li>\n\n\n\n<li><strong>Documentaci\u00f3n y referencia futura para los propietarios de viviendas. <\/strong>La planimetr\u00eda de la casa es de enorme utilidad para el mantenimiento y restauraci\u00f3n de la estructura, as\u00ed como para futuras remodelaciones o expansiones. Tambi\u00e9n es un documento importante para la transmisi\u00f3n de la propiedad.<\/li>\n<\/ul>\n\n\n\n<h2 class=\"wp-block-heading\"><strong>\u00bfC\u00f3mo se hace la planimetr\u00eda de la casa?<\/strong><\/h2>\n\n\n\n<p>Antiguamente, los planos se hac\u00edan manualmente siguiendo las directrices del <strong>dibujo t\u00e9cnico<\/strong>. En la actualidad, los arquitectos y proyectistas ya no trazan los planos manualmente, sino que se sirven de <strong>una serie de <\/strong><a href=\"https:\/\/www.ferrovial.com\/es\/stem\/software\/\"><strong>softwares<\/strong><\/a><strong> <\/strong>que permiten agilizar el trabajo t\u00e9cnico, tanto para el desarrollo de la planimetr\u00eda, como para la realizaci\u00f3n de <em>renders <\/em>que permitan ver un adelanto del aspecto general de la obra en tres dimensiones.<\/p>\n\n\n\n<p>En una planimetr\u00eda, existen algunos <strong>elementos gr\u00e1ficos universales <\/strong>que se utilizan para representar diferentes elementos de una vivienda; por ejemplo:<\/p>\n\n\n\n<ul class=\"wp-block-list\">\n<li><strong>Paredes: <\/strong>se representan generalmente mediante l\u00edneas s\u00f3lidas y continuas.<\/li>\n\n\n\n<li><strong>Puertas: <\/strong>se representan mediante una abertura en la l\u00ednea de la pared. En la abertura se traza una l\u00ednea recta muy delgada; tambi\u00e9n se traza una l\u00ednea ligeramente m\u00e1s gruesa para representar la hoja de la puerta y, finalmente, se delinea la secci\u00f3n circular que describir\u00eda la puerta en su movimiento de apertura y cierre. Esto sirve para indicar la direcci\u00f3n de apertura de la puerta y para garantizar que el dise\u00f1o y de los espacios permita que se abra correctamente.<\/li>\n\n\n\n<li><strong>Ventanas: <\/strong>se indican mediante una abertura en la pared, con trazos m\u00e1s delgados que representan el marco de la ventana.<\/li>\n\n\n\n<li><strong>Escaleras: <\/strong>se representan con l\u00edneas que indican los pelda\u00f1os y las barandas. Las l\u00edneas diagonales o en zigzag se utilizan para representar las escaleras en un plano.<\/li>\n\n\n\n<li><strong>Mobiliario fijo:<\/strong> los elementos como armarios empotrados, chimeneas o estanter\u00edas, se representan generalmente como formas rectangulares o cuadradas dentro de las habitaciones.<\/li>\n\n\n\n<li><strong>Dimensiones: <\/strong>se indican mediante l\u00edneas que muestran la longitud o el ancho de una habitaci\u00f3n o de un elemento espec\u00edfico.<\/li>\n\n\n\n<li><strong>S\u00edmbolos: <\/strong>existe un est\u00e1ndar para representar los diferentes sistemas y elementos de una casa, como los s\u00edmbolos de fontaner\u00eda (grifos, duchas, inodoros), los s\u00edmbolos el\u00e9ctricos (enchufes, interruptores) o los s\u00edmbolos de calefacci\u00f3n y aire acondicionado.<\/li>\n\n\n\n<li><strong>Leyenda: <\/strong>es una parte importante de la planimetr\u00eda y proporciona una descripci\u00f3n de los s\u00edmbolos utilizados, as\u00ed como informaci\u00f3n adicional sobre el plano, como la escala utilizada.<\/li>\n<\/ul>\n\n\n\n<h2 class=\"wp-block-heading\"><strong>\u00bfQu\u00e9 es la escala?<\/strong><\/h2>\n\n\n\n<p>La escala es <strong>la relaci\u00f3n que existe entre las dimensiones del dibujo y las de la realidad<\/strong>. La escala se decidir\u00e1 dependiendo de la naturaleza del plano y del proyecto. Seg\u00fan el tipo de plano, las <strong>escalas m\u00e1s comunes <\/strong>son:<\/p>\n\n\n\n<ul class=\"wp-block-list\">\n<li><strong>Planos generales: <\/strong>1 : 500, 1 : 400, 1 : 250 y 1 : 200.<\/li>\n\n\n\n<li><strong>Planos arquitect\u00f3nicos y constructivos:<\/strong> 1 : 100, 1 : 75, 1 : 50 y 1 : 25.<\/li>\n\n\n\n<li><strong>Planos de detalles y piezas:<\/strong> 1 : 20, 1 : 10, 1 : 5, 1 : 2 y 1 : 1.<\/li>\n<\/ul>\n\n\n\n<p>En una escala, el n\u00famero de la izquierda indica la unidad del plano y el de la derecha su equivalencia. En la escala 1 : 100, 1 cm del plano corresponde a 100 cm en la realidad, es decir, a un metro.<\/p>\n<\/div><\/m-wysiwig>\n","protected":false},"excerpt":{"rendered":"","protected":false},"featured_media":0,"parent":227878,"menu_order":0,"comment_status":"closed","ping_status":"closed","template":"","meta":{"_acf_changed":false,"footnotes":""},"class_list":["post-278452","page","type-page","status-publish","hentry"],"acf":[],"yoast_head":"<!-- This site is optimized with the Yoast SEO plugin v27.2 - https:\/\/yoast.com\/product\/yoast-seo-wordpress\/ -->\n<title>Planimetr\u00eda de la casa, qu\u00e9 es, que tipo de plano existen, c\u00f3mo se hace<\/title>\n<meta name=\"description\" content=\"La planimetr\u00eda es la rama de la topograf\u00eda que se dedica a reproducir a escala, sobre una superficie plana, detalles de un terreno. En arquitectura, la planimetr\u00eda se refiere a la representaci\u00f3n gr\u00e1fica de una obra.\" \/>\n<meta name=\"robots\" content=\"index, follow, max-snippet:-1, max-image-preview:large, max-video-preview:-1\" \/>\n<link rel=\"canonical\" href=\"https:\/\/www.ferrovial.com\/es\/stem\/planimetria-de-la-casa\/\" \/>\n<meta property=\"og:locale\" content=\"es_ES\" \/>\n<meta property=\"og:type\" content=\"article\" \/>\n<meta property=\"og:title\" content=\"Planimetr\u00eda de la casa, qu\u00e9 es, que tipo de plano existen, c\u00f3mo se hace\" \/>\n<meta property=\"og:description\" content=\"La planimetr\u00eda es la rama de la topograf\u00eda que se dedica a reproducir a escala, sobre una superficie plana, detalles de un terreno. En arquitectura, la planimetr\u00eda se refiere a la representaci\u00f3n gr\u00e1fica de una obra.\" \/>\n<meta property=\"og:url\" content=\"https:\/\/www.ferrovial.com\/es\/stem\/planimetria-de-la-casa\/\" \/>\n<meta property=\"og:site_name\" content=\"Ferrovial\" \/>\n<meta property=\"article:publisher\" content=\"https:\/\/www.facebook.com\/ferrovial\" \/>\n<meta property=\"article:modified_time\" content=\"2024-04-17T10:57:13+00:00\" \/>\n<meta name=\"twitter:card\" content=\"summary_large_image\" \/>\n<meta name=\"twitter:site\" content=\"@ferrovial\" \/>\n<meta name=\"twitter:label1\" content=\"Est. reading time\" \/>\n\t<meta name=\"twitter:data1\" content=\"5 minutos\" \/>\n<!-- \/ Yoast SEO plugin. -->","yoast_head_json":{"title":"Planimetr\u00eda de la casa, qu\u00e9 es, que tipo de plano existen, c\u00f3mo se hace","description":"La planimetr\u00eda es la rama de la topograf\u00eda que se dedica a reproducir a escala, sobre una superficie plana, detalles de un terreno. En arquitectura, la planimetr\u00eda se refiere a la representaci\u00f3n gr\u00e1fica de una obra.","robots":{"index":"index","follow":"follow","max-snippet":"max-snippet:-1","max-image-preview":"max-image-preview:large","max-video-preview":"max-video-preview:-1"},"canonical":"https:\/\/www.ferrovial.com\/es\/stem\/planimetria-de-la-casa\/","og_locale":"es_ES","og_type":"article","og_title":"Planimetr\u00eda de la casa, qu\u00e9 es, que tipo de plano existen, c\u00f3mo se hace","og_description":"La planimetr\u00eda es la rama de la topograf\u00eda que se dedica a reproducir a escala, sobre una superficie plana, detalles de un terreno. En arquitectura, la planimetr\u00eda se refiere a la representaci\u00f3n gr\u00e1fica de una obra.","og_url":"https:\/\/www.ferrovial.com\/es\/stem\/planimetria-de-la-casa\/","og_site_name":"Ferrovial","article_publisher":"https:\/\/www.facebook.com\/ferrovial","article_modified_time":"2024-04-17T10:57:13+00:00","twitter_card":"summary_large_image","twitter_site":"@ferrovial","twitter_misc":{"Est. reading time":"5 minutos"},"schema":{"@context":"https:\/\/schema.org","@graph":[{"@type":"WebPage","@id":"https:\/\/www.ferrovial.com\/es\/stem\/planimetria-de-la-casa\/","url":"https:\/\/www.ferrovial.com\/es\/stem\/planimetria-de-la-casa\/","name":"Planimetr\u00eda de la casa, qu\u00e9 es, que tipo de plano existen, c\u00f3mo se hace","isPartOf":{"@id":"https:\/\/www.ferrovial.com\/es\/#website"},"datePublished":"2024-03-27T11:09:27+00:00","dateModified":"2024-04-17T10:57:13+00:00","description":"La planimetr\u00eda es la rama de la topograf\u00eda que se dedica a reproducir a escala, sobre una superficie plana, detalles de un terreno. En arquitectura, la planimetr\u00eda se refiere a la representaci\u00f3n gr\u00e1fica de una obra.","breadcrumb":{"@id":"https:\/\/www.ferrovial.com\/es\/stem\/planimetria-de-la-casa\/#breadcrumb"},"inLanguage":"es","potentialAction":[{"@type":"ReadAction","target":["https:\/\/www.ferrovial.com\/es\/stem\/planimetria-de-la-casa\/"]}]},{"@type":"BreadcrumbList","@id":"https:\/\/www.ferrovial.com\/es\/stem\/planimetria-de-la-casa\/#breadcrumb","itemListElement":[{"@type":"ListItem","position":1,"name":"Portada","item":"https:\/\/www.ferrovial.com\/es\/"},{"@type":"ListItem","position":2,"name":"STEM","item":"https:\/\/www.ferrovial.com\/es\/stem\/"},{"@type":"ListItem","position":3,"name":"Planimetr\u00eda de la casa"}]},{"@type":"WebSite","@id":"https:\/\/www.ferrovial.com\/es\/#website","url":"https:\/\/www.ferrovial.com\/es\/","name":"Ferrovial","description":"Welcome to the Ferrovial&#039;s website, global operator of sustainable infrastructure. Here you can find all the information about the company and subsidiaries.","publisher":{"@id":"https:\/\/www.ferrovial.com\/es\/#organization"},"potentialAction":[{"@type":"SearchAction","target":{"@type":"EntryPoint","urlTemplate":"https:\/\/www.ferrovial.com\/es\/?s={search_term_string}"},"query-input":{"@type":"PropertyValueSpecification","valueRequired":true,"valueName":"search_term_string"}}],"inLanguage":"es"},{"@type":"Organization","@id":"https:\/\/www.ferrovial.com\/es\/#organization","name":"Ferrovial S.A.","url":"https:\/\/www.ferrovial.com\/es\/","logo":{"@type":"ImageObject","inLanguage":"es","@id":"https:\/\/www.ferrovial.com\/es\/#\/schema\/logo\/image\/","url":"https:\/\/static.ferrovial.com\/wp-content\/uploads\/2020\/01\/13124948\/logo-ferrovial-cf7.png","contentUrl":"https:\/\/static.ferrovial.com\/wp-content\/uploads\/2020\/01\/13124948\/logo-ferrovial-cf7.png","width":144,"height":32,"caption":"Ferrovial S.A."},"image":{"@id":"https:\/\/www.ferrovial.com\/es\/#\/schema\/logo\/image\/"},"sameAs":["https:\/\/www.facebook.com\/ferrovial","https:\/\/x.com\/ferrovial","https:\/\/www.instagram.com\/ferrovial\/","https:\/\/www.linkedin.com\/company\/ferrovial","https:\/\/www.pinterest.es\/ferrovial\/","https:\/\/www.youtube.com\/ferrovial","https:\/\/en.wikipedia.org\/wiki\/Ferrovial"]}]}},"_links":{"self":[{"href":"https:\/\/www.ferrovial.com\/es\/wp-json\/wp\/v2\/pages\/278452","targetHints":{"allow":["GET"]}}],"collection":[{"href":"https:\/\/www.ferrovial.com\/es\/wp-json\/wp\/v2\/pages"}],"about":[{"href":"https:\/\/www.ferrovial.com\/es\/wp-json\/wp\/v2\/types\/page"}],"replies":[{"embeddable":true,"href":"https:\/\/www.ferrovial.com\/es\/wp-json\/wp\/v2\/comments?post=278452"}],"version-history":[{"count":2,"href":"https:\/\/www.ferrovial.com\/es\/wp-json\/wp\/v2\/pages\/278452\/revisions"}],"predecessor-version":[{"id":279875,"href":"https:\/\/www.ferrovial.com\/es\/wp-json\/wp\/v2\/pages\/278452\/revisions\/279875"}],"up":[{"embeddable":true,"href":"https:\/\/www.ferrovial.com\/es\/wp-json\/wp\/v2\/pages\/227878"}],"wp:attachment":[{"href":"https:\/\/www.ferrovial.com\/es\/wp-json\/wp\/v2\/media?parent=278452"}],"curies":[{"name":"wp","href":"https:\/\/api.w.org\/{rel}","templated":true}]}}