{"id":287607,"date":"2024-08-29T10:51:19","date_gmt":"2024-08-29T08:51:19","guid":{"rendered":"https:\/\/www.ferrovial.com\/innovacion\/estrategia\/que-pasaria\/sustainable-construction\/"},"modified":"2024-09-05T10:20:50","modified_gmt":"2024-09-05T08:20:50","slug":"construccion-sostenible","status":"publish","type":"page","link":"https:\/\/www.ferrovial.com\/es\/foresight\/escenarios\/construccion-sostenible\/","title":{"rendered":"Construcci\u00f3n Sostenible | Foresight"},"content":{"rendered":"\n    <m-hero-form bg='https:\/\/static.ferrovial.com\/wp-content\/uploads\/2024\/08\/20104252\/futuristic-city-built-with-sustainable-construction-projects-1920x1080.jpg' type='bgYellowImg'>\n                    <h2 slot=\"title\">\n                Rellena el formulario para descargar el informe sobre la construcci\u00f3n sostenible            <\/h2>\n        \n        \n                    <div slot=\"inputs\">\n                \n<div class=\"wpcf7 no-js\" id=\"wpcf7-f287221-o1\" lang=\"en\" dir=\"ltr\" data-wpcf7-id=\"287221\">\n<div class=\"screen-reader-response\"><p role=\"status\" aria-live=\"polite\" aria-atomic=\"true\"><\/p> <ul><\/ul><\/div>\n<form action=\"\/es\/wp-json\/wp\/v2\/pages\/287607#wpcf7-f287221-o1\" method=\"post\" class=\"wpcf7-form init\" aria-label=\"Contact form\" novalidate=\"novalidate\" data-status=\"init\">\n<fieldset class=\"hidden-fields-container\"><input type=\"hidden\" name=\"_wpcf7\" value=\"287221\" \/><input type=\"hidden\" name=\"_wpcf7_version\" value=\"6.1.3\" \/><input type=\"hidden\" name=\"_wpcf7_locale\" value=\"en\" \/><input type=\"hidden\" name=\"_wpcf7_unit_tag\" value=\"wpcf7-f287221-o1\" \/><input type=\"hidden\" name=\"_wpcf7_container_post\" value=\"0\" \/><input type=\"hidden\" name=\"_wpcf7_posted_data_hash\" value=\"\" \/><input type=\"hidden\" name=\"_wpcf7_recaptcha_response\" value=\"\" \/>\n<\/fieldset>\n<p>Los datos obligatorios est\u00e1n marcados con asterisco (*)\n<\/p>\n<p><label>Nombre y apellidos*<br \/>\n<span class=\"wpcf7-form-control-wrap\" data-name=\"sm-name\"><input size=\"40\" maxlength=\"400\" class=\"wpcf7-form-control wpcf7-text wpcf7-validates-as-required input-long\" aria-required=\"true\" aria-invalid=\"false\" placeholder=\"\" value=\"\" type=\"text\" name=\"sm-name\" \/><\/span><\/label>\n<\/p>\n<p><label>Cargo *<br \/>\n<span class=\"wpcf7-form-control-wrap\" data-name=\"sm-properties1\"><input size=\"40\" maxlength=\"400\" class=\"wpcf7-form-control wpcf7-text wpcf7-validates-as-required input-long\" aria-required=\"true\" aria-invalid=\"false\" placeholder=\"\" value=\"\" type=\"text\" name=\"sm-properties1\" \/><\/span><\/label>\n<\/p>\n<p><label>Empresa *<br \/>\n<span class=\"wpcf7-form-control-wrap\" data-name=\"sm-company\"><input size=\"40\" maxlength=\"400\" class=\"wpcf7-form-control wpcf7-text wpcf7-validates-as-required input-long\" aria-required=\"true\" aria-invalid=\"false\" placeholder=\"\" value=\"\" type=\"text\" name=\"sm-company\" \/><\/span><\/label>\n<\/p>\n<p><label>E-mail *<br \/>\n<span class=\"wpcf7-form-control-wrap\" data-name=\"sm-email\"><input size=\"40\" maxlength=\"400\" class=\"wpcf7-form-control wpcf7-email wpcf7-validates-as-required wpcf7-text wpcf7-validates-as-email input-long\" aria-required=\"true\" aria-invalid=\"false\" placeholder=\"\" value=\"\" type=\"email\" name=\"sm-email\" \/><\/span><\/label>\n<\/p>\n<p>Este sitio est\u00e1 protegido por reCAPTCHA y se aplican la Pol\u00edtica de privacidad y las Condiciones de servicio de Google.\n<\/p>\n<p class=\"m-form-checkbox\"><span class=\"wpcf7-form-control-wrap\" data-name=\"sm-optin\"><span class=\"wpcf7-form-control wpcf7-acceptance\"><span class=\"wpcf7-list-item\"><label><input type=\"checkbox\" name=\"sm-optin\" value=\"1\" aria-invalid=\"false\" \/><span class=\"wpcf7-list-item-label\">Autorizo a Ferrovial Corporaci\u00f3n, S.A.U para que procese mis datos personales con el fin de recibir comunicaciones comerciales relacionadas con la innovaci\u00f3n. Puedes retirar tu consentimiento en cualquier momento. Encontrar\u00e1s m\u00e1s detalles sobre c\u00f3mo se procesan tus datos personales y c\u00f3mo ejercer tus derechos de protecci\u00f3n de datos en la <a href=\"https:\/\/www.ferrovial.com\/es\/politica-de-privacidad\/\">Pol\u00edtica de privacidad de Ferrovial<\/a>.<\/span><\/label><\/span><\/span><\/span>\n<\/p>\n<p><input class=\"wpcf7-form-control wpcf7-submit has-spinner\" type=\"submit\" value=\"Enviar\" \/>\n<\/p><div class=\"wpcf7-response-output\" aria-hidden=\"true\"><\/div>\n<\/form>\n<\/div>\n            <\/div>\n            <\/m-hero-form>\n\n    \n\n\n<m-wysiwig class=\"wp-block-components-wysiwyg\"><div slot=\"maincontent\">\n<h2 class=\"wp-block-heading\"><strong><strong><strong>\u00bfC\u00f3mo ser\u00e1 el futuro de la construcci\u00f3n?<\/strong><\/strong><\/strong><\/h2>\n\n\n\n<p>En esta sexta edici\u00f3n de <strong>nuestro informe Foresight, nos centramos en el futuro de la construcci\u00f3n, un sector a punto de experimentar un cambio transformador<\/strong>. El sector de la construcci\u00f3n se enfrenta al importante reto de la sostenibilidad, que requiere la adaptaci\u00f3n de pr\u00e1cticas para minimizar el impacto medioambiental, conservar los recursos naturales y promover el bienestar social y econ\u00f3mico.<\/p>\n\n\n\n<p>Para lograrlo, el sector debe adoptar nuevas tecnolog\u00edas y materiales, as\u00ed como <strong>m\u00e9todos innovadores de dise\u00f1o y construcci\u00f3n<\/strong>. La colaboraci\u00f3n entre todas las partes interesadas tambi\u00e9n es esencial para garantizar un futuro sostenible.<\/p>\n\n\n\n<h2 class=\"wp-block-heading\"><strong>\u00bfEn qu\u00e9 consiste la construcci\u00f3n sostenible?<\/strong><\/h2>\n\n\n\n<p>La industria de la construcci\u00f3n se encuentra en una encrucijada crucial, impulsada por la urgente necesidad de sostenibilidad en medio de una creciente preocupaci\u00f3n por el medio ambiente. <strong>El importante impacto del sector en el consumo de recursos y las emisiones de carbono hace que el cambio hacia pr\u00e1cticas sostenibles no s\u00f3lo sea beneficioso, sino imperativo para su viabilidad a largo plazo<\/strong>. Una combinaci\u00f3n de tendencias tecnol\u00f3gicas, medioambientales y normativas est\u00e1 transformando r\u00e1pidamente el sector, haciendo hincapi\u00e9 en la integraci\u00f3n de metodolog\u00edas sostenibles.<\/p>\n\n\n\n<p>En todo el mundo hay un fuerte movimiento hacia la descarbonizaci\u00f3n de las pr\u00e1cticas de construcci\u00f3n, influido por la creciente adopci\u00f3n de tecnolog\u00edas como la IA en el dise\u00f1o, la construcci\u00f3n modular y el reciclaje de materiales. <strong>Estas innovaciones est\u00e1n redefiniendo la forma en que se conciben, planifican y ejecutan los proyectos, garantizando que sean m\u00e1s eficientes y tengan una huella medioambiental m\u00ednima<\/strong>. Sin embargo, este cambio tambi\u00e9n plantea nuevos retos, como la adaptaci\u00f3n de las infraestructuras existentes y la alineaci\u00f3n de los intereses de las partes interesadas hacia pr\u00e1cticas m\u00e1s ecol\u00f3gicas.<\/p>\n\n\n\n<h2 class=\"wp-block-heading\"><strong>\u00bfQu\u00e9 hay de nuevo en este ejercicio?<\/strong><\/h2>\n\n\n\n<p>El ejercicio de prospectiva de este a\u00f1o se ha visto especialmente enriquecido por la <strong>integraci\u00f3n de la Inteligencia Artificial (IA) en la visualizaci\u00f3n de posibles escenarios futuros<\/strong>. El papel de la IA ha sido decisivo a la hora de detectar las primeras se\u00f1ales de cambio e identificar los factores clave que podr\u00edan configurar los distintos resultados futuros en el sector de la construcci\u00f3n. Es importante destacar que se trata de un esfuerzo de colaboraci\u00f3n, que combina la experiencia humana con sofisticadas t\u00e9cnicas de aprendizaje autom\u00e1tico para producir resultados perspicaces y procesables.<\/p>\n<\/div><\/m-wysiwig>\n","protected":false},"excerpt":{"rendered":"","protected":false},"featured_media":0,"parent":174390,"menu_order":0,"comment_status":"closed","ping_status":"closed","template":"","meta":{"_acf_changed":false,"footnotes":""},"class_list":["post-287607","page","type-page","status-publish","hentry"],"acf":[],"yoast_head":"<!-- This site is optimized with the Yoast SEO plugin v27.2 - https:\/\/yoast.com\/product\/yoast-seo-wordpress\/ -->\n<title>Construcci\u00f3n Sostenible | Foresight - Ferrovial<\/title>\n<meta name=\"description\" content=\"Welcome to the Ferrovial&#039;s website, global operator of sustainable infrastructure. Here you can find all the information about the company and subsidiaries.\" \/>\n<meta name=\"robots\" content=\"index, follow, max-snippet:-1, max-image-preview:large, max-video-preview:-1\" \/>\n<link rel=\"canonical\" href=\"https:\/\/www.ferrovial.com\/es\/foresight\/escenarios\/construccion-sostenible\/\" \/>\n<meta property=\"og:locale\" content=\"es_ES\" \/>\n<meta property=\"og:type\" content=\"article\" \/>\n<meta property=\"og:title\" content=\"Construcci\u00f3n Sostenible | Foresight - Ferrovial\" \/>\n<meta property=\"og:description\" content=\"Welcome to the Ferrovial&#039;s website, global operator of sustainable infrastructure. Here you can find all the information about the company and subsidiaries.\" \/>\n<meta property=\"og:url\" content=\"https:\/\/www.ferrovial.com\/es\/foresight\/escenarios\/construccion-sostenible\/\" \/>\n<meta property=\"og:site_name\" content=\"Ferrovial\" \/>\n<meta property=\"article:publisher\" content=\"https:\/\/www.facebook.com\/ferrovial\" \/>\n<meta property=\"article:modified_time\" content=\"2024-09-05T08:20:50+00:00\" \/>\n<meta name=\"twitter:card\" content=\"summary_large_image\" \/>\n<meta name=\"twitter:site\" content=\"@ferrovial\" \/>\n<meta name=\"twitter:label1\" content=\"Est. reading time\" \/>\n\t<meta name=\"twitter:data1\" content=\"2 minutos\" \/>\n<!-- \/ Yoast SEO plugin. -->","yoast_head_json":{"title":"Construcci\u00f3n Sostenible | Foresight - Ferrovial","description":"Welcome to the Ferrovial's website, global operator of sustainable infrastructure. Here you can find all the information about the company and subsidiaries.","robots":{"index":"index","follow":"follow","max-snippet":"max-snippet:-1","max-image-preview":"max-image-preview:large","max-video-preview":"max-video-preview:-1"},"canonical":"https:\/\/www.ferrovial.com\/es\/foresight\/escenarios\/construccion-sostenible\/","og_locale":"es_ES","og_type":"article","og_title":"Construcci\u00f3n Sostenible | Foresight - Ferrovial","og_description":"Welcome to the Ferrovial's website, global operator of sustainable infrastructure. Here you can find all the information about the company and subsidiaries.","og_url":"https:\/\/www.ferrovial.com\/es\/foresight\/escenarios\/construccion-sostenible\/","og_site_name":"Ferrovial","article_publisher":"https:\/\/www.facebook.com\/ferrovial","article_modified_time":"2024-09-05T08:20:50+00:00","twitter_card":"summary_large_image","twitter_site":"@ferrovial","twitter_misc":{"Est. reading time":"2 minutos"},"schema":{"@context":"https:\/\/schema.org","@graph":[{"@type":"WebPage","@id":"https:\/\/www.ferrovial.com\/es\/foresight\/escenarios\/construccion-sostenible\/","url":"https:\/\/www.ferrovial.com\/es\/foresight\/escenarios\/construccion-sostenible\/","name":"Construcci\u00f3n Sostenible | Foresight - Ferrovial","isPartOf":{"@id":"https:\/\/www.ferrovial.com\/es\/#website"},"datePublished":"2024-08-29T08:51:19+00:00","dateModified":"2024-09-05T08:20:50+00:00","description":"Welcome to the Ferrovial's website, global operator of sustainable infrastructure. Here you can find all the information about the company and subsidiaries.","breadcrumb":{"@id":"https:\/\/www.ferrovial.com\/es\/foresight\/escenarios\/construccion-sostenible\/#breadcrumb"},"inLanguage":"es","potentialAction":[{"@type":"ReadAction","target":["https:\/\/www.ferrovial.com\/es\/foresight\/escenarios\/construccion-sostenible\/"]}]},{"@type":"BreadcrumbList","@id":"https:\/\/www.ferrovial.com\/es\/foresight\/escenarios\/construccion-sostenible\/#breadcrumb","itemListElement":[{"@type":"ListItem","position":1,"name":"Portada","item":"https:\/\/www.ferrovial.com\/es\/"},{"@type":"ListItem","position":2,"name":"Foresight","item":"https:\/\/www.ferrovial.com\/es\/foresight\/"},{"@type":"ListItem","position":3,"name":"Escenarios","item":"https:\/\/www.ferrovial.com\/es\/foresight\/escenarios\/"},{"@type":"ListItem","position":4,"name":"Construcci\u00f3n Sostenible | Foresight"}]},{"@type":"WebSite","@id":"https:\/\/www.ferrovial.com\/es\/#website","url":"https:\/\/www.ferrovial.com\/es\/","name":"Ferrovial","description":"Welcome to the Ferrovial&#039;s website, global operator of sustainable infrastructure. Here you can find all the information about the company and subsidiaries.","publisher":{"@id":"https:\/\/www.ferrovial.com\/es\/#organization"},"potentialAction":[{"@type":"SearchAction","target":{"@type":"EntryPoint","urlTemplate":"https:\/\/www.ferrovial.com\/es\/?s={search_term_string}"},"query-input":{"@type":"PropertyValueSpecification","valueRequired":true,"valueName":"search_term_string"}}],"inLanguage":"es"},{"@type":"Organization","@id":"https:\/\/www.ferrovial.com\/es\/#organization","name":"Ferrovial S.A.","url":"https:\/\/www.ferrovial.com\/es\/","logo":{"@type":"ImageObject","inLanguage":"es","@id":"https:\/\/www.ferrovial.com\/es\/#\/schema\/logo\/image\/","url":"https:\/\/static.ferrovial.com\/wp-content\/uploads\/2020\/01\/13124948\/logo-ferrovial-cf7.png","contentUrl":"https:\/\/static.ferrovial.com\/wp-content\/uploads\/2020\/01\/13124948\/logo-ferrovial-cf7.png","width":144,"height":32,"caption":"Ferrovial S.A."},"image":{"@id":"https:\/\/www.ferrovial.com\/es\/#\/schema\/logo\/image\/"},"sameAs":["https:\/\/www.facebook.com\/ferrovial","https:\/\/x.com\/ferrovial","https:\/\/www.instagram.com\/ferrovial\/","https:\/\/www.linkedin.com\/company\/ferrovial","https:\/\/www.pinterest.es\/ferrovial\/","https:\/\/www.youtube.com\/ferrovial","https:\/\/en.wikipedia.org\/wiki\/Ferrovial"]}]}},"_links":{"self":[{"href":"https:\/\/www.ferrovial.com\/es\/wp-json\/wp\/v2\/pages\/287607","targetHints":{"allow":["GET"]}}],"collection":[{"href":"https:\/\/www.ferrovial.com\/es\/wp-json\/wp\/v2\/pages"}],"about":[{"href":"https:\/\/www.ferrovial.com\/es\/wp-json\/wp\/v2\/types\/page"}],"replies":[{"embeddable":true,"href":"https:\/\/www.ferrovial.com\/es\/wp-json\/wp\/v2\/comments?post=287607"}],"version-history":[{"count":3,"href":"https:\/\/www.ferrovial.com\/es\/wp-json\/wp\/v2\/pages\/287607\/revisions"}],"predecessor-version":[{"id":320734,"href":"https:\/\/www.ferrovial.com\/es\/wp-json\/wp\/v2\/pages\/287607\/revisions\/320734"}],"up":[{"embeddable":true,"href":"https:\/\/www.ferrovial.com\/es\/wp-json\/wp\/v2\/pages\/174390"}],"wp:attachment":[{"href":"https:\/\/www.ferrovial.com\/es\/wp-json\/wp\/v2\/media?parent=287607"}],"curies":[{"name":"wp","href":"https:\/\/api.w.org\/{rel}","templated":true}]}}