{"id":291299,"date":"2024-10-31T15:42:48","date_gmt":"2024-10-31T14:42:48","guid":{"rendered":"https:\/\/www.ferrovial.com\/?page_id=291299"},"modified":"2026-03-24T16:37:01","modified_gmt":"2026-03-24T15:37:01","slug":"director-general-inversiones","status":"publish","type":"page","link":"https:\/\/www.ferrovial.com\/es\/compania\/sobre-nosotros\/comite-direccion\/director-general-inversiones\/","title":{"rendered":"Ignacio del Pino, Director General de Inversiones"},"content":{"rendered":"    <m-final-content-header >\n            <c-breadcrumb label-text=\"Breadcrumb\" slot=\"breadcrumbs\" type='2' align='left' wrap='wrapped wrapped' aria-label='Vienes de Comit\u00e9 de Direcci\u00f3n'>\n                        <ol>\n\n                                                            <li><a href=\"https:\/\/www.ferrovial.com\/es\/\" title=\"Ferrovial\">Ferrovial<\/a><\/li>\n                                                                        <li><a href=\"https:\/\/www.ferrovial.com\/es\/compania\/\" title=\"Sobre nosotros\">Sobre nosotros<\/a><\/li>\n                                                                        <li><a href=\"https:\/\/www.ferrovial.com\/es\/compania\/sobre-nosotros\/\" title=\"Nuestra compa\u00f1\u00eda\">Nuestra compa\u00f1\u00eda<\/a><\/li>\n                                                                        <li><a href=\"https:\/\/www.ferrovial.com\/es\/compania\/sobre-nosotros\/comite-direccion\/\" title=\"Comit\u00e9 de Direcci\u00f3n\">Comit\u00e9 de Direcci\u00f3n<\/a><\/li>\n                                    \n                <\/ol>\n\n                <\/c-breadcrumb>\n    \n        <div slot=\"header\">\n            <h1>\n                Director General de Inversiones            <\/h1>\n                    <\/div>\n    <\/m-final-content-header>\n\n    \n\n\n<m-wysiwig class=\"wp-block-components-wysiwyg\"><div slot=\"maincontent\">\n<h2 class=\"wp-block-heading\">Ignacio del Pino<\/h2>\n\n\n\n<figure class=\"wp-block-image size-large\"><img v-lazy=\"'https:\/\/static.ferrovial.com\/wp-content\/uploads\/2024\/10\/31152654\/ignacio-del-pino-ferrovial-1024x704.jpg'\" alt=\"\" class=\"wp-image-291290\"\/><\/figure>\n\n\n\n<p>Ingeniero Industrial por el Massachusetts Institute of Technology (MIT) y MBA por la Stanford Graduate School of Business.&nbsp;Comenz\u00f3 su carrera profesional trabajando en banca de inversi\u00f3n y capital riesgo en JP Morgan y Oaktree Capital Management.<\/p>\n\n\n\n<p>Se incorpor\u00f3 a Ferrovial en 2017 y fue nombrado Director Financiero Corporativo en enero de 2023. En noviembre de 2024 fue nombrado Director General de Inversiones de Ferrovial. Como Director General de Inversiones es responsable de la implementaci\u00f3n de la estrategia de asignaci\u00f3n de capital de la compa\u00f1\u00eda.<\/p>\n<\/div><\/m-wysiwig>\n","protected":false},"excerpt":{"rendered":"","protected":false},"featured_media":0,"parent":18205,"menu_order":0,"comment_status":"closed","ping_status":"closed","template":"","meta":{"_acf_changed":false,"footnotes":""},"class_list":["post-291299","page","type-page","status-publish","hentry"],"acf":[],"yoast_head":"<!-- This site is optimized with the Yoast SEO plugin v27.2 - https:\/\/yoast.com\/product\/yoast-seo-wordpress\/ -->\n<title>Ignacio del Pino, Director General de Inversiones - Ferrovial<\/title>\n<meta name=\"description\" content=\"Welcome to the Ferrovial&#039;s website, global operator of sustainable infrastructure. Here you can find all the information about the company and subsidiaries.\" \/>\n<meta name=\"robots\" content=\"index, follow, max-snippet:-1, max-image-preview:large, max-video-preview:-1\" \/>\n<link rel=\"canonical\" href=\"https:\/\/www.ferrovial.com\/es\/compania\/sobre-nosotros\/comite-direccion\/director-general-inversiones\/\" \/>\n<meta property=\"og:locale\" content=\"es_ES\" \/>\n<meta property=\"og:type\" content=\"article\" \/>\n<meta property=\"og:title\" content=\"Ignacio del Pino, Director General de Inversiones - Ferrovial\" \/>\n<meta property=\"og:description\" content=\"Welcome to the Ferrovial&#039;s website, global operator of sustainable infrastructure. Here you can find all the information about the company and subsidiaries.\" \/>\n<meta property=\"og:url\" content=\"https:\/\/www.ferrovial.com\/es\/compania\/sobre-nosotros\/comite-direccion\/director-general-inversiones\/\" \/>\n<meta property=\"og:site_name\" content=\"Ferrovial\" \/>\n<meta property=\"article:publisher\" content=\"https:\/\/www.facebook.com\/ferrovial\" \/>\n<meta property=\"article:modified_time\" content=\"2026-03-24T15:37:01+00:00\" \/>\n<meta property=\"og:image\" content=\"https:\/\/www.ferrovial.com\/wp-content\/uploads\/2024\/10\/ignacio-del-pino-ferrovial-1024x704.jpg\" \/>\n<meta name=\"twitter:card\" content=\"summary_large_image\" \/>\n<meta name=\"twitter:site\" content=\"@ferrovial\" \/>\n<meta name=\"twitter:label1\" content=\"Est. reading time\" \/>\n\t<meta name=\"twitter:data1\" content=\"1 minuto\" \/>\n<!-- \/ Yoast SEO plugin. -->","yoast_head_json":{"title":"Ignacio del Pino, Director General de Inversiones - Ferrovial","description":"Welcome to the Ferrovial's website, global operator of sustainable infrastructure. Here you can find all the information about the company and subsidiaries.","robots":{"index":"index","follow":"follow","max-snippet":"max-snippet:-1","max-image-preview":"max-image-preview:large","max-video-preview":"max-video-preview:-1"},"canonical":"https:\/\/www.ferrovial.com\/es\/compania\/sobre-nosotros\/comite-direccion\/director-general-inversiones\/","og_locale":"es_ES","og_type":"article","og_title":"Ignacio del Pino, Director General de Inversiones - Ferrovial","og_description":"Welcome to the Ferrovial's website, global operator of sustainable infrastructure. Here you can find all the information about the company and subsidiaries.","og_url":"https:\/\/www.ferrovial.com\/es\/compania\/sobre-nosotros\/comite-direccion\/director-general-inversiones\/","og_site_name":"Ferrovial","article_publisher":"https:\/\/www.facebook.com\/ferrovial","article_modified_time":"2026-03-24T15:37:01+00:00","og_image":[{"url":"https:\/\/www.ferrovial.com\/wp-content\/uploads\/2024\/10\/ignacio-del-pino-ferrovial-1024x704.jpg","type":"","width":"","height":""}],"twitter_card":"summary_large_image","twitter_site":"@ferrovial","twitter_misc":{"Est. reading time":"1 minuto"},"schema":{"@context":"https:\/\/schema.org","@graph":[{"@type":"WebPage","@id":"https:\/\/www.ferrovial.com\/es\/compania\/sobre-nosotros\/comite-direccion\/director-general-inversiones\/","url":"https:\/\/www.ferrovial.com\/es\/compania\/sobre-nosotros\/comite-direccion\/director-general-inversiones\/","name":"Ignacio del Pino, Director General de Inversiones - Ferrovial","isPartOf":{"@id":"https:\/\/www.ferrovial.com\/es\/#website"},"primaryImageOfPage":{"@id":"https:\/\/www.ferrovial.com\/es\/compania\/sobre-nosotros\/comite-direccion\/director-general-inversiones\/#primaryimage"},"image":{"@id":"https:\/\/www.ferrovial.com\/es\/compania\/sobre-nosotros\/comite-direccion\/director-general-inversiones\/#primaryimage"},"thumbnailUrl":"https:\/\/www.ferrovial.com\/wp-content\/uploads\/2024\/10\/ignacio-del-pino-ferrovial-1024x704.jpg","datePublished":"2024-10-31T14:42:48+00:00","dateModified":"2026-03-24T15:37:01+00:00","description":"Welcome to the Ferrovial's website, global operator of sustainable infrastructure. Here you can find all the information about the company and subsidiaries.","breadcrumb":{"@id":"https:\/\/www.ferrovial.com\/es\/compania\/sobre-nosotros\/comite-direccion\/director-general-inversiones\/#breadcrumb"},"inLanguage":"es","potentialAction":[{"@type":"ReadAction","target":["https:\/\/www.ferrovial.com\/es\/compania\/sobre-nosotros\/comite-direccion\/director-general-inversiones\/"]}]},{"@type":"ImageObject","inLanguage":"es","@id":"https:\/\/www.ferrovial.com\/es\/compania\/sobre-nosotros\/comite-direccion\/director-general-inversiones\/#primaryimage","url":"https:\/\/www.ferrovial.com\/wp-content\/uploads\/2024\/10\/ignacio-del-pino-ferrovial-1024x704.jpg","contentUrl":"https:\/\/www.ferrovial.com\/wp-content\/uploads\/2024\/10\/ignacio-del-pino-ferrovial-1024x704.jpg"},{"@type":"BreadcrumbList","@id":"https:\/\/www.ferrovial.com\/es\/compania\/sobre-nosotros\/comite-direccion\/director-general-inversiones\/#breadcrumb","itemListElement":[{"@type":"ListItem","position":1,"name":"Portada","item":"https:\/\/www.ferrovial.com\/es\/"},{"@type":"ListItem","position":2,"name":"Sobre nosotros","item":"https:\/\/www.ferrovial.com\/es\/compania\/"},{"@type":"ListItem","position":3,"name":"Nuestra compa\u00f1\u00eda","item":"https:\/\/www.ferrovial.com\/es\/compania\/sobre-nosotros\/"},{"@type":"ListItem","position":4,"name":"Comit\u00e9 de Direcci\u00f3n","item":"https:\/\/www.ferrovial.com\/es\/compania\/sobre-nosotros\/comite-direccion\/"},{"@type":"ListItem","position":5,"name":"Ignacio del Pino, Director General de Inversiones"}]},{"@type":"WebSite","@id":"https:\/\/www.ferrovial.com\/es\/#website","url":"https:\/\/www.ferrovial.com\/es\/","name":"Ferrovial","description":"Welcome to the Ferrovial&#039;s website, global operator of sustainable infrastructure. Here you can find all the information about the company and subsidiaries.","publisher":{"@id":"https:\/\/www.ferrovial.com\/es\/#organization"},"potentialAction":[{"@type":"SearchAction","target":{"@type":"EntryPoint","urlTemplate":"https:\/\/www.ferrovial.com\/es\/?s={search_term_string}"},"query-input":{"@type":"PropertyValueSpecification","valueRequired":true,"valueName":"search_term_string"}}],"inLanguage":"es"},{"@type":"Organization","@id":"https:\/\/www.ferrovial.com\/es\/#organization","name":"Ferrovial S.A.","url":"https:\/\/www.ferrovial.com\/es\/","logo":{"@type":"ImageObject","inLanguage":"es","@id":"https:\/\/www.ferrovial.com\/es\/#\/schema\/logo\/image\/","url":"https:\/\/static.ferrovial.com\/wp-content\/uploads\/2020\/01\/13124948\/logo-ferrovial-cf7.png","contentUrl":"https:\/\/static.ferrovial.com\/wp-content\/uploads\/2020\/01\/13124948\/logo-ferrovial-cf7.png","width":144,"height":32,"caption":"Ferrovial S.A."},"image":{"@id":"https:\/\/www.ferrovial.com\/es\/#\/schema\/logo\/image\/"},"sameAs":["https:\/\/www.facebook.com\/ferrovial","https:\/\/x.com\/ferrovial","https:\/\/www.instagram.com\/ferrovial\/","https:\/\/www.linkedin.com\/company\/ferrovial","https:\/\/www.pinterest.es\/ferrovial\/","https:\/\/www.youtube.com\/ferrovial","https:\/\/en.wikipedia.org\/wiki\/Ferrovial"]}]}},"_links":{"self":[{"href":"https:\/\/www.ferrovial.com\/es\/wp-json\/wp\/v2\/pages\/291299","targetHints":{"allow":["GET"]}}],"collection":[{"href":"https:\/\/www.ferrovial.com\/es\/wp-json\/wp\/v2\/pages"}],"about":[{"href":"https:\/\/www.ferrovial.com\/es\/wp-json\/wp\/v2\/types\/page"}],"replies":[{"embeddable":true,"href":"https:\/\/www.ferrovial.com\/es\/wp-json\/wp\/v2\/comments?post=291299"}],"version-history":[{"count":3,"href":"https:\/\/www.ferrovial.com\/es\/wp-json\/wp\/v2\/pages\/291299\/revisions"}],"predecessor-version":[{"id":328687,"href":"https:\/\/www.ferrovial.com\/es\/wp-json\/wp\/v2\/pages\/291299\/revisions\/328687"}],"up":[{"embeddable":true,"href":"https:\/\/www.ferrovial.com\/es\/wp-json\/wp\/v2\/pages\/18205"}],"wp:attachment":[{"href":"https:\/\/www.ferrovial.com\/es\/wp-json\/wp\/v2\/media?parent=291299"}],"curies":[{"name":"wp","href":"https:\/\/api.w.org\/{rel}","templated":true}]}}