{"id":299513,"date":"2025-02-11T17:10:45","date_gmt":"2025-02-11T16:10:45","guid":{"rendered":"https:\/\/www.ferrovial.com\/?page_id=299513"},"modified":"2025-02-19T10:31:38","modified_gmt":"2025-02-19T09:31:38","slug":"waterworks","status":"publish","type":"page","link":"https:\/\/www.ferrovial.com\/es\/webber\/waterworks\/","title":{"rendered":"Waterworks"},"content":{"rendered":"    <m-hero type='reduced' :translations='{\n        &quot;play&quot;:&quot;Reproducir v\u00eddeo de fondo&quot;,\n        &quot;pause&quot;:&quot;Pausar v\u00eddeo de fondo&quot;,\n        &quot;prev&quot;:&quot;Anterior&quot;,\n        &quot;next&quot;:&quot;Siguiente&quot;,\n        &quot;paginationseparator&quot;:&quot;de&quot;,\n        &quot;goto&quot;:&quot;Ir al slide&quot;,\n        &quot;external&quot;:&quot;Abrir una nueva ventana&quot;\n    }'>\n            <c-breadcrumb label-text=\"Breadcrumb\" slot=\"breadcrumbs\" type='1' align='left left' wrap='wrapped wrapped' aria-label='Vienes de Webber'>\n                        <ol>\n\n                                                            <li><a href=\"https:\/\/www.ferrovial.com\/es\/\" title=\"Ferrovial\">Ferrovial<\/a><\/li>\n                                                                        <li><a href=\"https:\/\/www.ferrovial.com\/es\/webber\/\" title=\"Webber\">Webber<\/a><\/li>\n                                    \n                <\/ol>\n\n                <\/c-breadcrumb>\n    \n                        <div slot=\"carouselItem\">\n                            <c-background-video :sources=\"['https:\/\/static.ferrovial.com\/wp-content\/uploads\/2019\/11\/13141936\/web_reel_webber-plw-waterworks.mp4']\" position=\"center center\" poster=\"https:\/\/static.ferrovial.com\/wp-content\/uploads\/2019\/11\/13142041\/plw-waterworks.png\" :translations=\"{&quot;play&quot;:&quot;Reproducir v\u00eddeo de fondo&quot;,&quot;pause&quot;:&quot;Pausar v\u00eddeo de fondo&quot;}\"><\/c-background-video>\n                        <\/div>\n        <section slot=\"hero\">\n            <article>\n                                        <h1>\n                            Waterworks                        <\/h1>\n                                                <p>Descripci\u00f3n por defecto<\/p>\n                                    <\/article>\n        <\/section>\n    <\/m-hero>\n\n    \n\n    <m-introduction-subhome type='primary' pathfront='1' pathback='2' icon='water'>\n        <img decoding=\"async\" class=\"dots hidden\" slot=\"bg\" src=\"https:\/\/www.ferrovial.com\/wp-content\/themes\/global\/front\/dist\/static\/img\/dots.svg\" alt=\"\" \/>\n                        <h3 slot=\"title\">\n                    Servimos a municipios, distritos y autoridades de aguas de todo Texas, desde 1993                <\/h3>\n                                <p slot=\"description\">\n                    Somos una empresa pionera en el contrato y gesti\u00f3n de la construcci\u00f3n de infraestructuras hidr\u00e1ulicas que presta servicio a municipios, distritos y autoridades del agua.                <\/p>\n                    <\/m-introduction-subhome>\n    \n\n\n<m-wysiwig class=\"wp-block-components-wysiwyg\"><div slot=\"maincontent\">\n<p><strong>Conocemos muy bien las complejidades de la construcci\u00f3n de obras hidr\u00e1ulicas y la necesidad que requiere de soluciones innovadoras para servir mejor a la comunidad en la que operamos<\/strong>. Nuestro equipo de ingenieros son expertos gestores y miembros de equipos que aportan amplios conocimientos a cada proyecto. Tanto si se trata de una nueva construcci\u00f3n, como de una mejora o modificaci\u00f3n de las instalaciones.<\/p>\n\n\n\n<p>Somos reconocidos por nuestra innovaci\u00f3n, el excelente servicio al cliente, los proyectos galardonados y por fomentar la confianza entre todas las partes interesadas en sus proyectos de construcci\u00f3n. Somos l\u00edderes en el sector de las obras hidr\u00e1ulicas: fuimos uno de los primeros en instalar un sistema de filtraci\u00f3n por membrana en Texas, uno de los primeros gestores de obras hidr\u00e1ulicas de Texas en utilizar los m\u00e9todos de gesti\u00f3n de la construcci\u00f3n a riesgo (CMAR) y de dise\u00f1o y construcci\u00f3n para la entrega de contratos, y miembro fundador de la Red de Infraestructuras H\u00eddricas de Texas o TXWIN.<\/p>\n\n\n\n<h2 class=\"wp-block-heading\">Gesti\u00f3n innovadora en la construcci\u00f3n de infraestructuras hidr\u00e1ulicas<\/h2>\n\n\n\n<p>Estamos especializados en sistemas de depuraci\u00f3n, tratamiento, reutilizaci\u00f3n y desalinizaci\u00f3n de agua mediante m\u00e9todos de dise\u00f1o, licitaci\u00f3n y construcci\u00f3n, as\u00ed como m\u00e9todos alternativos.<\/p>\n\n\n\n<p>Desde nuestros inicios, hemos ayudado a clientes en casi todos los aspectos del tratamiento de aguas y aguas residuales, incluidos:<\/p>\n\n\n\n<ul class=\"wp-block-list\">\n<li>Nuevas plantas<\/li>\n\n\n\n<li>Plantas rehabilitadas<\/li>\n\n\n\n<li>Ampliaci\u00f3n de capacidad<\/li>\n\n\n\n<li>Sustituci\u00f3n de sistemas qu\u00edmicos<\/li>\n\n\n\n<li>Mejoras arquitect\u00f3nicas<\/li>\n\n\n\n<li>Modernizaci\u00f3n de equipos<\/li>\n\n\n\n<li>Dise\u00f1o y puesta en marcha de sistemas de control de \u00faltima generaci\u00f3n<\/li>\n<\/ul>\n<\/div><\/m-wysiwig>\n\n\n    <m-projects-distributor2 :translations='{\n        &quot;prev&quot;:&quot;Anterior&quot;,\n        &quot;next&quot;:&quot;Siguiente&quot;,\n        &quot;paginationseparator&quot;:&quot;de&quot;\n    }'>\n                        <h2 slot=\"label\">\n                    Proyectos                <\/h2>\n                                <h3 slot=\"title\">\n                Nuestros proyectos en EEUU                <\/h3>\n                        <a slot='button' title='Descubre nuestros proyectos' href='https:\/\/www.ferrovial.com\/en-us\/webber\/projects\/'>\n            Descubre nuestros proyectos        <\/a>\n\n            <\/m-projects-distributor2>\n\n    \n\n    <m-logotypes>\n                        <h3 slot=\"title\">\n                    Clientes                <\/h3>\n                \n                        <div slot='carouselItems' >\n                            <img v-lazy=\"'https:\/\/static.ferrovial.com\/wp-content\/uploads\/2025\/01\/13163956\/city-of-brady.webp'\" alt=\"City of Brady logo\" \/>\n                        <\/div>\n                        \n                        <div slot='carouselItems' >\n                            <img v-lazy=\"'https:\/\/static.ferrovial.com\/wp-content\/uploads\/2025\/01\/13164018\/gulf-coast-water-authority.png'\" alt=\"Gulf Coast Water Authority logo\" \/>\n                        <\/div>\n                        \n                        <div slot='carouselItems' >\n                            <img v-lazy=\"'https:\/\/static.ferrovial.com\/wp-content\/uploads\/2025\/01\/13164045\/city-of-granbury.jpg'\" alt=\"City of Granbury logo\" \/>\n                        <\/div>\n                        \n                        <div slot='carouselItems' >\n                            <img v-lazy=\"'https:\/\/static.ferrovial.com\/wp-content\/uploads\/2025\/01\/13164111\/h-e-b.png'\" alt=\"H-E-B logo\" \/>\n                        <\/div>\n                        \n                        <div slot='carouselItems' >\n                            <img v-lazy=\"'https:\/\/static.ferrovial.com\/wp-content\/uploads\/2025\/01\/13164139\/city-of-pearland.jpg'\" alt=\"City of Pearland Logo\" \/>\n                        <\/div>\n                        \n                        <div slot='carouselItems' >\n                            <img v-lazy=\"'https:\/\/static.ferrovial.com\/wp-content\/uploads\/2025\/01\/13164206\/johnson-county-special-utility-district.png'\" alt=\"Johnson County Special Utility District Logo\" \/>\n                        <\/div>\n                        \n                        <div slot='carouselItems' >\n                            <img v-lazy=\"'https:\/\/static.ferrovial.com\/wp-content\/uploads\/2025\/01\/13164230\/san-antonio-water-system.png'\" alt=\"San Antonio Water System logo\" \/>\n                        <\/div>\n                        \n                        <div slot='carouselItems' >\n                            <img v-lazy=\"'https:\/\/static.ferrovial.com\/wp-content\/uploads\/2025\/01\/13164302\/city-of-midland.jpg'\" alt=\"City of Midland logo\" \/>\n                        <\/div>\n                        \n                        <div slot='carouselItems' >\n                            <img v-lazy=\"'https:\/\/static.ferrovial.com\/wp-content\/uploads\/2025\/01\/13164322\/harris-county-water-authority.png'\" alt=\"Harris County Water Authority Logo\" \/>\n                        <\/div>\n                        \n                        <div slot='carouselItems' >\n                            <img v-lazy=\"'https:\/\/static.ferrovial.com\/wp-content\/uploads\/2025\/01\/13164415\/city-of-houston.png'\" alt=\"\" \/>\n                        <\/div>\n                        \n                        <div slot='carouselItems' >\n                            <img v-lazy=\"'https:\/\/static.ferrovial.com\/wp-content\/uploads\/2025\/01\/13164439\/north-texas-municipal-water-district.png'\" alt=\"North Texas Municipal Water District Logo\" \/>\n                        <\/div>\n                        \n                        <div slot='carouselItems' >\n                            <img v-lazy=\"'https:\/\/static.ferrovial.com\/wp-content\/uploads\/2025\/01\/13164608\/city-of-austin.jpg'\" alt=\"City of Austin Logo\" \/>\n                        <\/div>\n                        \n                        <div slot='carouselItems' >\n                            <img v-lazy=\"'https:\/\/static.ferrovial.com\/wp-content\/uploads\/2025\/01\/13165005\/fort-bend-county.png'\" alt=\"Fort Bend County logo\" \/>\n                        <\/div>\n                        \n                        <div slot='carouselItems' >\n                            <img v-lazy=\"'https:\/\/static.ferrovial.com\/wp-content\/uploads\/2025\/01\/13164639\/city-of-georgetown.png'\" alt=\"\" \/>\n                        <\/div>\n                        \n                        <div slot='carouselItems' >\n                            <img v-lazy=\"'https:\/\/static.ferrovial.com\/wp-content\/uploads\/2025\/01\/13164706\/city-of-san-angelo.png'\" alt=\"City of San Angelo Logo\" \/>\n                        <\/div>\n                        \n                        <div slot='carouselItems' >\n                            <img v-lazy=\"'https:\/\/static.ferrovial.com\/wp-content\/uploads\/2025\/01\/13164737\/city-of-laredo.png'\" alt=\"\" \/>\n                        <\/div>\n                        \n                        <div slot='carouselItems' >\n                            <img v-lazy=\"'https:\/\/static.ferrovial.com\/wp-content\/uploads\/2025\/01\/13164800\/city-of-pflugerville.png'\" alt=\"\" \/>\n                        <\/div>\n                        \n                        <div slot='carouselItems' >\n                            <img v-lazy=\"'https:\/\/static.ferrovial.com\/wp-content\/uploads\/2025\/01\/13164822\/new-braunfels-utilities.png'\" alt=\"New Braunfels Utilities Logo\" \/>\n                        <\/div>\n                        \n                        <div slot='carouselItems' >\n                            <img v-lazy=\"'https:\/\/static.ferrovial.com\/wp-content\/uploads\/2025\/01\/13164838\/gulf-coast-authority.png'\" alt=\"\" \/>\n                        <\/div>\n                        \n                        <div slot='carouselItems' >\n                            <img v-lazy=\"'https:\/\/static.ferrovial.com\/wp-content\/uploads\/2025\/02\/07165917\/city-of-corpus-christi.jpg'\" alt=\"City of Corpus Christi\" \/>\n                        <\/div>\n                        \n                        <div slot='carouselItems' >\n                            <img v-lazy=\"'https:\/\/static.ferrovial.com\/wp-content\/uploads\/2025\/02\/07165915\/west-harris-county-regional-water-authority.png'\" alt=\"West Harris County Regional Water Authority\" \/>\n                        <\/div>\n                        \n                        <div slot='carouselItems' >\n                            <img v-lazy=\"'https:\/\/static.ferrovial.com\/wp-content\/uploads\/2025\/02\/07165913\/city-of-baytown.png'\" alt=\"City of Baytown\" \/>\n                        <\/div>\n                        \n                        <div slot='carouselItems' >\n                            <img v-lazy=\"'https:\/\/static.ferrovial.com\/wp-content\/uploads\/2025\/02\/07165913\/city-of-tomball.png'\" alt=\"City of Tomball\" \/>\n                        <\/div>\n                        \n                        <div slot='carouselItems' >\n                            <img v-lazy=\"'https:\/\/static.ferrovial.com\/wp-content\/uploads\/2025\/02\/07165911\/city-of-weatherford.png'\" alt=\"City of Weatherford\" \/>\n                        <\/div>\n                        \n                        <div slot='carouselItems' >\n                            <img v-lazy=\"'https:\/\/static.ferrovial.com\/wp-content\/uploads\/2025\/02\/07165910\/city-of-seguin.png'\" alt=\"City of Seguin\" \/>\n                        <\/div>\n                            <\/m-logotypes>\n    ","protected":false},"excerpt":{"rendered":"","protected":false},"featured_media":0,"parent":18029,"menu_order":0,"comment_status":"closed","ping_status":"closed","template":"","meta":{"_acf_changed":false,"footnotes":""},"class_list":["post-299513","page","type-page","status-publish","hentry"],"acf":[],"yoast_head":"<!-- This site is optimized with the Yoast SEO plugin v27.2 - https:\/\/yoast.com\/product\/yoast-seo-wordpress\/ -->\n<title>Waterworks - Ferrovial<\/title>\n<meta name=\"description\" content=\"Servimos a municipios, distritos y autoridades de aguas de todo Texas, desde 1993. Somos una empresa pionera en el contrato y gesti\u00f3n de la construcci\u00f3n de infraestructuras hidr\u00e1ulicas que presta servicio a municipios, distritos y autoridades del agua.\" \/>\n<meta name=\"robots\" content=\"index, follow, max-snippet:-1, max-image-preview:large, max-video-preview:-1\" \/>\n<link rel=\"canonical\" href=\"https:\/\/www.ferrovial.com\/es\/webber\/waterworks\/\" \/>\n<meta property=\"og:locale\" content=\"es_ES\" \/>\n<meta property=\"og:type\" content=\"article\" \/>\n<meta property=\"og:title\" content=\"Waterworks - Ferrovial\" \/>\n<meta property=\"og:description\" content=\"Servimos a municipios, distritos y autoridades de aguas de todo Texas, desde 1993. Somos una empresa pionera en el contrato y gesti\u00f3n de la construcci\u00f3n de infraestructuras hidr\u00e1ulicas que presta servicio a municipios, distritos y autoridades del agua.\" \/>\n<meta property=\"og:url\" content=\"https:\/\/www.ferrovial.com\/es\/webber\/waterworks\/\" \/>\n<meta property=\"og:site_name\" content=\"Ferrovial\" \/>\n<meta property=\"article:publisher\" content=\"https:\/\/www.facebook.com\/ferrovial\" \/>\n<meta property=\"article:modified_time\" content=\"2025-02-19T09:31:38+00:00\" \/>\n<meta property=\"og:image\" content=\"https:\/\/www.ferrovial.com\/wp-content\/themes\/global\/front\/dist\/static\/img\/dots.svg\" \/>\n<meta name=\"twitter:card\" content=\"summary_large_image\" \/>\n<meta name=\"twitter:site\" content=\"@ferrovial\" \/>\n<meta name=\"twitter:label1\" content=\"Est. reading time\" \/>\n\t<meta name=\"twitter:data1\" content=\"2 minutos\" \/>\n<!-- \/ Yoast SEO plugin. -->","yoast_head_json":{"title":"Waterworks - Ferrovial","description":"Servimos a municipios, distritos y autoridades de aguas de todo Texas, desde 1993. Somos una empresa pionera en el contrato y gesti\u00f3n de la construcci\u00f3n de infraestructuras hidr\u00e1ulicas que presta servicio a municipios, distritos y autoridades del agua.","robots":{"index":"index","follow":"follow","max-snippet":"max-snippet:-1","max-image-preview":"max-image-preview:large","max-video-preview":"max-video-preview:-1"},"canonical":"https:\/\/www.ferrovial.com\/es\/webber\/waterworks\/","og_locale":"es_ES","og_type":"article","og_title":"Waterworks - Ferrovial","og_description":"Servimos a municipios, distritos y autoridades de aguas de todo Texas, desde 1993. Somos una empresa pionera en el contrato y gesti\u00f3n de la construcci\u00f3n de infraestructuras hidr\u00e1ulicas que presta servicio a municipios, distritos y autoridades del agua.","og_url":"https:\/\/www.ferrovial.com\/es\/webber\/waterworks\/","og_site_name":"Ferrovial","article_publisher":"https:\/\/www.facebook.com\/ferrovial","article_modified_time":"2025-02-19T09:31:38+00:00","og_image":[{"url":"https:\/\/www.ferrovial.com\/wp-content\/themes\/global\/front\/dist\/static\/img\/dots.svg","type":"","width":"","height":""}],"twitter_card":"summary_large_image","twitter_site":"@ferrovial","twitter_misc":{"Est. reading time":"2 minutos"},"schema":{"@context":"https:\/\/schema.org","@graph":[{"@type":"WebPage","@id":"https:\/\/www.ferrovial.com\/es\/webber\/waterworks\/","url":"https:\/\/www.ferrovial.com\/es\/webber\/waterworks\/","name":"Waterworks - Ferrovial","isPartOf":{"@id":"https:\/\/www.ferrovial.com\/es\/#website"},"primaryImageOfPage":{"@id":"https:\/\/www.ferrovial.com\/es\/webber\/waterworks\/#primaryimage"},"image":{"@id":"https:\/\/www.ferrovial.com\/es\/webber\/waterworks\/#primaryimage"},"thumbnailUrl":"https:\/\/www.ferrovial.com\/wp-content\/themes\/global\/front\/dist\/static\/img\/dots.svg","datePublished":"2025-02-11T16:10:45+00:00","dateModified":"2025-02-19T09:31:38+00:00","description":"Servimos a municipios, distritos y autoridades de aguas de todo Texas, desde 1993. Somos una empresa pionera en el contrato y gesti\u00f3n de la construcci\u00f3n de infraestructuras hidr\u00e1ulicas que presta servicio a municipios, distritos y autoridades del agua.","breadcrumb":{"@id":"https:\/\/www.ferrovial.com\/es\/webber\/waterworks\/#breadcrumb"},"inLanguage":"es","potentialAction":[{"@type":"ReadAction","target":["https:\/\/www.ferrovial.com\/es\/webber\/waterworks\/"]}]},{"@type":"ImageObject","inLanguage":"es","@id":"https:\/\/www.ferrovial.com\/es\/webber\/waterworks\/#primaryimage","url":"https:\/\/www.ferrovial.com\/wp-content\/themes\/global\/front\/dist\/static\/img\/dots.svg","contentUrl":"https:\/\/www.ferrovial.com\/wp-content\/themes\/global\/front\/dist\/static\/img\/dots.svg"},{"@type":"BreadcrumbList","@id":"https:\/\/www.ferrovial.com\/es\/webber\/waterworks\/#breadcrumb","itemListElement":[{"@type":"ListItem","position":1,"name":"Portada","item":"https:\/\/www.ferrovial.com\/es\/"},{"@type":"ListItem","position":2,"name":"Webber","item":"https:\/\/www.ferrovial.com\/es\/webber\/"},{"@type":"ListItem","position":3,"name":"Waterworks"}]},{"@type":"WebSite","@id":"https:\/\/www.ferrovial.com\/es\/#website","url":"https:\/\/www.ferrovial.com\/es\/","name":"Ferrovial","description":"Welcome to the Ferrovial&#039;s website, global operator of sustainable infrastructure. Here you can find all the information about the company and subsidiaries.","publisher":{"@id":"https:\/\/www.ferrovial.com\/es\/#organization"},"potentialAction":[{"@type":"SearchAction","target":{"@type":"EntryPoint","urlTemplate":"https:\/\/www.ferrovial.com\/es\/?s={search_term_string}"},"query-input":{"@type":"PropertyValueSpecification","valueRequired":true,"valueName":"search_term_string"}}],"inLanguage":"es"},{"@type":"Organization","@id":"https:\/\/www.ferrovial.com\/es\/#organization","name":"Ferrovial S.A.","url":"https:\/\/www.ferrovial.com\/es\/","logo":{"@type":"ImageObject","inLanguage":"es","@id":"https:\/\/www.ferrovial.com\/es\/#\/schema\/logo\/image\/","url":"https:\/\/static.ferrovial.com\/wp-content\/uploads\/2020\/01\/13124948\/logo-ferrovial-cf7.png","contentUrl":"https:\/\/static.ferrovial.com\/wp-content\/uploads\/2020\/01\/13124948\/logo-ferrovial-cf7.png","width":144,"height":32,"caption":"Ferrovial S.A."},"image":{"@id":"https:\/\/www.ferrovial.com\/es\/#\/schema\/logo\/image\/"},"sameAs":["https:\/\/www.facebook.com\/ferrovial","https:\/\/x.com\/ferrovial","https:\/\/www.instagram.com\/ferrovial\/","https:\/\/www.linkedin.com\/company\/ferrovial","https:\/\/www.pinterest.es\/ferrovial\/","https:\/\/www.youtube.com\/ferrovial","https:\/\/en.wikipedia.org\/wiki\/Ferrovial"]}]}},"_links":{"self":[{"href":"https:\/\/www.ferrovial.com\/es\/wp-json\/wp\/v2\/pages\/299513","targetHints":{"allow":["GET"]}}],"collection":[{"href":"https:\/\/www.ferrovial.com\/es\/wp-json\/wp\/v2\/pages"}],"about":[{"href":"https:\/\/www.ferrovial.com\/es\/wp-json\/wp\/v2\/types\/page"}],"replies":[{"embeddable":true,"href":"https:\/\/www.ferrovial.com\/es\/wp-json\/wp\/v2\/comments?post=299513"}],"version-history":[{"count":3,"href":"https:\/\/www.ferrovial.com\/es\/wp-json\/wp\/v2\/pages\/299513\/revisions"}],"predecessor-version":[{"id":299910,"href":"https:\/\/www.ferrovial.com\/es\/wp-json\/wp\/v2\/pages\/299513\/revisions\/299910"}],"up":[{"embeddable":true,"href":"https:\/\/www.ferrovial.com\/es\/wp-json\/wp\/v2\/pages\/18029"}],"wp:attachment":[{"href":"https:\/\/www.ferrovial.com\/es\/wp-json\/wp\/v2\/media?parent=299513"}],"curies":[{"name":"wp","href":"https:\/\/api.w.org\/{rel}","templated":true}]}}