{"id":315821,"date":"2025-10-24T13:21:58","date_gmt":"2025-10-24T11:21:58","guid":{"rendered":"https:\/\/www.ferrovial.com\/?page_id=315821"},"modified":"2025-10-24T13:22:00","modified_gmt":"2025-10-24T11:22:00","slug":"eventos-y-presentaciones","status":"publish","type":"page","link":"https:\/\/www.ferrovial.com\/es\/accionistas-e-inversores\/eventos-y-presentaciones\/","title":{"rendered":"Eventos y Presentaciones"},"content":{"rendered":"    <m-final-content-header bgimage='https:\/\/static.ferrovial.com\/wp-content\/uploads\/2019\/12\/10113135\/recursos-virginia-copy-0100-26-46-29still024jpg-1280x720.jpg'>\n            <c-breadcrumb label-text=\"Breadcrumb\" slot=\"breadcrumbs\" type='2' align='left' wrap='wrapped wrapped' aria-label='Vienes de Accionistas e inversores'>\n                        <ol>\n\n                                                            <li><a href=\"https:\/\/www.ferrovial.com\/es\/\" title=\"Ferrovial\">Ferrovial<\/a><\/li>\n                                                                        <li><a href=\"https:\/\/www.ferrovial.com\/es\/accionistas-e-inversores\/\" title=\"Accionistas e inversores\">Accionistas e inversores<\/a><\/li>\n                                    \n                <\/ol>\n\n                <\/c-breadcrumb>\n    \n        <div slot=\"header\">\n            <h1>\n                Eventos y Presentaciones            <\/h1>\n                    <\/div>\n    <\/m-final-content-header>\n\n    \n\n\n<m-wysiwig class=\"wp-block-components-wysiwyg\"><div slot=\"maincontent\">    <p class=\"intro\">Informaci\u00f3n relevante sobre los eventos y las presentaciones de Ferrovial para inversores.<\/p>\n    <\/div><\/m-wysiwig>\n\n\n    <m-multiple-distributor columns='3'>\n                            <div class=\"card\">\n                                                <img decoding=\"async\" src=\"https:\/\/static.ferrovial.com\/wp-content\/uploads\/2019\/11\/13141320\/construction-d4r7-infrastructure-bratislava-800x600.jpg\" alt=\"construcci\u00f3n en bratislava D4R7\" position=\"center center\" \/>\n                                                        <p class=\"name\">Eventos<\/p>\n                                                                    <p class=\"description\">Descripci\u00f3n por defecto<\/p>\n                                                                        <a title='Mas informaci\u00f3n' aria-label='M\u00e1s informaci\u00f3n sobre Eventos'>Mas informaci\u00f3n<\/a>\n                                                            <\/div>\n                                        <div class=\"card\">\n                                                <img decoding=\"async\" src=\"https:\/\/static.ferrovial.com\/wp-content\/uploads\/2019\/11\/13133107\/erne-river-ferrovial-800x600.jpg\" alt=\"Erne-River-Ferrovial\" position=\"center center\" \/>\n                                                        <p class=\"name\">Presentaciones<\/p>\n                                                                    <p class=\"description\">Descripci\u00f3n por defecto<\/p>\n                                                                        <a title='M\u00e1s informaci\u00f3n' aria-label='M\u00e1s informaci\u00f3n sobre Presentaciones'>M\u00e1s informaci\u00f3n<\/a>\n                                                            <\/div>\n                        <\/m-multiple-distributor>\n\n    ","protected":false},"excerpt":{"rendered":"","protected":false},"featured_media":314798,"parent":18667,"menu_order":0,"comment_status":"closed","ping_status":"closed","template":"","meta":{"_acf_changed":false,"footnotes":""},"class_list":["post-315821","page","type-page","status-publish","has-post-thumbnail","hentry"],"acf":[],"yoast_head":"<!-- This site is optimized with the Yoast SEO plugin v27.2 - https:\/\/yoast.com\/product\/yoast-seo-wordpress\/ -->\n<title>Eventos y Presentaciones - Ferrovial<\/title>\n<meta name=\"description\" content=\"Informaci\u00f3n relevante sobre los eventos y las presentaciones de Ferrovial para inversores.\" \/>\n<meta name=\"robots\" content=\"index, follow, max-snippet:-1, max-image-preview:large, max-video-preview:-1\" \/>\n<link rel=\"canonical\" href=\"https:\/\/www.ferrovial.com\/es\/accionistas-e-inversores\/eventos-y-presentaciones\/\" \/>\n<meta property=\"og:locale\" content=\"es_ES\" \/>\n<meta property=\"og:type\" content=\"article\" \/>\n<meta property=\"og:title\" content=\"Eventos y Presentaciones - Ferrovial\" \/>\n<meta property=\"og:description\" content=\"Informaci\u00f3n relevante sobre los eventos y las presentaciones de Ferrovial para inversores.\" \/>\n<meta property=\"og:url\" content=\"https:\/\/www.ferrovial.com\/es\/accionistas-e-inversores\/eventos-y-presentaciones\/\" \/>\n<meta property=\"og:site_name\" content=\"Ferrovial\" \/>\n<meta property=\"article:publisher\" content=\"https:\/\/www.facebook.com\/ferrovial\" \/>\n<meta property=\"article:modified_time\" content=\"2025-10-24T11:22:00+00:00\" \/>\n<meta property=\"og:image\" content=\"https:\/\/static.ferrovial.com\/wp-content\/uploads\/2019\/12\/10113135\/recursos-virginia-copy-0100-26-46-29still024jpg.jpg\" \/>\n\t<meta property=\"og:image:width\" content=\"1500\" \/>\n\t<meta property=\"og:image:height\" content=\"843\" \/>\n\t<meta property=\"og:image:type\" content=\"image\/jpeg\" \/>\n<meta name=\"twitter:card\" content=\"summary_large_image\" \/>\n<meta name=\"twitter:site\" content=\"@ferrovial\" \/>\n<!-- \/ Yoast SEO plugin. -->","yoast_head_json":{"title":"Eventos y Presentaciones - Ferrovial","description":"Informaci\u00f3n relevante sobre los eventos y las presentaciones de Ferrovial para inversores.","robots":{"index":"index","follow":"follow","max-snippet":"max-snippet:-1","max-image-preview":"max-image-preview:large","max-video-preview":"max-video-preview:-1"},"canonical":"https:\/\/www.ferrovial.com\/es\/accionistas-e-inversores\/eventos-y-presentaciones\/","og_locale":"es_ES","og_type":"article","og_title":"Eventos y Presentaciones - Ferrovial","og_description":"Informaci\u00f3n relevante sobre los eventos y las presentaciones de Ferrovial para inversores.","og_url":"https:\/\/www.ferrovial.com\/es\/accionistas-e-inversores\/eventos-y-presentaciones\/","og_site_name":"Ferrovial","article_publisher":"https:\/\/www.facebook.com\/ferrovial","article_modified_time":"2025-10-24T11:22:00+00:00","og_image":[{"width":1500,"height":843,"url":"https:\/\/static.ferrovial.com\/wp-content\/uploads\/2019\/12\/10113135\/recursos-virginia-copy-0100-26-46-29still024jpg.jpg","type":"image\/jpeg"}],"twitter_card":"summary_large_image","twitter_site":"@ferrovial","schema":{"@context":"https:\/\/schema.org","@graph":[{"@type":"WebPage","@id":"https:\/\/www.ferrovial.com\/es\/accionistas-e-inversores\/eventos-y-presentaciones\/","url":"https:\/\/www.ferrovial.com\/es\/accionistas-e-inversores\/eventos-y-presentaciones\/","name":"Eventos y Presentaciones - Ferrovial","isPartOf":{"@id":"https:\/\/www.ferrovial.com\/es\/#website"},"primaryImageOfPage":{"@id":"https:\/\/www.ferrovial.com\/es\/accionistas-e-inversores\/eventos-y-presentaciones\/#primaryimage"},"image":{"@id":"https:\/\/www.ferrovial.com\/es\/accionistas-e-inversores\/eventos-y-presentaciones\/#primaryimage"},"thumbnailUrl":"https:\/\/static.ferrovial.com\/wp-content\/uploads\/2019\/12\/10113135\/recursos-virginia-copy-0100-26-46-29still024jpg.jpg","datePublished":"2025-10-24T11:21:58+00:00","dateModified":"2025-10-24T11:22:00+00:00","description":"Informaci\u00f3n relevante sobre los eventos y las presentaciones de Ferrovial para inversores.","breadcrumb":{"@id":"https:\/\/www.ferrovial.com\/es\/accionistas-e-inversores\/eventos-y-presentaciones\/#breadcrumb"},"inLanguage":"es","potentialAction":[{"@type":"ReadAction","target":["https:\/\/www.ferrovial.com\/es\/accionistas-e-inversores\/eventos-y-presentaciones\/"]}]},{"@type":"ImageObject","inLanguage":"es","@id":"https:\/\/www.ferrovial.com\/es\/accionistas-e-inversores\/eventos-y-presentaciones\/#primaryimage","url":"https:\/\/static.ferrovial.com\/wp-content\/uploads\/2019\/12\/10113135\/recursos-virginia-copy-0100-26-46-29still024jpg.jpg","contentUrl":"https:\/\/static.ferrovial.com\/wp-content\/uploads\/2019\/12\/10113135\/recursos-virginia-copy-0100-26-46-29still024jpg.jpg","width":1500,"height":843},{"@type":"BreadcrumbList","@id":"https:\/\/www.ferrovial.com\/es\/accionistas-e-inversores\/eventos-y-presentaciones\/#breadcrumb","itemListElement":[{"@type":"ListItem","position":1,"name":"Portada","item":"https:\/\/www.ferrovial.com\/es\/"},{"@type":"ListItem","position":2,"name":"Accionistas e inversores","item":"https:\/\/www.ferrovial.com\/es\/accionistas-e-inversores\/"},{"@type":"ListItem","position":3,"name":"Eventos y Presentaciones"}]},{"@type":"WebSite","@id":"https:\/\/www.ferrovial.com\/es\/#website","url":"https:\/\/www.ferrovial.com\/es\/","name":"Ferrovial","description":"Welcome to the Ferrovial&#039;s website, global operator of sustainable infrastructure. Here you can find all the information about the company and subsidiaries.","publisher":{"@id":"https:\/\/www.ferrovial.com\/es\/#organization"},"potentialAction":[{"@type":"SearchAction","target":{"@type":"EntryPoint","urlTemplate":"https:\/\/www.ferrovial.com\/es\/?s={search_term_string}"},"query-input":{"@type":"PropertyValueSpecification","valueRequired":true,"valueName":"search_term_string"}}],"inLanguage":"es"},{"@type":"Organization","@id":"https:\/\/www.ferrovial.com\/es\/#organization","name":"Ferrovial S.A.","url":"https:\/\/www.ferrovial.com\/es\/","logo":{"@type":"ImageObject","inLanguage":"es","@id":"https:\/\/www.ferrovial.com\/es\/#\/schema\/logo\/image\/","url":"https:\/\/static.ferrovial.com\/wp-content\/uploads\/2020\/01\/13124948\/logo-ferrovial-cf7.png","contentUrl":"https:\/\/static.ferrovial.com\/wp-content\/uploads\/2020\/01\/13124948\/logo-ferrovial-cf7.png","width":144,"height":32,"caption":"Ferrovial S.A."},"image":{"@id":"https:\/\/www.ferrovial.com\/es\/#\/schema\/logo\/image\/"},"sameAs":["https:\/\/www.facebook.com\/ferrovial","https:\/\/x.com\/ferrovial","https:\/\/www.instagram.com\/ferrovial\/","https:\/\/www.linkedin.com\/company\/ferrovial","https:\/\/www.pinterest.es\/ferrovial\/","https:\/\/www.youtube.com\/ferrovial","https:\/\/en.wikipedia.org\/wiki\/Ferrovial"]}]}},"_links":{"self":[{"href":"https:\/\/www.ferrovial.com\/es\/wp-json\/wp\/v2\/pages\/315821","targetHints":{"allow":["GET"]}}],"collection":[{"href":"https:\/\/www.ferrovial.com\/es\/wp-json\/wp\/v2\/pages"}],"about":[{"href":"https:\/\/www.ferrovial.com\/es\/wp-json\/wp\/v2\/types\/page"}],"replies":[{"embeddable":true,"href":"https:\/\/www.ferrovial.com\/es\/wp-json\/wp\/v2\/comments?post=315821"}],"version-history":[{"count":1,"href":"https:\/\/www.ferrovial.com\/es\/wp-json\/wp\/v2\/pages\/315821\/revisions"}],"predecessor-version":[{"id":315822,"href":"https:\/\/www.ferrovial.com\/es\/wp-json\/wp\/v2\/pages\/315821\/revisions\/315822"}],"up":[{"embeddable":true,"href":"https:\/\/www.ferrovial.com\/es\/wp-json\/wp\/v2\/pages\/18667"}],"wp:featuredmedia":[{"embeddable":true,"href":"https:\/\/www.ferrovial.com\/es\/wp-json\/wp\/v2\/media\/314798"}],"wp:attachment":[{"href":"https:\/\/www.ferrovial.com\/es\/wp-json\/wp\/v2\/media?parent=315821"}],"curies":[{"name":"wp","href":"https:\/\/api.w.org\/{rel}","templated":true}]}}