{"id":318854,"date":"2025-12-19T11:29:30","date_gmt":"2025-12-19T10:29:30","guid":{"rendered":"https:\/\/www.ferrovial.com\/?page_id=318854"},"modified":"2025-12-19T12:12:38","modified_gmt":"2025-12-19T11:12:38","slug":"corporaciones-autonomas","status":"publish","type":"page","link":"https:\/\/www.ferrovial.com\/es\/corporaciones-autonomas\/","title":{"rendered":"Corporaciones aut\u00f3nomas"},"content":{"rendered":"\n    <m-hero-form bg='https:\/\/static.ferrovial.com\/wp-content\/uploads\/2025\/12\/11132635\/jpeg.png' type='bgYellowImg'>\n                    <h2 slot=\"title\">\n                Rellena el formulario para descargar el informe sobre corporaciones aut\u00f3nomas            <\/h2>\n        \n        \n                    <div slot=\"inputs\">\n                \n<div class=\"wpcf7 no-js\" id=\"wpcf7-f320736-o1\" lang=\"en\" dir=\"ltr\" data-wpcf7-id=\"320736\">\n<div class=\"screen-reader-response\"><p role=\"status\" aria-live=\"polite\" aria-atomic=\"true\"><\/p> <ul><\/ul><\/div>\n<form action=\"\/es\/wp-json\/wp\/v2\/pages\/318854#wpcf7-f320736-o1\" method=\"post\" class=\"wpcf7-form init\" aria-label=\"Contact form\" novalidate=\"novalidate\" data-status=\"init\">\n<fieldset class=\"hidden-fields-container\"><input type=\"hidden\" name=\"_wpcf7\" value=\"320736\" \/><input type=\"hidden\" name=\"_wpcf7_version\" value=\"6.1.3\" \/><input type=\"hidden\" name=\"_wpcf7_locale\" value=\"en\" \/><input type=\"hidden\" name=\"_wpcf7_unit_tag\" value=\"wpcf7-f320736-o1\" \/><input type=\"hidden\" name=\"_wpcf7_container_post\" value=\"0\" \/><input type=\"hidden\" name=\"_wpcf7_posted_data_hash\" value=\"\" \/><input type=\"hidden\" name=\"_wpcf7_recaptcha_response\" value=\"\" \/>\n<\/fieldset>\n<p>Los datos obligatorios est\u00e1n marcados con asterisco (*)\n<\/p>\n<p><label>Nombre y apellidos*<br \/>\n<span class=\"wpcf7-form-control-wrap\" data-name=\"sm-name\"><input size=\"40\" maxlength=\"400\" class=\"wpcf7-form-control wpcf7-text wpcf7-validates-as-required input-long\" aria-required=\"true\" aria-invalid=\"false\" placeholder=\"\" value=\"\" type=\"text\" name=\"sm-name\" \/><\/span><\/label>\n<\/p>\n<p><label>Cargo *<br \/>\n<span class=\"wpcf7-form-control-wrap\" data-name=\"sm-properties1\"><input size=\"40\" maxlength=\"400\" class=\"wpcf7-form-control wpcf7-text wpcf7-validates-as-required input-long\" aria-required=\"true\" aria-invalid=\"false\" placeholder=\"\" value=\"\" type=\"text\" name=\"sm-properties1\" \/><\/span><\/label>\n<\/p>\n<p><label>Empresa *<br \/>\n<span class=\"wpcf7-form-control-wrap\" data-name=\"sm-company\"><input size=\"40\" maxlength=\"400\" class=\"wpcf7-form-control wpcf7-text wpcf7-validates-as-required input-long\" aria-required=\"true\" aria-invalid=\"false\" placeholder=\"\" value=\"\" type=\"text\" name=\"sm-company\" \/><\/span><\/label>\n<\/p>\n<p><label>E-mail *<br \/>\n<span class=\"wpcf7-form-control-wrap\" data-name=\"sm-email\"><input size=\"40\" maxlength=\"400\" class=\"wpcf7-form-control wpcf7-email wpcf7-validates-as-required wpcf7-text wpcf7-validates-as-email input-long\" aria-required=\"true\" aria-invalid=\"false\" placeholder=\"\" value=\"\" type=\"email\" name=\"sm-email\" \/><\/span><\/label>\n<\/p>\n<p>Este sitio est\u00e1 protegido por reCAPTCHA y se aplican la Pol\u00edtica de privacidad y las Condiciones de servicio de Google.\n<\/p>\n<p class=\"m-form-checkbox\"><span class=\"wpcf7-form-control-wrap\" data-name=\"sm-optin\"><span class=\"wpcf7-form-control wpcf7-acceptance\"><span class=\"wpcf7-list-item\"><label><input type=\"checkbox\" name=\"sm-optin\" value=\"1\" aria-invalid=\"false\" \/><span class=\"wpcf7-list-item-label\">Autorizo a Ferrovial Corporaci\u00f3n, S.A.U para que procese mis datos personales con el fin de recibir comunicaciones comerciales relacionadas con la innovaci\u00f3n. Puedes retirar tu consentimiento en cualquier momento. Encontrar\u00e1s m\u00e1s detalles sobre c\u00f3mo se procesan tus datos personales y c\u00f3mo ejercer tus derechos de protecci\u00f3n de datos en la <a href=\"https:\/\/www.ferrovial.com\/es\/politica-de-privacidad\/\">Pol\u00edtica de privacidad de Ferrovial<\/a>.<\/span><\/label><\/span><\/span><\/span>\n<\/p>\n<p><input class=\"wpcf7-form-control wpcf7-submit has-spinner\" type=\"submit\" value=\"Enviar\" \/>\n<\/p><div class=\"wpcf7-response-output\" aria-hidden=\"true\"><\/div>\n<\/form>\n<\/div>\n            <\/div>\n            <\/m-hero-form>\n\n    \n\n\n<m-wysiwig class=\"wp-block-components-wysiwyg\"><div slot=\"maincontent\">\n<h2 class=\"wp-block-heading\">\u00bfC\u00f3mo ser\u00e1 el futuro de las empresas?<\/h2>\n\n\n\n<p>El panorama empresarial est\u00e1 entrando en la era de las empresas aumentadas y aut\u00f3nomas, organizaciones impulsadas por la inteligencia artificial (IA) que pueden gestionar operaciones, tomar decisiones estrat\u00e9gicas y remodelar las estructuras corporativas. La IA ya no es solo una herramienta, sino que se est\u00e1 convirtiendo en un socio estrat\u00e9gico que redefine la forma en que las empresas operan y compiten.<\/p>\n\n\n\n<p>Esta transformaci\u00f3n plantea importantes retos: redise\u00f1ar los modelos de negocio, reorganizar la plantilla y crear marcos \u00e9ticos y normativos que garanticen un crecimiento responsable. La integraci\u00f3n de agentes inteligentes y rob\u00f3tica avanzada promete eficiencia, seguridad y sostenibilidad, pero tambi\u00e9n exige nuevas habilidades y un liderazgo audaz para gestionar esta transici\u00f3n.<\/p>\n\n\n\n<figure class=\"wp-block-image size-large\"><img v-lazy=\"'https:\/\/static.ferrovial.com\/wp-content\/uploads\/2025\/11\/28123419\/autonomous-corporations-perspective-a-render-for-foresight-what-if-project-1024x709.png'\" alt=\"Autonomous corporations perspective - a render for Foresight What If project\" class=\"wp-image-319015\"\/><\/figure>\n<\/div><\/m-wysiwig>\n\n\n\n<m-wysiwig class=\"wp-block-components-wysiwyg\"><div slot=\"maincontent\">\n<h2 class=\"wp-block-heading\">\u00bfQu\u00e9 significan las empresas aumentadas y aut\u00f3nomas?<\/h2>\n\n\n\n<p>Una empresa aumentada y aut\u00f3noma mejora las capacidades humanas mediante la integraci\u00f3n de la inteligencia artificial en todos sus procesos, desde la automatizaci\u00f3n del flujo de trabajo hasta la toma de decisiones en tiempo real. Su evoluci\u00f3n depende de factores como la disponibilidad inform\u00e1tica, la aceptaci\u00f3n social y la disposici\u00f3n de la organizaci\u00f3n para reinventarse. Este cambio no solo optimizar\u00e1 los procesos internos, sino que tambi\u00e9n abrir\u00e1 nuevos mercados y modelos de valor.<\/p>\n\n\n\n<h2 class=\"wp-block-heading\">\u00bfC\u00f3mo nos preparamos para este futuro?<\/h2>\n\n\n\n<p>Para tener \u00e9xito en el futuro, las empresas se enfrentan a <strong>la necesidad imperiosa<\/strong> de ir m\u00e1s all\u00e1 de los m\u00e9todos tradicionales y adoptar modelos aut\u00f3nomos y mejorados con IA. La IA est\u00e1 transformando la forma en que las organizaciones operan, toman decisiones y crean valor, lo que abre nuevas oportunidades y una mayor eficiencia.<\/p>\n\n\n\n<p>El camino hacia las empresas aut\u00f3nomas plantea varios <strong>retos<\/strong>. Las empresas deben integrar la IA en sus operaciones diarias con sistemas robustos y datos fiables, navegar por normativas complejas y en constante evoluci\u00f3n, al tiempo que garantizan un uso justo y transparente de la IA, y apoyar a los empleados a medida que cambian las funciones y se hacen imprescindibles nuevas habilidades, manteni\u00e9ndose flexibles en un panorama de IA en r\u00e1pida evoluci\u00f3n.<\/p>\n\n\n\n<p>Este cambio es posible gracias a un amplio <strong>sistema de valores<\/strong> compuesto por funciones especializadas, proveedores de hardware e infraestructura, plataformas de IA, desarrolladores de datos y modelos, creadores de aplicaciones, integradores, organismos de normalizaci\u00f3n y \u00e9tica, reguladores, investigadores e inversores, en el que se dan cita la innovaci\u00f3n, la competencia y la colaboraci\u00f3n. Al participar activamente en este ecosistema, Ferrovial se posiciona no solo como l\u00edder en infraestructuras, sino tambi\u00e9n como uno de los principales impulsores de la era aut\u00f3noma.<\/p>\n\n\n\n<p>En este contexto, el <strong>sitio agencial<\/strong> prev\u00e9 integrar la IA agencial para transformar los lugares de trabajo en entornos aut\u00f3nomos, donde los agentes digitales optimizan los procesos in situ y aumentan la productividad de los equipos sobre el terreno.<\/p>\n<\/div><\/m-wysiwig>\n","protected":false},"excerpt":{"rendered":"","protected":false},"featured_media":0,"parent":0,"menu_order":0,"comment_status":"closed","ping_status":"closed","template":"","meta":{"_acf_changed":false,"footnotes":""},"class_list":["post-318854","page","type-page","status-publish","hentry"],"acf":[],"yoast_head":"<!-- This site is optimized with the Yoast SEO plugin v27.2 - https:\/\/yoast.com\/product\/yoast-seo-wordpress\/ -->\n<title>Corporaciones aut\u00f3nomas - Ferrovial<\/title>\n<meta name=\"description\" content=\"Welcome to the Ferrovial&#039;s website, global operator of sustainable infrastructure. Here you can find all the information about the company and subsidiaries.\" \/>\n<meta name=\"robots\" content=\"index, follow, max-snippet:-1, max-image-preview:large, max-video-preview:-1\" \/>\n<link rel=\"canonical\" href=\"https:\/\/www.ferrovial.com\/es\/corporaciones-autonomas\/\" \/>\n<meta property=\"og:locale\" content=\"es_ES\" \/>\n<meta property=\"og:type\" content=\"article\" \/>\n<meta property=\"og:title\" content=\"Corporaciones aut\u00f3nomas - Ferrovial\" \/>\n<meta property=\"og:description\" content=\"Welcome to the Ferrovial&#039;s website, global operator of sustainable infrastructure. Here you can find all the information about the company and subsidiaries.\" \/>\n<meta property=\"og:url\" content=\"https:\/\/www.ferrovial.com\/es\/corporaciones-autonomas\/\" \/>\n<meta property=\"og:site_name\" content=\"Ferrovial\" \/>\n<meta property=\"article:publisher\" content=\"https:\/\/www.facebook.com\/ferrovial\" \/>\n<meta property=\"article:modified_time\" content=\"2025-12-19T11:12:38+00:00\" \/>\n<meta property=\"og:image\" content=\"https:\/\/www.ferrovial.com\/wp-content\/uploads\/2025\/11\/autonomous-corporations-perspective-a-render-for-foresight-what-if-project-1024x709.png\" \/>\n<meta name=\"twitter:card\" content=\"summary_large_image\" \/>\n<meta name=\"twitter:site\" content=\"@ferrovial\" \/>\n<meta name=\"twitter:label1\" content=\"Est. reading time\" \/>\n\t<meta name=\"twitter:data1\" content=\"3 minutos\" \/>\n<!-- \/ Yoast SEO plugin. -->","yoast_head_json":{"title":"Corporaciones aut\u00f3nomas - Ferrovial","description":"Welcome to the Ferrovial's website, global operator of sustainable infrastructure. Here you can find all the information about the company and subsidiaries.","robots":{"index":"index","follow":"follow","max-snippet":"max-snippet:-1","max-image-preview":"max-image-preview:large","max-video-preview":"max-video-preview:-1"},"canonical":"https:\/\/www.ferrovial.com\/es\/corporaciones-autonomas\/","og_locale":"es_ES","og_type":"article","og_title":"Corporaciones aut\u00f3nomas - Ferrovial","og_description":"Welcome to the Ferrovial's website, global operator of sustainable infrastructure. Here you can find all the information about the company and subsidiaries.","og_url":"https:\/\/www.ferrovial.com\/es\/corporaciones-autonomas\/","og_site_name":"Ferrovial","article_publisher":"https:\/\/www.facebook.com\/ferrovial","article_modified_time":"2025-12-19T11:12:38+00:00","og_image":[{"url":"https:\/\/www.ferrovial.com\/wp-content\/uploads\/2025\/11\/autonomous-corporations-perspective-a-render-for-foresight-what-if-project-1024x709.png","type":"","width":"","height":""}],"twitter_card":"summary_large_image","twitter_site":"@ferrovial","twitter_misc":{"Est. reading time":"3 minutos"},"schema":{"@context":"https:\/\/schema.org","@graph":[{"@type":"WebPage","@id":"https:\/\/www.ferrovial.com\/es\/corporaciones-autonomas\/","url":"https:\/\/www.ferrovial.com\/es\/corporaciones-autonomas\/","name":"Corporaciones aut\u00f3nomas - Ferrovial","isPartOf":{"@id":"https:\/\/www.ferrovial.com\/es\/#website"},"primaryImageOfPage":{"@id":"https:\/\/www.ferrovial.com\/es\/corporaciones-autonomas\/#primaryimage"},"image":{"@id":"https:\/\/www.ferrovial.com\/es\/corporaciones-autonomas\/#primaryimage"},"thumbnailUrl":"https:\/\/www.ferrovial.com\/wp-content\/uploads\/2025\/11\/autonomous-corporations-perspective-a-render-for-foresight-what-if-project-1024x709.png","datePublished":"2025-12-19T10:29:30+00:00","dateModified":"2025-12-19T11:12:38+00:00","description":"Welcome to the Ferrovial's website, global operator of sustainable infrastructure. Here you can find all the information about the company and subsidiaries.","breadcrumb":{"@id":"https:\/\/www.ferrovial.com\/es\/corporaciones-autonomas\/#breadcrumb"},"inLanguage":"es","potentialAction":[{"@type":"ReadAction","target":["https:\/\/www.ferrovial.com\/es\/corporaciones-autonomas\/"]}]},{"@type":"ImageObject","inLanguage":"es","@id":"https:\/\/www.ferrovial.com\/es\/corporaciones-autonomas\/#primaryimage","url":"https:\/\/www.ferrovial.com\/wp-content\/uploads\/2025\/11\/autonomous-corporations-perspective-a-render-for-foresight-what-if-project-1024x709.png","contentUrl":"https:\/\/www.ferrovial.com\/wp-content\/uploads\/2025\/11\/autonomous-corporations-perspective-a-render-for-foresight-what-if-project-1024x709.png"},{"@type":"BreadcrumbList","@id":"https:\/\/www.ferrovial.com\/es\/corporaciones-autonomas\/#breadcrumb","itemListElement":[{"@type":"ListItem","position":1,"name":"Portada","item":"https:\/\/www.ferrovial.com\/es\/"},{"@type":"ListItem","position":2,"name":"Corporaciones aut\u00f3nomas"}]},{"@type":"WebSite","@id":"https:\/\/www.ferrovial.com\/es\/#website","url":"https:\/\/www.ferrovial.com\/es\/","name":"Ferrovial","description":"Welcome to the Ferrovial&#039;s website, global operator of sustainable infrastructure. Here you can find all the information about the company and subsidiaries.","publisher":{"@id":"https:\/\/www.ferrovial.com\/es\/#organization"},"potentialAction":[{"@type":"SearchAction","target":{"@type":"EntryPoint","urlTemplate":"https:\/\/www.ferrovial.com\/es\/?s={search_term_string}"},"query-input":{"@type":"PropertyValueSpecification","valueRequired":true,"valueName":"search_term_string"}}],"inLanguage":"es"},{"@type":"Organization","@id":"https:\/\/www.ferrovial.com\/es\/#organization","name":"Ferrovial S.A.","url":"https:\/\/www.ferrovial.com\/es\/","logo":{"@type":"ImageObject","inLanguage":"es","@id":"https:\/\/www.ferrovial.com\/es\/#\/schema\/logo\/image\/","url":"https:\/\/static.ferrovial.com\/wp-content\/uploads\/2020\/01\/13124948\/logo-ferrovial-cf7.png","contentUrl":"https:\/\/static.ferrovial.com\/wp-content\/uploads\/2020\/01\/13124948\/logo-ferrovial-cf7.png","width":144,"height":32,"caption":"Ferrovial S.A."},"image":{"@id":"https:\/\/www.ferrovial.com\/es\/#\/schema\/logo\/image\/"},"sameAs":["https:\/\/www.facebook.com\/ferrovial","https:\/\/x.com\/ferrovial","https:\/\/www.instagram.com\/ferrovial\/","https:\/\/www.linkedin.com\/company\/ferrovial","https:\/\/www.pinterest.es\/ferrovial\/","https:\/\/www.youtube.com\/ferrovial","https:\/\/en.wikipedia.org\/wiki\/Ferrovial"]}]}},"_links":{"self":[{"href":"https:\/\/www.ferrovial.com\/es\/wp-json\/wp\/v2\/pages\/318854","targetHints":{"allow":["GET"]}}],"collection":[{"href":"https:\/\/www.ferrovial.com\/es\/wp-json\/wp\/v2\/pages"}],"about":[{"href":"https:\/\/www.ferrovial.com\/es\/wp-json\/wp\/v2\/types\/page"}],"replies":[{"embeddable":true,"href":"https:\/\/www.ferrovial.com\/es\/wp-json\/wp\/v2\/comments?post=318854"}],"version-history":[{"count":3,"href":"https:\/\/www.ferrovial.com\/es\/wp-json\/wp\/v2\/pages\/318854\/revisions"}],"predecessor-version":[{"id":320822,"href":"https:\/\/www.ferrovial.com\/es\/wp-json\/wp\/v2\/pages\/318854\/revisions\/320822"}],"wp:attachment":[{"href":"https:\/\/www.ferrovial.com\/es\/wp-json\/wp\/v2\/media?parent=318854"}],"curies":[{"name":"wp","href":"https:\/\/api.w.org\/{rel}","templated":true}]}}