{"id":35576,"date":"2019-09-16T13:22:57","date_gmt":"2019-09-16T11:22:57","guid":{"rendered":"https:\/\/www.ferrovial.com\/search\/"},"modified":"2021-04-14T12:28:04","modified_gmt":"2021-04-14T10:28:04","slug":"search","status":"publish","type":"page","link":"https:\/\/www.ferrovial.com\/es\/search\/","title":{"rendered":"Buscar"},"content":{"rendered":"\n            <section>\n            <m-highlight-search search-url='https:\/\/www.ferrovial.com\/es\/search\/?q=' placeholder='\u00bfQu\u00e9 podemos ayudarle a encontrar?' submit-text='Buscar' lang='es' search-key='search-s4ki7n15knp5544mv57akrsk' search-endpoint='https:\/\/www.ferrovial.com\/wp-json\/search-service\/search' domain-identifier='1' domain-identifier-newsroom='2' domain-identifier-blog='3'>\n\n            \n        <\/m-highlight-search>\n        \n        <m-search-results page='1' search-url='https:\/\/www.ferrovial.com\/es\/search\/?q=' lang='es' search-key='search-s4ki7n15knp5544mv57akrsk' search-endpoint='https:\/\/www.ferrovial.com\/wp-json\/search-service\/search' :filter='{}' :translations='{\n        &quot;allOur&quot;:&quot;Todos nuestros&quot;,\n        &quot;autocompleteInitialNotice&quot;:&quot;Aviso inicial de autocompletar&quot;,\n        &quot;autocompleteResultsNotice&quot;:&quot;Aviso inicial de resultados&quot;,\n        &quot;availableResults&quot;:&quot;resultados est\u00e1n disponibles.&quot;,\n        &quot;projects&quot;:&quot;Proyectos&quot;,\n        &quot;awards&quot;:&quot;Premios&quot;,\n        &quot;filters&quot;:&quot;FIltros&quot;,\n        &quot;filterBy&quot;:&quot;Filtrar por&quot;,\n        &quot;filteredBy&quot;:&quot;Filtrado por&quot;,\n        &quot;sortBy&quot;: &quot;Ordenar por&quot;,\n        &quot;sortbyRelevancy&quot;: &quot;Relevancia&quot;,\n        &quot;sortbyDate&quot;: &quot;Fecha&quot;,\n        &quot;type&quot;: [&quot; Todos&quot;,&quot;Ferrovial&quot;,&quot;Sala de prensa&quot;,&quot;Blog&quot;],\n        &quot;contentType&quot;: [&quot; Todos&quot;,&quot;Ferrovial&quot;,&quot;Sala de prensa&quot;,&quot;Blog&quot;],\n        &quot;applyFilters&quot;:&quot;Aplicar filtros&quot;,\n        &quot;deleteFilter&quot;:&quot;Eliminar filtro&quot;,\n        &quot;closeFilters&quot;:&quot;Cerrar filtros&quot;,\n        &quot;search&quot;:&quot;Buscar&quot;,\n        &quot;clear&quot;:&quot;Limpiar todo&quot;,    \n        &quot;prev&quot;: &quot;Anterior&quot;,\n        &quot;next&quot;: &quot;Siguiente&quot;,\n        &quot;showing&quot;: &quot;Mostrando&quot;,\n        &quot;showingOf&quot;: &quot;de&quot;,\n        &quot;results&quot;: &quot;resultados&quot;,\n        &quot;noSearchResults&quot;: &quot;No hay resultados de b\u00fasqueda&quot;,\n        &quot;searchResults&quot;:&quot;Resultados de b\u00fasqueda&quot;,\n        &quot;noResults&quot;: &quot;Lo sentimos, no pudimos encontrar resultados para&quot;,\n        &quot;post_tax_nivel_1&quot;: &quot;L\u00edneas de negocio&quot;,\n        &quot;post_tax_nivel_3&quot;: &quot;Pa\u00edses&quot;,\n        &quot;post_tax_nivel_5&quot;: &quot;Marca&quot;,\n        &quot;post_type&quot;: &quot;Tipo de contenido&quot;,\n        &quot;spellingCorrection&quot;: &quot;Quiz\u00e1s quisiste decir:&quot;\n    }'>\n            \n                            <div class=\"m-search-results__related\" slot=\"relatedcontent\">\n                                            <p>Contenido relacionado<\/p>\n                                        \n                                                <c-link external=\"false\" icon=\"arrow\" iconposition=\"right\">\n                                <a href=\"https:\/\/www.ferrovial.com\/es\/compania\/\" title=\"Sobre nosotros\">\n                                    Sobre nosotros                                <\/a>\n                            <\/c-link>\n                                                        <c-link external=\"false\" icon=\"arrow\" iconposition=\"right\">\n                                <a href=\"https:\/\/www.ferrovial.com\/es\/innovacion\/\" title=\"Innovaci\u00f3n\">\n                                    Innovaci\u00f3n                                <\/a>\n                            <\/c-link>\n                                                        <c-link external=\"false\" icon=\"arrow\" iconposition=\"right\">\n                                <a href=\"https:\/\/www.ferrovial.com\/es\/accionistas-e-inversores\/\" title=\"Accionistas e inversores\">\n                                    Accionistas e inversores                                <\/a>\n                            <\/c-link>\n                                            <\/div>\n                        \n        <\/m-search-results>\n            <\/section>\n    \n    \n        <template v-if=\"$root.external.searchNoResults == 1\">\n\n                <m-projects-distributor2 :translations='{\n        &quot;prev&quot;:&quot;Anterior&quot;,\n        &quot;next&quot;:&quot;Siguiente&quot;,\n        &quot;paginationseparator&quot;:&quot;de&quot;\n    }'>\n                        <h2 slot=\"title\">\n                Proyectos destacados                <\/h2>\n                        <a slot='button' title='Conozca nuestros proyectos' href='https:\/\/www.ferrovial.com\/es\/negocio\/proyectos\/'>\n            Conozca nuestros proyectos        <\/a>\n\n                            <c-card slot=\"carouselItems\" type=\"type-1\" link=\"https:\/\/www.ferrovial.com\/es\/negocio\/proyectos\/ontario-line-south\/\"  >\n                                                <img slot='background' src='https:\/\/static.ferrovial.com\/wp-content\/uploads\/2026\/02\/03105710\/corktown-station-piling-ontario-line-1-360x640.jpg' alt='Ontario Line South' \/>\n                                                        <h3 slot=\"title\" role=\"listitem\">\n                                    Ontario Line South                                <\/h3>\n                                                                                <c-link slot=\"link\" type=\"negative\">\n                            <a href=\"https:\/\/www.ferrovial.com\/es\/negocio\/proyectos\/ontario-line-south\/\">\n                                Descubra el proyecto                            <\/a>\n                        <\/c-link>\n                    <\/c-card>\n                                        <c-card slot=\"carouselItems\" type=\"type-1\" link=\"https:\/\/www.ferrovial.com\/es\/negocio\/proyectos\/plaza-mayor-de-madrid\/\"  >\n                                                <img slot='background' src='https:\/\/static.ferrovial.com\/wp-content\/uploads\/2021\/11\/29164203\/38e-2134-360x640.jpg' alt='Restauraci\u00f3n Plaza Mayor de Madrid por Ferrovial' \/>\n                                                        <h3 slot=\"title\" role=\"listitem\">\n                                    Plaza Mayor de Madrid                                <\/h3>\n                                                                                <c-link slot=\"link\" type=\"negative\">\n                            <a href=\"https:\/\/www.ferrovial.com\/es\/negocio\/proyectos\/plaza-mayor-de-madrid\/\">\n                                Descubra el proyecto                            <\/a>\n                        <\/c-link>\n                    <\/c-card>\n                                        <c-card slot=\"carouselItems\" type=\"type-1\" link=\"https:\/\/www.ferrovial.com\/es\/negocio\/proyectos\/ampliacion-del-aeropuerto-internacional-jorge-chavez-en-lima-peru\/\"  >\n                                                <img slot='background' src='https:\/\/static.ferrovial.com\/wp-content\/uploads\/2021\/03\/26170909\/torre-de-control-peru-lima-ferrovial-360x640.jpg' alt='Aeropuerto Jorge Ch\u00e1vez, Per\u00fa' \/>\n                                                        <h3 slot=\"title\" role=\"listitem\">\n                                    Aeropuerto Jorge Ch\u00e1vez, Per\u00fa                                <\/h3>\n                                                                                <c-link slot=\"link\" type=\"negative\">\n                            <a href=\"https:\/\/www.ferrovial.com\/es\/negocio\/proyectos\/ampliacion-del-aeropuerto-internacional-jorge-chavez-en-lima-peru\/\">\n                                Descubra el proyecto                            <\/a>\n                        <\/c-link>\n                    <\/c-card>\n                                        <c-card slot=\"carouselItems\" type=\"type-1\" link=\"https:\/\/www.ferrovial.com\/es\/negocio\/proyectos\/construccion-del-tramo-2-de-la-linea-6-del-metro-de-santiago-de-chile\/\"  >\n                                                <img slot='background' src='https:\/\/static.ferrovial.com\/wp-content\/uploads\/2019\/12\/13140415\/linea-6-metro-chile-avion-1920x1280-360x640.jpg' alt='L\u00ednea 6 Metro de Santiago de Chile' \/>\n                                                        <h3 slot=\"title\" role=\"listitem\">\n                                    L\u00ednea 6 Metro de Santiago de Chile                                <\/h3>\n                                                                                <c-link slot=\"link\" type=\"negative\">\n                            <a href=\"https:\/\/www.ferrovial.com\/es\/negocio\/proyectos\/construccion-del-tramo-2-de-la-linea-6-del-metro-de-santiago-de-chile\/\">\n                                Descubra el proyecto                            <\/a>\n                        <\/c-link>\n                    <\/c-card>\n                                        <c-card slot=\"carouselItems\" type=\"type-1\" link=\"https:\/\/www.ferrovial.com\/es\/negocio\/proyectos\/thames-tideway-tunnel-tramo-central\/\"  >\n                                                <img slot='background' src='https:\/\/static.ferrovial.com\/wp-content\/uploads\/2019\/12\/13131608\/thames-06-360x640.jpg' alt='Thames Tideway Tunnel. Tramo central' \/>\n                                                        <h3 slot=\"title\" role=\"listitem\">\n                                    T\u00fanel de Thames Tideway, tramo central                                <\/h3>\n                                                                                <c-link slot=\"link\" type=\"negative\">\n                            <a href=\"https:\/\/www.ferrovial.com\/es\/negocio\/proyectos\/thames-tideway-tunnel-tramo-central\/\">\n                                Descubra el proyecto                            <\/a>\n                        <\/c-link>\n                    <\/c-card>\n                                        <c-card slot=\"carouselItems\" type=\"type-1\" link=\"https:\/\/www.ferrovial.com\/es\/negocio\/proyectos\/viaducto-del-rio-nalon-autovia-del-cantabrico-a-8-tramo-soto-del-barco-muros-de-nalon-asturias\/\"  >\n                                                <img slot='background' src='https:\/\/static.ferrovial.com\/wp-content\/uploads\/2019\/12\/13131843\/nalon2-360x640.jpg' alt='Viaducto del R\u00edo Nal\u00f3n. Autov\u00eda del Cant\u00e1brico A-8. Tramo: Soto del Barco \u2013 Muros de Nal\u00f3n. Asturias' \/>\n                                                        <h3 slot=\"title\" role=\"listitem\">\n                                    Viaducto del R\u00edo Nal\u00f3n                                <\/h3>\n                                                                                <c-link slot=\"link\" type=\"negative\">\n                            <a href=\"https:\/\/www.ferrovial.com\/es\/negocio\/proyectos\/viaducto-del-rio-nalon-autovia-del-cantabrico-a-8-tramo-soto-del-barco-muros-de-nalon-asturias\/\">\n                                Descubra el proyecto                            <\/a>\n                        <\/c-link>\n                    <\/c-card>\n                                        <c-card slot=\"carouselItems\" type=\"type-1\" link=\"https:\/\/www.ferrovial.com\/es\/negocio\/proyectos\/viaducto-arco-del-barranco-de-erques-nueva-carretera-adeje-santiago-del-teide\/\"  >\n                                                <img slot='background' src='https:\/\/static.ferrovial.com\/wp-content\/uploads\/2019\/12\/13131909\/0634-erques-julio2015-1920x1281-360x640.jpg' alt='Viaducto de Erques en Tenerife' \/>\n                                                        <h3 slot=\"title\" role=\"listitem\">\n                                    Viaducto Arco del Barranco de Erques                                <\/h3>\n                                                                                <c-link slot=\"link\" type=\"negative\">\n                            <a href=\"https:\/\/www.ferrovial.com\/es\/negocio\/proyectos\/viaducto-arco-del-barranco-de-erques-nueva-carretera-adeje-santiago-del-teide\/\">\n                                Descubra el proyecto                            <\/a>\n                        <\/c-link>\n                    <\/c-card>\n                                        <c-card slot=\"carouselItems\" type=\"type-1\" link=\"https:\/\/www.ferrovial.com\/es\/negocio\/proyectos\/autopista-i77\/\"  >\n                                                <img slot='background' src='https:\/\/static.ferrovial.com\/wp-content\/uploads\/2019\/11\/25101057\/i-77-express-lanes-cintra-us-360x640.jpg' alt='I-77 Express Lanes - Cintra US' \/>\n                                                        <h3 slot=\"title\" role=\"listitem\">\n                                    Autopista I-77                                <\/h3>\n                                                                                <c-link slot=\"link\" type=\"negative\">\n                            <a href=\"https:\/\/www.ferrovial.com\/es\/negocio\/proyectos\/autopista-i77\/\">\n                                Descubra el proyecto                            <\/a>\n                        <\/c-link>\n                    <\/c-card>\n                                        <c-card slot=\"carouselItems\" type=\"type-1\" link=\"https:\/\/www.ferrovial.com\/es\/negocio\/proyectos\/crossrail-c300-c410-tuneles-de-circulacion-en-la-zona-oeste\/\"  >\n                                                <img slot='background' src='https:\/\/static.ferrovial.com\/wp-content\/uploads\/2019\/11\/13140019\/crossrail-300-410_02-360x640.jpg' alt='Crossrail Detail' \/>\n                                                        <h3 slot=\"title\" role=\"listitem\">\n                                    T\u00faneles Crossrail                                <\/h3>\n                                                                                <c-link slot=\"link\" type=\"negative\">\n                            <a href=\"https:\/\/www.ferrovial.com\/es\/negocio\/proyectos\/crossrail-c300-c410-tuneles-de-circulacion-en-la-zona-oeste\/\">\n                                Descubra el proyecto                            <\/a>\n                        <\/c-link>\n                    <\/c-card>\n                                        <c-card slot=\"carouselItems\" type=\"type-1\" link=\"https:\/\/www.ferrovial.com\/es\/negocio\/proyectos\/autopista-lbj-express\/\"  >\n                                                <img slot='background' src='https:\/\/static.ferrovial.com\/wp-content\/uploads\/2019\/09\/13135536\/tr-pic-lbj-002-e1423132327989-360x640.jpg' alt='Autopista LBJ en Dallas, Texas' \/>\n                                                        <h3 slot=\"title\" role=\"listitem\">\n                                    Autopista LBJ en Dallas, Texas, EEUU                                <\/h3>\n                                                                                <c-link slot=\"link\" type=\"negative\">\n                            <a href=\"https:\/\/www.ferrovial.com\/es\/negocio\/proyectos\/autopista-lbj-express\/\">\n                                Descubra el proyecto                            <\/a>\n                        <\/c-link>\n                    <\/c-card>\n                        <\/m-projects-distributor2>\n\n    \n\n    <m-distributor-news  >\n                        <h2 slot=\"title\">Noticias recientes<\/h2>\n                                        <div slot=\"report\">\n                            <h3><a href=\"https:\/\/www.ferrovial.com\/es\/accionistas-e-inversores\/hechos-relevantes\/operaciones-efectuadas-por-ferrovial-al-amparo-de-su-programa-de-recompra-de-acciones-propias-entre-el-13-y-el-17-de-abril-de-2026\/\" target='_blank' title=\"Operaciones efectuadas por Ferrovial al amparo de su programa de recompra de acciones propias entre el 13 y\u00a0el 17 de abril de 2026\">Operaciones efectuadas por Ferrovial al amparo de su programa de recompra de acciones propias entre el 13 y\u00a0el 17 de abril de 2026<\/a><\/h3>\n                                                                <span>21\/04\/2026<\/span>\n                                                            <\/div>\n                                                <div slot=\"report\">\n                            <h3><a href=\"https:\/\/www.ferrovial.com\/es\/accionistas-e-inversores\/hechos-relevantes\/ferrovial-comunica-la-fecha-de-publicacion-de-los-resultados-correspondientes-al-primer-trimestre-de-2026\/\" target='_blank' title=\"Ferrovial comunica la fecha de publicaci\u00f3n de los resultados correspondientes al primer trimestre de 2026\">Ferrovial comunica la fecha de publicaci\u00f3n de los resultados correspondientes al primer trimestre de 2026<\/a><\/h3>\n                                                                <span>16\/04\/2026<\/span>\n                                                            <\/div>\n                                                <div slot=\"report\">\n                            <h3><a href=\"https:\/\/www.ferrovial.com\/es\/accionistas-e-inversores\/hechos-relevantes\/operaciones-efectuadas-por-ferrovial-al-amparo-de-su-programa-de-recompra-de-acciones-propias-entre-el-7-y-el-10-de-abril-de-2026\/\" target='_blank' title=\"Operaciones efectuadas por Ferrovial al amparo de su programa de recompra de acciones propias entre el 7\u00a0y\u00a0el 10 de abril de 2026\">Operaciones efectuadas por Ferrovial al amparo de su programa de recompra de acciones propias entre el 7\u00a0y\u00a0el 10 de abril de 2026<\/a><\/h3>\n                                                                <span>14\/04\/2026<\/span>\n                                                            <\/div>\n                                                <div slot=\"report\">\n                            <h3><a href=\"https:\/\/www.ferrovial.com\/es\/accionistas-e-inversores\/hechos-relevantes\/ferrovial-comunica-los-acuerdos-adoptados-por-la-junta-general-de-accionistas-celebrada-el-9-de-abril-de-2026\/\" target='_blank' title=\"Ferrovial comunica los acuerdos adoptados por la Junta General de Accionistas celebrada el 9 de abril de 2026\">Ferrovial comunica los acuerdos adoptados por la Junta General de Accionistas celebrada el 9 de abril de 2026<\/a><\/h3>\n                                                                <span>09\/04\/2026<\/span>\n                                                            <\/div>\n                            <\/m-distributor-news>\n    \n        <\/template>\n\n    ","protected":false},"excerpt":{"rendered":"","protected":false},"featured_media":0,"parent":0,"menu_order":0,"comment_status":"closed","ping_status":"closed","template":"searchpage.php","meta":{"_acf_changed":false,"footnotes":""},"class_list":["post-35576","page","type-page","status-publish","hentry"],"acf":[],"yoast_head":"<!-- This site is optimized with the Yoast SEO plugin v27.2 - https:\/\/yoast.com\/product\/yoast-seo-wordpress\/ -->\n<title>Buscar - Ferrovial<\/title>\n<meta name=\"description\" content=\"Welcome to the Ferrovial&#039;s website, global operator of sustainable infrastructure. Here you can find all the information about the company and subsidiaries.\" \/>\n<meta name=\"robots\" content=\"noindex, follow\" \/>\n<meta property=\"og:locale\" content=\"es_ES\" \/>\n<meta property=\"og:type\" content=\"article\" \/>\n<meta property=\"og:title\" content=\"Buscar - Ferrovial\" \/>\n<meta property=\"og:description\" content=\"Welcome to the Ferrovial&#039;s website, global operator of sustainable infrastructure. Here you can find all the information about the company and subsidiaries.\" \/>\n<meta property=\"og:url\" content=\"https:\/\/www.ferrovial.com\/es\/search\/\" \/>\n<meta property=\"og:site_name\" content=\"Ferrovial\" \/>\n<meta property=\"article:publisher\" content=\"https:\/\/www.facebook.com\/ferrovial\" \/>\n<meta property=\"article:modified_time\" content=\"2021-04-14T10:28:04+00:00\" \/>\n<meta name=\"twitter:card\" content=\"summary_large_image\" \/>\n<meta name=\"twitter:site\" content=\"@ferrovial\" \/>\n<!-- \/ Yoast SEO plugin. -->","yoast_head_json":{"title":"Buscar - Ferrovial","description":"Welcome to the Ferrovial's website, global operator of sustainable infrastructure. Here you can find all the information about the company and subsidiaries.","robots":{"index":"noindex","follow":"follow"},"og_locale":"es_ES","og_type":"article","og_title":"Buscar - Ferrovial","og_description":"Welcome to the Ferrovial's website, global operator of sustainable infrastructure. Here you can find all the information about the company and subsidiaries.","og_url":"https:\/\/www.ferrovial.com\/es\/search\/","og_site_name":"Ferrovial","article_publisher":"https:\/\/www.facebook.com\/ferrovial","article_modified_time":"2021-04-14T10:28:04+00:00","twitter_card":"summary_large_image","twitter_site":"@ferrovial","schema":{"@context":"https:\/\/schema.org","@graph":[{"@type":"WebPage","@id":"https:\/\/www.ferrovial.com\/es\/search\/","url":"https:\/\/www.ferrovial.com\/es\/search\/","name":"Buscar - Ferrovial","isPartOf":{"@id":"https:\/\/www.ferrovial.com\/es\/#website"},"datePublished":"2019-09-16T11:22:57+00:00","dateModified":"2021-04-14T10:28:04+00:00","description":"Welcome to the Ferrovial's website, global operator of sustainable infrastructure. Here you can find all the information about the company and subsidiaries.","breadcrumb":{"@id":"https:\/\/www.ferrovial.com\/es\/search\/#breadcrumb"},"inLanguage":"es","potentialAction":[{"@type":"ReadAction","target":["https:\/\/www.ferrovial.com\/es\/search\/"]}]},{"@type":"BreadcrumbList","@id":"https:\/\/www.ferrovial.com\/es\/search\/#breadcrumb","itemListElement":[{"@type":"ListItem","position":1,"name":"Portada","item":"https:\/\/www.ferrovial.com\/es\/"},{"@type":"ListItem","position":2,"name":"Buscar"}]},{"@type":"WebSite","@id":"https:\/\/www.ferrovial.com\/es\/#website","url":"https:\/\/www.ferrovial.com\/es\/","name":"Ferrovial","description":"Welcome to the Ferrovial&#039;s website, global operator of sustainable infrastructure. Here you can find all the information about the company and subsidiaries.","publisher":{"@id":"https:\/\/www.ferrovial.com\/es\/#organization"},"potentialAction":[{"@type":"SearchAction","target":{"@type":"EntryPoint","urlTemplate":"https:\/\/www.ferrovial.com\/es\/?s={search_term_string}"},"query-input":{"@type":"PropertyValueSpecification","valueRequired":true,"valueName":"search_term_string"}}],"inLanguage":"es"},{"@type":"Organization","@id":"https:\/\/www.ferrovial.com\/es\/#organization","name":"Ferrovial S.A.","url":"https:\/\/www.ferrovial.com\/es\/","logo":{"@type":"ImageObject","inLanguage":"es","@id":"https:\/\/www.ferrovial.com\/es\/#\/schema\/logo\/image\/","url":"https:\/\/static.ferrovial.com\/wp-content\/uploads\/2020\/01\/13124948\/logo-ferrovial-cf7.png","contentUrl":"https:\/\/static.ferrovial.com\/wp-content\/uploads\/2020\/01\/13124948\/logo-ferrovial-cf7.png","width":144,"height":32,"caption":"Ferrovial S.A."},"image":{"@id":"https:\/\/www.ferrovial.com\/es\/#\/schema\/logo\/image\/"},"sameAs":["https:\/\/www.facebook.com\/ferrovial","https:\/\/x.com\/ferrovial","https:\/\/www.instagram.com\/ferrovial\/","https:\/\/www.linkedin.com\/company\/ferrovial","https:\/\/www.pinterest.es\/ferrovial\/","https:\/\/www.youtube.com\/ferrovial","https:\/\/en.wikipedia.org\/wiki\/Ferrovial"]}]}},"_links":{"self":[{"href":"https:\/\/www.ferrovial.com\/es\/wp-json\/wp\/v2\/pages\/35576","targetHints":{"allow":["GET"]}}],"collection":[{"href":"https:\/\/www.ferrovial.com\/es\/wp-json\/wp\/v2\/pages"}],"about":[{"href":"https:\/\/www.ferrovial.com\/es\/wp-json\/wp\/v2\/types\/page"}],"replies":[{"embeddable":true,"href":"https:\/\/www.ferrovial.com\/es\/wp-json\/wp\/v2\/comments?post=35576"}],"version-history":[{"count":1,"href":"https:\/\/www.ferrovial.com\/es\/wp-json\/wp\/v2\/pages\/35576\/revisions"}],"predecessor-version":[{"id":162886,"href":"https:\/\/www.ferrovial.com\/es\/wp-json\/wp\/v2\/pages\/35576\/revisions\/162886"}],"wp:attachment":[{"href":"https:\/\/www.ferrovial.com\/es\/wp-json\/wp\/v2\/media?parent=35576"}],"curies":[{"name":"wp","href":"https:\/\/api.w.org\/{rel}","templated":true}]}}