{"id":43448,"date":"2019-10-30T15:09:56","date_gmt":"2019-10-30T14:09:56","guid":{"rendered":"https:\/\/www.ferrovial.com\/?page_id=43448"},"modified":"2024-09-04T15:59:57","modified_gmt":"2024-09-04T13:59:57","slug":"agua-limpia-y-saneamiento","status":"publish","type":"page","link":"https:\/\/www.ferrovial.com\/es\/sostenibilidad\/ods\/agua-limpia-y-saneamiento\/","title":{"rendered":"Agua limpia y saneamiento"},"content":{"rendered":"    <m-ods-header>\n        <div slot=\"block\">\n          <p style=\"background-color: #29BFEA; background-image: url('https:\/\/static.ferrovial.com\/wp-content\/uploads\/2020\/01\/13131252\/06_ods_agua_850-3.png')\"><\/p>\n        <\/div>\n        <p class=\"number\" slot=\"number\">\n            06        <\/p>\n        <p class=\"title\" slot=\"title\">\n            Agua limpia y saneamiento        <\/p>\n        <p class=\"description\" slot=\"description\">\n            Agua limpia y accesible para todos es una parte esencial del mundo en el que deseamos vivir y hay suficiente agua limpia en el planeta para hacerlo realidad.        <\/p>\n    <\/m-ods-header>\n    \n\n\n<m-wysiwig class=\"wp-block-components-wysiwyg\"><div slot=\"maincontent\">\n<p style=\"font-size:12px\"><a href=\"https:\/\/www.ferrovial.com\/es\/sostenibilidad\/ods\/\">ODS <\/a>&#8211; AGUA LIMPIA Y SANEAMIENTO<\/p>\n\n\n\n<h2 class=\"wp-block-heading\">Agua limpia y saneamiento<\/h2>\n\n\n\n<p>Tres de cada 10 personas carecen de acceso a servicios de agua potable y seis de cada 10 no tienen acceso a instalaciones de saneamiento seguras. Seg\u00fan la ONU, la escasez de recursos h\u00eddricos, junto con la mala calidad del agua y el saneamiento inadecuado repercuten en la seguridad alimentaria, los medios de subsistencia y las oportunidades de educaci\u00f3n para las familias pobres en todo el mundo. Una situaci\u00f3n que busca revertirse con <a title=\"Agua y saneamiento - Desarrollo Sostenible\" rel=\"nofollow noreferrer noopener\" aria-label=\"el Objetivo de Desarrollo Sostenible 6: (opens in a new tab)\" href=\"https:\/\/www.un.org\/sustainabledevelopment\/es\/water-and-sanitation\/\" target=\"_blank\">el Objetivo de Desarrollo Sostenible 6:<\/a> garantizar la disponibilidad de agua y su gesti\u00f3n sostenible y el saneamiento para todos.<\/p>\n\n\n\n<h2 class=\"wp-block-heading\"> Programa Infraestructuras Sociales <\/h2>\n\n\n\n<p>Nuestro compromiso firme con el ODS 6 se canaliza a trav\u00e9s de nuestro <a href=\"https:\/\/www.ferrovial.com\/es\/sostenibilidad\/social\/comunidad\/infraestructuras-sociales\/\">programa Infraestructuras Sociales<\/a>. Sus principales metas son mejorar y ampliar la cobertura y el acceso al agua para consumo humano y el saneamiento b\u00e1sico en comunidades vulnerables de \u00c1frica y Am\u00e9rica Latina. De esta forma, buscamos asegurar el Derecho Humano al agua y al saneamiento y su sostenibilidad en el tiempo gracias a una mejor gesti\u00f3n de los recursos h\u00eddricos.<\/p>\n\n\n\n<p>Todo empez\u00f3 en 2008 con el proyecto \u201cMaji Ni Uhai\u201d (\u201cAgua es vida\u201d en suajili) para la construcci\u00f3n de infraestructuras de agua y saneamiento para comunidades vulnerables en Tanzania. Tras tres a\u00f1os de trabajo, en 2011 lanzamos el programa Infraestructuras Sociales, un programa que se ha consolidado como referente de buenas pr\u00e1cticas en la gesti\u00f3n de proyectos de acci\u00f3n social, recibiendo el reconocimiento de Fundaci\u00f3n CODESPA, Fundaci\u00f3n SERES, Cinco D\u00edas y Fundaci\u00f3n Telef\u00f3nica, entre otras entidades.<\/p>\n\n\n\n<p><strong>El programa hace especial hincapi\u00e9 en apoyar y fortalecer la participaci\u00f3n de las comunidades locales en la mejora de la gesti\u00f3n del agua y el saneamiento.<\/strong> A trav\u00e9s de \u00e9l, hemos superado la figura del mero financiador, aportando no solo fondos, sino proporcionando asistencia t\u00e9cnica y tecnolog\u00eda y facilitando la participaci\u00f3n de nuestros especialistas en el desarrollo de los proyectos.<\/p>\n\n\n\n<p>Nuestros empleados se implican tambi\u00e9n en este programa a trav\u00e9s de un voluntariado corporativo. Esta iniciativa permite poner al servicio de los proyectos la experiencia y conocimientos t\u00e9cnicos de nuestros trabajadores. Adem\u00e1s, para los voluntarios, favorece el desarrollo del pensamiento cr\u00edtico y abre posibilidades de contribuir en proyectos sociales de su \u00e1mbito profesional. <\/p>\n\n\n\n<h2 class=\"wp-block-heading\">28 proyectos y 6 millones de euros invertidos<\/h2>\n\n\n\n<p>En 2020, estamos desarrollando tres proyectos en el marco del ODS 6 a trav\u00e9s del programa Infraestructuras Sociales. En colaboraci\u00f3n con AMREF Salud \u00c1frica, Acci\u00f3n Contra el Hambre y Fundaci\u00f3n CODESPA estamos trabajando en Kenia, Colombia y Per\u00fa. La gesti\u00f3n de los proyectos es compartida a trav\u00e9s de una comisi\u00f3n paritaria compuesta por representantes de Ferrovial y de la ONG y en la que se toman las decisiones de manera consensuada.<\/p>\n\n\n\n<p><strong>Hasta el momento, hemos colaborado en 28 proyectos y sumamos casi seis millones de euros invertidos desde 2008.<\/strong>&nbsp;Hemos tenido 121 voluntarios trabajando sobre el terreno y se han beneficiado de la iniciativa, de forma directa, 230.000 personas en nueve pa\u00edses (Per\u00fa, Colombia, M\u00e9xico, Etiop\u00eda, Kenia, Tanzania, Uganda, Ghana y Zimbabue). En 2018, estos &nbsp;proyectos permitieron suministrar m\u00e1s de 1,3 millones de metros c\u00fabicos de agua potable. Es decir, 1.300 millones de litros de agua limpia.<\/p>\n<\/div><\/m-wysiwig>\n","protected":false},"excerpt":{"rendered":"","protected":false},"featured_media":25277,"parent":43362,"menu_order":0,"comment_status":"closed","ping_status":"closed","template":"","meta":{"_acf_changed":false,"footnotes":""},"class_list":["post-43448","page","type-page","status-publish","has-post-thumbnail","hentry"],"acf":[],"yoast_head":"<!-- This site is optimized with the Yoast SEO plugin v27.2 - https:\/\/yoast.com\/product\/yoast-seo-wordpress\/ -->\n<title>ODS 6: Agua limpia y saneamiento - Agenda 2030 - Ferrovial<\/title>\n<meta name=\"description\" content=\"Seg\u00fan la ONU, la escasez de recursos h\u00eddricos, junto con la mala calidad del agua y el saneamiento inadecuado repercuten en la seguridad alimentaria, los ...\" \/>\n<meta name=\"robots\" content=\"index, follow, max-snippet:-1, max-image-preview:large, max-video-preview:-1\" \/>\n<link rel=\"canonical\" href=\"https:\/\/www.ferrovial.com\/es\/sostenibilidad\/ods\/agua-limpia-y-saneamiento\/\" \/>\n<meta property=\"og:locale\" content=\"es_ES\" \/>\n<meta property=\"og:type\" content=\"article\" \/>\n<meta property=\"og:title\" content=\"ODS 6: Agua limpia y saneamiento - Agenda 2030 - Ferrovial\" \/>\n<meta property=\"og:description\" content=\"Seg\u00fan la ONU, la escasez de recursos h\u00eddricos, junto con la mala calidad del agua y el saneamiento inadecuado repercuten en la seguridad alimentaria, los ...\" \/>\n<meta property=\"og:url\" content=\"https:\/\/www.ferrovial.com\/es\/sostenibilidad\/ods\/agua-limpia-y-saneamiento\/\" \/>\n<meta property=\"og:site_name\" content=\"Ferrovial\" \/>\n<meta property=\"article:publisher\" content=\"https:\/\/www.facebook.com\/ferrovial\" \/>\n<meta property=\"article:modified_time\" content=\"2024-09-04T13:59:57+00:00\" \/>\n<meta property=\"og:image\" content=\"https:\/\/static.ferrovial.com\/wp-content\/uploads\/2019\/09\/13141316\/che17633d.jpg\" \/>\n\t<meta property=\"og:image:width\" content=\"1386\" \/>\n\t<meta property=\"og:image:height\" content=\"924\" \/>\n\t<meta property=\"og:image:type\" content=\"image\/jpeg\" \/>\n<meta name=\"twitter:card\" content=\"summary_large_image\" \/>\n<meta name=\"twitter:site\" content=\"@ferrovial\" \/>\n<meta name=\"twitter:label1\" content=\"Est. reading time\" \/>\n\t<meta name=\"twitter:data1\" content=\"3 minutos\" \/>\n<!-- \/ Yoast SEO plugin. -->","yoast_head_json":{"title":"ODS 6: Agua limpia y saneamiento - Agenda 2030 - Ferrovial","description":"Seg\u00fan la ONU, la escasez de recursos h\u00eddricos, junto con la mala calidad del agua y el saneamiento inadecuado repercuten en la seguridad alimentaria, los ...","robots":{"index":"index","follow":"follow","max-snippet":"max-snippet:-1","max-image-preview":"max-image-preview:large","max-video-preview":"max-video-preview:-1"},"canonical":"https:\/\/www.ferrovial.com\/es\/sostenibilidad\/ods\/agua-limpia-y-saneamiento\/","og_locale":"es_ES","og_type":"article","og_title":"ODS 6: Agua limpia y saneamiento - Agenda 2030 - Ferrovial","og_description":"Seg\u00fan la ONU, la escasez de recursos h\u00eddricos, junto con la mala calidad del agua y el saneamiento inadecuado repercuten en la seguridad alimentaria, los ...","og_url":"https:\/\/www.ferrovial.com\/es\/sostenibilidad\/ods\/agua-limpia-y-saneamiento\/","og_site_name":"Ferrovial","article_publisher":"https:\/\/www.facebook.com\/ferrovial","article_modified_time":"2024-09-04T13:59:57+00:00","og_image":[{"width":1386,"height":924,"url":"https:\/\/static.ferrovial.com\/wp-content\/uploads\/2019\/09\/13141316\/che17633d.jpg","type":"image\/jpeg"}],"twitter_card":"summary_large_image","twitter_site":"@ferrovial","twitter_misc":{"Est. reading time":"3 minutos"},"schema":{"@context":"https:\/\/schema.org","@graph":[{"@type":"WebPage","@id":"https:\/\/www.ferrovial.com\/es\/sostenibilidad\/ods\/agua-limpia-y-saneamiento\/","url":"https:\/\/www.ferrovial.com\/es\/sostenibilidad\/ods\/agua-limpia-y-saneamiento\/","name":"ODS 6: Agua limpia y saneamiento - Agenda 2030 - Ferrovial","isPartOf":{"@id":"https:\/\/www.ferrovial.com\/es\/#website"},"primaryImageOfPage":{"@id":"https:\/\/www.ferrovial.com\/es\/sostenibilidad\/ods\/agua-limpia-y-saneamiento\/#primaryimage"},"image":{"@id":"https:\/\/www.ferrovial.com\/es\/sostenibilidad\/ods\/agua-limpia-y-saneamiento\/#primaryimage"},"thumbnailUrl":"https:\/\/static.ferrovial.com\/wp-content\/uploads\/2019\/09\/13141316\/che17633d.jpg","datePublished":"2019-10-30T14:09:56+00:00","dateModified":"2024-09-04T13:59:57+00:00","description":"Seg\u00fan la ONU, la escasez de recursos h\u00eddricos, junto con la mala calidad del agua y el saneamiento inadecuado repercuten en la seguridad alimentaria, los ...","breadcrumb":{"@id":"https:\/\/www.ferrovial.com\/es\/sostenibilidad\/ods\/agua-limpia-y-saneamiento\/#breadcrumb"},"inLanguage":"es","potentialAction":[{"@type":"ReadAction","target":["https:\/\/www.ferrovial.com\/es\/sostenibilidad\/ods\/agua-limpia-y-saneamiento\/"]}]},{"@type":"ImageObject","inLanguage":"es","@id":"https:\/\/www.ferrovial.com\/es\/sostenibilidad\/ods\/agua-limpia-y-saneamiento\/#primaryimage","url":"https:\/\/static.ferrovial.com\/wp-content\/uploads\/2019\/09\/13141316\/che17633d.jpg","contentUrl":"https:\/\/static.ferrovial.com\/wp-content\/uploads\/2019\/09\/13141316\/che17633d.jpg","width":1386,"height":924,"caption":"Heathrow, Terminal 2, roof architecture, January 2014."},{"@type":"BreadcrumbList","@id":"https:\/\/www.ferrovial.com\/es\/sostenibilidad\/ods\/agua-limpia-y-saneamiento\/#breadcrumb","itemListElement":[{"@type":"ListItem","position":1,"name":"Portada","item":"https:\/\/www.ferrovial.com\/es\/"},{"@type":"ListItem","position":2,"name":"Sostenibilidad","item":"https:\/\/www.ferrovial.com\/es\/sostenibilidad\/"},{"@type":"ListItem","position":3,"name":"Objetivos de desarrollo sostenible","item":"https:\/\/www.ferrovial.com\/es\/?page_id=43362"},{"@type":"ListItem","position":4,"name":"Agua limpia y saneamiento"}]},{"@type":"WebSite","@id":"https:\/\/www.ferrovial.com\/es\/#website","url":"https:\/\/www.ferrovial.com\/es\/","name":"Ferrovial","description":"Welcome to the Ferrovial&#039;s website, global operator of sustainable infrastructure. Here you can find all the information about the company and subsidiaries.","publisher":{"@id":"https:\/\/www.ferrovial.com\/es\/#organization"},"potentialAction":[{"@type":"SearchAction","target":{"@type":"EntryPoint","urlTemplate":"https:\/\/www.ferrovial.com\/es\/?s={search_term_string}"},"query-input":{"@type":"PropertyValueSpecification","valueRequired":true,"valueName":"search_term_string"}}],"inLanguage":"es"},{"@type":"Organization","@id":"https:\/\/www.ferrovial.com\/es\/#organization","name":"Ferrovial S.A.","url":"https:\/\/www.ferrovial.com\/es\/","logo":{"@type":"ImageObject","inLanguage":"es","@id":"https:\/\/www.ferrovial.com\/es\/#\/schema\/logo\/image\/","url":"https:\/\/static.ferrovial.com\/wp-content\/uploads\/2020\/01\/13124948\/logo-ferrovial-cf7.png","contentUrl":"https:\/\/static.ferrovial.com\/wp-content\/uploads\/2020\/01\/13124948\/logo-ferrovial-cf7.png","width":144,"height":32,"caption":"Ferrovial S.A."},"image":{"@id":"https:\/\/www.ferrovial.com\/es\/#\/schema\/logo\/image\/"},"sameAs":["https:\/\/www.facebook.com\/ferrovial","https:\/\/x.com\/ferrovial","https:\/\/www.instagram.com\/ferrovial\/","https:\/\/www.linkedin.com\/company\/ferrovial","https:\/\/www.pinterest.es\/ferrovial\/","https:\/\/www.youtube.com\/ferrovial","https:\/\/en.wikipedia.org\/wiki\/Ferrovial"]}]}},"_links":{"self":[{"href":"https:\/\/www.ferrovial.com\/es\/wp-json\/wp\/v2\/pages\/43448","targetHints":{"allow":["GET"]}}],"collection":[{"href":"https:\/\/www.ferrovial.com\/es\/wp-json\/wp\/v2\/pages"}],"about":[{"href":"https:\/\/www.ferrovial.com\/es\/wp-json\/wp\/v2\/types\/page"}],"replies":[{"embeddable":true,"href":"https:\/\/www.ferrovial.com\/es\/wp-json\/wp\/v2\/comments?post=43448"}],"version-history":[{"count":3,"href":"https:\/\/www.ferrovial.com\/es\/wp-json\/wp\/v2\/pages\/43448\/revisions"}],"predecessor-version":[{"id":287667,"href":"https:\/\/www.ferrovial.com\/es\/wp-json\/wp\/v2\/pages\/43448\/revisions\/287667"}],"up":[{"embeddable":true,"href":"https:\/\/www.ferrovial.com\/es\/wp-json\/wp\/v2\/pages\/43362"}],"wp:featuredmedia":[{"embeddable":true,"href":"https:\/\/www.ferrovial.com\/es\/wp-json\/wp\/v2\/media\/25277"}],"wp:attachment":[{"href":"https:\/\/www.ferrovial.com\/es\/wp-json\/wp\/v2\/media?parent=43448"}],"curies":[{"name":"wp","href":"https:\/\/api.w.org\/{rel}","templated":true}]}}