{"id":45659,"date":"2019-10-30T15:45:27","date_gmt":"2019-10-30T14:45:27","guid":{"rendered":"https:\/\/www.ferrovial.com\/?page_id=45659"},"modified":"2020-04-21T23:44:28","modified_gmt":"2020-04-21T21:44:28","slug":"industria-innovacion-e-infraestructura","status":"publish","type":"page","link":"https:\/\/www.ferrovial.com\/es\/sostenibilidad\/ods\/industria-innovacion-e-infraestructura\/","title":{"rendered":"Industria, innovaci\u00f3n e infraestructura"},"content":{"rendered":"    <m-ods-header>\n        <div slot=\"block\">\n          <p style=\"background-color: #F47C40; background-image: url('https:\/\/static.ferrovial.com\/wp-content\/uploads\/2020\/02\/13130128\/ods_industria850a.jpg')\"><\/p>\n        <\/div>\n        <p class=\"number\" slot=\"number\">\n            09        <\/p>\n        <p class=\"title\" slot=\"title\">\n            Industria, innovaci\u00f3n e infraestructura        <\/p>\n        <p class=\"description\" slot=\"description\">\n                    <\/p>\n    <\/m-ods-header>\n    \n\n\n<m-wysiwig class=\"wp-block-components-wysiwyg\"><div slot=\"maincontent\">\n<p>Las infraestructuras limitadas pueden reducir la productividad empresarial en hasta un 40%. Y en los pa\u00edses en desarrollo, apenas el 30% de los productos agr\u00edcolas se somete a procesamiento industrial (frente al 98% de los pa\u00edses desarrollados). La inversi\u00f3n en infraestructura y la innovaci\u00f3n son motores fundamentales del crecimiento y el desarrollo econ\u00f3mico e industrial. Por eso, <a rel=\"noreferrer noopener\" aria-label=\"el Objetivo de Desarrollo Sostenible 9 (opens in a new tab)\" href=\"https:\/\/www.undp.org\/content\/undp\/es\/home\/sustainable-development-goals\/goal-9-industry-innovation-and-infrastructure.html\" target=\"_blank\">el Objetivo de Desarrollo Sostenible 9<\/a> busca construir infraestructuras resilientes, promover la industrializaci\u00f3n inclusiva y sostenible y fomentar la innovaci\u00f3n.<\/p>\n\n\n\n<h2 class=\"wp-block-heading\">Managed Lanes: innovaci\u00f3n para la movilidad<\/h2>\n\n\n\n<p>El desarrollo y la innovaci\u00f3n en infraestructuras forma parte de nuestro ADN. Como tal, somos conscientes de su importancia como herramienta para el progreso, la sostenibilidad y el empoderamiento de la comunidad. En la b\u00fasqueda de soluciones para los retos del presente y del futuro, merece especial menci\u00f3n nuestra soluci\u00f3n <em>Managed Lanes<\/em>, enfocada en solucionar los problemas de congesti\u00f3n en corredores urbanos.<\/p>\n\n\n\n<p>El modelo <em>Managed Lanes<\/em> consiste en a\u00f1adir carriles adicionales en corredores urbanos congestionados en los que se garantiza una velocidad y una fluidez en la circulaci\u00f3n m\u00ednimas aplicando tarifas din\u00e1micas que var\u00edan en funci\u00f3n del nivel de tr\u00e1fico. M\u00e1s de 10 millones de veh\u00edculos han utilizado hasta ahora las <em>Managed Lanes<\/em> LBJ, NTE y NTE 35W en Dallas, Estados Unidos. <strong>El 80 % de los usuarios ha valorado su experiencia de forma positiva.<\/strong><\/p>\n\n\n\n<p>Las <em>Managed Lanes<\/em> son concesiones de alta complejidad y con amplia libertad de tarifas, pero tambi\u00e9n que operan con un alto nivel de satisfacci\u00f3n del usuario. Este modelo demuestra que<strong> la innovaci\u00f3n permite desarrollar proyectos m\u00e1s eficientes<\/strong> y que facilitan la movilidad urbana, la reducci\u00f3n de las emisiones y la mejora del medio ambiente.<\/p>\n\n\n\n<h3 class=\"wp-block-heading\">Estas soluciones ser\u00edan inviables sin el continuo desarrollo de innovaciones tecnol\u00f3gicas como, por ejemplo:<\/h3>\n\n\n\n<ul class=\"wp-block-list\"><li><strong>Dynamic toll setting module<\/strong>. Permite calcular en tiempo real la tarifa de peaje en funci\u00f3n de las condiciones del tr\u00e1fico y otras variables como la meteorolog\u00eda, la presencia de accidentes o la celebraci\u00f3n de d\u00edas festivos. <\/li><li><strong>Toll flow<\/strong>. Este dispositivo permite detectar condiciones de tr\u00e1fico susceptibles de generar congesti\u00f3n en el \u00e1rea de peaje y facilita la toma de medidas preventiva. <\/li><li><strong>Fingerprinting<\/strong>. A trav\u00e9s un algoritmo de identificaci\u00f3n de im\u00e1genes, este dispositivo mejora la precisi\u00f3n en el proceso de lectura de matr\u00edculas.<\/li><li><strong>Drive on Texpress<\/strong>. Mediante esta aplicaci\u00f3n, en funcionamiento desde 2014 en las <em>Managed Lanes<\/em> de Texas, los veh\u00edculos con m\u00e1s de dos ocupantes obtienen un 50% de descuento en hora punta.<\/li><\/ul>\n\n\n\n<h2 class=\"wp-block-heading\">Los\nbeneficios de la innovaci\u00f3n<\/h2>\n\n\n\n<p>La gesti\u00f3n din\u00e1mica del tr\u00e1fico que permite el modelo <em>Managed Lanes<\/em> supone importantes ventajas para las administraciones, los usuarios y el medioambiente. Para las administraciones p\u00fablicas, las <em>Managed Lanes<\/em> permiten desplazar los riesgos de los contribuyentes a los inversores, acelerar el desarrollo de proyectos, ahorrar en costes de los ciclos de vida de la infraestructura y acceder a innovaciones tecnol\u00f3gicas y de dise\u00f1o.<\/p>\n\n\n\n<p>Para los usuarios, suponen beneficios como la disminuci\u00f3n de la congesti\u00f3n del tr\u00e1fico, el aumento de la fiabilidad en los tiempos de viaje, la diversificaci\u00f3n de las opciones de viaje y la mejora en la experiencia general. Por \u00faltimo, <strong>las <em>Managed Lanes<\/em> generan tambi\u00e9n un impacto positivo en el medioambiente y la sociedad<\/strong>: mejoran la movilidad, reducen las emisiones de CO2 al reducir la congesti\u00f3n y aumentan la seguridad vial.<\/p>\n<\/div><\/m-wysiwig>\n","protected":false},"excerpt":{"rendered":"","protected":false},"featured_media":25277,"parent":43362,"menu_order":0,"comment_status":"closed","ping_status":"closed","template":"","meta":{"_acf_changed":false,"footnotes":""},"class_list":["post-45659","page","type-page","status-publish","has-post-thumbnail","hentry"],"acf":[],"yoast_head":"<!-- This site is optimized with the Yoast SEO plugin v27.2 - https:\/\/yoast.com\/product\/yoast-seo-wordpress\/ -->\n<title>ODS 9: Industria, innovaci\u00f3n e infraestructura - Agenda 2030 - Ferrovial<\/title>\n<meta name=\"description\" content=\"Las infraestructuras limitadas pueden reducir la productividad empresarial en hasta un 40%. 2.300 millones de personas carecen de acceso a ...\" \/>\n<meta name=\"robots\" content=\"index, follow, max-snippet:-1, max-image-preview:large, max-video-preview:-1\" \/>\n<link rel=\"canonical\" href=\"https:\/\/www.ferrovial.com\/es\/sostenibilidad\/ods\/industria-innovacion-e-infraestructura\/\" \/>\n<meta property=\"og:locale\" content=\"es_ES\" \/>\n<meta property=\"og:type\" content=\"article\" \/>\n<meta property=\"og:title\" content=\"ODS 9: Industria, innovaci\u00f3n e infraestructura - Agenda 2030 - Ferrovial\" \/>\n<meta property=\"og:description\" content=\"Las infraestructuras limitadas pueden reducir la productividad empresarial en hasta un 40%. 2.300 millones de personas carecen de acceso a ...\" \/>\n<meta property=\"og:url\" content=\"https:\/\/www.ferrovial.com\/es\/sostenibilidad\/ods\/industria-innovacion-e-infraestructura\/\" \/>\n<meta property=\"og:site_name\" content=\"Ferrovial\" \/>\n<meta property=\"article:publisher\" content=\"https:\/\/www.facebook.com\/ferrovial\" \/>\n<meta property=\"article:modified_time\" content=\"2020-04-21T21:44:28+00:00\" \/>\n<meta property=\"og:image\" content=\"https:\/\/static.ferrovial.com\/wp-content\/uploads\/2019\/09\/13141316\/che17633d.jpg\" \/>\n\t<meta property=\"og:image:width\" content=\"1386\" \/>\n\t<meta property=\"og:image:height\" content=\"924\" \/>\n\t<meta property=\"og:image:type\" content=\"image\/jpeg\" \/>\n<meta name=\"twitter:card\" content=\"summary_large_image\" \/>\n<meta name=\"twitter:site\" content=\"@ferrovial\" \/>\n<meta name=\"twitter:label1\" content=\"Est. reading time\" \/>\n\t<meta name=\"twitter:data1\" content=\"3 minutos\" \/>\n<!-- \/ Yoast SEO plugin. -->","yoast_head_json":{"title":"ODS 9: Industria, innovaci\u00f3n e infraestructura - Agenda 2030 - Ferrovial","description":"Las infraestructuras limitadas pueden reducir la productividad empresarial en hasta un 40%. 2.300 millones de personas carecen de acceso a ...","robots":{"index":"index","follow":"follow","max-snippet":"max-snippet:-1","max-image-preview":"max-image-preview:large","max-video-preview":"max-video-preview:-1"},"canonical":"https:\/\/www.ferrovial.com\/es\/sostenibilidad\/ods\/industria-innovacion-e-infraestructura\/","og_locale":"es_ES","og_type":"article","og_title":"ODS 9: Industria, innovaci\u00f3n e infraestructura - Agenda 2030 - Ferrovial","og_description":"Las infraestructuras limitadas pueden reducir la productividad empresarial en hasta un 40%. 2.300 millones de personas carecen de acceso a ...","og_url":"https:\/\/www.ferrovial.com\/es\/sostenibilidad\/ods\/industria-innovacion-e-infraestructura\/","og_site_name":"Ferrovial","article_publisher":"https:\/\/www.facebook.com\/ferrovial","article_modified_time":"2020-04-21T21:44:28+00:00","og_image":[{"width":1386,"height":924,"url":"https:\/\/static.ferrovial.com\/wp-content\/uploads\/2019\/09\/13141316\/che17633d.jpg","type":"image\/jpeg"}],"twitter_card":"summary_large_image","twitter_site":"@ferrovial","twitter_misc":{"Est. reading time":"3 minutos"},"schema":{"@context":"https:\/\/schema.org","@graph":[{"@type":"WebPage","@id":"https:\/\/www.ferrovial.com\/es\/sostenibilidad\/ods\/industria-innovacion-e-infraestructura\/","url":"https:\/\/www.ferrovial.com\/es\/sostenibilidad\/ods\/industria-innovacion-e-infraestructura\/","name":"ODS 9: Industria, innovaci\u00f3n e infraestructura - Agenda 2030 - Ferrovial","isPartOf":{"@id":"https:\/\/www.ferrovial.com\/es\/#website"},"primaryImageOfPage":{"@id":"https:\/\/www.ferrovial.com\/es\/sostenibilidad\/ods\/industria-innovacion-e-infraestructura\/#primaryimage"},"image":{"@id":"https:\/\/www.ferrovial.com\/es\/sostenibilidad\/ods\/industria-innovacion-e-infraestructura\/#primaryimage"},"thumbnailUrl":"https:\/\/static.ferrovial.com\/wp-content\/uploads\/2019\/09\/13141316\/che17633d.jpg","datePublished":"2019-10-30T14:45:27+00:00","dateModified":"2020-04-21T21:44:28+00:00","description":"Las infraestructuras limitadas pueden reducir la productividad empresarial en hasta un 40%. 2.300 millones de personas carecen de acceso a ...","breadcrumb":{"@id":"https:\/\/www.ferrovial.com\/es\/sostenibilidad\/ods\/industria-innovacion-e-infraestructura\/#breadcrumb"},"inLanguage":"es","potentialAction":[{"@type":"ReadAction","target":["https:\/\/www.ferrovial.com\/es\/sostenibilidad\/ods\/industria-innovacion-e-infraestructura\/"]}]},{"@type":"ImageObject","inLanguage":"es","@id":"https:\/\/www.ferrovial.com\/es\/sostenibilidad\/ods\/industria-innovacion-e-infraestructura\/#primaryimage","url":"https:\/\/static.ferrovial.com\/wp-content\/uploads\/2019\/09\/13141316\/che17633d.jpg","contentUrl":"https:\/\/static.ferrovial.com\/wp-content\/uploads\/2019\/09\/13141316\/che17633d.jpg","width":1386,"height":924,"caption":"Heathrow, Terminal 2, roof architecture, January 2014."},{"@type":"BreadcrumbList","@id":"https:\/\/www.ferrovial.com\/es\/sostenibilidad\/ods\/industria-innovacion-e-infraestructura\/#breadcrumb","itemListElement":[{"@type":"ListItem","position":1,"name":"Portada","item":"https:\/\/www.ferrovial.com\/es\/"},{"@type":"ListItem","position":2,"name":"Sostenibilidad","item":"https:\/\/www.ferrovial.com\/es\/sostenibilidad\/"},{"@type":"ListItem","position":3,"name":"Objetivos de desarrollo sostenible","item":"https:\/\/www.ferrovial.com\/es\/?page_id=43362"},{"@type":"ListItem","position":4,"name":"Industria, innovaci\u00f3n e infraestructura"}]},{"@type":"WebSite","@id":"https:\/\/www.ferrovial.com\/es\/#website","url":"https:\/\/www.ferrovial.com\/es\/","name":"Ferrovial","description":"Welcome to the Ferrovial&#039;s website, global operator of sustainable infrastructure. Here you can find all the information about the company and subsidiaries.","publisher":{"@id":"https:\/\/www.ferrovial.com\/es\/#organization"},"potentialAction":[{"@type":"SearchAction","target":{"@type":"EntryPoint","urlTemplate":"https:\/\/www.ferrovial.com\/es\/?s={search_term_string}"},"query-input":{"@type":"PropertyValueSpecification","valueRequired":true,"valueName":"search_term_string"}}],"inLanguage":"es"},{"@type":"Organization","@id":"https:\/\/www.ferrovial.com\/es\/#organization","name":"Ferrovial S.A.","url":"https:\/\/www.ferrovial.com\/es\/","logo":{"@type":"ImageObject","inLanguage":"es","@id":"https:\/\/www.ferrovial.com\/es\/#\/schema\/logo\/image\/","url":"https:\/\/static.ferrovial.com\/wp-content\/uploads\/2020\/01\/13124948\/logo-ferrovial-cf7.png","contentUrl":"https:\/\/static.ferrovial.com\/wp-content\/uploads\/2020\/01\/13124948\/logo-ferrovial-cf7.png","width":144,"height":32,"caption":"Ferrovial S.A."},"image":{"@id":"https:\/\/www.ferrovial.com\/es\/#\/schema\/logo\/image\/"},"sameAs":["https:\/\/www.facebook.com\/ferrovial","https:\/\/x.com\/ferrovial","https:\/\/www.instagram.com\/ferrovial\/","https:\/\/www.linkedin.com\/company\/ferrovial","https:\/\/www.pinterest.es\/ferrovial\/","https:\/\/www.youtube.com\/ferrovial","https:\/\/en.wikipedia.org\/wiki\/Ferrovial"]}]}},"_links":{"self":[{"href":"https:\/\/www.ferrovial.com\/es\/wp-json\/wp\/v2\/pages\/45659","targetHints":{"allow":["GET"]}}],"collection":[{"href":"https:\/\/www.ferrovial.com\/es\/wp-json\/wp\/v2\/pages"}],"about":[{"href":"https:\/\/www.ferrovial.com\/es\/wp-json\/wp\/v2\/types\/page"}],"replies":[{"embeddable":true,"href":"https:\/\/www.ferrovial.com\/es\/wp-json\/wp\/v2\/comments?post=45659"}],"version-history":[{"count":3,"href":"https:\/\/www.ferrovial.com\/es\/wp-json\/wp\/v2\/pages\/45659\/revisions"}],"predecessor-version":[{"id":156021,"href":"https:\/\/www.ferrovial.com\/es\/wp-json\/wp\/v2\/pages\/45659\/revisions\/156021"}],"up":[{"embeddable":true,"href":"https:\/\/www.ferrovial.com\/es\/wp-json\/wp\/v2\/pages\/43362"}],"wp:featuredmedia":[{"embeddable":true,"href":"https:\/\/www.ferrovial.com\/es\/wp-json\/wp\/v2\/media\/25277"}],"wp:attachment":[{"href":"https:\/\/www.ferrovial.com\/es\/wp-json\/wp\/v2\/media?parent=45659"}],"curies":[{"name":"wp","href":"https:\/\/api.w.org\/{rel}","templated":true}]}}