{"id":45675,"date":"2019-10-30T15:57:25","date_gmt":"2019-10-30T14:57:25","guid":{"rendered":"https:\/\/www.ferrovial.com\/?page_id=45675"},"modified":"2020-04-24T18:04:12","modified_gmt":"2020-04-24T16:04:12","slug":"ciudades-y-comunidades-sostenibles","status":"publish","type":"page","link":"https:\/\/www.ferrovial.com\/es\/sostenibilidad\/ods\/ciudades-y-comunidades-sostenibles\/","title":{"rendered":"Ciudades y comunidades sostenibles"},"content":{"rendered":"    <m-ods-header>\n        <div slot=\"block\">\n          <p style=\"background-color: #FAA53C; background-image: url('https:\/\/static.ferrovial.com\/wp-content\/uploads\/2020\/02\/13130126\/ods_ciudades850a.jpg')\"><\/p>\n        <\/div>\n        <p class=\"number\" slot=\"number\">\n            11        <\/p>\n        <p class=\"title\" slot=\"title\">\n            Ciudades y comunidades sostenibles        <\/p>\n        <p class=\"description\" slot=\"description\">\n                    <\/p>\n    <\/m-ods-header>\n    \n\n\n<m-wysiwig class=\"wp-block-components-wysiwyg\"><div slot=\"maincontent\">\n<p>Las sociedades humanas atraviesan un proceso de r\u00e1pida urbanizaci\u00f3n. Hoy por hoy, ya viven m\u00e1s personas en ciudades que fuera de ellas. Para 2050, dos tercios de la poblaci\u00f3n mundial estar\u00e1n asentados en zonas urbanas. Como tal, la construcci\u00f3n y la administraci\u00f3n de las ciudades juega un papel central en el desarrollo sostenible. No en vano, <strong>las ciudades ocupan solo el 3% del territorio, pero representan entre el 60 y el 80% del consumo de energ\u00eda<\/strong> y generan el 70% de las emisiones de carbono.<\/p>\n\n\n\n<p>Adem\u00e1s, la importancia econ\u00f3mica de las ciudades es innegable (generan alrededor del 80% del PIB global). Y, sin embargo, m\u00e1s de 800 millones de personas viven hoy en barrios marginales, una cifra que no deja de aumentar. Por eso, el <a rel=\"nofollow noreferrer noopener\" aria-label=\" (opens in a new tab)\" title=\"Objetivo 11: Ciudades y comunidades sostenibles | PNUD\" href=\"https:\/\/www.undp.org\/content\/undp\/es\/home\/sustainable-development-goals\/goal-11-sustainable-cities-and-communities.html\" target=\"_blank\">Objetivo de Desarrollo Sostenible 11<\/a> busca lograr que las ciudades y los asentamientos humanos sean inclusivos, seguros, resilientes y sostenibles.<\/p>\n\n\n\n<h2 class=\"wp-block-heading\"> Las ciudades ante el desaf\u00edo de la movilidad<\/h2>\n\n\n\n<p> 4.500 millones de personas viven en ciudades y 33 de estos asentamientos ya superan los 10 millones de habitantes. Lograr una movilidad urbana eficiente, sostenible y libre de emisiones en estas urbes en crecimiento es una de las metas marcadas por el ODS 11, una a la que estamos contribuyendo a trav\u00e9s del <a href=\"https:\/\/www.ferrovial.com\/es\/negocio\/proyectos\/zity-carsharing-electrico-en-madrid\/\">nuestro servicio de <\/a><em><a href=\"https:\/\/www.ferrovial.com\/es\/negocio\/proyectos\/zity-carsharing-electrico-en-madrid\/\">carsharing<\/a><\/em><a href=\"https:\/\/www.ferrovial.com\/es\/negocio\/proyectos\/zity-carsharing-electrico-en-madrid\/\"> el\u00e9ctrico Zity<\/a>.<\/p>\n\n\n\n<p>Los servicios de <em>carsharing<\/em> permiten el uso de veh\u00edculos bajo demanda, pagando solo por el tiempo que se usan. Son una alternativa en crecimiento al veh\u00edculo en propiedad y se calcula que <strong>por cada coche de <em>carsharing<\/em> se reduce en entre siete y 11 el n\u00famero de veh\u00edculos particulares en circulaci\u00f3n<\/strong>. Esto ayuda a reducir la congesti\u00f3n del tr\u00e1fico y la demanda las plazas de aparcamiento, as\u00ed como contribuye a rebajar las emisiones de gases de efecto invernadero.<\/p>\n\n\n\n<p> Zity gestiona 650 veh\u00edculos el\u00e9ctricos que han recorrido m\u00e1s de 13 millones de kil\u00f3metros y <strong>han evitado la emisi\u00f3n de 1.500 toneladas de CO2 a la atm\u00f3sfera<\/strong> entre 2017 y 2019. Adem\u00e1s, toda la energ\u00eda utilizada para la recarga de los veh\u00edculos est\u00e1 certificada con garant\u00eda de origen de fuentes de energ\u00eda renovables. En funcionamiento desde diciembre de 2017, Zity ha superado ya los 220.000 usuarios, ampliando su \u00e1rea de servicio de la almendra de Madrid toda la ciudad fuera del anillo de la M-30 y a otras localidades de la Comunidad de Madrid.<\/p>\n\n\n\n<p> La reducci\u00f3n de las emisiones y la menor congesti\u00f3n del tr\u00e1fico urbano no son los \u00fanicos impactos positivos de un servicio de <em>charsharing<\/em> como Zity. Como beneficio social adicional, se trata de<strong> la manera m\u00e1s efectiva de familiarizar al p\u00fablico con los coches el\u00e9ctricos<\/strong> (descubren su autonom\u00eda, su eficiencia y su modo de conducci\u00f3n suave y silencioso) e introducir veh\u00edculos limpios en las ciudades en un espacio corto de tiempo. Adem\u00e1s, ayuda a potenciar las infraestructuras asociadas al coche el\u00e9ctrico (como los puntos de recarga) y resulta en un abaratamiento de las tecnolog\u00edas aplicadas.<\/p>\n\n\n\n<p> Dentro del cap\u00edtulo de soluciones a la movilidad urbana y como parte del ODS 11, tambi\u00e9n hemos desarrollado <a title=\"Ahora encontrar\u00e1s Wondo dentro de Moovit\" rel=\"nofollow noopener noreferrer\" aria-label=\" (opens in a new tab)\" href=\"https:\/\/www.wondo.es\/\" target=\"_blank\">WONDO<\/a>. Se trata de un agregador de servicios de movilidad compartida para conseguir que moverse por las ciudades sea m\u00e1s econ\u00f3mico, c\u00f3modo y sostenible. Wondo, integrado en Moovit, <strong>optimiza las rutas y facilita la utilizaci\u00f3n integrada de los diferentes medios de transporte<\/strong>, incluyendo los el\u00e9ctricos de Zity, las motos de eCooltra o los <em>scooters<\/em> de Voi, as\u00ed como los servicios p\u00fablicos de metro, tren y autob\u00fas. <\/p>\n<\/div><\/m-wysiwig>\n","protected":false},"excerpt":{"rendered":"","protected":false},"featured_media":25277,"parent":43362,"menu_order":0,"comment_status":"closed","ping_status":"closed","template":"","meta":{"_acf_changed":false,"footnotes":""},"class_list":["post-45675","page","type-page","status-publish","has-post-thumbnail","hentry"],"acf":[],"yoast_head":"<!-- This site is optimized with the Yoast SEO plugin v27.2 - https:\/\/yoast.com\/product\/yoast-seo-wordpress\/ -->\n<title>ODS 11: Ciudades y comunidades sostenibles - Agenda 2030 - Ferrovial<\/title>\n<meta name=\"description\" content=\"4.500 millones de personas viven en ciudades y 33 de estos asentamientos ya superan los 10 millones de habitantes. Lograr una movilidad urbana eficiente y...\" \/>\n<meta name=\"robots\" content=\"index, follow, max-snippet:-1, max-image-preview:large, max-video-preview:-1\" \/>\n<link rel=\"canonical\" href=\"https:\/\/www.ferrovial.com\/es\/sostenibilidad\/ods\/ciudades-y-comunidades-sostenibles\/\" \/>\n<meta property=\"og:locale\" content=\"es_ES\" \/>\n<meta property=\"og:type\" content=\"article\" \/>\n<meta property=\"og:title\" content=\"ODS 11: Ciudades y comunidades sostenibles - Agenda 2030 - Ferrovial\" \/>\n<meta property=\"og:description\" content=\"4.500 millones de personas viven en ciudades y 33 de estos asentamientos ya superan los 10 millones de habitantes. Lograr una movilidad urbana eficiente y...\" \/>\n<meta property=\"og:url\" content=\"https:\/\/www.ferrovial.com\/es\/sostenibilidad\/ods\/ciudades-y-comunidades-sostenibles\/\" \/>\n<meta property=\"og:site_name\" content=\"Ferrovial\" \/>\n<meta property=\"article:publisher\" content=\"https:\/\/www.facebook.com\/ferrovial\" \/>\n<meta property=\"article:modified_time\" content=\"2020-04-24T16:04:12+00:00\" \/>\n<meta property=\"og:image\" content=\"https:\/\/static.ferrovial.com\/wp-content\/uploads\/2019\/09\/13141316\/che17633d.jpg\" \/>\n\t<meta property=\"og:image:width\" content=\"1386\" \/>\n\t<meta property=\"og:image:height\" content=\"924\" \/>\n\t<meta property=\"og:image:type\" content=\"image\/jpeg\" \/>\n<meta name=\"twitter:card\" content=\"summary_large_image\" \/>\n<meta name=\"twitter:site\" content=\"@ferrovial\" \/>\n<meta name=\"twitter:label1\" content=\"Est. reading time\" \/>\n\t<meta name=\"twitter:data1\" content=\"3 minutos\" \/>\n<!-- \/ Yoast SEO plugin. -->","yoast_head_json":{"title":"ODS 11: Ciudades y comunidades sostenibles - Agenda 2030 - Ferrovial","description":"4.500 millones de personas viven en ciudades y 33 de estos asentamientos ya superan los 10 millones de habitantes. Lograr una movilidad urbana eficiente y...","robots":{"index":"index","follow":"follow","max-snippet":"max-snippet:-1","max-image-preview":"max-image-preview:large","max-video-preview":"max-video-preview:-1"},"canonical":"https:\/\/www.ferrovial.com\/es\/sostenibilidad\/ods\/ciudades-y-comunidades-sostenibles\/","og_locale":"es_ES","og_type":"article","og_title":"ODS 11: Ciudades y comunidades sostenibles - Agenda 2030 - Ferrovial","og_description":"4.500 millones de personas viven en ciudades y 33 de estos asentamientos ya superan los 10 millones de habitantes. Lograr una movilidad urbana eficiente y...","og_url":"https:\/\/www.ferrovial.com\/es\/sostenibilidad\/ods\/ciudades-y-comunidades-sostenibles\/","og_site_name":"Ferrovial","article_publisher":"https:\/\/www.facebook.com\/ferrovial","article_modified_time":"2020-04-24T16:04:12+00:00","og_image":[{"width":1386,"height":924,"url":"https:\/\/static.ferrovial.com\/wp-content\/uploads\/2019\/09\/13141316\/che17633d.jpg","type":"image\/jpeg"}],"twitter_card":"summary_large_image","twitter_site":"@ferrovial","twitter_misc":{"Est. reading time":"3 minutos"},"schema":{"@context":"https:\/\/schema.org","@graph":[{"@type":"WebPage","@id":"https:\/\/www.ferrovial.com\/es\/sostenibilidad\/ods\/ciudades-y-comunidades-sostenibles\/","url":"https:\/\/www.ferrovial.com\/es\/sostenibilidad\/ods\/ciudades-y-comunidades-sostenibles\/","name":"ODS 11: Ciudades y comunidades sostenibles - Agenda 2030 - Ferrovial","isPartOf":{"@id":"https:\/\/www.ferrovial.com\/es\/#website"},"primaryImageOfPage":{"@id":"https:\/\/www.ferrovial.com\/es\/sostenibilidad\/ods\/ciudades-y-comunidades-sostenibles\/#primaryimage"},"image":{"@id":"https:\/\/www.ferrovial.com\/es\/sostenibilidad\/ods\/ciudades-y-comunidades-sostenibles\/#primaryimage"},"thumbnailUrl":"https:\/\/static.ferrovial.com\/wp-content\/uploads\/2019\/09\/13141316\/che17633d.jpg","datePublished":"2019-10-30T14:57:25+00:00","dateModified":"2020-04-24T16:04:12+00:00","description":"4.500 millones de personas viven en ciudades y 33 de estos asentamientos ya superan los 10 millones de habitantes. Lograr una movilidad urbana eficiente y...","breadcrumb":{"@id":"https:\/\/www.ferrovial.com\/es\/sostenibilidad\/ods\/ciudades-y-comunidades-sostenibles\/#breadcrumb"},"inLanguage":"es","potentialAction":[{"@type":"ReadAction","target":["https:\/\/www.ferrovial.com\/es\/sostenibilidad\/ods\/ciudades-y-comunidades-sostenibles\/"]}]},{"@type":"ImageObject","inLanguage":"es","@id":"https:\/\/www.ferrovial.com\/es\/sostenibilidad\/ods\/ciudades-y-comunidades-sostenibles\/#primaryimage","url":"https:\/\/static.ferrovial.com\/wp-content\/uploads\/2019\/09\/13141316\/che17633d.jpg","contentUrl":"https:\/\/static.ferrovial.com\/wp-content\/uploads\/2019\/09\/13141316\/che17633d.jpg","width":1386,"height":924,"caption":"Heathrow, Terminal 2, roof architecture, January 2014."},{"@type":"BreadcrumbList","@id":"https:\/\/www.ferrovial.com\/es\/sostenibilidad\/ods\/ciudades-y-comunidades-sostenibles\/#breadcrumb","itemListElement":[{"@type":"ListItem","position":1,"name":"Portada","item":"https:\/\/www.ferrovial.com\/es\/"},{"@type":"ListItem","position":2,"name":"Sostenibilidad","item":"https:\/\/www.ferrovial.com\/es\/sostenibilidad\/"},{"@type":"ListItem","position":3,"name":"Objetivos de desarrollo sostenible","item":"https:\/\/www.ferrovial.com\/es\/?page_id=43362"},{"@type":"ListItem","position":4,"name":"Ciudades y comunidades sostenibles"}]},{"@type":"WebSite","@id":"https:\/\/www.ferrovial.com\/es\/#website","url":"https:\/\/www.ferrovial.com\/es\/","name":"Ferrovial","description":"Welcome to the Ferrovial&#039;s website, global operator of sustainable infrastructure. Here you can find all the information about the company and subsidiaries.","publisher":{"@id":"https:\/\/www.ferrovial.com\/es\/#organization"},"potentialAction":[{"@type":"SearchAction","target":{"@type":"EntryPoint","urlTemplate":"https:\/\/www.ferrovial.com\/es\/?s={search_term_string}"},"query-input":{"@type":"PropertyValueSpecification","valueRequired":true,"valueName":"search_term_string"}}],"inLanguage":"es"},{"@type":"Organization","@id":"https:\/\/www.ferrovial.com\/es\/#organization","name":"Ferrovial S.A.","url":"https:\/\/www.ferrovial.com\/es\/","logo":{"@type":"ImageObject","inLanguage":"es","@id":"https:\/\/www.ferrovial.com\/es\/#\/schema\/logo\/image\/","url":"https:\/\/static.ferrovial.com\/wp-content\/uploads\/2020\/01\/13124948\/logo-ferrovial-cf7.png","contentUrl":"https:\/\/static.ferrovial.com\/wp-content\/uploads\/2020\/01\/13124948\/logo-ferrovial-cf7.png","width":144,"height":32,"caption":"Ferrovial S.A."},"image":{"@id":"https:\/\/www.ferrovial.com\/es\/#\/schema\/logo\/image\/"},"sameAs":["https:\/\/www.facebook.com\/ferrovial","https:\/\/x.com\/ferrovial","https:\/\/www.instagram.com\/ferrovial\/","https:\/\/www.linkedin.com\/company\/ferrovial","https:\/\/www.pinterest.es\/ferrovial\/","https:\/\/www.youtube.com\/ferrovial","https:\/\/en.wikipedia.org\/wiki\/Ferrovial"]}]}},"_links":{"self":[{"href":"https:\/\/www.ferrovial.com\/es\/wp-json\/wp\/v2\/pages\/45675","targetHints":{"allow":["GET"]}}],"collection":[{"href":"https:\/\/www.ferrovial.com\/es\/wp-json\/wp\/v2\/pages"}],"about":[{"href":"https:\/\/www.ferrovial.com\/es\/wp-json\/wp\/v2\/types\/page"}],"replies":[{"embeddable":true,"href":"https:\/\/www.ferrovial.com\/es\/wp-json\/wp\/v2\/comments?post=45675"}],"version-history":[{"count":4,"href":"https:\/\/www.ferrovial.com\/es\/wp-json\/wp\/v2\/pages\/45675\/revisions"}],"predecessor-version":[{"id":173988,"href":"https:\/\/www.ferrovial.com\/es\/wp-json\/wp\/v2\/pages\/45675\/revisions\/173988"}],"up":[{"embeddable":true,"href":"https:\/\/www.ferrovial.com\/es\/wp-json\/wp\/v2\/pages\/43362"}],"wp:featuredmedia":[{"embeddable":true,"href":"https:\/\/www.ferrovial.com\/es\/wp-json\/wp\/v2\/media\/25277"}],"wp:attachment":[{"href":"https:\/\/www.ferrovial.com\/es\/wp-json\/wp\/v2\/media?parent=45675"}],"curies":[{"name":"wp","href":"https:\/\/api.w.org\/{rel}","templated":true}]}}