{"id":49978,"date":"2019-11-06T13:36:58","date_gmt":"2019-11-06T12:36:58","guid":{"rendered":"https:\/\/www.ferrovial.com\/?page_id=49978"},"modified":"2026-04-17T10:16:41","modified_gmt":"2026-04-17T08:16:41","slug":"rsc","status":"publish","type":"page","link":"https:\/\/www.ferrovial.com\/es\/sostenibilidad\/rsc\/","title":{"rendered":"Social RSC"},"content":{"rendered":"    <m-final-content-header bgimage='https:\/\/static.ferrovial.com\/wp-content\/uploads\/2019\/12\/13140855\/cr-pic-si-co-acf-2014-wash-004_med-1280x720.jpg'>\n            <c-breadcrumb label-text=\"Breadcrumb\" slot=\"breadcrumbs\" type='2' align='left' wrap='wrapped wrapped' aria-label='Vienes de Sostenibilidad'>\n                        <ol>\n\n                                                            <li><a href=\"https:\/\/www.ferrovial.com\/es\/\" title=\"Ferrovial\">Ferrovial<\/a><\/li>\n                                                                        <li><a href=\"https:\/\/www.ferrovial.com\/es\/sostenibilidad\/\" title=\"Sostenibilidad\">Sostenibilidad<\/a><\/li>\n                                    \n                <\/ol>\n\n                <\/c-breadcrumb>\n    \n        <div slot=\"header\">\n            <h1>\n                Responsabilidad Social Corporativa            <\/h1>\n                    <\/div>\n    <\/m-final-content-header>\n\n    \n\n\n<m-wysiwig class=\"wp-block-components-wysiwyg\"><div slot=\"maincontent\">    <p class=\"intro\">Unimos nuestra estrategia de Responsabilidad Corporativa a la estrategia de negocio para conseguir objetivos econ\u00f3micos junto con los sociales y medioambientales, plasmados en la Estrategia de Sostenibilidad 2030.<\/p>\n    <\/div><\/m-wysiwig>\n\n\n    <m-multiple-distributor columns='4'>\n                        <p slot=\"title\">\n                    Descubre todo sobre nuestros compromisos                <\/p>\n                                    <div class=\"card\">\n                                                <img decoding=\"async\" src=\"https:\/\/static.ferrovial.com\/wp-content\/uploads\/2019\/09\/13140655\/autopista-construida-por-ferrovial-politica-de-sostenibilidad-800x600.jpg\" alt=\"autopista-construida-por-ferrovial-politica-de-sostenibilidad\" position=\"center center\" \/>\n                                                        <p class=\"name\">Estrategia de Sostenibilidad 2030 <\/p>\n                                                                    <p class=\"description\">Descripci\u00f3n por defecto<\/p>\n                                                                        <a title='M\u00e1s informaci\u00f3n' aria-label='M\u00e1s informaci\u00f3n sobre Estrategia de Sostenibilidad 2030 '>M\u00e1s informaci\u00f3n<\/a>\n                                                            <\/div>\n                                        <div class=\"card\">\n                                                <img decoding=\"async\" src=\"https:\/\/static.ferrovial.com\/wp-content\/uploads\/2019\/11\/13140935\/algarve-calidad-y-medioambiente-e1573051256578-800x600.jpg\" alt=\"\" position=\"center center\" \/>\n                                                        <p class=\"name\">\u00cdndices de Sostenibilidad<\/p>\n                                                                    <p class=\"description\">Descripci\u00f3n por defecto<\/p>\n                                                                        <a title='M\u00e1s informaci\u00f3n' aria-label='M\u00e1s informaci\u00f3n sobre \u00cdndices de Sostenibilidad'>M\u00e1s informaci\u00f3n<\/a>\n                                                            <\/div>\n                                        <div class=\"card\">\n                                                <img decoding=\"async\" src=\"https:\/\/static.ferrovial.com\/wp-content\/uploads\/2019\/12\/13140932\/imacor20170918_2311-800x600.jpg\" alt=\"trabajadores en obra de ferrovial agroman\" position=\"center center\" \/>\n                                                        <p class=\"name\">Derechos Humanos<\/p>\n                                                                    <p class=\"description\">Descripci\u00f3n por defecto<\/p>\n                                                                        <a title='M\u00e1s informaci\u00f3n ' aria-label='M\u00e1s informaci\u00f3n sobre Derechos Humanos'>M\u00e1s informaci\u00f3n <\/a>\n                                                            <\/div>\n                        <\/m-multiple-distributor>\n\n    \n\n\n    <m-distributor-basic bgimg='https:\/\/static.ferrovial.com\/wp-content\/uploads\/2019\/09\/13135438\/acceso-agua-potable-distrito-de-buyende-uganda-plan-garrafas-agua.jpg'>\n                        <h2 slot=\"label\">\n                    Impacto en la comunidad                <\/h2>\n                                <h3 slot=\"title\">\n                    Programas de acci\u00f3n social                 <\/h3>\n                                <p slot=\"text\">\n                    Impulsamos proyectos para el desarrollo social de las comunidades en las que operamos.                <\/p>\n                                    <c-button slot='cta' type='primary' disabled='false' href='#'>\n                        <span>Ver los programas sociales<\/span>\n                                        <\/c-button>\n                    \n        \n\n    <\/m-distributor-basic>\n    \n\n    <m-projects-distributor2 :translations='{\n        &quot;prev&quot;:&quot;Anterior&quot;,\n        &quot;next&quot;:&quot;Siguiente&quot;,\n        &quot;paginationseparator&quot;:&quot;de&quot;\n    }'>\n                        <h2 slot=\"label\">\n                    Proyectos                <\/h2>\n                                <h3 slot=\"title\">\n                Nuestros proyectos de RSC                <\/h3>\n                        <a slot='button' title='Ver todos' href='https:\/\/www.ferrovial.com\/es\/sostenibilidad\/rsc\/proyectos\/'>\n            Ver todos        <\/a>\n\n            <\/m-projects-distributor2>\n\n    ","protected":false},"excerpt":{"rendered":"","protected":false},"featured_media":0,"parent":41969,"menu_order":0,"comment_status":"closed","ping_status":"closed","template":"","meta":{"_acf_changed":false,"footnotes":""},"class_list":["post-49978","page","type-page","status-publish","hentry"],"acf":[],"yoast_head":"<!-- This site is optimized with the Yoast SEO plugin v27.2 - https:\/\/yoast.com\/product\/yoast-seo-wordpress\/ -->\n<title>Responsabilidad Social Corporativa (RSC) - Ferrovial<\/title>\n<meta name=\"description\" content=\"Unimos nuestra estrategia de Responsabilidad Corporativa a la Estrategia de Negocio para conseguir objetivos econ\u00f3micos junto con los sociales y ...\" \/>\n<meta name=\"robots\" content=\"index, follow, max-snippet:-1, max-image-preview:large, max-video-preview:-1\" \/>\n<link rel=\"canonical\" href=\"https:\/\/www.ferrovial.com\/es\/sostenibilidad\/rsc\/\" \/>\n<meta property=\"og:locale\" content=\"es_ES\" \/>\n<meta property=\"og:type\" content=\"article\" \/>\n<meta property=\"og:title\" content=\"Responsabilidad Social Corporativa (RSC) - Ferrovial\" \/>\n<meta property=\"og:description\" content=\"Unimos nuestra estrategia de Responsabilidad Corporativa a la Estrategia de Negocio para conseguir objetivos econ\u00f3micos junto con los sociales y ...\" \/>\n<meta property=\"og:url\" content=\"https:\/\/www.ferrovial.com\/es\/sostenibilidad\/rsc\/\" \/>\n<meta property=\"og:site_name\" content=\"Ferrovial\" \/>\n<meta property=\"article:publisher\" content=\"https:\/\/www.facebook.com\/ferrovial\" \/>\n<meta property=\"article:modified_time\" content=\"2026-04-17T08:16:41+00:00\" \/>\n<meta name=\"twitter:card\" content=\"summary_large_image\" \/>\n<meta name=\"twitter:site\" content=\"@ferrovial\" \/>\n<!-- \/ Yoast SEO plugin. -->","yoast_head_json":{"title":"Responsabilidad Social Corporativa (RSC) - Ferrovial","description":"Unimos nuestra estrategia de Responsabilidad Corporativa a la Estrategia de Negocio para conseguir objetivos econ\u00f3micos junto con los sociales y ...","robots":{"index":"index","follow":"follow","max-snippet":"max-snippet:-1","max-image-preview":"max-image-preview:large","max-video-preview":"max-video-preview:-1"},"canonical":"https:\/\/www.ferrovial.com\/es\/sostenibilidad\/rsc\/","og_locale":"es_ES","og_type":"article","og_title":"Responsabilidad Social Corporativa (RSC) - Ferrovial","og_description":"Unimos nuestra estrategia de Responsabilidad Corporativa a la Estrategia de Negocio para conseguir objetivos econ\u00f3micos junto con los sociales y ...","og_url":"https:\/\/www.ferrovial.com\/es\/sostenibilidad\/rsc\/","og_site_name":"Ferrovial","article_publisher":"https:\/\/www.facebook.com\/ferrovial","article_modified_time":"2026-04-17T08:16:41+00:00","twitter_card":"summary_large_image","twitter_site":"@ferrovial","schema":{"@context":"https:\/\/schema.org","@graph":[{"@type":"WebPage","@id":"https:\/\/www.ferrovial.com\/es\/sostenibilidad\/rsc\/","url":"https:\/\/www.ferrovial.com\/es\/sostenibilidad\/rsc\/","name":"Responsabilidad Social Corporativa (RSC) - Ferrovial","isPartOf":{"@id":"https:\/\/www.ferrovial.com\/es\/#website"},"datePublished":"2019-11-06T12:36:58+00:00","dateModified":"2026-04-17T08:16:41+00:00","description":"Unimos nuestra estrategia de Responsabilidad Corporativa a la Estrategia de Negocio para conseguir objetivos econ\u00f3micos junto con los sociales y ...","breadcrumb":{"@id":"https:\/\/www.ferrovial.com\/es\/sostenibilidad\/rsc\/#breadcrumb"},"inLanguage":"es","potentialAction":[{"@type":"ReadAction","target":["https:\/\/www.ferrovial.com\/es\/sostenibilidad\/rsc\/"]}]},{"@type":"BreadcrumbList","@id":"https:\/\/www.ferrovial.com\/es\/sostenibilidad\/rsc\/#breadcrumb","itemListElement":[{"@type":"ListItem","position":1,"name":"Portada","item":"https:\/\/www.ferrovial.com\/es\/"},{"@type":"ListItem","position":2,"name":"Sostenibilidad","item":"https:\/\/www.ferrovial.com\/es\/sostenibilidad\/"},{"@type":"ListItem","position":3,"name":"Social RSC"}]},{"@type":"WebSite","@id":"https:\/\/www.ferrovial.com\/es\/#website","url":"https:\/\/www.ferrovial.com\/es\/","name":"Ferrovial","description":"Welcome to the Ferrovial&#039;s website, global operator of sustainable infrastructure. Here you can find all the information about the company and subsidiaries.","publisher":{"@id":"https:\/\/www.ferrovial.com\/es\/#organization"},"potentialAction":[{"@type":"SearchAction","target":{"@type":"EntryPoint","urlTemplate":"https:\/\/www.ferrovial.com\/es\/?s={search_term_string}"},"query-input":{"@type":"PropertyValueSpecification","valueRequired":true,"valueName":"search_term_string"}}],"inLanguage":"es"},{"@type":"Organization","@id":"https:\/\/www.ferrovial.com\/es\/#organization","name":"Ferrovial S.A.","url":"https:\/\/www.ferrovial.com\/es\/","logo":{"@type":"ImageObject","inLanguage":"es","@id":"https:\/\/www.ferrovial.com\/es\/#\/schema\/logo\/image\/","url":"https:\/\/static.ferrovial.com\/wp-content\/uploads\/2020\/01\/13124948\/logo-ferrovial-cf7.png","contentUrl":"https:\/\/static.ferrovial.com\/wp-content\/uploads\/2020\/01\/13124948\/logo-ferrovial-cf7.png","width":144,"height":32,"caption":"Ferrovial S.A."},"image":{"@id":"https:\/\/www.ferrovial.com\/es\/#\/schema\/logo\/image\/"},"sameAs":["https:\/\/www.facebook.com\/ferrovial","https:\/\/x.com\/ferrovial","https:\/\/www.instagram.com\/ferrovial\/","https:\/\/www.linkedin.com\/company\/ferrovial","https:\/\/www.pinterest.es\/ferrovial\/","https:\/\/www.youtube.com\/ferrovial","https:\/\/en.wikipedia.org\/wiki\/Ferrovial"]}]}},"_links":{"self":[{"href":"https:\/\/www.ferrovial.com\/es\/wp-json\/wp\/v2\/pages\/49978","targetHints":{"allow":["GET"]}}],"collection":[{"href":"https:\/\/www.ferrovial.com\/es\/wp-json\/wp\/v2\/pages"}],"about":[{"href":"https:\/\/www.ferrovial.com\/es\/wp-json\/wp\/v2\/types\/page"}],"replies":[{"embeddable":true,"href":"https:\/\/www.ferrovial.com\/es\/wp-json\/wp\/v2\/comments?post=49978"}],"version-history":[{"count":3,"href":"https:\/\/www.ferrovial.com\/es\/wp-json\/wp\/v2\/pages\/49978\/revisions"}],"predecessor-version":[{"id":330335,"href":"https:\/\/www.ferrovial.com\/es\/wp-json\/wp\/v2\/pages\/49978\/revisions\/330335"}],"up":[{"embeddable":true,"href":"https:\/\/www.ferrovial.com\/es\/wp-json\/wp\/v2\/pages\/41969"}],"wp:attachment":[{"href":"https:\/\/www.ferrovial.com\/es\/wp-json\/wp\/v2\/media?parent=49978"}],"curies":[{"name":"wp","href":"https:\/\/api.w.org\/{rel}","templated":true}]}}