{"id":51025,"date":"2019-11-08T11:57:12","date_gmt":"2019-11-08T10:57:12","guid":{"rendered":"https:\/\/www.ferrovial.com\/?page_id=51025"},"modified":"2020-07-13T13:28:18","modified_gmt":"2020-07-13T11:28:18","slug":"plan-de-seguridad-vial","status":"publish","type":"page","link":"https:\/\/www.ferrovial.com\/es\/sostenibilidad\/seguridad-salud\/plan-de-seguridad-vial\/","title":{"rendered":"Plan de Seguridad Vial"},"content":{"rendered":"    <m-final-content-header bgimage='https:\/\/static.ferrovial.com\/wp-content\/uploads\/2020\/07\/13124302\/plan-de-seguridad-vial.jpg'>\n            <c-breadcrumb label-text=\"Breadcrumb\" slot=\"breadcrumbs\" type='2' align='left' wrap='wrapped wrapped' aria-label='Vienes de Seguridad, salud y bienestar'>\n                        <ol>\n\n                                                            <li><a href=\"https:\/\/www.ferrovial.com\/es\/\" title=\"Ferrovial\">Ferrovial<\/a><\/li>\n                                                                        <li><a href=\"https:\/\/www.ferrovial.com\/es\/sostenibilidad\/\" title=\"Sostenibilidad\">Sostenibilidad<\/a><\/li>\n                                                                        <li><a href=\"https:\/\/www.ferrovial.com\/es\/sostenibilidad\/seguridad-salud\/\" title=\"Seguridad, salud y bienestar\">Seguridad, salud y bienestar<\/a><\/li>\n                                    \n                <\/ol>\n\n                <\/c-breadcrumb>\n    \n        <div slot=\"header\">\n            <h1>\n                Plan de Seguridad Vial             <\/h1>\n                    <\/div>\n    <\/m-final-content-header>\n\n    \n\n\n<m-wysiwig class=\"wp-block-components-wysiwyg\"><div slot=\"maincontent\">    <p class=\"intro\">La gesti\u00f3n de la seguridad vial entre nuestros trabajadores y los ciudadanos forma parte de nuestra responsabilidades.\n<\/p>\n    \n\n\n<p>La<a href=\"http:\/\/www.dgt.es\/Galerias\/seguridad-vial\/estrategias-y-planes\/estrategicos-2011-2020\/doc\/estrategico_2020_004.pdf\" target=\"_blank\" rel=\"noreferrer noopener\" aria-label=\" (opens in a new tab)\" title=\"Estrategia Espa\u00f1ola de Seguridad Vial 2011-2020\"> Estrategia Espa\u00f1ola de Seguridad Vial 2011-2020<\/a> establece 6 prioridades, entre las que se encuentran mejorar la seguridad en los desplazamientos relacionados con el trabajo y potenciar una movilidad sostenible. Por ello, entendemos que forma parte de nuestras responsabilidades en materia de seguridad y salud el examinar y mejorar la gesti\u00f3n de la seguridad vial de nuestros trabajadores.<\/p>\n\n\n\n<p>En septiembre de 2015, firmamos un convenio de colaboraci\u00f3n con<a href=\"http:\/\/www.fesvial.es\/\" target=\"_blank\" rel=\"noreferrer noopener\" aria-label=\" (opens in a new tab)\" title=\"Fesvial (Fundaci\u00f3n Espa\u00f1ola para la Seguridad Vial)\"> Fesvial (Fundaci\u00f3n Espa\u00f1ola para la Seguridad Vial)<\/a>, con el objeto de reducir al m\u00e1ximo los accidentes in itinere y en misi\u00f3n. En una primera fase, esta colaboraci\u00f3n se ha concretado en la elaboraci\u00f3n de un plan de seguridad vial, desarrollando un marco de movilidad segura y sostenible para todos nuestros trabajadores.<\/p>\n\n\n\n<p>Un plan de movilidad segura y sostenible en el trabajo consistente en:<\/p>\n\n\n\n<blockquote class=\"wp-block-quote is-layout-flow wp-block-quote-is-layout-flow\"><p> <em>Un conjunto de acciones enfocadas, por una parte, a&nbsp; eliminar, reducir, controlar y\/o actuar sobre los riesgos laborales derivados del uso de veh\u00edculos, y por otra a incrementar la eficiencia y reducir el impacto ambiental derivado de los desplazamientos relacionados con el trabajo (en misi\u00f3n), o en la ida o vuelta al mismo (in itinere)\u201d.<\/em> <\/p><\/blockquote>\n<\/div><\/m-wysiwig>\n","protected":false},"excerpt":{"rendered":"","protected":false},"featured_media":0,"parent":18862,"menu_order":0,"comment_status":"closed","ping_status":"closed","template":"","meta":{"_acf_changed":false,"footnotes":""},"class_list":["post-51025","page","type-page","status-publish","hentry"],"acf":[],"yoast_head":"<!-- This site is optimized with the Yoast SEO plugin v27.2 - https:\/\/yoast.com\/product\/yoast-seo-wordpress\/ -->\n<title>Plan de Seguridad Vial - Ferrovial<\/title>\n<meta name=\"description\" content=\"Welcome to the Ferrovial&#039;s website, global operator of sustainable infrastructure. Here you can find all the information about the company and subsidiaries.\" \/>\n<meta name=\"robots\" content=\"index, follow, max-snippet:-1, max-image-preview:large, max-video-preview:-1\" \/>\n<link rel=\"canonical\" href=\"https:\/\/www.ferrovial.com\/es\/sostenibilidad\/seguridad-salud\/plan-de-seguridad-vial\/\" \/>\n<meta property=\"og:locale\" content=\"es_ES\" \/>\n<meta property=\"og:type\" content=\"article\" \/>\n<meta property=\"og:title\" content=\"Plan de Seguridad Vial - Ferrovial\" \/>\n<meta property=\"og:description\" content=\"Welcome to the Ferrovial&#039;s website, global operator of sustainable infrastructure. Here you can find all the information about the company and subsidiaries.\" \/>\n<meta property=\"og:url\" content=\"https:\/\/www.ferrovial.com\/es\/sostenibilidad\/seguridad-salud\/plan-de-seguridad-vial\/\" \/>\n<meta property=\"og:site_name\" content=\"Ferrovial\" \/>\n<meta property=\"article:publisher\" content=\"https:\/\/www.facebook.com\/ferrovial\" \/>\n<meta property=\"article:modified_time\" content=\"2020-07-13T11:28:18+00:00\" \/>\n<meta name=\"twitter:card\" content=\"summary_large_image\" \/>\n<meta name=\"twitter:site\" content=\"@ferrovial\" \/>\n<meta name=\"twitter:label1\" content=\"Est. reading time\" \/>\n\t<meta name=\"twitter:data1\" content=\"1 minuto\" \/>\n<!-- \/ Yoast SEO plugin. -->","yoast_head_json":{"title":"Plan de Seguridad Vial - Ferrovial","description":"Welcome to the Ferrovial's website, global operator of sustainable infrastructure. Here you can find all the information about the company and subsidiaries.","robots":{"index":"index","follow":"follow","max-snippet":"max-snippet:-1","max-image-preview":"max-image-preview:large","max-video-preview":"max-video-preview:-1"},"canonical":"https:\/\/www.ferrovial.com\/es\/sostenibilidad\/seguridad-salud\/plan-de-seguridad-vial\/","og_locale":"es_ES","og_type":"article","og_title":"Plan de Seguridad Vial - Ferrovial","og_description":"Welcome to the Ferrovial's website, global operator of sustainable infrastructure. Here you can find all the information about the company and subsidiaries.","og_url":"https:\/\/www.ferrovial.com\/es\/sostenibilidad\/seguridad-salud\/plan-de-seguridad-vial\/","og_site_name":"Ferrovial","article_publisher":"https:\/\/www.facebook.com\/ferrovial","article_modified_time":"2020-07-13T11:28:18+00:00","twitter_card":"summary_large_image","twitter_site":"@ferrovial","twitter_misc":{"Est. reading time":"1 minuto"},"schema":{"@context":"https:\/\/schema.org","@graph":[{"@type":"WebPage","@id":"https:\/\/www.ferrovial.com\/es\/sostenibilidad\/seguridad-salud\/plan-de-seguridad-vial\/","url":"https:\/\/www.ferrovial.com\/es\/sostenibilidad\/seguridad-salud\/plan-de-seguridad-vial\/","name":"Plan de Seguridad Vial - Ferrovial","isPartOf":{"@id":"https:\/\/www.ferrovial.com\/es\/#website"},"datePublished":"2019-11-08T10:57:12+00:00","dateModified":"2020-07-13T11:28:18+00:00","description":"Welcome to the Ferrovial's website, global operator of sustainable infrastructure. Here you can find all the information about the company and subsidiaries.","breadcrumb":{"@id":"https:\/\/www.ferrovial.com\/es\/sostenibilidad\/seguridad-salud\/plan-de-seguridad-vial\/#breadcrumb"},"inLanguage":"es","potentialAction":[{"@type":"ReadAction","target":["https:\/\/www.ferrovial.com\/es\/sostenibilidad\/seguridad-salud\/plan-de-seguridad-vial\/"]}]},{"@type":"BreadcrumbList","@id":"https:\/\/www.ferrovial.com\/es\/sostenibilidad\/seguridad-salud\/plan-de-seguridad-vial\/#breadcrumb","itemListElement":[{"@type":"ListItem","position":1,"name":"Portada","item":"https:\/\/www.ferrovial.com\/es\/"},{"@type":"ListItem","position":2,"name":"Sostenibilidad","item":"https:\/\/www.ferrovial.com\/es\/sostenibilidad\/"},{"@type":"ListItem","position":3,"name":"Seguridad, salud y bienestar","item":"https:\/\/www.ferrovial.com\/es\/sostenibilidad\/seguridad-salud\/"},{"@type":"ListItem","position":4,"name":"Plan de Seguridad Vial"}]},{"@type":"WebSite","@id":"https:\/\/www.ferrovial.com\/es\/#website","url":"https:\/\/www.ferrovial.com\/es\/","name":"Ferrovial","description":"Welcome to the Ferrovial&#039;s website, global operator of sustainable infrastructure. Here you can find all the information about the company and subsidiaries.","publisher":{"@id":"https:\/\/www.ferrovial.com\/es\/#organization"},"potentialAction":[{"@type":"SearchAction","target":{"@type":"EntryPoint","urlTemplate":"https:\/\/www.ferrovial.com\/es\/?s={search_term_string}"},"query-input":{"@type":"PropertyValueSpecification","valueRequired":true,"valueName":"search_term_string"}}],"inLanguage":"es"},{"@type":"Organization","@id":"https:\/\/www.ferrovial.com\/es\/#organization","name":"Ferrovial S.A.","url":"https:\/\/www.ferrovial.com\/es\/","logo":{"@type":"ImageObject","inLanguage":"es","@id":"https:\/\/www.ferrovial.com\/es\/#\/schema\/logo\/image\/","url":"https:\/\/static.ferrovial.com\/wp-content\/uploads\/2020\/01\/13124948\/logo-ferrovial-cf7.png","contentUrl":"https:\/\/static.ferrovial.com\/wp-content\/uploads\/2020\/01\/13124948\/logo-ferrovial-cf7.png","width":144,"height":32,"caption":"Ferrovial S.A."},"image":{"@id":"https:\/\/www.ferrovial.com\/es\/#\/schema\/logo\/image\/"},"sameAs":["https:\/\/www.facebook.com\/ferrovial","https:\/\/x.com\/ferrovial","https:\/\/www.instagram.com\/ferrovial\/","https:\/\/www.linkedin.com\/company\/ferrovial","https:\/\/www.pinterest.es\/ferrovial\/","https:\/\/www.youtube.com\/ferrovial","https:\/\/en.wikipedia.org\/wiki\/Ferrovial"]}]}},"_links":{"self":[{"href":"https:\/\/www.ferrovial.com\/es\/wp-json\/wp\/v2\/pages\/51025","targetHints":{"allow":["GET"]}}],"collection":[{"href":"https:\/\/www.ferrovial.com\/es\/wp-json\/wp\/v2\/pages"}],"about":[{"href":"https:\/\/www.ferrovial.com\/es\/wp-json\/wp\/v2\/types\/page"}],"replies":[{"embeddable":true,"href":"https:\/\/www.ferrovial.com\/es\/wp-json\/wp\/v2\/comments?post=51025"}],"version-history":[{"count":3,"href":"https:\/\/www.ferrovial.com\/es\/wp-json\/wp\/v2\/pages\/51025\/revisions"}],"predecessor-version":[{"id":170836,"href":"https:\/\/www.ferrovial.com\/es\/wp-json\/wp\/v2\/pages\/51025\/revisions\/170836"}],"up":[{"embeddable":true,"href":"https:\/\/www.ferrovial.com\/es\/wp-json\/wp\/v2\/pages\/18862"}],"wp:attachment":[{"href":"https:\/\/www.ferrovial.com\/es\/wp-json\/wp\/v2\/media?parent=51025"}],"curies":[{"name":"wp","href":"https:\/\/api.w.org\/{rel}","templated":true}]}}