{"id":53536,"date":"2019-11-11T13:04:32","date_gmt":"2019-11-11T12:04:32","guid":{"rendered":"https:\/\/www.ferrovial.com\/?page_id=53536"},"modified":"2020-12-15T17:38:23","modified_gmt":"2020-12-15T16:38:23","slug":"programa-para-graduados-en-ingenieria-civil","status":"publish","type":"page","link":"https:\/\/www.ferrovial.com\/es\/empleo\/graduate-program\/programa-para-graduados-en-ingenieria-civil\/","title":{"rendered":"Programa para graduados en ingenier\u00eda civil de Ferrovial Agroman"},"content":{"rendered":"    <m-final-content-header bgimage='https:\/\/static.ferrovial.com\/wp-content\/uploads\/2019\/09\/13134922\/museoguggenheim-3.jpg'>\n            <c-breadcrumb label-text=\"Breadcrumb\" slot=\"breadcrumbs\" type='2' align='left' wrap='wrapped wrapped' aria-label='Vienes de Becas y graduados'>\n                        <ol>\n\n                                                            <li><a href=\"https:\/\/www.ferrovial.com\/es\/\" title=\"Ferrovial\">Ferrovial<\/a><\/li>\n                                                                        <li><a href=\"https:\/\/www.ferrovial.com\/es\/empleo\/\" title=\"Empleo\">Empleo<\/a><\/li>\n                                                                        <li><a href=\"https:\/\/www.ferrovial.com\/es\/empleo\/graduate-program\/\" title=\"Becas y graduados\">Becas y graduados<\/a><\/li>\n                                    \n                <\/ol>\n\n                <\/c-breadcrumb>\n    \n        <div slot=\"header\">\n            <h1>\n                Programa para graduados en ingenier\u00eda civil            <\/h1>\n                    <\/div>\n    <\/m-final-content-header>\n\n    \n\n\n<m-wysiwig class=\"wp-block-components-wysiwyg\"><div slot=\"maincontent\">    <p class=\"intro\">En Ferrovial Agroman hemos ofrecido programas formativos desde el a\u00f1o 1995, orientados principalmente a estudiantes y reci\u00e9n titulados en las \u00e1reas de ingenier\u00eda y finanzas.<\/p>\n    \n\n\n<p>El programa para graduados en <strong>ingenier\u00eda civil<\/strong> tiene un enfoque global y est\u00e1 orientado especialmente a profesionales de la <strong>producci\u00f3n, el dise\u00f1o y la gesti\u00f3n econ\u00f3mica<\/strong> de proyectos constructivos de obra civil, edificaci\u00f3n, obra industrial o alta velocidad.<\/p>\n\n\n\n<p>A trav\u00e9s del programa &nbsp;los participantes se &nbsp;involucrar\u00e1n &nbsp;en cualquiera de nuestras obras para &nbsp;as\u00ed poder descubrir de primera mano &nbsp;el \u00e1mbito multidisciplinar que conforma cada proyecto,. El aprendizaje del proceso constructivo en cualquier especialidad, permitir\u00e1 a los reci\u00e9n graduados asumir distintos niveles de responsabilidad y desarrollar su capacidad de innovaci\u00f3n. Esto, unido al seguimiento de la gesti\u00f3n econ\u00f3mica, les facilitar\u00e1 cubrir todos los aspectos necesarios para tener un punto de vista global y acceder a un crecimiento profesional s\u00f3lido dentro de la compa\u00f1\u00eda.<\/p>\n<\/div><\/m-wysiwig>\n\n\n    <m-careers>\n                            <section slot=\"careers\">\n                        <div>\n                                                                <h2>\n                                        Empleo                                    <\/h2>\n                                                                        <h3>\n                                        \u00danete a nuestro equipo                                    <\/h3>\n                                                                <blockquote>\n                                                                <img decoding=\"async\" src=\"https:\/\/static.ferrovial.com\/wp-content\/uploads\/2019\/12\/13140759\/jonathan-mowatt-graduates.png\" alt=\"Jonathan-Mowatt-Graduates\" \/>\n                                <p>Ferrovial brinda a sus empleados la posibilidad de entrar en contacto con diferentes culturas.<\/p>\n\n                                                                        <footer>\n                                                                                                <cite>\n                                                        Jonathan Mowatt                                                    <\/cite>\n                                                                                                        <p>\n                                                        Divisi\u00f3n de Construcci\u00f3n Eslovaquia                                                    <\/p>\n                                                                                            <\/footer>\n                                                                    <\/blockquote>\n\n                                                                <nav>\n                                        <ul>\n                                                                                                <li>\n                                                        <a href=\"\" title=\"Graduate Programme\" target=\"\" icon=\"\">\n                                                            Graduate Programme                                                        <\/a>\n                                                    <\/li>\n                                                                                                        <li>\n                                                        <a href=\"\" title=\"Ofertas de Empleo\" target=\"\" icon=\"\">\n                                                            Ofertas de Empleo                                                        <\/a>\n                                                    <\/li>\n                                                                                                        <li>\n                                                        <a href=\"\" title=\"Por qu\u00e9 Ferrovial\" target=\"\" icon=\"\">\n                                                            Por qu\u00e9 Ferrovial                                                        <\/a>\n                                                    <\/li>\n                                                                                            <\/ul>\n                                    <\/nav>\n                                                            <\/div>\n                    <\/section>\n                                    <section slot=\"careers\">\n                        <div>\n                                                                <h2>\n                                        Empleo                                    <\/h2>\n                                                                        <h3>\n                                        \u00danete a nuestro equipo                                    <\/h3>\n                                                                <blockquote>\n                                                                <img decoding=\"async\" src=\"https:\/\/static.ferrovial.com\/wp-content\/uploads\/2019\/12\/13140754\/oki-graduates.png\" alt=\"Oki-Graduates\" \/>\n                                <p>Se me ocurri\u00f3 investigar un poco m\u00e1s en Ferrovial Agroman. Me qued\u00e9 impresionado por la gran cantidad y el alcance de los proyectos en los que hab\u00eda participado Ferrovial, y eso me anim\u00f3 a participar en el programa para licenciados.<\/p>\n\n                                                                        <footer>\n                                                                                                <cite>\n                                                        Oliver Goodwin                                                    <\/cite>\n                                                                                                        <p>\n                                                        Ingeniero Civil en Heathrow Q6                                                     <\/p>\n                                                                                            <\/footer>\n                                                                    <\/blockquote>\n\n                                                                <nav>\n                                        <ul>\n                                                                                                <li>\n                                                        <a href=\"\" title=\"Graduate Programme\" target=\"\" icon=\"\">\n                                                            Graduate Programme                                                        <\/a>\n                                                    <\/li>\n                                                                                                        <li>\n                                                        <a href=\"\" title=\"Ofertas de Empleo\" target=\"\" icon=\"\">\n                                                            Ofertas de Empleo                                                        <\/a>\n                                                    <\/li>\n                                                                                                        <li>\n                                                        <a href=\"\" title=\"Por qu\u00e9 Ferrovial\" target=\"\" icon=\"\">\n                                                            Por qu\u00e9 Ferrovial                                                        <\/a>\n                                                    <\/li>\n                                                                                            <\/ul>\n                                    <\/nav>\n                                                            <\/div>\n                    <\/section>\n                                    <section slot=\"careers\">\n                        <div>\n                                                                <h2>\n                                        Empleo                                    <\/h2>\n                                                                        <h3>\n                                        \u00danete a nuestro equipo                                    <\/h3>\n                                                                <blockquote>\n                                                                <img decoding=\"async\" src=\"https:\/\/static.ferrovial.com\/wp-content\/uploads\/2019\/12\/13140758\/karachi-graduates.png\" alt=\"Karachi-Graduates\" \/>\n                                <p>Ferrovial es una empresa con mucha diversidad y con una cultura de trabajo duro que gira en torno a la realizaci\u00f3n de grandes proyectos que satisfagan a los clientes.<\/p>\n\n                                                                        <footer>\n                                                                                                <cite>\n                                                        Karachi Ogbonna                                                    <\/cite>\n                                                                                                        <p>\n                                                        Ingeniera de Calidad en Heathrow Q6                                                    <\/p>\n                                                                                            <\/footer>\n                                                                    <\/blockquote>\n\n                                                                <nav>\n                                        <ul>\n                                                                                                <li>\n                                                        <a href=\"\" title=\"Graduate Programme\" target=\"\" icon=\"\">\n                                                            Graduate Programme                                                        <\/a>\n                                                    <\/li>\n                                                                                                        <li>\n                                                        <a href=\"\" title=\"Ofertas de Empleo\" target=\"\" icon=\"\">\n                                                            Ofertas de Empleo                                                        <\/a>\n                                                    <\/li>\n                                                                                                        <li>\n                                                        <a href=\"\" title=\"Por qu\u00e9 Ferrovial\" target=\"\" icon=\"\">\n                                                            Por qu\u00e9 Ferrovial                                                        <\/a>\n                                                    <\/li>\n                                                                                            <\/ul>\n                                    <\/nav>\n                                                            <\/div>\n                    <\/section>\n                    <\/m-careers>\n\n    \n\n","protected":false},"excerpt":{"rendered":"","protected":false},"featured_media":0,"parent":19020,"menu_order":0,"comment_status":"closed","ping_status":"closed","template":"","meta":{"_acf_changed":false,"footnotes":""},"class_list":["post-53536","page","type-page","status-publish","hentry"],"acf":[],"yoast_head":"<!-- This site is optimized with the Yoast SEO plugin v27.2 - https:\/\/yoast.com\/product\/yoast-seo-wordpress\/ -->\n<title>Graduate programme: Programa para graduados en ingenier\u00eda civil - Ferrovial<\/title>\n<meta name=\"description\" content=\"Welcome to the Ferrovial&#039;s website, global operator of sustainable infrastructure. Here you can find all the information about the company and subsidiaries.\" \/>\n<meta name=\"robots\" content=\"index, follow, max-snippet:-1, max-image-preview:large, max-video-preview:-1\" \/>\n<link rel=\"canonical\" href=\"https:\/\/www.ferrovial.com\/es\/empleo\/graduate-program\/programa-para-graduados-en-ingenieria-civil\/\" \/>\n<meta property=\"og:locale\" content=\"es_ES\" \/>\n<meta property=\"og:type\" content=\"article\" \/>\n<meta property=\"og:title\" content=\"Graduate programme: Programa para graduados en ingenier\u00eda civil - Ferrovial\" \/>\n<meta property=\"og:description\" content=\"Welcome to the Ferrovial&#039;s website, global operator of sustainable infrastructure. Here you can find all the information about the company and subsidiaries.\" \/>\n<meta property=\"og:url\" content=\"https:\/\/www.ferrovial.com\/es\/empleo\/graduate-program\/programa-para-graduados-en-ingenieria-civil\/\" \/>\n<meta property=\"og:site_name\" content=\"Ferrovial\" \/>\n<meta property=\"article:publisher\" content=\"https:\/\/www.facebook.com\/ferrovial\" \/>\n<meta property=\"article:modified_time\" content=\"2020-12-15T16:38:23+00:00\" \/>\n<meta name=\"twitter:card\" content=\"summary_large_image\" \/>\n<meta name=\"twitter:site\" content=\"@ferrovial\" \/>\n<meta name=\"twitter:label1\" content=\"Est. reading time\" \/>\n\t<meta name=\"twitter:data1\" content=\"1 minuto\" \/>\n<!-- \/ Yoast SEO plugin. -->","yoast_head_json":{"title":"Graduate programme: Programa para graduados en ingenier\u00eda civil - Ferrovial","description":"Welcome to the Ferrovial's website, global operator of sustainable infrastructure. Here you can find all the information about the company and subsidiaries.","robots":{"index":"index","follow":"follow","max-snippet":"max-snippet:-1","max-image-preview":"max-image-preview:large","max-video-preview":"max-video-preview:-1"},"canonical":"https:\/\/www.ferrovial.com\/es\/empleo\/graduate-program\/programa-para-graduados-en-ingenieria-civil\/","og_locale":"es_ES","og_type":"article","og_title":"Graduate programme: Programa para graduados en ingenier\u00eda civil - Ferrovial","og_description":"Welcome to the Ferrovial's website, global operator of sustainable infrastructure. Here you can find all the information about the company and subsidiaries.","og_url":"https:\/\/www.ferrovial.com\/es\/empleo\/graduate-program\/programa-para-graduados-en-ingenieria-civil\/","og_site_name":"Ferrovial","article_publisher":"https:\/\/www.facebook.com\/ferrovial","article_modified_time":"2020-12-15T16:38:23+00:00","twitter_card":"summary_large_image","twitter_site":"@ferrovial","twitter_misc":{"Est. reading time":"1 minuto"},"schema":{"@context":"https:\/\/schema.org","@graph":[{"@type":"WebPage","@id":"https:\/\/www.ferrovial.com\/es\/empleo\/graduate-program\/programa-para-graduados-en-ingenieria-civil\/","url":"https:\/\/www.ferrovial.com\/es\/empleo\/graduate-program\/programa-para-graduados-en-ingenieria-civil\/","name":"Graduate programme: Programa para graduados en ingenier\u00eda civil - Ferrovial","isPartOf":{"@id":"https:\/\/www.ferrovial.com\/es\/#website"},"datePublished":"2019-11-11T12:04:32+00:00","dateModified":"2020-12-15T16:38:23+00:00","description":"Welcome to the Ferrovial's website, global operator of sustainable infrastructure. Here you can find all the information about the company and subsidiaries.","breadcrumb":{"@id":"https:\/\/www.ferrovial.com\/es\/empleo\/graduate-program\/programa-para-graduados-en-ingenieria-civil\/#breadcrumb"},"inLanguage":"es","potentialAction":[{"@type":"ReadAction","target":["https:\/\/www.ferrovial.com\/es\/empleo\/graduate-program\/programa-para-graduados-en-ingenieria-civil\/"]}]},{"@type":"BreadcrumbList","@id":"https:\/\/www.ferrovial.com\/es\/empleo\/graduate-program\/programa-para-graduados-en-ingenieria-civil\/#breadcrumb","itemListElement":[{"@type":"ListItem","position":1,"name":"Portada","item":"https:\/\/www.ferrovial.com\/es\/"},{"@type":"ListItem","position":2,"name":"Empleo","item":"https:\/\/www.ferrovial.com\/es\/empleo\/"},{"@type":"ListItem","position":3,"name":"Becas y graduados","item":"https:\/\/www.ferrovial.com\/es\/empleo\/graduate-program\/"},{"@type":"ListItem","position":4,"name":"Programa para graduados en ingenier\u00eda civil de Ferrovial Agroman"}]},{"@type":"WebSite","@id":"https:\/\/www.ferrovial.com\/es\/#website","url":"https:\/\/www.ferrovial.com\/es\/","name":"Ferrovial","description":"Welcome to the Ferrovial&#039;s website, global operator of sustainable infrastructure. Here you can find all the information about the company and subsidiaries.","publisher":{"@id":"https:\/\/www.ferrovial.com\/es\/#organization"},"potentialAction":[{"@type":"SearchAction","target":{"@type":"EntryPoint","urlTemplate":"https:\/\/www.ferrovial.com\/es\/?s={search_term_string}"},"query-input":{"@type":"PropertyValueSpecification","valueRequired":true,"valueName":"search_term_string"}}],"inLanguage":"es"},{"@type":"Organization","@id":"https:\/\/www.ferrovial.com\/es\/#organization","name":"Ferrovial S.A.","url":"https:\/\/www.ferrovial.com\/es\/","logo":{"@type":"ImageObject","inLanguage":"es","@id":"https:\/\/www.ferrovial.com\/es\/#\/schema\/logo\/image\/","url":"https:\/\/static.ferrovial.com\/wp-content\/uploads\/2020\/01\/13124948\/logo-ferrovial-cf7.png","contentUrl":"https:\/\/static.ferrovial.com\/wp-content\/uploads\/2020\/01\/13124948\/logo-ferrovial-cf7.png","width":144,"height":32,"caption":"Ferrovial S.A."},"image":{"@id":"https:\/\/www.ferrovial.com\/es\/#\/schema\/logo\/image\/"},"sameAs":["https:\/\/www.facebook.com\/ferrovial","https:\/\/x.com\/ferrovial","https:\/\/www.instagram.com\/ferrovial\/","https:\/\/www.linkedin.com\/company\/ferrovial","https:\/\/www.pinterest.es\/ferrovial\/","https:\/\/www.youtube.com\/ferrovial","https:\/\/en.wikipedia.org\/wiki\/Ferrovial"]}]}},"_links":{"self":[{"href":"https:\/\/www.ferrovial.com\/es\/wp-json\/wp\/v2\/pages\/53536","targetHints":{"allow":["GET"]}}],"collection":[{"href":"https:\/\/www.ferrovial.com\/es\/wp-json\/wp\/v2\/pages"}],"about":[{"href":"https:\/\/www.ferrovial.com\/es\/wp-json\/wp\/v2\/types\/page"}],"replies":[{"embeddable":true,"href":"https:\/\/www.ferrovial.com\/es\/wp-json\/wp\/v2\/comments?post=53536"}],"version-history":[{"count":3,"href":"https:\/\/www.ferrovial.com\/es\/wp-json\/wp\/v2\/pages\/53536\/revisions"}],"predecessor-version":[{"id":181534,"href":"https:\/\/www.ferrovial.com\/es\/wp-json\/wp\/v2\/pages\/53536\/revisions\/181534"}],"up":[{"embeddable":true,"href":"https:\/\/www.ferrovial.com\/es\/wp-json\/wp\/v2\/pages\/19020"}],"wp:attachment":[{"href":"https:\/\/www.ferrovial.com\/es\/wp-json\/wp\/v2\/media?parent=53536"}],"curies":[{"name":"wp","href":"https:\/\/api.w.org\/{rel}","templated":true}]}}