{"id":58274,"date":"2019-11-12T17:35:54","date_gmt":"2019-11-12T16:35:54","guid":{"rendered":"https:\/\/www.ferrovial.com\/?page_id=58274"},"modified":"2020-04-21T22:09:36","modified_gmt":"2020-04-21T20:09:36","slug":"construccion-de-tuneles","status":"publish","type":"page","link":"https:\/\/www.ferrovial.com\/es\/f-construccion\/que-hacemos\/construccion-de-tuneles\/","title":{"rendered":"Construcci\u00f3n de t\u00faneles"},"content":{"rendered":"    <m-final-content-header bgimage='https:\/\/static.ferrovial.com\/wp-content\/uploads\/2019\/10\/13133805\/cnt-pic-tunel_del_espino-004_low-1280x720.jpg'>\n            <c-breadcrumb label-text=\"Breadcrumb\" slot=\"breadcrumbs\" type='2' align='left' wrap='wrapped wrapped' aria-label='Vienes de Qu\u00e9 hacemos'>\n                        <ol>\n\n                                                            <li><a href=\"https:\/\/www.ferrovial.com\/es\/\" title=\"Ferrovial\">Ferrovial<\/a><\/li>\n                                                                        <li><a href=\"https:\/\/www.ferrovial.com\/es\/f-construccion\/\" title=\"Ferrovial Construcci\u00f3n\">Ferrovial Construcci\u00f3n<\/a><\/li>\n                                                                        <li><a href=\"https:\/\/www.ferrovial.com\/es\/f-construccion\/que-hacemos\/\" title=\"Qu\u00e9 hacemos\">Qu\u00e9 hacemos<\/a><\/li>\n                                    \n                <\/ol>\n\n                <\/c-breadcrumb>\n    \n        <div slot=\"header\">\n            <h1>\n                Construcci\u00f3n de t\u00faneles            <\/h1>\n                    <\/div>\n    <\/m-final-content-header>\n\n    \n\n\n<m-wysiwig class=\"wp-block-components-wysiwyg\"><div slot=\"maincontent\">    <p class=\"intro\">Los 542 km de t\u00faneles construidos a lo largo de nuestros 90 a\u00f1os de actividad permiten salvar las dificultades orogr\u00e1ficas y acortar los tiempos de desplazamiento con un alto nivel de seguridad.<\/p>\n    \n\n\n<p>Nuestra experiencia en obras subterr\u00e1neas abarca la realizaci\u00f3n de toda clase de t\u00faneles:&nbsp; carreteros, t\u00faneles hidr\u00e1ulicos, t\u00faneles ferroviarios y de metro. Todos ellos, realizados con todos los m\u00e9todos constructivos existentes, desde los m\u00e9todos tradicionales como el belga o el alem\u00e1n &#8211; muy empleados en entornos urbanos -, hasta los grandes t\u00faneles ejecutados con <strong>tuneladoras EPB<\/strong> (en ingl\u00e9s, <em>Earth Preasure Balance<\/em>). Algunos ejemplos de esta tipolog\u00eda de tuneladora son: Millicent o Ursula, las empleadas en el proyecto de Thames Tideway en Londres, o Dulcinea que excav\u00f3 el T\u00fanel Norte del <em>by-pass<\/em> sur de la M-30 en Madrid.<\/p>\n<\/div><\/m-wysiwig>\n\n\n    <m-projects-distributor2 :translations='{\n        &quot;prev&quot;:&quot;Anterior&quot;,\n        &quot;next&quot;:&quot;Siguiente&quot;,\n        &quot;paginationseparator&quot;:&quot;de&quot;\n    }'>\n                        <h2 slot=\"label\">\n                    Proyecto                <\/h2>\n                                <h3 slot=\"title\">\n                Construcci\u00f3n de t\u00faneles                <\/h3>\n                        <a slot='button' title='Ver todo' href='https:\/\/www.ferrovial.com\/es\/negocio\/proyectos\/'>\n            Ver todo        <\/a>\n\n            <\/m-projects-distributor2>\n\n    ","protected":false},"excerpt":{"rendered":"","protected":false},"featured_media":0,"parent":17998,"menu_order":0,"comment_status":"closed","ping_status":"closed","template":"","meta":{"_acf_changed":false,"footnotes":""},"class_list":["post-58274","page","type-page","status-publish","hentry"],"acf":[],"yoast_head":"<!-- This site is optimized with the Yoast SEO plugin v27.2 - https:\/\/yoast.com\/product\/yoast-seo-wordpress\/ -->\n<title>Construcci\u00f3n de t\u00faneles - Ferrovial Agroman<\/title>\n<meta name=\"description\" content=\"Expertos en construcci\u00f3n de t\u00faneles a lo largo del mundo. Ferrovial Agroman cuenta con a\u00f1os de experiencia en el sector construcci\u00f3n, lo que la convierte en ...\" \/>\n<meta name=\"robots\" content=\"index, follow, max-snippet:-1, max-image-preview:large, max-video-preview:-1\" \/>\n<link rel=\"canonical\" href=\"https:\/\/www.ferrovial.com\/es\/f-construccion\/que-hacemos\/construccion-de-tuneles\/\" \/>\n<meta property=\"og:locale\" content=\"es_ES\" \/>\n<meta property=\"og:type\" content=\"article\" \/>\n<meta property=\"og:title\" content=\"Construcci\u00f3n de t\u00faneles - Ferrovial Agroman\" \/>\n<meta property=\"og:description\" content=\"Expertos en construcci\u00f3n de t\u00faneles a lo largo del mundo. Ferrovial Agroman cuenta con a\u00f1os de experiencia en el sector construcci\u00f3n, lo que la convierte en ...\" \/>\n<meta property=\"og:url\" content=\"https:\/\/www.ferrovial.com\/es\/f-construccion\/que-hacemos\/construccion-de-tuneles\/\" \/>\n<meta property=\"og:site_name\" content=\"Ferrovial\" \/>\n<meta property=\"article:publisher\" content=\"https:\/\/www.facebook.com\/ferrovial\" \/>\n<meta property=\"article:modified_time\" content=\"2020-04-21T20:09:36+00:00\" \/>\n<meta name=\"twitter:card\" content=\"summary_large_image\" \/>\n<meta name=\"twitter:site\" content=\"@ferrovial\" \/>\n<meta name=\"twitter:label1\" content=\"Est. reading time\" \/>\n\t<meta name=\"twitter:data1\" content=\"1 minuto\" \/>\n<!-- \/ Yoast SEO plugin. -->","yoast_head_json":{"title":"Construcci\u00f3n de t\u00faneles - Ferrovial Agroman","description":"Expertos en construcci\u00f3n de t\u00faneles a lo largo del mundo. Ferrovial Agroman cuenta con a\u00f1os de experiencia en el sector construcci\u00f3n, lo que la convierte en ...","robots":{"index":"index","follow":"follow","max-snippet":"max-snippet:-1","max-image-preview":"max-image-preview:large","max-video-preview":"max-video-preview:-1"},"canonical":"https:\/\/www.ferrovial.com\/es\/f-construccion\/que-hacemos\/construccion-de-tuneles\/","og_locale":"es_ES","og_type":"article","og_title":"Construcci\u00f3n de t\u00faneles - Ferrovial Agroman","og_description":"Expertos en construcci\u00f3n de t\u00faneles a lo largo del mundo. Ferrovial Agroman cuenta con a\u00f1os de experiencia en el sector construcci\u00f3n, lo que la convierte en ...","og_url":"https:\/\/www.ferrovial.com\/es\/f-construccion\/que-hacemos\/construccion-de-tuneles\/","og_site_name":"Ferrovial","article_publisher":"https:\/\/www.facebook.com\/ferrovial","article_modified_time":"2020-04-21T20:09:36+00:00","twitter_card":"summary_large_image","twitter_site":"@ferrovial","twitter_misc":{"Est. reading time":"1 minuto"},"schema":{"@context":"https:\/\/schema.org","@graph":[{"@type":"WebPage","@id":"https:\/\/www.ferrovial.com\/es\/f-construccion\/que-hacemos\/construccion-de-tuneles\/","url":"https:\/\/www.ferrovial.com\/es\/f-construccion\/que-hacemos\/construccion-de-tuneles\/","name":"Construcci\u00f3n de t\u00faneles - Ferrovial Agroman","isPartOf":{"@id":"https:\/\/www.ferrovial.com\/es\/#website"},"datePublished":"2019-11-12T16:35:54+00:00","dateModified":"2020-04-21T20:09:36+00:00","description":"Expertos en construcci\u00f3n de t\u00faneles a lo largo del mundo. Ferrovial Agroman cuenta con a\u00f1os de experiencia en el sector construcci\u00f3n, lo que la convierte en ...","breadcrumb":{"@id":"https:\/\/www.ferrovial.com\/es\/f-construccion\/que-hacemos\/construccion-de-tuneles\/#breadcrumb"},"inLanguage":"es","potentialAction":[{"@type":"ReadAction","target":["https:\/\/www.ferrovial.com\/es\/f-construccion\/que-hacemos\/construccion-de-tuneles\/"]}]},{"@type":"BreadcrumbList","@id":"https:\/\/www.ferrovial.com\/es\/f-construccion\/que-hacemos\/construccion-de-tuneles\/#breadcrumb","itemListElement":[{"@type":"ListItem","position":1,"name":"Portada","item":"https:\/\/www.ferrovial.com\/es\/"},{"@type":"ListItem","position":2,"name":"Ferrovial Construcci\u00f3n","item":"https:\/\/www.ferrovial.com\/es\/f-construccion\/"},{"@type":"ListItem","position":3,"name":"Qu\u00e9 hacemos","item":"https:\/\/www.ferrovial.com\/es\/f-construccion\/que-hacemos\/"},{"@type":"ListItem","position":4,"name":"Construcci\u00f3n de t\u00faneles"}]},{"@type":"WebSite","@id":"https:\/\/www.ferrovial.com\/es\/#website","url":"https:\/\/www.ferrovial.com\/es\/","name":"Ferrovial","description":"Welcome to the Ferrovial&#039;s website, global operator of sustainable infrastructure. Here you can find all the information about the company and subsidiaries.","publisher":{"@id":"https:\/\/www.ferrovial.com\/es\/#organization"},"potentialAction":[{"@type":"SearchAction","target":{"@type":"EntryPoint","urlTemplate":"https:\/\/www.ferrovial.com\/es\/?s={search_term_string}"},"query-input":{"@type":"PropertyValueSpecification","valueRequired":true,"valueName":"search_term_string"}}],"inLanguage":"es"},{"@type":"Organization","@id":"https:\/\/www.ferrovial.com\/es\/#organization","name":"Ferrovial S.A.","url":"https:\/\/www.ferrovial.com\/es\/","logo":{"@type":"ImageObject","inLanguage":"es","@id":"https:\/\/www.ferrovial.com\/es\/#\/schema\/logo\/image\/","url":"https:\/\/static.ferrovial.com\/wp-content\/uploads\/2020\/01\/13124948\/logo-ferrovial-cf7.png","contentUrl":"https:\/\/static.ferrovial.com\/wp-content\/uploads\/2020\/01\/13124948\/logo-ferrovial-cf7.png","width":144,"height":32,"caption":"Ferrovial S.A."},"image":{"@id":"https:\/\/www.ferrovial.com\/es\/#\/schema\/logo\/image\/"},"sameAs":["https:\/\/www.facebook.com\/ferrovial","https:\/\/x.com\/ferrovial","https:\/\/www.instagram.com\/ferrovial\/","https:\/\/www.linkedin.com\/company\/ferrovial","https:\/\/www.pinterest.es\/ferrovial\/","https:\/\/www.youtube.com\/ferrovial","https:\/\/en.wikipedia.org\/wiki\/Ferrovial"]}]}},"_links":{"self":[{"href":"https:\/\/www.ferrovial.com\/es\/wp-json\/wp\/v2\/pages\/58274","targetHints":{"allow":["GET"]}}],"collection":[{"href":"https:\/\/www.ferrovial.com\/es\/wp-json\/wp\/v2\/pages"}],"about":[{"href":"https:\/\/www.ferrovial.com\/es\/wp-json\/wp\/v2\/types\/page"}],"replies":[{"embeddable":true,"href":"https:\/\/www.ferrovial.com\/es\/wp-json\/wp\/v2\/comments?post=58274"}],"version-history":[{"count":3,"href":"https:\/\/www.ferrovial.com\/es\/wp-json\/wp\/v2\/pages\/58274\/revisions"}],"predecessor-version":[{"id":163340,"href":"https:\/\/www.ferrovial.com\/es\/wp-json\/wp\/v2\/pages\/58274\/revisions\/163340"}],"up":[{"embeddable":true,"href":"https:\/\/www.ferrovial.com\/es\/wp-json\/wp\/v2\/pages\/17998"}],"wp:attachment":[{"href":"https:\/\/www.ferrovial.com\/es\/wp-json\/wp\/v2\/media?parent=58274"}],"curies":[{"name":"wp","href":"https:\/\/api.w.org\/{rel}","templated":true}]}}