{"id":58331,"date":"2019-11-12T19:39:24","date_gmt":"2019-11-12T18:39:24","guid":{"rendered":"https:\/\/www.ferrovial.com\/?page_id=58331"},"modified":"2021-09-08T12:56:02","modified_gmt":"2021-09-08T10:56:02","slug":"que-son-los-indices-de-sostenibilidad","status":"publish","type":"page","link":"https:\/\/www.ferrovial.com\/es\/recursos\/que-son-los-indices-de-sostenibilidad\/","title":{"rendered":"\u00bfQu\u00e9 son los \u00edndices de sostenibilidad?"},"content":{"rendered":"    <m-final-content-header >\n            <c-breadcrumb label-text=\"Breadcrumb\" slot=\"breadcrumbs\" type='2' align='left' wrap='wrapped wrapped' aria-label='Vienes de Recursos'>\n                        <ol>\n\n                                                            <li><a href=\"https:\/\/www.ferrovial.com\/es\/\" title=\"Ferrovial\">Ferrovial<\/a><\/li>\n                                                                        <li><a href=\"https:\/\/www.ferrovial.com\/es\/recursos\/\" title=\"Recursos\">Recursos<\/a><\/li>\n                                    \n                <\/ol>\n\n                <\/c-breadcrumb>\n    \n        <div slot=\"header\">\n            <h1>\n                \u00cdndices de sostenibilidad            <\/h1>\n                    <\/div>\n    <\/m-final-content-header>\n\n    \n\n\n<p><script type=\"application\/ld+json\">\n{\n  \"@context\": \"https:\/\/schema.org\",\n  \"@type\": \"FAQPage\",\n  \"mainEntity\": [{\n    \"@type\": \"Question\",\n    \"name\": \"\u00bfQu\u00e9 son los \u00edndices de sostenibilidad?\",\n    \"acceptedAnswer\": {\n      \"@type\": \"Answer\",\n      \"text\": \"Los \u00edndices de sostenibilidad son \u00edndices burs\u00e1tiles que atienden a los aspectos de responsabilidad ambiental de las empresas.\"\n    }\n  },{\n    \"@type\": \"Question\",\n    \"name\": \"\u00bfPor qu\u00e9 tenemos \u00edndices de sostenibilidad?\",\n    \"acceptedAnswer\": {\n      \"@type\": \"Answer\",\n      \"text\": \"Estos buscan sintetizar, a menudo con un \u00fanico dato, posici\u00f3n o sello, conceptos complejos relacionados con la sostenibilidad empresarial general. El objetivo es mostrar de forma p\u00fablica qu\u00e9 empresas est\u00e1n siendo responsables con el medio ambiente.\"\n    }\n  },{\n    \"@type\": \"Question\",\n    \"name\": \"\u00bfPara qu\u00e9 sirven los \u00edndices de sostenibilidad?\",\n    \"acceptedAnswer\": {\n      \"@type\": \"Answer\",\n      \"text\": \"Evaluar informes de emisiones de CO2, el desempe\u00f1o en el reciclado, la reducci\u00f3n en el uso de agua, las pol\u00edticas internas de formaci\u00f3n en sostenibilidad, la aparici\u00f3n de esta en su I+D, y un largo etc\u00e9tera con cientos de par\u00e1metros mensurables.\"\n    }\n  }]\n}\n<\/script><\/p>\n\n\n\n<m-wysiwig class=\"wp-block-components-wysiwyg\"><div slot=\"maincontent\">\n<h2 class=\"wp-block-heading\">\u00bfQu\u00e9 son los \u00edndices de sostenibilidad?<\/h2>\n\n\n\n<p>Los \u00edndices de sostenibilidad son \u00edndices burs\u00e1tiles que atienden a los aspectos de responsabilidad ambiental de las empresas.<\/p>\n\n\n\n<p>Estos buscan sintetizar, a menudo con un \u00fanico dato, posici\u00f3n o sello, conceptos complejos relacionados con la sostenibilidad empresarial general. El objetivo es mostrar de forma p\u00fablica qu\u00e9 empresas est\u00e1n siendo responsables con el medio ambiente.<\/p>\n\n\n\n<h2 class=\"wp-block-heading\">\u00bfPor qu\u00e9 tenemos \u00edndices de sostenibilidad?<\/h2>\n\n\n\n<p>Dado que los clientes y usuarios finales est\u00e1n cada vez m\u00e1s preocupados por las pol\u00edticas ambientales de las empresas, estos \u00edndices buscan resumir, de cara a los inversores en busca de proyectos \u00e9ticos, que las empresas son una <strong>Inversi\u00f3n Socialmente Responsable<\/strong> (ISR). Aunque no todos los \u00edndices son iguales ni eval\u00faan los mismos factores. Existen decenas de \u00edndices.<\/p>\n\n\n\n<p>En ocasiones se presentan como lista abierta limitada a un n\u00famero m\u00e1ximo de empresas, como el caso del Dow Jones Sustainability Index (DJSI); y en otras las empresas se revelan una a una, como hace el FTSE4Good. Lo que todas comparten es una metodolog\u00eda de trabajo objetiva, rigurosa y que atiende a gran cantidad de factores presentes en el entorno laboral.<\/p>\n\n\n\n<h2 class=\"wp-block-heading\">\u00bfPara qu\u00e9 son los \u00edndices de sostenibilidad?<\/h2>\n\n\n\n<p>Algunos de estos factores aparecen como s\u00edntesis de cuestionarios realizados por la direcci\u00f3n de la empres a evaluar. En otros se eval\u00faan los informes de emisiones de CO<sub>2<\/sub>, el desempe\u00f1o en el reciclado, la reducci\u00f3n en el uso de agua, las pol\u00edticas internas de formaci\u00f3n en sostenibilidad, la aparici\u00f3n de esta en su I+D, y un largo etc\u00e9tera con cientos de par\u00e1metros mensurables.<\/p>\n<\/div><\/m-wysiwig>\n\n\n\n    <m-distributor-basic bgimg='https:\/\/static.ferrovial.com\/wp-content\/uploads\/2019\/11\/13133044\/euroscut_azores-ferrovial.jpg'>\n                        <h2 slot=\"label\">\n                    \u00c9tica y buen gobierno                <\/h2>\n                                <h3 slot=\"title\">\n                    \u00cdndices de sostenibilidad                 <\/h3>\n                                <p slot=\"text\">\n                    Estamos presentes en algunos de los \u00edndices de sostenibilidad m\u00e1s reconocidos a nivel internacional.                <\/p>\n                                    <c-button slot='cta' type='primary' disabled='false' href='#'>\n                        <span>Ver en qu\u00e9 \u00edndices estamos<\/span>\n                                        <\/c-button>\n                    \n        \n\n    <\/m-distributor-basic>\n    ","protected":false},"excerpt":{"rendered":"","protected":false},"featured_media":0,"parent":25267,"menu_order":0,"comment_status":"closed","ping_status":"closed","template":"","meta":{"_acf_changed":false,"footnotes":""},"class_list":["post-58331","page","type-page","status-publish","hentry"],"acf":[],"yoast_head":"<!-- This site is optimized with the Yoast SEO plugin v27.2 - https:\/\/yoast.com\/product\/yoast-seo-wordpress\/ -->\n<title>\u00bfQu\u00e9 son los \u00edndices de sostenibilidad? - Ferrovial<\/title>\n<meta name=\"description\" content=\"Los \u00edndices de sostenibilidad, como el caso del Dow Jones Sustainability Index (DJSI), o el FTSE4Good, son \u00edndices burs\u00e1tiles que atienden a los aspectos de \u2026\" \/>\n<meta name=\"robots\" content=\"index, follow, max-snippet:-1, max-image-preview:large, max-video-preview:-1\" \/>\n<link rel=\"canonical\" href=\"https:\/\/www.ferrovial.com\/es\/recursos\/que-son-los-indices-de-sostenibilidad\/\" \/>\n<meta property=\"og:locale\" content=\"es_ES\" \/>\n<meta property=\"og:type\" content=\"article\" \/>\n<meta property=\"og:title\" content=\"\u00bfQu\u00e9 son los \u00edndices de sostenibilidad? - Ferrovial\" \/>\n<meta property=\"og:description\" content=\"Los \u00edndices de sostenibilidad, como el caso del Dow Jones Sustainability Index (DJSI), o el FTSE4Good, son \u00edndices burs\u00e1tiles que atienden a los aspectos de \u2026\" \/>\n<meta property=\"og:url\" content=\"https:\/\/www.ferrovial.com\/es\/recursos\/que-son-los-indices-de-sostenibilidad\/\" \/>\n<meta property=\"og:site_name\" content=\"Ferrovial\" \/>\n<meta property=\"article:publisher\" content=\"https:\/\/www.facebook.com\/ferrovial\" \/>\n<meta property=\"article:modified_time\" content=\"2021-09-08T10:56:02+00:00\" \/>\n<meta name=\"twitter:card\" content=\"summary_large_image\" \/>\n<meta name=\"twitter:site\" content=\"@ferrovial\" \/>\n<meta name=\"twitter:label1\" content=\"Est. reading time\" \/>\n\t<meta name=\"twitter:data1\" content=\"2 minutos\" \/>\n<!-- \/ Yoast SEO plugin. -->","yoast_head_json":{"title":"\u00bfQu\u00e9 son los \u00edndices de sostenibilidad? - Ferrovial","description":"Los \u00edndices de sostenibilidad, como el caso del Dow Jones Sustainability Index (DJSI), o el FTSE4Good, son \u00edndices burs\u00e1tiles que atienden a los aspectos de \u2026","robots":{"index":"index","follow":"follow","max-snippet":"max-snippet:-1","max-image-preview":"max-image-preview:large","max-video-preview":"max-video-preview:-1"},"canonical":"https:\/\/www.ferrovial.com\/es\/recursos\/que-son-los-indices-de-sostenibilidad\/","og_locale":"es_ES","og_type":"article","og_title":"\u00bfQu\u00e9 son los \u00edndices de sostenibilidad? - Ferrovial","og_description":"Los \u00edndices de sostenibilidad, como el caso del Dow Jones Sustainability Index (DJSI), o el FTSE4Good, son \u00edndices burs\u00e1tiles que atienden a los aspectos de \u2026","og_url":"https:\/\/www.ferrovial.com\/es\/recursos\/que-son-los-indices-de-sostenibilidad\/","og_site_name":"Ferrovial","article_publisher":"https:\/\/www.facebook.com\/ferrovial","article_modified_time":"2021-09-08T10:56:02+00:00","twitter_card":"summary_large_image","twitter_site":"@ferrovial","twitter_misc":{"Est. reading time":"2 minutos"},"schema":{"@context":"https:\/\/schema.org","@graph":[{"@type":"WebPage","@id":"https:\/\/www.ferrovial.com\/es\/recursos\/que-son-los-indices-de-sostenibilidad\/","url":"https:\/\/www.ferrovial.com\/es\/recursos\/que-son-los-indices-de-sostenibilidad\/","name":"\u00bfQu\u00e9 son los \u00edndices de sostenibilidad? - Ferrovial","isPartOf":{"@id":"https:\/\/www.ferrovial.com\/es\/#website"},"datePublished":"2019-11-12T18:39:24+00:00","dateModified":"2021-09-08T10:56:02+00:00","description":"Los \u00edndices de sostenibilidad, como el caso del Dow Jones Sustainability Index (DJSI), o el FTSE4Good, son \u00edndices burs\u00e1tiles que atienden a los aspectos de \u2026","breadcrumb":{"@id":"https:\/\/www.ferrovial.com\/es\/recursos\/que-son-los-indices-de-sostenibilidad\/#breadcrumb"},"inLanguage":"es","potentialAction":[{"@type":"ReadAction","target":["https:\/\/www.ferrovial.com\/es\/recursos\/que-son-los-indices-de-sostenibilidad\/"]}]},{"@type":"BreadcrumbList","@id":"https:\/\/www.ferrovial.com\/es\/recursos\/que-son-los-indices-de-sostenibilidad\/#breadcrumb","itemListElement":[{"@type":"ListItem","position":1,"name":"Portada","item":"https:\/\/www.ferrovial.com\/es\/"},{"@type":"ListItem","position":2,"name":"Recursos","item":"https:\/\/www.ferrovial.com\/es\/recursos\/"},{"@type":"ListItem","position":3,"name":"\u00bfQu\u00e9 son los \u00edndices de sostenibilidad?"}]},{"@type":"WebSite","@id":"https:\/\/www.ferrovial.com\/es\/#website","url":"https:\/\/www.ferrovial.com\/es\/","name":"Ferrovial","description":"Welcome to the Ferrovial&#039;s website, global operator of sustainable infrastructure. Here you can find all the information about the company and subsidiaries.","publisher":{"@id":"https:\/\/www.ferrovial.com\/es\/#organization"},"potentialAction":[{"@type":"SearchAction","target":{"@type":"EntryPoint","urlTemplate":"https:\/\/www.ferrovial.com\/es\/?s={search_term_string}"},"query-input":{"@type":"PropertyValueSpecification","valueRequired":true,"valueName":"search_term_string"}}],"inLanguage":"es"},{"@type":"Organization","@id":"https:\/\/www.ferrovial.com\/es\/#organization","name":"Ferrovial S.A.","url":"https:\/\/www.ferrovial.com\/es\/","logo":{"@type":"ImageObject","inLanguage":"es","@id":"https:\/\/www.ferrovial.com\/es\/#\/schema\/logo\/image\/","url":"https:\/\/static.ferrovial.com\/wp-content\/uploads\/2020\/01\/13124948\/logo-ferrovial-cf7.png","contentUrl":"https:\/\/static.ferrovial.com\/wp-content\/uploads\/2020\/01\/13124948\/logo-ferrovial-cf7.png","width":144,"height":32,"caption":"Ferrovial S.A."},"image":{"@id":"https:\/\/www.ferrovial.com\/es\/#\/schema\/logo\/image\/"},"sameAs":["https:\/\/www.facebook.com\/ferrovial","https:\/\/x.com\/ferrovial","https:\/\/www.instagram.com\/ferrovial\/","https:\/\/www.linkedin.com\/company\/ferrovial","https:\/\/www.pinterest.es\/ferrovial\/","https:\/\/www.youtube.com\/ferrovial","https:\/\/en.wikipedia.org\/wiki\/Ferrovial"]}]}},"_links":{"self":[{"href":"https:\/\/www.ferrovial.com\/es\/wp-json\/wp\/v2\/pages\/58331","targetHints":{"allow":["GET"]}}],"collection":[{"href":"https:\/\/www.ferrovial.com\/es\/wp-json\/wp\/v2\/pages"}],"about":[{"href":"https:\/\/www.ferrovial.com\/es\/wp-json\/wp\/v2\/types\/page"}],"replies":[{"embeddable":true,"href":"https:\/\/www.ferrovial.com\/es\/wp-json\/wp\/v2\/comments?post=58331"}],"version-history":[{"count":3,"href":"https:\/\/www.ferrovial.com\/es\/wp-json\/wp\/v2\/pages\/58331\/revisions"}],"predecessor-version":[{"id":201675,"href":"https:\/\/www.ferrovial.com\/es\/wp-json\/wp\/v2\/pages\/58331\/revisions\/201675"}],"up":[{"embeddable":true,"href":"https:\/\/www.ferrovial.com\/es\/wp-json\/wp\/v2\/pages\/25267"}],"wp:attachment":[{"href":"https:\/\/www.ferrovial.com\/es\/wp-json\/wp\/v2\/media?parent=58331"}],"curies":[{"name":"wp","href":"https:\/\/api.w.org\/{rel}","templated":true}]}}