{"id":58712,"date":"2019-11-13T12:07:29","date_gmt":"2019-11-13T11:07:29","guid":{"rendered":"https:\/\/www.ferrovial.com\/?page_id=58712"},"modified":"2024-02-05T14:00:21","modified_gmt":"2024-02-05T13:00:21","slug":"movilidad","status":"publish","type":"page","link":"https:\/\/www.ferrovial.com\/es\/innovacion\/estrategia\/movilidad\/","title":{"rendered":"Movilidad"},"content":{"rendered":"    <m-final-content-header bgimage='https:\/\/static.ferrovial.com\/wp-content\/uploads\/2019\/12\/09104731\/wondo-app-mobile-ferrovial-1280x720.png'>\n            <c-breadcrumb label-text=\"Breadcrumb\" slot=\"breadcrumbs\" type='2' align='left' wrap='wrapped wrapped' aria-label='Vienes de Nuestra estrategia de innovaci\u00f3n'>\n                        <ol>\n\n                                                            <li><a href=\"https:\/\/www.ferrovial.com\/es\/\" title=\"Ferrovial\">Ferrovial<\/a><\/li>\n                                                                        <li><a href=\"https:\/\/www.ferrovial.com\/es\/innovacion\/\" title=\"Innovaci\u00f3n\">Innovaci\u00f3n<\/a><\/li>\n                                                                        <li><a href=\"https:\/\/www.ferrovial.com\/es\/innovacion\/estrategia\/\" title=\"Nuestra estrategia de innovaci\u00f3n\">Nuestra estrategia de innovaci\u00f3n<\/a><\/li>\n                                    \n                <\/ol>\n\n                <\/c-breadcrumb>\n    \n        <div slot=\"header\">\n            <h1>\n                Movilidad            <\/h1>\n                    <\/div>\n    <\/m-final-content-header>\n\n    \n\n\n<m-wysiwig class=\"wp-block-components-wysiwyg\"><div slot=\"maincontent\">    <p class=\"intro\">Los modelos de movilidad emergentes, las tecnolog\u00edas inteligentes basadas en datos para la gesti\u00f3n del tr\u00e1fico o los nuevos medios de transporte convierten al sector de la movilidad en uno de los que m\u00e1s innovaci\u00f3n disruptiva est\u00e1 canalizando en la actualidad. \n<\/p>\n    \n\n\n<p>Tanto la movilidad como la innovaci\u00f3n forman parte de nuestra raz\u00f3n de ser y, como tal, las desarrollamos a trav\u00e9s de diferentes frentes:<\/p>\n\n\n\n<ul class=\"wp-block-list\">\n<li>Movilidad centrada en el usuario de nuestras infraestructuras y servicios de movilidad. <\/li>\n\n\n\n<li>Optimizaci\u00f3n de los servicios tecnol\u00f3gicos de informaci\u00f3n para la movilidad. <\/li>\n\n\n\n<li>Infraestructuras adaptadas a las nuevas tecnolog\u00edas CASE (movilidad conectada, aut\u00f3noma, compartida&nbsp; el\u00e9ctrica). <\/li>\n<\/ul>\n\n\n\n<h2 class=\"wp-block-heading\">Modelos innovadores de transporte<\/h2>\n\n\n\n<p>Dentro de la innovaci\u00f3n en el segmento de la movilidad, estamos trabajando ya con una serie de proyectos concretos como la implementaci\u00f3n de&nbsp;veh\u00edculos aut\u00f3nomos&nbsp;en el sistema de transporte del aeropuerto de Heathrow, el desarrollo de la plataforma&nbsp;Rock &amp; Rail&nbsp;para el estudio del transporte ferroviario conectado o los proyectos&nbsp;Viriato y C-Roads&nbsp;para adaptar las carreteras a la llegada del coche aut\u00f3nomo.<\/p>\n<\/div><\/m-wysiwig>\n","protected":false},"excerpt":{"rendered":"","protected":false},"featured_media":0,"parent":18673,"menu_order":0,"comment_status":"closed","ping_status":"closed","template":"","meta":{"_acf_changed":false,"footnotes":""},"class_list":["post-58712","page","type-page","status-publish","hentry"],"acf":[],"yoast_head":"<!-- This site is optimized with the Yoast SEO plugin v27.2 - https:\/\/yoast.com\/product\/yoast-seo-wordpress\/ -->\n<title>Movilidad sostenible e innovaci\u00f3n en transporte - Ferrovial<\/title>\n<meta name=\"description\" content=\"Innovamos en movilidad optimizando el tr\u00e1fico de personas y veh\u00edculos. Mediante el uso de tecnolog\u00edas como Big Data conseguimos mejorar ...\" \/>\n<meta name=\"robots\" content=\"index, follow, max-snippet:-1, max-image-preview:large, max-video-preview:-1\" \/>\n<link rel=\"canonical\" href=\"https:\/\/www.ferrovial.com\/es\/innovacion\/estrategia\/movilidad\/\" \/>\n<meta property=\"og:locale\" content=\"es_ES\" \/>\n<meta property=\"og:type\" content=\"article\" \/>\n<meta property=\"og:title\" content=\"Movilidad sostenible e innovaci\u00f3n en transporte - Ferrovial\" \/>\n<meta property=\"og:description\" content=\"Innovamos en movilidad optimizando el tr\u00e1fico de personas y veh\u00edculos. Mediante el uso de tecnolog\u00edas como Big Data conseguimos mejorar ...\" \/>\n<meta property=\"og:url\" content=\"https:\/\/www.ferrovial.com\/es\/innovacion\/estrategia\/movilidad\/\" \/>\n<meta property=\"og:site_name\" content=\"Ferrovial\" \/>\n<meta property=\"article:publisher\" content=\"https:\/\/www.facebook.com\/ferrovial\" \/>\n<meta property=\"article:modified_time\" content=\"2024-02-05T13:00:21+00:00\" \/>\n<meta name=\"twitter:card\" content=\"summary_large_image\" \/>\n<meta name=\"twitter:site\" content=\"@ferrovial\" \/>\n<meta name=\"twitter:label1\" content=\"Est. reading time\" \/>\n\t<meta name=\"twitter:data1\" content=\"1 minuto\" \/>\n<!-- \/ Yoast SEO plugin. -->","yoast_head_json":{"title":"Movilidad sostenible e innovaci\u00f3n en transporte - Ferrovial","description":"Innovamos en movilidad optimizando el tr\u00e1fico de personas y veh\u00edculos. Mediante el uso de tecnolog\u00edas como Big Data conseguimos mejorar ...","robots":{"index":"index","follow":"follow","max-snippet":"max-snippet:-1","max-image-preview":"max-image-preview:large","max-video-preview":"max-video-preview:-1"},"canonical":"https:\/\/www.ferrovial.com\/es\/innovacion\/estrategia\/movilidad\/","og_locale":"es_ES","og_type":"article","og_title":"Movilidad sostenible e innovaci\u00f3n en transporte - Ferrovial","og_description":"Innovamos en movilidad optimizando el tr\u00e1fico de personas y veh\u00edculos. Mediante el uso de tecnolog\u00edas como Big Data conseguimos mejorar ...","og_url":"https:\/\/www.ferrovial.com\/es\/innovacion\/estrategia\/movilidad\/","og_site_name":"Ferrovial","article_publisher":"https:\/\/www.facebook.com\/ferrovial","article_modified_time":"2024-02-05T13:00:21+00:00","twitter_card":"summary_large_image","twitter_site":"@ferrovial","twitter_misc":{"Est. reading time":"1 minuto"},"schema":{"@context":"https:\/\/schema.org","@graph":[{"@type":"WebPage","@id":"https:\/\/www.ferrovial.com\/es\/innovacion\/estrategia\/movilidad\/","url":"https:\/\/www.ferrovial.com\/es\/innovacion\/estrategia\/movilidad\/","name":"Movilidad sostenible e innovaci\u00f3n en transporte - Ferrovial","isPartOf":{"@id":"https:\/\/www.ferrovial.com\/es\/#website"},"datePublished":"2019-11-13T11:07:29+00:00","dateModified":"2024-02-05T13:00:21+00:00","description":"Innovamos en movilidad optimizando el tr\u00e1fico de personas y veh\u00edculos. Mediante el uso de tecnolog\u00edas como Big Data conseguimos mejorar ...","breadcrumb":{"@id":"https:\/\/www.ferrovial.com\/es\/innovacion\/estrategia\/movilidad\/#breadcrumb"},"inLanguage":"es","potentialAction":[{"@type":"ReadAction","target":["https:\/\/www.ferrovial.com\/es\/innovacion\/estrategia\/movilidad\/"]}]},{"@type":"BreadcrumbList","@id":"https:\/\/www.ferrovial.com\/es\/innovacion\/estrategia\/movilidad\/#breadcrumb","itemListElement":[{"@type":"ListItem","position":1,"name":"Portada","item":"https:\/\/www.ferrovial.com\/es\/"},{"@type":"ListItem","position":2,"name":"Innovaci\u00f3n","item":"https:\/\/www.ferrovial.com\/es\/innovacion\/"},{"@type":"ListItem","position":3,"name":"Nuestra estrategia de innovaci\u00f3n","item":"https:\/\/www.ferrovial.com\/es\/innovacion\/estrategia\/"},{"@type":"ListItem","position":4,"name":"Movilidad"}]},{"@type":"WebSite","@id":"https:\/\/www.ferrovial.com\/es\/#website","url":"https:\/\/www.ferrovial.com\/es\/","name":"Ferrovial","description":"Welcome to the Ferrovial&#039;s website, global operator of sustainable infrastructure. Here you can find all the information about the company and subsidiaries.","publisher":{"@id":"https:\/\/www.ferrovial.com\/es\/#organization"},"potentialAction":[{"@type":"SearchAction","target":{"@type":"EntryPoint","urlTemplate":"https:\/\/www.ferrovial.com\/es\/?s={search_term_string}"},"query-input":{"@type":"PropertyValueSpecification","valueRequired":true,"valueName":"search_term_string"}}],"inLanguage":"es"},{"@type":"Organization","@id":"https:\/\/www.ferrovial.com\/es\/#organization","name":"Ferrovial S.A.","url":"https:\/\/www.ferrovial.com\/es\/","logo":{"@type":"ImageObject","inLanguage":"es","@id":"https:\/\/www.ferrovial.com\/es\/#\/schema\/logo\/image\/","url":"https:\/\/static.ferrovial.com\/wp-content\/uploads\/2020\/01\/13124948\/logo-ferrovial-cf7.png","contentUrl":"https:\/\/static.ferrovial.com\/wp-content\/uploads\/2020\/01\/13124948\/logo-ferrovial-cf7.png","width":144,"height":32,"caption":"Ferrovial S.A."},"image":{"@id":"https:\/\/www.ferrovial.com\/es\/#\/schema\/logo\/image\/"},"sameAs":["https:\/\/www.facebook.com\/ferrovial","https:\/\/x.com\/ferrovial","https:\/\/www.instagram.com\/ferrovial\/","https:\/\/www.linkedin.com\/company\/ferrovial","https:\/\/www.pinterest.es\/ferrovial\/","https:\/\/www.youtube.com\/ferrovial","https:\/\/en.wikipedia.org\/wiki\/Ferrovial"]}]}},"_links":{"self":[{"href":"https:\/\/www.ferrovial.com\/es\/wp-json\/wp\/v2\/pages\/58712","targetHints":{"allow":["GET"]}}],"collection":[{"href":"https:\/\/www.ferrovial.com\/es\/wp-json\/wp\/v2\/pages"}],"about":[{"href":"https:\/\/www.ferrovial.com\/es\/wp-json\/wp\/v2\/types\/page"}],"replies":[{"embeddable":true,"href":"https:\/\/www.ferrovial.com\/es\/wp-json\/wp\/v2\/comments?post=58712"}],"version-history":[{"count":4,"href":"https:\/\/www.ferrovial.com\/es\/wp-json\/wp\/v2\/pages\/58712\/revisions"}],"predecessor-version":[{"id":275206,"href":"https:\/\/www.ferrovial.com\/es\/wp-json\/wp\/v2\/pages\/58712\/revisions\/275206"}],"up":[{"embeddable":true,"href":"https:\/\/www.ferrovial.com\/es\/wp-json\/wp\/v2\/pages\/18673"}],"wp:attachment":[{"href":"https:\/\/www.ferrovial.com\/es\/wp-json\/wp\/v2\/media?parent=58712"}],"curies":[{"name":"wp","href":"https:\/\/api.w.org\/{rel}","templated":true}]}}