{"id":58986,"date":"2019-11-13T13:07:00","date_gmt":"2019-11-13T12:07:00","guid":{"rendered":"https:\/\/www.ferrovial.com\/?page_id=58986"},"modified":"2024-02-23T13:21:29","modified_gmt":"2024-02-23T12:21:29","slug":"chimeneas-de-equilibrio","status":"publish","type":"page","link":"https:\/\/www.ferrovial.com\/es\/recursos\/chimeneas-de-equilibrio\/","title":{"rendered":"Chimeneas de equilibrio y pozos de oscilaci\u00f3n"},"content":{"rendered":"    <m-final-content-header >\n            <c-breadcrumb label-text=\"Breadcrumb\" slot=\"breadcrumbs\" type='2' align='left' wrap='wrapped wrapped' aria-label='Vienes de Recursos'>\n                        <ol>\n\n                                                            <li><a href=\"https:\/\/www.ferrovial.com\/es\/\" title=\"Ferrovial\">Ferrovial<\/a><\/li>\n                                                                        <li><a href=\"https:\/\/www.ferrovial.com\/es\/recursos\/\" title=\"Recursos\">Recursos<\/a><\/li>\n                                    \n                <\/ol>\n\n                <\/c-breadcrumb>\n    \n        <div slot=\"header\">\n            <h1>\n                Chimeneas de equilibrio y pozos de oscilaci\u00f3n            <\/h1>\n                    <\/div>\n    <\/m-final-content-header>\n\n    \n\n\n<p><script type=\"application\/ld+json\">\n{\n  \"@context\": \"https:\/\/schema.org\",\n  \"@type\": \"FAQPage\",\n  \"mainEntity\": [{\n    \"@type\": \"Question\",\n    \"name\": \"\u00bfQu\u00e9 son las chimeneas de equilibrio?\",\n    \"acceptedAnswer\": {\n      \"@type\": \"Answer\",\n      \"text\": \"Las chimeneas de equilibrio son un tipo de construcci\u00f3n auxiliar en sistemas hidr\u00e1ulicos que act\u00faan como v\u00e1lvulas de escape de la presi\u00f3n.\"\n    }\n  },{\n    \"@type\": \"Question\",\n    \"name\": \"\u00bfQu\u00e9 son los pozos de oscilaci\u00f3n?\",\n    \"acceptedAnswer\": {\n      \"@type\": \"Answer\",\n      \"text\": \"son estructuras complementarias a infraestructuras que trabajan con agua y cuyo objetivo es servir de amortiguador a sobrepresiones y subpresiones del canal. Erigidas en vertical, estos grandes cilindros de hormig\u00f3n se conectan a centrales hidroel\u00e9ctricas, plantas de tratamiento o f\u00e1bricas.\"\n    }\n  },{\n    \"@type\": \"Question\",\n    \"name\": \"\u00bfQu\u00e9 son las torres piezom\u00e9tricas?\",\n    \"acceptedAnswer\": {\n      \"@type\": \"Answer\",\n      \"text\": \"Las torres piezom\u00e9tricas tienen muchas variantes, desde sistemas de v\u00eda seca con cajas de aire (compresible) a sistemas de v\u00eda h\u00fameda que disipan energ\u00eda a trav\u00e9s de placas rompibles, casi en desuso.\"\n    }\n  },{\n    \"@type\": \"Question\",\n    \"name\": \"\u00bfC\u00f3mo son las chimeas de equilibrio?\",\n    \"acceptedAnswer\": {\n      \"@type\": \"Answer\",\n      \"text\": \"Para visualizarlo podemos imaginar tres vasos comunicantes con diferentes secciones. Por la secci\u00f3n A entra el fluido que sale por la secci\u00f3n C con un caudal Q. La secci\u00f3n B es la torre piezom\u00e9trica. Cuando estrechamos o abrimos C (por ejemplo al cerrar una v\u00e1lvula o al abrir las compuertas), la onda de presi\u00f3n resultado del golpe de ariete podr\u00eda causar desperfectos en la tuber\u00eda.\"\n    }\n  }]\n}\n<\/script><\/p>\n\n\n\n<m-wysiwig class=\"wp-block-components-wysiwyg\"><div slot=\"maincontent\">\n<h2 class=\"wp-block-heading\">\u00bfQu\u00e9 son las chimeneas de equilibrio?<\/h2>\n\n\n\n<p>Las chimeneas de equilibrio son un tipo de construcci\u00f3n auxiliar en sistemas hidr\u00e1ulicos que act\u00faan como v\u00e1lvulas de escape de la presi\u00f3n.<\/p>\n\n\n\n<h2 class=\"wp-block-heading\">\u00bfQu\u00e9 son los pozos de oscilaci\u00f3n?<\/h2>\n\n\n\n<p>Las <strong>chimeneas de equilibrio<\/strong>, tambi\u00e9n llamadas <strong>pozos de oscilaci\u00f3n<\/strong> o <strong>torres piezom\u00e9tricas<\/strong>, son estructuras complementarias a infraestructuras que trabajan con agua y cuyo objetivo es servir de amortiguador a sobrepresiones y subpresiones del canal. Erigidas en vertical, estos grandes cilindros de hormig\u00f3n se conectan a centrales hidroel\u00e9ctricas, plantas de tratamiento o f\u00e1bricas.<\/p>\n\n\n\n<h2 class=\"wp-block-heading\">\u00bfQu\u00e9 son las torres piezom\u00e9tricas?<\/h2>\n\n\n\n<p>Las torres piezom\u00e9tricas tienen muchas variantes, desde sistemas de v\u00eda seca con cajas de aire (compresible) a sistemas de v\u00eda h\u00fameda que disipan energ\u00eda a trav\u00e9s de placas rompibles, casi en desuso. La m\u00e1s utilizada es la chimenea a presi\u00f3n atmosf\u00e9rica o la chimenea cerrada con aire en su interior. En ambas se disipa la onda de presi\u00f3n de la tuber\u00eda en un fluido compresible, como el aire.<\/p>\n\n\n\n<h2 class=\"wp-block-heading\">\u00bfC\u00f3mo son las chimeneas de equilibrio?<\/h2>\n\n\n\n<p> Para visualizarlo podemos imaginar tres vasos comunicantes con diferentes secciones. Por la secci\u00f3n A entra el fluido que sale por la secci\u00f3n C con un caudal Q. La secci\u00f3n B es la torre piezom\u00e9trica. Cuando estrechamos o abrimos C (por ejemplo al cerrar una v\u00e1lvula o al abrir las compuertas), la onda de presi\u00f3n resultado del golpe de ariete podr\u00eda causar desperfectos en la tuber\u00eda.<\/p>\n\n\n\n<p>De tratarse de una central hidroel\u00e9ctrica el golpe de ariete puede llegar a afectar a maquinaria como las turbinas e incluso la estabilidad del dique. Para que esto no ocurra en Edytesa dise\u00f1amos y construimos chimeneas en B. Ahora, cuando la onda de presi\u00f3n se genera dentro de la tuber\u00eda, <strong>el pozo de oscilaci\u00f3n act\u00faa como v\u00e1lvula de escape<\/strong>.<\/p>\n\n\n\n<p>Si la onda de presi\u00f3n es positiva (cierre de la tuber\u00eda en C), el agua en B se eleva unos cent\u00edmetros. Cuando la presi\u00f3n es negativa (apertura de C), el agua en B desciende otro tanto. Al igual que un fusible el\u00e9ctrico o una placa de absorci\u00f3n de impactos en el autom\u00f3vil, la idea tras el pozo de oscilaci\u00f3n es <strong>reforzar una infraestructura cr\u00edtica de forma que sea m\u00e1s resiliente<\/strong>. <\/p>\n<\/div><\/m-wysiwig>\n","protected":false},"excerpt":{"rendered":"","protected":false},"featured_media":0,"parent":25267,"menu_order":0,"comment_status":"closed","ping_status":"closed","template":"","meta":{"_acf_changed":false,"footnotes":""},"class_list":["post-58986","page","type-page","status-publish","hentry"],"acf":[],"yoast_head":"<!-- This site is optimized with the Yoast SEO plugin v27.2 - https:\/\/yoast.com\/product\/yoast-seo-wordpress\/ -->\n<title>Chimeneas de equilibrio y pozos de oscilaci\u00f3n - Ferrovial<\/title>\n<meta name=\"description\" content=\"Tambi\u00e9n llamadas torres piezom\u00e9tricas, son estructuras complementarias a infraestructuras que trabajan con agua y cuyo objetivo es servir de amortiguador a ...\" \/>\n<meta name=\"robots\" content=\"index, follow, max-snippet:-1, max-image-preview:large, max-video-preview:-1\" \/>\n<link rel=\"canonical\" href=\"https:\/\/www.ferrovial.com\/es\/recursos\/chimeneas-de-equilibrio\/\" \/>\n<meta property=\"og:locale\" content=\"es_ES\" \/>\n<meta property=\"og:type\" content=\"article\" \/>\n<meta property=\"og:title\" content=\"Chimeneas de equilibrio y pozos de oscilaci\u00f3n - Ferrovial\" \/>\n<meta property=\"og:description\" content=\"Tambi\u00e9n llamadas torres piezom\u00e9tricas, son estructuras complementarias a infraestructuras que trabajan con agua y cuyo objetivo es servir de amortiguador a ...\" \/>\n<meta property=\"og:url\" content=\"https:\/\/www.ferrovial.com\/es\/recursos\/chimeneas-de-equilibrio\/\" \/>\n<meta property=\"og:site_name\" content=\"Ferrovial\" \/>\n<meta property=\"article:publisher\" content=\"https:\/\/www.facebook.com\/ferrovial\" \/>\n<meta property=\"article:modified_time\" content=\"2024-02-23T12:21:29+00:00\" \/>\n<meta name=\"twitter:card\" content=\"summary_large_image\" \/>\n<meta name=\"twitter:site\" content=\"@ferrovial\" \/>\n<meta name=\"twitter:label1\" content=\"Est. reading time\" \/>\n\t<meta name=\"twitter:data1\" content=\"2 minutos\" \/>\n<!-- \/ Yoast SEO plugin. -->","yoast_head_json":{"title":"Chimeneas de equilibrio y pozos de oscilaci\u00f3n - Ferrovial","description":"Tambi\u00e9n llamadas torres piezom\u00e9tricas, son estructuras complementarias a infraestructuras que trabajan con agua y cuyo objetivo es servir de amortiguador a ...","robots":{"index":"index","follow":"follow","max-snippet":"max-snippet:-1","max-image-preview":"max-image-preview:large","max-video-preview":"max-video-preview:-1"},"canonical":"https:\/\/www.ferrovial.com\/es\/recursos\/chimeneas-de-equilibrio\/","og_locale":"es_ES","og_type":"article","og_title":"Chimeneas de equilibrio y pozos de oscilaci\u00f3n - Ferrovial","og_description":"Tambi\u00e9n llamadas torres piezom\u00e9tricas, son estructuras complementarias a infraestructuras que trabajan con agua y cuyo objetivo es servir de amortiguador a ...","og_url":"https:\/\/www.ferrovial.com\/es\/recursos\/chimeneas-de-equilibrio\/","og_site_name":"Ferrovial","article_publisher":"https:\/\/www.facebook.com\/ferrovial","article_modified_time":"2024-02-23T12:21:29+00:00","twitter_card":"summary_large_image","twitter_site":"@ferrovial","twitter_misc":{"Est. reading time":"2 minutos"},"schema":{"@context":"https:\/\/schema.org","@graph":[{"@type":"WebPage","@id":"https:\/\/www.ferrovial.com\/es\/recursos\/chimeneas-de-equilibrio\/","url":"https:\/\/www.ferrovial.com\/es\/recursos\/chimeneas-de-equilibrio\/","name":"Chimeneas de equilibrio y pozos de oscilaci\u00f3n - Ferrovial","isPartOf":{"@id":"https:\/\/www.ferrovial.com\/es\/#website"},"datePublished":"2019-11-13T12:07:00+00:00","dateModified":"2024-02-23T12:21:29+00:00","description":"Tambi\u00e9n llamadas torres piezom\u00e9tricas, son estructuras complementarias a infraestructuras que trabajan con agua y cuyo objetivo es servir de amortiguador a ...","breadcrumb":{"@id":"https:\/\/www.ferrovial.com\/es\/recursos\/chimeneas-de-equilibrio\/#breadcrumb"},"inLanguage":"es","potentialAction":[{"@type":"ReadAction","target":["https:\/\/www.ferrovial.com\/es\/recursos\/chimeneas-de-equilibrio\/"]}]},{"@type":"BreadcrumbList","@id":"https:\/\/www.ferrovial.com\/es\/recursos\/chimeneas-de-equilibrio\/#breadcrumb","itemListElement":[{"@type":"ListItem","position":1,"name":"Portada","item":"https:\/\/www.ferrovial.com\/es\/"},{"@type":"ListItem","position":2,"name":"Recursos","item":"https:\/\/www.ferrovial.com\/es\/recursos\/"},{"@type":"ListItem","position":3,"name":"Chimeneas de equilibrio y pozos de oscilaci\u00f3n"}]},{"@type":"WebSite","@id":"https:\/\/www.ferrovial.com\/es\/#website","url":"https:\/\/www.ferrovial.com\/es\/","name":"Ferrovial","description":"Welcome to the Ferrovial&#039;s website, global operator of sustainable infrastructure. Here you can find all the information about the company and subsidiaries.","publisher":{"@id":"https:\/\/www.ferrovial.com\/es\/#organization"},"potentialAction":[{"@type":"SearchAction","target":{"@type":"EntryPoint","urlTemplate":"https:\/\/www.ferrovial.com\/es\/?s={search_term_string}"},"query-input":{"@type":"PropertyValueSpecification","valueRequired":true,"valueName":"search_term_string"}}],"inLanguage":"es"},{"@type":"Organization","@id":"https:\/\/www.ferrovial.com\/es\/#organization","name":"Ferrovial S.A.","url":"https:\/\/www.ferrovial.com\/es\/","logo":{"@type":"ImageObject","inLanguage":"es","@id":"https:\/\/www.ferrovial.com\/es\/#\/schema\/logo\/image\/","url":"https:\/\/static.ferrovial.com\/wp-content\/uploads\/2020\/01\/13124948\/logo-ferrovial-cf7.png","contentUrl":"https:\/\/static.ferrovial.com\/wp-content\/uploads\/2020\/01\/13124948\/logo-ferrovial-cf7.png","width":144,"height":32,"caption":"Ferrovial S.A."},"image":{"@id":"https:\/\/www.ferrovial.com\/es\/#\/schema\/logo\/image\/"},"sameAs":["https:\/\/www.facebook.com\/ferrovial","https:\/\/x.com\/ferrovial","https:\/\/www.instagram.com\/ferrovial\/","https:\/\/www.linkedin.com\/company\/ferrovial","https:\/\/www.pinterest.es\/ferrovial\/","https:\/\/www.youtube.com\/ferrovial","https:\/\/en.wikipedia.org\/wiki\/Ferrovial"]}]}},"_links":{"self":[{"href":"https:\/\/www.ferrovial.com\/es\/wp-json\/wp\/v2\/pages\/58986","targetHints":{"allow":["GET"]}}],"collection":[{"href":"https:\/\/www.ferrovial.com\/es\/wp-json\/wp\/v2\/pages"}],"about":[{"href":"https:\/\/www.ferrovial.com\/es\/wp-json\/wp\/v2\/types\/page"}],"replies":[{"embeddable":true,"href":"https:\/\/www.ferrovial.com\/es\/wp-json\/wp\/v2\/comments?post=58986"}],"version-history":[{"count":3,"href":"https:\/\/www.ferrovial.com\/es\/wp-json\/wp\/v2\/pages\/58986\/revisions"}],"predecessor-version":[{"id":276056,"href":"https:\/\/www.ferrovial.com\/es\/wp-json\/wp\/v2\/pages\/58986\/revisions\/276056"}],"up":[{"embeddable":true,"href":"https:\/\/www.ferrovial.com\/es\/wp-json\/wp\/v2\/pages\/25267"}],"wp:attachment":[{"href":"https:\/\/www.ferrovial.com\/es\/wp-json\/wp\/v2\/media?parent=58986"}],"curies":[{"name":"wp","href":"https:\/\/api.w.org\/{rel}","templated":true}]}}