{"id":59378,"date":"2019-11-13T13:49:05","date_gmt":"2019-11-13T12:49:05","guid":{"rendered":"https:\/\/www.ferrovial.com\/?page_id=59378"},"modified":"2021-09-06T17:19:32","modified_gmt":"2021-09-06T15:19:32","slug":"golpe-de-ariete","status":"publish","type":"page","link":"https:\/\/www.ferrovial.com\/es\/recursos\/golpe-de-ariete\/","title":{"rendered":"Golpe de ariete"},"content":{"rendered":"    <m-final-content-header >\n            <c-breadcrumb label-text=\"Breadcrumb\" slot=\"breadcrumbs\" type='2' align='left' wrap='wrapped wrapped' aria-label='Vienes de Recursos'>\n                        <ol>\n\n                                                            <li><a href=\"https:\/\/www.ferrovial.com\/es\/\" title=\"Ferrovial\">Ferrovial<\/a><\/li>\n                                                                        <li><a href=\"https:\/\/www.ferrovial.com\/es\/recursos\/\" title=\"Recursos\">Recursos<\/a><\/li>\n                                    \n                <\/ol>\n\n                <\/c-breadcrumb>\n    \n        <div slot=\"header\">\n            <h1>\n                Golpe de ariete o ariete hidr\u00e1ulico            <\/h1>\n                    <\/div>\n    <\/m-final-content-header>\n\n    \n\n\n<p><script type=\"application\/ld+json\">\n{\n  \"@context\": \"https:\/\/schema.org\",\n  \"@type\": \"FAQPage\",\n  \"mainEntity\": {\n    \"@type\": \"Question\",\n    \"name\": \"\u00bfQu\u00e9 es el golpe de ariete?\",\n    \"acceptedAnswer\": {\n      \"@type\": \"Answer\",\n      \"text\": \"El golpe de ariete, o ariete hidr\u00e1ulico, es una fuerza puntual de empuje resultado de una sobrepresi\u00f3n o subpresi\u00f3n derivada del cambio de secci\u00f3n en una tuber\u00eda, cuya presi\u00f3n ha de ser liberada por seguridad, y que se produce por el comportamiento din\u00e1mico de un fluido en movimiento que conserva su velocidad original y por tanto su momento  lineal (masa por velocidad).\"\n    }\n  }\n}\n<\/script><\/p>\n\n\n\n<m-wysiwig class=\"wp-block-components-wysiwyg\"><div slot=\"maincontent\">\n<h2 class=\"wp-block-heading\">\u00bfQu\u00e9 es el golpe de ariete?<\/h2>\n\n\n\n<p>El <strong>golpe de ariete,<\/strong> o ariete hidr\u00e1ulico, es una fuerza puntual de empuje resultado de una sobrepresi\u00f3n o subpresi\u00f3n derivada del cambio de secci\u00f3n en una tuber\u00eda, cuya presi\u00f3n ha de ser liberada por seguridad, y que se produce por el comportamiento din\u00e1mico de un fluido en movimiento que conserva su velocidad original y por tanto su momento&nbsp; lineal (masa por velocidad).<\/p>\n\n\n\n<p>Se trata de un efecto din\u00e1mico que puede observarse en la red de tuber\u00edas dom\u00e9sticas al abrir o cerrar un grifo, pero que tiene una gran importancia en grandes infraestructuras. Sin los apropiados mecanismos de control, el golpe de ariete podr\u00eda deteriorar tuber\u00edas y elementos cr\u00edticos.<\/p>\n\n\n\n<p>Imaginemos la tuber\u00eda de acceso a una planta hidroel\u00e9ctrica en la que se turbina agua para generar electricidad limpia. A lo largo de esta tuber\u00eda (I), el agua circula a cierta velocidad (v) y su cantidad de movimiento momento lineal ser\u00e1 de \u1e57 = \u1e41\u00b7v. Asimismo la presi\u00f3n en todos los puntos de la tuber\u00eda ser\u00e1 de P.<\/p>\n\n\n\n<p>Al cerrar el ancho del tubo mediante una v\u00e1lvula se genera un cuello de botella gradual, y finalmente la detenci\u00f3n total del fluido (II). La cantidad de movimiento m\u00b7v que conservaba el fluido aguas abajo ha de mantenerse constante, pero unos metros delante el momento lineal del fluido es nulo (\u1e57=0) porque la velocidad del agua tambi\u00e9n lo es. Como resultado, aumenta la presi\u00f3n.<\/p>\n\n\n\n<p>Tanto en fluidos compresibles como incompresibles (agua) esto genera un aumento importante de la presi\u00f3n dentro del tubo (P<sub>G<\/sub>) que podr\u00eda comprometer la integridad de la tuber\u00eda y de cualquier otro sistema asociado. El golpe de ariete empuja (al estilo de la maquinaria b\u00e9lica) la tuber\u00eda, pudiendo deteriorar tambi\u00e9n sus anclajes, que han de ser calculados para soportar este cierre.<\/p>\n\n\n\n<p> Para evitar que el golpe de ariete genere desperfectos, las v\u00e1lvulas cuentan con sistemas electr\u00f3nicos de cierre gradual que modera el aumento de presi\u00f3n en el interior del tubo. Del mismo modo en infraestructura cr\u00edtica los apoyos de la tuber\u00eda est\u00e1n dise\u00f1ados para amortiguar el aumento de la presi\u00f3n. Con respecto a la onda de presi\u00f3n, las <a href=\"https:\/\/www.ferrovial.com\/es-es\/recursos\/chimeneas-de-equilibrio\/\" target=\"_blank\" rel=\"noreferrer noopener\">chimeneas de equilibrio<\/a> se encargan de liberar la onda a presi\u00f3n atmosf\u00e9rica (P<sub>a<\/sub>) cuando esta pasa en cualquiera de las dos direcciones. <\/p>\n<\/div><\/m-wysiwig>\n","protected":false},"excerpt":{"rendered":"","protected":false},"featured_media":0,"parent":25267,"menu_order":0,"comment_status":"closed","ping_status":"closed","template":"","meta":{"_acf_changed":false,"footnotes":""},"class_list":["post-59378","page","type-page","status-publish","hentry"],"acf":[],"yoast_head":"<!-- This site is optimized with the Yoast SEO plugin v27.2 - https:\/\/yoast.com\/product\/yoast-seo-wordpress\/ -->\n<title>\u00bfQu\u00e9 es el golpe de ariete o ariete hidr\u00e1ulico? - Ferrovial<\/title>\n<meta name=\"description\" content=\"Se trata de un efecto din\u00e1mico que puede observarse en la red de tuber\u00edas dom\u00e9sticas al abrir o cerrar un grifo, pero que tiene una gran importancia en grandes...\" \/>\n<meta name=\"robots\" content=\"index, follow, max-snippet:-1, max-image-preview:large, max-video-preview:-1\" \/>\n<link rel=\"canonical\" href=\"https:\/\/www.ferrovial.com\/es\/recursos\/golpe-de-ariete\/\" \/>\n<meta property=\"og:locale\" content=\"es_ES\" \/>\n<meta property=\"og:type\" content=\"article\" \/>\n<meta property=\"og:title\" content=\"\u00bfQu\u00e9 es el golpe de ariete o ariete hidr\u00e1ulico? - Ferrovial\" \/>\n<meta property=\"og:description\" content=\"Se trata de un efecto din\u00e1mico que puede observarse en la red de tuber\u00edas dom\u00e9sticas al abrir o cerrar un grifo, pero que tiene una gran importancia en grandes...\" \/>\n<meta property=\"og:url\" content=\"https:\/\/www.ferrovial.com\/es\/recursos\/golpe-de-ariete\/\" \/>\n<meta property=\"og:site_name\" content=\"Ferrovial\" \/>\n<meta property=\"article:publisher\" content=\"https:\/\/www.facebook.com\/ferrovial\" \/>\n<meta property=\"article:modified_time\" content=\"2021-09-06T15:19:32+00:00\" \/>\n<meta name=\"twitter:card\" content=\"summary_large_image\" \/>\n<meta name=\"twitter:site\" content=\"@ferrovial\" \/>\n<meta name=\"twitter:label1\" content=\"Est. reading time\" \/>\n\t<meta name=\"twitter:data1\" content=\"3 minutos\" \/>\n<!-- \/ Yoast SEO plugin. -->","yoast_head_json":{"title":"\u00bfQu\u00e9 es el golpe de ariete o ariete hidr\u00e1ulico? - Ferrovial","description":"Se trata de un efecto din\u00e1mico que puede observarse en la red de tuber\u00edas dom\u00e9sticas al abrir o cerrar un grifo, pero que tiene una gran importancia en grandes...","robots":{"index":"index","follow":"follow","max-snippet":"max-snippet:-1","max-image-preview":"max-image-preview:large","max-video-preview":"max-video-preview:-1"},"canonical":"https:\/\/www.ferrovial.com\/es\/recursos\/golpe-de-ariete\/","og_locale":"es_ES","og_type":"article","og_title":"\u00bfQu\u00e9 es el golpe de ariete o ariete hidr\u00e1ulico? - Ferrovial","og_description":"Se trata de un efecto din\u00e1mico que puede observarse en la red de tuber\u00edas dom\u00e9sticas al abrir o cerrar un grifo, pero que tiene una gran importancia en grandes...","og_url":"https:\/\/www.ferrovial.com\/es\/recursos\/golpe-de-ariete\/","og_site_name":"Ferrovial","article_publisher":"https:\/\/www.facebook.com\/ferrovial","article_modified_time":"2021-09-06T15:19:32+00:00","twitter_card":"summary_large_image","twitter_site":"@ferrovial","twitter_misc":{"Est. reading time":"3 minutos"},"schema":{"@context":"https:\/\/schema.org","@graph":[{"@type":"WebPage","@id":"https:\/\/www.ferrovial.com\/es\/recursos\/golpe-de-ariete\/","url":"https:\/\/www.ferrovial.com\/es\/recursos\/golpe-de-ariete\/","name":"\u00bfQu\u00e9 es el golpe de ariete o ariete hidr\u00e1ulico? - Ferrovial","isPartOf":{"@id":"https:\/\/www.ferrovial.com\/es\/#website"},"datePublished":"2019-11-13T12:49:05+00:00","dateModified":"2021-09-06T15:19:32+00:00","description":"Se trata de un efecto din\u00e1mico que puede observarse en la red de tuber\u00edas dom\u00e9sticas al abrir o cerrar un grifo, pero que tiene una gran importancia en grandes...","breadcrumb":{"@id":"https:\/\/www.ferrovial.com\/es\/recursos\/golpe-de-ariete\/#breadcrumb"},"inLanguage":"es","potentialAction":[{"@type":"ReadAction","target":["https:\/\/www.ferrovial.com\/es\/recursos\/golpe-de-ariete\/"]}]},{"@type":"BreadcrumbList","@id":"https:\/\/www.ferrovial.com\/es\/recursos\/golpe-de-ariete\/#breadcrumb","itemListElement":[{"@type":"ListItem","position":1,"name":"Portada","item":"https:\/\/www.ferrovial.com\/es\/"},{"@type":"ListItem","position":2,"name":"Recursos","item":"https:\/\/www.ferrovial.com\/es\/recursos\/"},{"@type":"ListItem","position":3,"name":"Golpe de ariete"}]},{"@type":"WebSite","@id":"https:\/\/www.ferrovial.com\/es\/#website","url":"https:\/\/www.ferrovial.com\/es\/","name":"Ferrovial","description":"Welcome to the Ferrovial&#039;s website, global operator of sustainable infrastructure. Here you can find all the information about the company and subsidiaries.","publisher":{"@id":"https:\/\/www.ferrovial.com\/es\/#organization"},"potentialAction":[{"@type":"SearchAction","target":{"@type":"EntryPoint","urlTemplate":"https:\/\/www.ferrovial.com\/es\/?s={search_term_string}"},"query-input":{"@type":"PropertyValueSpecification","valueRequired":true,"valueName":"search_term_string"}}],"inLanguage":"es"},{"@type":"Organization","@id":"https:\/\/www.ferrovial.com\/es\/#organization","name":"Ferrovial S.A.","url":"https:\/\/www.ferrovial.com\/es\/","logo":{"@type":"ImageObject","inLanguage":"es","@id":"https:\/\/www.ferrovial.com\/es\/#\/schema\/logo\/image\/","url":"https:\/\/static.ferrovial.com\/wp-content\/uploads\/2020\/01\/13124948\/logo-ferrovial-cf7.png","contentUrl":"https:\/\/static.ferrovial.com\/wp-content\/uploads\/2020\/01\/13124948\/logo-ferrovial-cf7.png","width":144,"height":32,"caption":"Ferrovial S.A."},"image":{"@id":"https:\/\/www.ferrovial.com\/es\/#\/schema\/logo\/image\/"},"sameAs":["https:\/\/www.facebook.com\/ferrovial","https:\/\/x.com\/ferrovial","https:\/\/www.instagram.com\/ferrovial\/","https:\/\/www.linkedin.com\/company\/ferrovial","https:\/\/www.pinterest.es\/ferrovial\/","https:\/\/www.youtube.com\/ferrovial","https:\/\/en.wikipedia.org\/wiki\/Ferrovial"]}]}},"_links":{"self":[{"href":"https:\/\/www.ferrovial.com\/es\/wp-json\/wp\/v2\/pages\/59378","targetHints":{"allow":["GET"]}}],"collection":[{"href":"https:\/\/www.ferrovial.com\/es\/wp-json\/wp\/v2\/pages"}],"about":[{"href":"https:\/\/www.ferrovial.com\/es\/wp-json\/wp\/v2\/types\/page"}],"replies":[{"embeddable":true,"href":"https:\/\/www.ferrovial.com\/es\/wp-json\/wp\/v2\/comments?post=59378"}],"version-history":[{"count":2,"href":"https:\/\/www.ferrovial.com\/es\/wp-json\/wp\/v2\/pages\/59378\/revisions"}],"predecessor-version":[{"id":201604,"href":"https:\/\/www.ferrovial.com\/es\/wp-json\/wp\/v2\/pages\/59378\/revisions\/201604"}],"up":[{"embeddable":true,"href":"https:\/\/www.ferrovial.com\/es\/wp-json\/wp\/v2\/pages\/25267"}],"wp:attachment":[{"href":"https:\/\/www.ferrovial.com\/es\/wp-json\/wp\/v2\/media?parent=59378"}],"curies":[{"name":"wp","href":"https:\/\/api.w.org\/{rel}","templated":true}]}}