{"id":59379,"date":"2019-11-13T13:49:27","date_gmt":"2019-11-13T12:49:27","guid":{"rendered":"https:\/\/www.ferrovial.com\/?page_id=59379"},"modified":"2021-08-11T14:59:04","modified_gmt":"2021-08-11T12:59:04","slug":"empuje-de-tableros","status":"publish","type":"page","link":"https:\/\/www.ferrovial.com\/es\/recursos\/empuje-de-tableros\/","title":{"rendered":"Empuje de tableros"},"content":{"rendered":"    <m-final-content-header >\n            <c-breadcrumb label-text=\"Breadcrumb\" slot=\"breadcrumbs\" type='2' align='left' wrap='wrapped wrapped' aria-label='Vienes de Recursos'>\n                        <ol>\n\n                                                            <li><a href=\"https:\/\/www.ferrovial.com\/es\/\" title=\"Ferrovial\">Ferrovial<\/a><\/li>\n                                                                        <li><a href=\"https:\/\/www.ferrovial.com\/es\/recursos\/\" title=\"Recursos\">Recursos<\/a><\/li>\n                                    \n                <\/ol>\n\n                <\/c-breadcrumb>\n    \n        <div slot=\"header\">\n            <h1>\n                \u00bfQu\u00e9 es el empuje de tableros?            <\/h1>\n                    <\/div>\n    <\/m-final-content-header>\n\n    \n\n\n<p><script type=\"application\/ld+json\">\n{\n  \"@context\": \"https:\/\/schema.org\",\n  \"@type\": \"FAQPage\",\n  \"mainEntity\": [{\n    \"@type\": \"Question\",\n    \"name\": \"\u00bfQu\u00e9 es el empuje de tableros?\",\n    \"acceptedAnswer\": {\n      \"@type\": \"Answer\",\n      \"text\": \"El empuje de tableros es una t\u00e9cnica constructiva para desplazar el tablero de un viaducto de la f\u00e1brica hasta su posici\u00f3n final.\n\nConsiste en el empuje horizontal de dovelas (cada uno de los tramos horizontales entre pilares) hasta alcanzar su posici\u00f3n final, momento en que se descuelgan en vertical. Hacen uso de otras t\u00e9cnicas como el tesado o los movimientos de grandes cargas.\"\n    }\n  },{\n    \"@type\": \"Question\",\n    \"name\": \"Fases del empuje de tableros\",\n    \"acceptedAnswer\": {\n      \"@type\": \"Answer\",\n      \"text\": \"El procedimiento de empuje consiste en cuatro fases:\n\nUn gato vertical levanta el tablero.\nUn gato horizontal empuja el tablero unos 20 cent\u00edmetros.\nEl gato vertical baja el tablero.\nLa operaci\u00f3n se repite, haciendo avanzar la dovela.\"\n    }\n  }]\n}\n<\/script><\/p>\n\n\n\n<m-wysiwig class=\"wp-block-components-wysiwyg\"><div slot=\"maincontent\">    <p class=\"intro\">El empuje de tableros es una t\u00e9cnica constructiva para desplazar el tablero de un viaducto de la f\u00e1brica hasta su posici\u00f3n final.<\/p>\n    \n\n\n<p>Consiste en el empuje horizontal de dovelas (cada uno de los tramos horizontales entre pilares) hasta alcanzar su posici\u00f3n final, momento en que se descuelgan en vertical. Hacen uso de otras t\u00e9cnicas como el tesado o los movimientos de grandes cargas.<\/p>\n\n\n\n<p>Para grandes viaductos, somos especialistas en <strong>producir un tablero por tramos (dovelas) en un parque de fabricaci\u00f3n<\/strong>, trasladarlo hasta la infraestructura final y hacerlo pasar sobre las pilas mediante una concatenaci\u00f3n de apoyos especiales y gatos. Las dovelas pueden llegar a medir m\u00e1s de 100 metros (como en el caso del viaducto de Uztarreta) y se colocan a gran altura.<\/p>\n\n\n\n<h2 class=\"wp-block-heading\">Fabricaci\u00f3n y desplazamiento<\/h2>\n\n\n\n<p>Todo empieza en el parque de fabricaci\u00f3n, un \u00e1rea pr\u00f3xima a la obra civil, donde son fabricadas las dovelas de hormig\u00f3n y acero que dar\u00e1n forma al tablero horizontal del viaducto. Si estas son grandes se fabrican a ras de obra, y algunas pueden tener decenas de metros en horizontal.<\/p>\n\n\n\n<p>Este espacio de fabricaci\u00f3n, altamente industrializado, permite trabajar con rapidez, seguridad y calidad. En \u00e9l se realizan acciones como el tesado de la estructura antes de moverla. Una vez construida la dovela es hora de trasladarla, si es de peque\u00f1as dimensiones por carretera.<\/p>\n\n\n\n<p>Aqu\u00ed entran en juego especialistas en grandes cargas, ya que hay que elevar cada tramo para ubicarlo sobre el transporte especial, y realizar la operaci\u00f3n inversa en obra. Aunque lo m\u00e1s probable es que la construcci\u00f3n se realice en la propia obra debido a las dimensiones de la dovela.<\/p>\n\n\n\n<p>En este \u00faltimo caso el procedimiento pasa por empujar el tablero en horizontal hasta hacerlo coincidir con la vertical de los pilares. Para ello una cabecera met\u00e1lica se encastra en el frontal de la dovela de forma que siempre hace contacto con el siguiente pilar, y un conjunto de gatos hidr\u00e1ulicos desplazan la carga unos pocos cent\u00edmetros cada vez.<\/p>\n\n\n\n<h2 class=\"wp-block-heading\">Fases del empuje de tableros<\/h2>\n\n\n\n<p>El procedimiento de empuje consiste en cuatro fases:<\/p>\n\n\n\n<ol class=\"wp-block-list\"><li>Un gato vertical levanta el tablero.<\/li><li>Un gato horizontal empuja el tablero unos 20 cent\u00edmetros.<\/li><li>El gato vertical baja el tablero.<\/li><li>La operaci\u00f3n se repite, haciendo avanzar la dovela.<\/li><\/ol>\n\n\n\n<p>Esta t\u00e9cnica suele realizarse durante d\u00edas, y es la forma m\u00e1s segura de avanzar. En cada fase se comprueba la estabilidad de los pilares, y con frecuencia es necesario <strong>postesar el lanzamiento<\/strong>. Esto es \u201ccoser\u201d las dovelas entre s\u00ed con el objetivo de dar continuidad al tablero y ayudarle a distribuir las cargas resultado del empuje.<\/p>\n\n\n\n<p>Una vez se ha empujado el tablero al completo, y una vez colocado en su ubicaci\u00f3n final, es el momento de desmontar la cabecera met\u00e1lica y de postesar el exterior. Este postesado facilita especialmente la inspecci\u00f3n, el retesado futuro y por tanto la durabilidad de la obra.<\/p>\n<\/div><\/m-wysiwig>\n","protected":false},"excerpt":{"rendered":"","protected":false},"featured_media":0,"parent":25267,"menu_order":0,"comment_status":"closed","ping_status":"closed","template":"","meta":{"_acf_changed":false,"footnotes":""},"class_list":["post-59379","page","type-page","status-publish","hentry"],"acf":[],"yoast_head":"<!-- This site is optimized with the Yoast SEO plugin v27.2 - https:\/\/yoast.com\/product\/yoast-seo-wordpress\/ -->\n<title>\u00bfQu\u00e9 es el empuje de tableros? - Ferrovial<\/title>\n<meta name=\"description\" content=\"El empuje de tableros consiste en el desplazamiento horizontal de dovelas (cada tramo horizontal entre pilares de un viaducto) hasta alcanzar su ...\" \/>\n<meta name=\"robots\" content=\"index, follow, max-snippet:-1, max-image-preview:large, max-video-preview:-1\" \/>\n<link rel=\"canonical\" href=\"https:\/\/www.ferrovial.com\/es\/recursos\/empuje-de-tableros\/\" \/>\n<meta property=\"og:locale\" content=\"es_ES\" \/>\n<meta property=\"og:type\" content=\"article\" \/>\n<meta property=\"og:title\" content=\"\u00bfQu\u00e9 es el empuje de tableros? - Ferrovial\" \/>\n<meta property=\"og:description\" content=\"El empuje de tableros consiste en el desplazamiento horizontal de dovelas (cada tramo horizontal entre pilares de un viaducto) hasta alcanzar su ...\" \/>\n<meta property=\"og:url\" content=\"https:\/\/www.ferrovial.com\/es\/recursos\/empuje-de-tableros\/\" \/>\n<meta property=\"og:site_name\" content=\"Ferrovial\" \/>\n<meta property=\"article:publisher\" content=\"https:\/\/www.facebook.com\/ferrovial\" \/>\n<meta property=\"article:modified_time\" content=\"2021-08-11T12:59:04+00:00\" \/>\n<meta name=\"twitter:card\" content=\"summary_large_image\" \/>\n<meta name=\"twitter:site\" content=\"@ferrovial\" \/>\n<meta name=\"twitter:label1\" content=\"Est. reading time\" \/>\n\t<meta name=\"twitter:data1\" content=\"3 minutos\" \/>\n<!-- \/ Yoast SEO plugin. -->","yoast_head_json":{"title":"\u00bfQu\u00e9 es el empuje de tableros? - Ferrovial","description":"El empuje de tableros consiste en el desplazamiento horizontal de dovelas (cada tramo horizontal entre pilares de un viaducto) hasta alcanzar su ...","robots":{"index":"index","follow":"follow","max-snippet":"max-snippet:-1","max-image-preview":"max-image-preview:large","max-video-preview":"max-video-preview:-1"},"canonical":"https:\/\/www.ferrovial.com\/es\/recursos\/empuje-de-tableros\/","og_locale":"es_ES","og_type":"article","og_title":"\u00bfQu\u00e9 es el empuje de tableros? - Ferrovial","og_description":"El empuje de tableros consiste en el desplazamiento horizontal de dovelas (cada tramo horizontal entre pilares de un viaducto) hasta alcanzar su ...","og_url":"https:\/\/www.ferrovial.com\/es\/recursos\/empuje-de-tableros\/","og_site_name":"Ferrovial","article_publisher":"https:\/\/www.facebook.com\/ferrovial","article_modified_time":"2021-08-11T12:59:04+00:00","twitter_card":"summary_large_image","twitter_site":"@ferrovial","twitter_misc":{"Est. reading time":"3 minutos"},"schema":{"@context":"https:\/\/schema.org","@graph":[{"@type":"WebPage","@id":"https:\/\/www.ferrovial.com\/es\/recursos\/empuje-de-tableros\/","url":"https:\/\/www.ferrovial.com\/es\/recursos\/empuje-de-tableros\/","name":"\u00bfQu\u00e9 es el empuje de tableros? - Ferrovial","isPartOf":{"@id":"https:\/\/www.ferrovial.com\/es\/#website"},"datePublished":"2019-11-13T12:49:27+00:00","dateModified":"2021-08-11T12:59:04+00:00","description":"El empuje de tableros consiste en el desplazamiento horizontal de dovelas (cada tramo horizontal entre pilares de un viaducto) hasta alcanzar su ...","breadcrumb":{"@id":"https:\/\/www.ferrovial.com\/es\/recursos\/empuje-de-tableros\/#breadcrumb"},"inLanguage":"es","potentialAction":[{"@type":"ReadAction","target":["https:\/\/www.ferrovial.com\/es\/recursos\/empuje-de-tableros\/"]}]},{"@type":"BreadcrumbList","@id":"https:\/\/www.ferrovial.com\/es\/recursos\/empuje-de-tableros\/#breadcrumb","itemListElement":[{"@type":"ListItem","position":1,"name":"Portada","item":"https:\/\/www.ferrovial.com\/es\/"},{"@type":"ListItem","position":2,"name":"Recursos","item":"https:\/\/www.ferrovial.com\/es\/recursos\/"},{"@type":"ListItem","position":3,"name":"Empuje de tableros"}]},{"@type":"WebSite","@id":"https:\/\/www.ferrovial.com\/es\/#website","url":"https:\/\/www.ferrovial.com\/es\/","name":"Ferrovial","description":"Welcome to the Ferrovial&#039;s website, global operator of sustainable infrastructure. Here you can find all the information about the company and subsidiaries.","publisher":{"@id":"https:\/\/www.ferrovial.com\/es\/#organization"},"potentialAction":[{"@type":"SearchAction","target":{"@type":"EntryPoint","urlTemplate":"https:\/\/www.ferrovial.com\/es\/?s={search_term_string}"},"query-input":{"@type":"PropertyValueSpecification","valueRequired":true,"valueName":"search_term_string"}}],"inLanguage":"es"},{"@type":"Organization","@id":"https:\/\/www.ferrovial.com\/es\/#organization","name":"Ferrovial S.A.","url":"https:\/\/www.ferrovial.com\/es\/","logo":{"@type":"ImageObject","inLanguage":"es","@id":"https:\/\/www.ferrovial.com\/es\/#\/schema\/logo\/image\/","url":"https:\/\/static.ferrovial.com\/wp-content\/uploads\/2020\/01\/13124948\/logo-ferrovial-cf7.png","contentUrl":"https:\/\/static.ferrovial.com\/wp-content\/uploads\/2020\/01\/13124948\/logo-ferrovial-cf7.png","width":144,"height":32,"caption":"Ferrovial S.A."},"image":{"@id":"https:\/\/www.ferrovial.com\/es\/#\/schema\/logo\/image\/"},"sameAs":["https:\/\/www.facebook.com\/ferrovial","https:\/\/x.com\/ferrovial","https:\/\/www.instagram.com\/ferrovial\/","https:\/\/www.linkedin.com\/company\/ferrovial","https:\/\/www.pinterest.es\/ferrovial\/","https:\/\/www.youtube.com\/ferrovial","https:\/\/en.wikipedia.org\/wiki\/Ferrovial"]}]}},"_links":{"self":[{"href":"https:\/\/www.ferrovial.com\/es\/wp-json\/wp\/v2\/pages\/59379","targetHints":{"allow":["GET"]}}],"collection":[{"href":"https:\/\/www.ferrovial.com\/es\/wp-json\/wp\/v2\/pages"}],"about":[{"href":"https:\/\/www.ferrovial.com\/es\/wp-json\/wp\/v2\/types\/page"}],"replies":[{"embeddable":true,"href":"https:\/\/www.ferrovial.com\/es\/wp-json\/wp\/v2\/comments?post=59379"}],"version-history":[{"count":2,"href":"https:\/\/www.ferrovial.com\/es\/wp-json\/wp\/v2\/pages\/59379\/revisions"}],"predecessor-version":[{"id":200089,"href":"https:\/\/www.ferrovial.com\/es\/wp-json\/wp\/v2\/pages\/59379\/revisions\/200089"}],"up":[{"embeddable":true,"href":"https:\/\/www.ferrovial.com\/es\/wp-json\/wp\/v2\/pages\/25267"}],"wp:attachment":[{"href":"https:\/\/www.ferrovial.com\/es\/wp-json\/wp\/v2\/media?parent=59379"}],"curies":[{"name":"wp","href":"https:\/\/api.w.org\/{rel}","templated":true}]}}