{"id":59387,"date":"2019-11-13T13:53:22","date_gmt":"2019-11-13T12:53:22","guid":{"rendered":"https:\/\/www.ferrovial.com\/?page_id=59387"},"modified":"2021-10-25T11:02:23","modified_gmt":"2021-10-25T09:02:23","slug":"osmosis-inversa","status":"publish","type":"page","link":"https:\/\/www.ferrovial.com\/es\/recursos\/osmosis-inversa\/","title":{"rendered":"\u00d3smosis inversa"},"content":{"rendered":"    <m-final-content-header >\n            <c-breadcrumb label-text=\"Breadcrumb\" slot=\"breadcrumbs\" type='2' align='left' wrap='wrapped wrapped' aria-label='Vienes de Recursos'>\n                        <ol>\n\n                                                            <li><a href=\"https:\/\/www.ferrovial.com\/es\/\" title=\"Ferrovial\">Ferrovial<\/a><\/li>\n                                                                        <li><a href=\"https:\/\/www.ferrovial.com\/es\/recursos\/\" title=\"Recursos\">Recursos<\/a><\/li>\n                                    \n                <\/ol>\n\n                <\/c-breadcrumb>\n    \n        <div slot=\"header\">\n            <h1>\n                \u00d3smosis inversa            <\/h1>\n                    <\/div>\n    <\/m-final-content-header>\n\n    \n\n\n<p><script type=\"application\/ld+json\">\n{\n  \"@context\": \"https:\/\/schema.org\",\n  \"@type\": \"FAQPage\",\n  \"mainEntity\": [{\n    \"@type\": \"Question\",\n    \"name\": \"\u00bfQu\u00e9 es la \u00f3smosis inversa?\",\n    \"acceptedAnswer\": {\n      \"@type\": \"Answer\",\n      \"text\": \"La tecnolog\u00eda \u00f3smosis inversa es un tipo de tratamiento f\u00edsico-qu\u00edmico que copia a la naturaleza para eliminar impurezas del agua, haci\u00e9ndola pasar a trav\u00e9s de unas membranas semipermeables.\"\n    }\n  },{\n    \"@type\": \"Question\",\n    \"name\": \"\u00bfPara qu\u00e9 sirve la \u00f3smosis inversa?\",\n    \"acceptedAnswer\": {\n      \"@type\": \"Answer\",\n      \"text\": \"Esta purificaci\u00f3n del H2O elimina iones, mol\u00e9culas y part\u00edculas m\u00e1s grandes. Se usa en plantas de tratamiento para potabilizar agua en zonas del mundo en que el agua dulce escasea.\"\n    }\n  },{\n    \"@type\": \"Question\",\n    \"name\": \"\u00bfC\u00f3mo funciona el proceso de \u00f3smosis inversa?\",\n    \"acceptedAnswer\": {\n      \"@type\": \"Answer\",\n      \"text\": \"part\u00edculas al hacerlas pasar por una serie de mallas o membranas conc\u00e9ntricas de diferentes tama\u00f1os. No debe confundirse con el mero filtrado f\u00edsico. El agua a tratar avanza por una serie de tuber\u00edas a elevada presi\u00f3n, y en dicho avance parte de la misma escapa a trav\u00e9s de dichas membranas.\"\n    }\n  }]\n}\n<\/script><\/p>\n\n\n\n<m-wysiwig class=\"wp-block-components-wysiwyg\"><div slot=\"maincontent\">\n<h2 class=\"wp-block-heading\">\u00bfQu\u00e9 es la \u00f3smosis inversa?<\/h2>\n\n\n\n<p>Es un proceso mediante el cual se purifica una muestra de agua eliminando las part\u00edculas en suspensi\u00f3n. La tecnolog\u00eda <strong>\u00f3smosis inversa<\/strong> es un tipo de tratamiento f\u00edsico-qu\u00edmico que copia a la naturaleza para eliminar impurezas del agua, haci\u00e9ndola pasar a trav\u00e9s de unas membranas semipermeables. <\/p>\n\n\n\n<h2 class=\"wp-block-heading\">\u00bfPara qu\u00e9 sirve?<\/h2>\n\n\n\n<p>Esta purificaci\u00f3n del H<sub>2<\/sub>O elimina iones, mol\u00e9culas y part\u00edculas m\u00e1s grandes. Se usa en <a href=\"https:\/\/www.ferrovial.com\/es-es\/recursos\/tratamiento-aguas\/\">plantas de tratamiento para potabilizar agua<\/a> en zonas del mundo en que el agua dulce escasea.<\/p>\n\n\n\n<h2 class=\"wp-block-heading\">\u00bfC\u00f3mo funciona el proceso de \u00f3smosis inversa?<\/h2>\n\n\n\n<p>A diferencia de los procesos qu\u00edmicos (UV, jabones, ozono, etc) la \u00f3smosis inversa atrapa las part\u00edculas al hacerlas pasar por una serie de mallas o membranas conc\u00e9ntricas de diferentes tama\u00f1os. No debe confundirse con el mero filtrado f\u00edsico. El agua a tratar avanza por una serie de tuber\u00edas a elevada presi\u00f3n, y en dicho avance parte de la misma escapa a trav\u00e9s de dichas membranas.<\/p>\n\n\n\n<p>Los elementos m\u00e1s pesados quedan atrapados en ellas. El procedimiento parte de la idea de <strong>vencer la presi\u00f3n osm\u00f3tica<\/strong>. Esto es, todo sistema que implica dos l\u00edquidos y una membrana semipermeable (desde nuestras venas a la savia en el interior de los \u00e1rboles) tiende a fluir de forma tal que el l\u00edquido gana part\u00edculas solubles. Es decir, se concentra con el paso del tiempo con part\u00edculas.<\/p>\n\n\n\n<p>La \u00f3smosis inversa da la vuelta al proceso a\u00f1adiendo presi\u00f3n en el extremo de la soluci\u00f3n concentrada, eliminando las part\u00edculas disueltas. Si este tipo de procesos resultan interesantes es porque el agua sucia puede circular a elevada presi\u00f3n en circuitos cerrados formados por tuber\u00edas de membrana.<\/p>\n\n\n\n<p>El fluido recorrer\u00e1 el sistema y, con cada ciclo, el agua pura recorrer\u00e1 las membranas separ\u00e1ndose de las part\u00edculas que quedan atrapadas. <\/p>\n\n\n\n<h3 class=\"wp-block-heading\">Proyecto donde se aplica la \u00f3smosis inversa<\/h3>\n\n\n\n<p>Plantas desaladoras como la que Cadagua dise\u00f1\u00f3 y <a href=\"https:\/\/www.ferrovial.com\/es-es\/cadagua\/proyectos\/\" class=\"ek-link\">construy\u00f3 en Al Ghubrah Oman<\/a> son capaces de producir gracias a la \u00f3smosis inversa <strong>191.000 m<sup>3<\/sup> de agua potable al d\u00eda<\/strong>. Debido a la escasez de agua potable esta tecnolog\u00eda ser\u00e1 cada vez m\u00e1s usada en las l\u00edneas costeras.<\/p>\n<\/div><\/m-wysiwig>\n\n\n\n<p><\/p>\n","protected":false},"excerpt":{"rendered":"","protected":false},"featured_media":0,"parent":25267,"menu_order":0,"comment_status":"closed","ping_status":"closed","template":"","meta":{"_acf_changed":false,"footnotes":""},"class_list":["post-59387","page","type-page","status-publish","hentry"],"acf":[],"yoast_head":"<!-- This site is optimized with the Yoast SEO plugin v27.2 - https:\/\/yoast.com\/product\/yoast-seo-wordpress\/ -->\n<title>\u00d3smosis inversa : Qu\u00e9 es, para qu\u00e9 sirve y su proceso - Ferrovial<\/title>\n<meta name=\"description\" content=\"Esta purificaci\u00f3n del H2O elimina iones, mol\u00e9culas y part\u00edculas m\u00e1s grandes. Se usa para potabilizar agua en zonas del mundo en que el agua dulce escasea\" \/>\n<meta name=\"robots\" content=\"index, follow, max-snippet:-1, max-image-preview:large, max-video-preview:-1\" \/>\n<link rel=\"canonical\" href=\"https:\/\/www.ferrovial.com\/es\/recursos\/osmosis-inversa\/\" \/>\n<meta property=\"og:locale\" content=\"es_ES\" \/>\n<meta property=\"og:type\" content=\"article\" \/>\n<meta property=\"og:title\" content=\"\u00d3smosis inversa : Qu\u00e9 es, para qu\u00e9 sirve y su proceso - Ferrovial\" \/>\n<meta property=\"og:description\" content=\"Esta purificaci\u00f3n del H2O elimina iones, mol\u00e9culas y part\u00edculas m\u00e1s grandes. Se usa para potabilizar agua en zonas del mundo en que el agua dulce escasea\" \/>\n<meta property=\"og:url\" content=\"https:\/\/www.ferrovial.com\/es\/recursos\/osmosis-inversa\/\" \/>\n<meta property=\"og:site_name\" content=\"Ferrovial\" \/>\n<meta property=\"article:publisher\" content=\"https:\/\/www.facebook.com\/ferrovial\" \/>\n<meta property=\"article:modified_time\" content=\"2021-10-25T09:02:23+00:00\" \/>\n<meta name=\"twitter:card\" content=\"summary_large_image\" \/>\n<meta name=\"twitter:site\" content=\"@ferrovial\" \/>\n<meta name=\"twitter:label1\" content=\"Est. reading time\" \/>\n\t<meta name=\"twitter:data1\" content=\"3 minutos\" \/>\n<!-- \/ Yoast SEO plugin. -->","yoast_head_json":{"title":"\u00d3smosis inversa : Qu\u00e9 es, para qu\u00e9 sirve y su proceso - Ferrovial","description":"Esta purificaci\u00f3n del H2O elimina iones, mol\u00e9culas y part\u00edculas m\u00e1s grandes. Se usa para potabilizar agua en zonas del mundo en que el agua dulce escasea","robots":{"index":"index","follow":"follow","max-snippet":"max-snippet:-1","max-image-preview":"max-image-preview:large","max-video-preview":"max-video-preview:-1"},"canonical":"https:\/\/www.ferrovial.com\/es\/recursos\/osmosis-inversa\/","og_locale":"es_ES","og_type":"article","og_title":"\u00d3smosis inversa : Qu\u00e9 es, para qu\u00e9 sirve y su proceso - Ferrovial","og_description":"Esta purificaci\u00f3n del H2O elimina iones, mol\u00e9culas y part\u00edculas m\u00e1s grandes. Se usa para potabilizar agua en zonas del mundo en que el agua dulce escasea","og_url":"https:\/\/www.ferrovial.com\/es\/recursos\/osmosis-inversa\/","og_site_name":"Ferrovial","article_publisher":"https:\/\/www.facebook.com\/ferrovial","article_modified_time":"2021-10-25T09:02:23+00:00","twitter_card":"summary_large_image","twitter_site":"@ferrovial","twitter_misc":{"Est. reading time":"3 minutos"},"schema":{"@context":"https:\/\/schema.org","@graph":[{"@type":"WebPage","@id":"https:\/\/www.ferrovial.com\/es\/recursos\/osmosis-inversa\/","url":"https:\/\/www.ferrovial.com\/es\/recursos\/osmosis-inversa\/","name":"\u00d3smosis inversa : Qu\u00e9 es, para qu\u00e9 sirve y su proceso - Ferrovial","isPartOf":{"@id":"https:\/\/www.ferrovial.com\/es\/#website"},"datePublished":"2019-11-13T12:53:22+00:00","dateModified":"2021-10-25T09:02:23+00:00","description":"Esta purificaci\u00f3n del H2O elimina iones, mol\u00e9culas y part\u00edculas m\u00e1s grandes. Se usa para potabilizar agua en zonas del mundo en que el agua dulce escasea","breadcrumb":{"@id":"https:\/\/www.ferrovial.com\/es\/recursos\/osmosis-inversa\/#breadcrumb"},"inLanguage":"es","potentialAction":[{"@type":"ReadAction","target":["https:\/\/www.ferrovial.com\/es\/recursos\/osmosis-inversa\/"]}]},{"@type":"BreadcrumbList","@id":"https:\/\/www.ferrovial.com\/es\/recursos\/osmosis-inversa\/#breadcrumb","itemListElement":[{"@type":"ListItem","position":1,"name":"Portada","item":"https:\/\/www.ferrovial.com\/es\/"},{"@type":"ListItem","position":2,"name":"Recursos","item":"https:\/\/www.ferrovial.com\/es\/recursos\/"},{"@type":"ListItem","position":3,"name":"\u00d3smosis inversa"}]},{"@type":"WebSite","@id":"https:\/\/www.ferrovial.com\/es\/#website","url":"https:\/\/www.ferrovial.com\/es\/","name":"Ferrovial","description":"Welcome to the Ferrovial&#039;s website, global operator of sustainable infrastructure. Here you can find all the information about the company and subsidiaries.","publisher":{"@id":"https:\/\/www.ferrovial.com\/es\/#organization"},"potentialAction":[{"@type":"SearchAction","target":{"@type":"EntryPoint","urlTemplate":"https:\/\/www.ferrovial.com\/es\/?s={search_term_string}"},"query-input":{"@type":"PropertyValueSpecification","valueRequired":true,"valueName":"search_term_string"}}],"inLanguage":"es"},{"@type":"Organization","@id":"https:\/\/www.ferrovial.com\/es\/#organization","name":"Ferrovial S.A.","url":"https:\/\/www.ferrovial.com\/es\/","logo":{"@type":"ImageObject","inLanguage":"es","@id":"https:\/\/www.ferrovial.com\/es\/#\/schema\/logo\/image\/","url":"https:\/\/static.ferrovial.com\/wp-content\/uploads\/2020\/01\/13124948\/logo-ferrovial-cf7.png","contentUrl":"https:\/\/static.ferrovial.com\/wp-content\/uploads\/2020\/01\/13124948\/logo-ferrovial-cf7.png","width":144,"height":32,"caption":"Ferrovial S.A."},"image":{"@id":"https:\/\/www.ferrovial.com\/es\/#\/schema\/logo\/image\/"},"sameAs":["https:\/\/www.facebook.com\/ferrovial","https:\/\/x.com\/ferrovial","https:\/\/www.instagram.com\/ferrovial\/","https:\/\/www.linkedin.com\/company\/ferrovial","https:\/\/www.pinterest.es\/ferrovial\/","https:\/\/www.youtube.com\/ferrovial","https:\/\/en.wikipedia.org\/wiki\/Ferrovial"]}]}},"_links":{"self":[{"href":"https:\/\/www.ferrovial.com\/es\/wp-json\/wp\/v2\/pages\/59387","targetHints":{"allow":["GET"]}}],"collection":[{"href":"https:\/\/www.ferrovial.com\/es\/wp-json\/wp\/v2\/pages"}],"about":[{"href":"https:\/\/www.ferrovial.com\/es\/wp-json\/wp\/v2\/types\/page"}],"replies":[{"embeddable":true,"href":"https:\/\/www.ferrovial.com\/es\/wp-json\/wp\/v2\/comments?post=59387"}],"version-history":[{"count":3,"href":"https:\/\/www.ferrovial.com\/es\/wp-json\/wp\/v2\/pages\/59387\/revisions"}],"predecessor-version":[{"id":204631,"href":"https:\/\/www.ferrovial.com\/es\/wp-json\/wp\/v2\/pages\/59387\/revisions\/204631"}],"up":[{"embeddable":true,"href":"https:\/\/www.ferrovial.com\/es\/wp-json\/wp\/v2\/pages\/25267"}],"wp:attachment":[{"href":"https:\/\/www.ferrovial.com\/es\/wp-json\/wp\/v2\/media?parent=59387"}],"curies":[{"name":"wp","href":"https:\/\/api.w.org\/{rel}","templated":true}]}}