{"id":64636,"date":"2019-11-15T11:36:46","date_gmt":"2019-11-15T10:36:46","guid":{"rendered":"https:\/\/www.ferrovial.com\/?page_id=64636"},"modified":"2026-04-10T15:04:34","modified_gmt":"2026-04-10T13:04:34","slug":"nombramiento-y-reelecciones","status":"publish","type":"page","link":"https:\/\/www.ferrovial.com\/es\/accionistas-e-inversores\/gobierno-corporativo\/consejo-de-administracion\/nombramiento-y-reelecciones\/","title":{"rendered":"Nombramientos y reelecciones"},"content":{"rendered":"    <m-final-content-header bgimage='https:\/\/static.ferrovial.com\/wp-content\/uploads\/2019\/10\/13133243\/slipstream-textura-1280x720.jpg'>\n            <c-breadcrumb label-text=\"Breadcrumb\" slot=\"breadcrumbs\" type='2' align='left' wrap='wrapped wrapped' aria-label='Vienes de Consejo de Administraci\u00f3n'>\n                        <ol>\n\n                                                            <li><a href=\"https:\/\/www.ferrovial.com\/es\/\" title=\"Ferrovial\">Ferrovial<\/a><\/li>\n                                                                        <li><a href=\"https:\/\/www.ferrovial.com\/es\/accionistas-e-inversores\/\" title=\"Accionistas e inversores\">Accionistas e inversores<\/a><\/li>\n                                                                        <li><a href=\"https:\/\/www.ferrovial.com\/es\/accionistas-e-inversores\/gobierno-corporativo\/\" title=\"Gobierno corporativo\">Gobierno corporativo<\/a><\/li>\n                                                                        <li><a href=\"https:\/\/www.ferrovial.com\/es\/accionistas-e-inversores\/gobierno-corporativo\/consejo-de-administracion\/\" title=\"Consejo de Administraci\u00f3n\">Consejo de Administraci\u00f3n<\/a><\/li>\n                                    \n                <\/ol>\n\n                <\/c-breadcrumb>\n    \n        <div slot=\"header\">\n            <h1>\n                Nombramientos y reelecciones            <\/h1>\n                    <\/div>\n    <\/m-final-content-header>\n\n    \n\n    <m-appointments label=\"\" title=\"Nombramientos y reelecciones\" dataurl=\"https:\/\/www.ferrovial.com\/es\/?action=theme_get_appointments&#038;ids_director=YToxMjp7aTowO3M6NToiNjQ4NTUiO2k6MTtzOjU6IjY0OTkyIjtpOjI7czo1OiI2NTAwNiI7aTozO3M6NToiNjUwOTgiO2k6NDtzOjU6IjY1MTMxIjtpOjU7czo1OiI2NTE1NSI7aTo2O3M6NToiNjUxNzQiO2k6NztzOjU6IjY1MTg3IjtpOjg7czo2OiIxMjYwNDEiO2k6OTtzOjU6IjY1MTAzIjtpOjEwO3M6NToiNjUwOTAiO2k6MTE7czo2OiIzMjk2NzkiO30=&#038;table_name=Nombre\">\n    <\/m-appointments>\n    \n\n\n<m-wysiwig class=\"wp-block-components-wysiwyg\"><div slot=\"maincontent\">\n<p><strong><em>Con fecha 16 de junio de 2023 Ferrovial, S.A. fue absorbida por Ferrovial International SE, que pas\u00f3 a denominarse Ferrovial SE. <\/em><\/strong><\/p>\n\n\n\n<p><em>Con fecha 3 de diciembre de 2009 Grupo Ferrovial S.A. fue absorbida por Cintra Concesiones de Infraestructuras de Transportes, S.A, que pas\u00f3 a denominarse Ferrovial, S.A.<\/em><\/p>\n\n\n\n<p><em>Traducci\u00f3n en espa\u00f1ol a efectos informativos. En el caso de discrepancia entre la versi\u00f3n original inglesa y traducci\u00f3n espa\u00f1ola, prevalecer\u00e1 la versi\u00f3n inglesa.<\/em><\/p>\n<\/div><\/m-wysiwig>\n","protected":false},"excerpt":{"rendered":"","protected":false},"featured_media":0,"parent":22833,"menu_order":0,"comment_status":"closed","ping_status":"closed","template":"","meta":{"_acf_changed":false,"footnotes":""},"class_list":["post-64636","page","type-page","status-publish","hentry"],"acf":[],"yoast_head":"<!-- This site is optimized with the Yoast SEO plugin v27.2 - https:\/\/yoast.com\/product\/yoast-seo-wordpress\/ -->\n<title>Nombramiento y reelecciones de los miembros del Consejo - Ferrovial<\/title>\n<meta name=\"description\" content=\"Informaci\u00f3n con los nombramientos y reelecciones de los miembros del Consejo de Administraci\u00f3n de Ferrovial en los \u00faltimos meses. Entra e inf\u00f3rmate\" \/>\n<meta name=\"robots\" content=\"index, follow, max-snippet:-1, max-image-preview:large, max-video-preview:-1\" \/>\n<link rel=\"canonical\" href=\"https:\/\/www.ferrovial.com\/es\/accionistas-e-inversores\/gobierno-corporativo\/consejo-de-administracion\/nombramiento-y-reelecciones\/\" \/>\n<meta property=\"og:locale\" content=\"es_ES\" \/>\n<meta property=\"og:type\" content=\"article\" \/>\n<meta property=\"og:title\" content=\"Nombramiento y reelecciones de los miembros del Consejo - Ferrovial\" \/>\n<meta property=\"og:description\" content=\"Informaci\u00f3n con los nombramientos y reelecciones de los miembros del Consejo de Administraci\u00f3n de Ferrovial en los \u00faltimos meses. Entra e inf\u00f3rmate\" \/>\n<meta property=\"og:url\" content=\"https:\/\/www.ferrovial.com\/es\/accionistas-e-inversores\/gobierno-corporativo\/consejo-de-administracion\/nombramiento-y-reelecciones\/\" \/>\n<meta property=\"og:site_name\" content=\"Ferrovial\" \/>\n<meta property=\"article:publisher\" content=\"https:\/\/www.facebook.com\/ferrovial\" \/>\n<meta property=\"article:modified_time\" content=\"2026-04-10T13:04:34+00:00\" \/>\n<meta name=\"twitter:card\" content=\"summary_large_image\" \/>\n<meta name=\"twitter:site\" content=\"@ferrovial\" \/>\n<meta name=\"twitter:label1\" content=\"Est. reading time\" \/>\n\t<meta name=\"twitter:data1\" content=\"1 minuto\" \/>\n<!-- \/ Yoast SEO plugin. -->","yoast_head_json":{"title":"Nombramiento y reelecciones de los miembros del Consejo - Ferrovial","description":"Informaci\u00f3n con los nombramientos y reelecciones de los miembros del Consejo de Administraci\u00f3n de Ferrovial en los \u00faltimos meses. Entra e inf\u00f3rmate","robots":{"index":"index","follow":"follow","max-snippet":"max-snippet:-1","max-image-preview":"max-image-preview:large","max-video-preview":"max-video-preview:-1"},"canonical":"https:\/\/www.ferrovial.com\/es\/accionistas-e-inversores\/gobierno-corporativo\/consejo-de-administracion\/nombramiento-y-reelecciones\/","og_locale":"es_ES","og_type":"article","og_title":"Nombramiento y reelecciones de los miembros del Consejo - Ferrovial","og_description":"Informaci\u00f3n con los nombramientos y reelecciones de los miembros del Consejo de Administraci\u00f3n de Ferrovial en los \u00faltimos meses. Entra e inf\u00f3rmate","og_url":"https:\/\/www.ferrovial.com\/es\/accionistas-e-inversores\/gobierno-corporativo\/consejo-de-administracion\/nombramiento-y-reelecciones\/","og_site_name":"Ferrovial","article_publisher":"https:\/\/www.facebook.com\/ferrovial","article_modified_time":"2026-04-10T13:04:34+00:00","twitter_card":"summary_large_image","twitter_site":"@ferrovial","twitter_misc":{"Est. reading time":"1 minuto"},"schema":{"@context":"https:\/\/schema.org","@graph":[{"@type":"WebPage","@id":"https:\/\/www.ferrovial.com\/es\/accionistas-e-inversores\/gobierno-corporativo\/consejo-de-administracion\/nombramiento-y-reelecciones\/","url":"https:\/\/www.ferrovial.com\/es\/accionistas-e-inversores\/gobierno-corporativo\/consejo-de-administracion\/nombramiento-y-reelecciones\/","name":"Nombramiento y reelecciones de los miembros del Consejo - Ferrovial","isPartOf":{"@id":"https:\/\/www.ferrovial.com\/es\/#website"},"datePublished":"2019-11-15T10:36:46+00:00","dateModified":"2026-04-10T13:04:34+00:00","description":"Informaci\u00f3n con los nombramientos y reelecciones de los miembros del Consejo de Administraci\u00f3n de Ferrovial en los \u00faltimos meses. Entra e inf\u00f3rmate","breadcrumb":{"@id":"https:\/\/www.ferrovial.com\/es\/accionistas-e-inversores\/gobierno-corporativo\/consejo-de-administracion\/nombramiento-y-reelecciones\/#breadcrumb"},"inLanguage":"es","potentialAction":[{"@type":"ReadAction","target":["https:\/\/www.ferrovial.com\/es\/accionistas-e-inversores\/gobierno-corporativo\/consejo-de-administracion\/nombramiento-y-reelecciones\/"]}]},{"@type":"BreadcrumbList","@id":"https:\/\/www.ferrovial.com\/es\/accionistas-e-inversores\/gobierno-corporativo\/consejo-de-administracion\/nombramiento-y-reelecciones\/#breadcrumb","itemListElement":[{"@type":"ListItem","position":1,"name":"Portada","item":"https:\/\/www.ferrovial.com\/es\/"},{"@type":"ListItem","position":2,"name":"Accionistas e inversores","item":"https:\/\/www.ferrovial.com\/es\/accionistas-e-inversores\/"},{"@type":"ListItem","position":3,"name":"Gobierno corporativo","item":"https:\/\/www.ferrovial.com\/es\/accionistas-e-inversores\/gobierno-corporativo\/"},{"@type":"ListItem","position":4,"name":"Consejo de Administraci\u00f3n","item":"https:\/\/www.ferrovial.com\/es\/accionistas-e-inversores\/gobierno-corporativo\/consejo-de-administracion\/"},{"@type":"ListItem","position":5,"name":"Nombramientos y reelecciones"}]},{"@type":"WebSite","@id":"https:\/\/www.ferrovial.com\/es\/#website","url":"https:\/\/www.ferrovial.com\/es\/","name":"Ferrovial","description":"Welcome to the Ferrovial&#039;s website, global operator of sustainable infrastructure. Here you can find all the information about the company and subsidiaries.","publisher":{"@id":"https:\/\/www.ferrovial.com\/es\/#organization"},"potentialAction":[{"@type":"SearchAction","target":{"@type":"EntryPoint","urlTemplate":"https:\/\/www.ferrovial.com\/es\/?s={search_term_string}"},"query-input":{"@type":"PropertyValueSpecification","valueRequired":true,"valueName":"search_term_string"}}],"inLanguage":"es"},{"@type":"Organization","@id":"https:\/\/www.ferrovial.com\/es\/#organization","name":"Ferrovial S.A.","url":"https:\/\/www.ferrovial.com\/es\/","logo":{"@type":"ImageObject","inLanguage":"es","@id":"https:\/\/www.ferrovial.com\/es\/#\/schema\/logo\/image\/","url":"https:\/\/static.ferrovial.com\/wp-content\/uploads\/2020\/01\/13124948\/logo-ferrovial-cf7.png","contentUrl":"https:\/\/static.ferrovial.com\/wp-content\/uploads\/2020\/01\/13124948\/logo-ferrovial-cf7.png","width":144,"height":32,"caption":"Ferrovial S.A."},"image":{"@id":"https:\/\/www.ferrovial.com\/es\/#\/schema\/logo\/image\/"},"sameAs":["https:\/\/www.facebook.com\/ferrovial","https:\/\/x.com\/ferrovial","https:\/\/www.instagram.com\/ferrovial\/","https:\/\/www.linkedin.com\/company\/ferrovial","https:\/\/www.pinterest.es\/ferrovial\/","https:\/\/www.youtube.com\/ferrovial","https:\/\/en.wikipedia.org\/wiki\/Ferrovial"]}]}},"_links":{"self":[{"href":"https:\/\/www.ferrovial.com\/es\/wp-json\/wp\/v2\/pages\/64636","targetHints":{"allow":["GET"]}}],"collection":[{"href":"https:\/\/www.ferrovial.com\/es\/wp-json\/wp\/v2\/pages"}],"about":[{"href":"https:\/\/www.ferrovial.com\/es\/wp-json\/wp\/v2\/types\/page"}],"replies":[{"embeddable":true,"href":"https:\/\/www.ferrovial.com\/es\/wp-json\/wp\/v2\/comments?post=64636"}],"version-history":[{"count":2,"href":"https:\/\/www.ferrovial.com\/es\/wp-json\/wp\/v2\/pages\/64636\/revisions"}],"predecessor-version":[{"id":329701,"href":"https:\/\/www.ferrovial.com\/es\/wp-json\/wp\/v2\/pages\/64636\/revisions\/329701"}],"up":[{"embeddable":true,"href":"https:\/\/www.ferrovial.com\/es\/wp-json\/wp\/v2\/pages\/22833"}],"wp:attachment":[{"href":"https:\/\/www.ferrovial.com\/es\/wp-json\/wp\/v2\/media?parent=64636"}],"curies":[{"name":"wp","href":"https:\/\/api.w.org\/{rel}","templated":true}]}}