{"id":68030,"date":"2019-11-18T19:08:00","date_gmt":"2019-11-18T18:08:00","guid":{"rendered":"https:\/\/www.ferrovial.com\/?page_id=68030"},"modified":"2024-10-09T13:39:09","modified_gmt":"2024-10-09T11:39:09","slug":"managed-lanes","status":"publish","type":"page","link":"https:\/\/www.ferrovial.com\/es\/managed-lanes\/","title":{"rendered":"Managed Lanes"},"content":{"rendered":"    <m-final-content-header bgimage='https:\/\/static.ferrovial.com\/wp-content\/uploads\/2019\/11\/13140610\/innovacion-cintra.jpg'>\n            <c-breadcrumb label-text=\"Breadcrumb\" slot=\"breadcrumbs\" type='2' align='left' wrap='wrapped wrapped'>\n                        <ol>\n\n                                                            <li><a href=\"https:\/\/www.ferrovial.com\/es\/\" title=\"Ferrovial\">Ferrovial<\/a><\/li>\n                                    \n                <\/ol>\n\n                <\/c-breadcrumb>\n    \n        <div slot=\"header\">\n            <h1>\n                Managed Lanes: innovaci\u00f3n para resolver la congesti\u00f3n urbana            <\/h1>\n                    <\/div>\n    <\/m-final-content-header>\n\n    \n\n\n<m-wysiwig class=\"wp-block-components-wysiwyg\"><div slot=\"maincontent\">    <p class=\"intro\">La congesti\u00f3n del tr\u00e1fico es uno de los grandes desaf\u00edos de la movilidad urbana en el presente y de cara al futuro.<\/p>\n    \n\n\n<p>La concentraci\u00f3n de poblaci\u00f3n en las ciudades, las nuevas formas de movilidad que proporcionan un acceso casi universal al coche y la falta de financiaci\u00f3n para reforzar las infraestructuras de transporte desembocan en una \u00fanica consecuencia: m\u00e1s atascos. Hemos desarrollado una soluci\u00f3n innovadora para mejorar la gesti\u00f3n del tr\u00e1fico, las <em>Managed Lanes<\/em>.<\/p>\n\n\n\n<p>La idea es aparentemente sencilla. Consiste en a\u00f1adir carriles opcionales de peaje din\u00e1mico (que var\u00eda en funci\u00f3n de las condiciones del tr\u00e1fico en tiempo real) a autopistas urbanas congestionadas. Al mismo tiempo, los carriles preexistentes se rehabilitan manteniendo su gratuidad y mejorando su eficiencia.<\/p>\n\n\n\n<p>En Estados Unidos, este tipo de soluci\u00f3n se ha vuelto muy popular en los \u00faltimos a\u00f1os, ya que permite reducir eficazmente la congesti\u00f3n y se desarrolla bajo el <a href=\"https:\/\/www.ferrovial.com\/es\/negocio\/alianzas-publico-privadas-p3\/\">modelo de asociaci\u00f3n p\u00fablico-privada<\/a> (PPP o 3P, por sus siglas en ingl\u00e9s), lo cual permite reducir el gasto p\u00fablico e incentiva el dise\u00f1o y la gesti\u00f3n eficientes por parte del promotor.<\/p>\n\n\n\n<p>Somos el l\u00edder de este sector emergente en el pa\u00eds norteamericano, gestionando cinco proyectos con cerca de 1.500 millones de euros de capital comprometido y 8.500 millones de euros invertidos.<\/p>\n<\/div><\/m-wysiwig>\n\n\n\n<m-wysiwig class=\"wp-block-components-wysiwyg\"><div slot=\"maincontent\">\n<h2 class=\"wp-block-heading\">Innovaci\u00f3n aplicada a la gesti\u00f3n del tr\u00e1fico<\/h2>\n\n\n\n<p>En la soluci\u00f3n <em>Managed Lanes<\/em>, los usuarios pueden elegir si usar o no los carriles de pago en varios puntos a lo largo de la infraestructura. Adem\u00e1s, las tarifas aplicadas var\u00edan en funci\u00f3n de la velocidad relativa entre los carriles de peaje y los gratuitos, la composici\u00f3n del tr\u00e1fico, la climatolog\u00eda o el d\u00eda del mes y la semana, entre otros factores. Esta soluci\u00f3n solo es posible gracias al papel de la tecnolog\u00eda.<\/p>\n\n\n\n<p>En primer lugar, las <em>Managed Lanes<\/em> son viables solo con el sistema de peaje electr\u00f3nico sin barreras. En segundo, durante la fase de dise\u00f1o del proyecto es preciso caracterizar el tr\u00e1fico con el mayor nivel de detalle y exactitud posible (or\u00edgenes y destino, evoluci\u00f3n diaria y semanal, puntos de congesti\u00f3n\u2026); un an\u00e1lisis que solo es posible con tecnolog\u00edas de<em> big data<\/em> y la explotaci\u00f3n de datos externos.<\/p>\n\n\n\n<p>En tercer lugar, ya en la fase de operaci\u00f3n, la fijaci\u00f3n de tarifas en tiempo real requiere monitorear continuamente los par\u00e1metros de tr\u00e1fico y del entorno y procesarlos con algoritmos de <em>machine learning<\/em> (aprendizaje autom\u00e1tico) que sean capaces de fijar las tarifas de forma din\u00e1mica.&nbsp;&nbsp;<\/p>\n\n\n\n<h2 class=\"wp-block-heading\">La eficiencia econ\u00f3mica de las <em>managed lanes<\/em><\/h2>\n\n\n\n<p>Para resolver la falta de inversi\u00f3n global en infraestructuras con la que enfrentar las necesidades de una poblaci\u00f3n cada vez m\u00e1s urbana se hace necesario encontrar m\u00e1s fondos y utilizar los disponibles de forma eficiente. En proyectos grandes y complejos como son los de infraestructuras estas premisas pueden ser dif\u00edciles de cumplir para las administraciones p\u00fablicas.<\/p>\n\n\n\n<p>Para lograrlo, es necesario el aporte de la innovaci\u00f3n y la tecnolog\u00eda, as\u00ed como lograr la participaci\u00f3n activa del sector privado mediante el <a aria-label=\"modelo PPP o 3P (opens in a new tab)\" href=\"https:\/\/www.ferrovial.com\/es\/negocio\/alianzas-publico-privadas-p3\/\" target=\"_blank\" rel=\"noreferrer noopener\">modelo PPP o 3P<\/a> (public-private partnership). Esta modalidad no solo reduce el uso de fondos p\u00fablicos y otorga acceso a nuevas fuentes de financiaci\u00f3n, sino que es m\u00e1s eficiente que los m\u00e9todos tradicionales de contrataci\u00f3n.<\/p>\n\n\n\n<p>Proyectos como <em>Managed Lanes<\/em> son especialmente adecuados para su desarrollo como colaboraciones p\u00fablico-privadas. Por ejemplo, en nuestros proyectos de Texas hemos logrado reducir un 27% la inversi\u00f3n inicial para el mismo nivel de servicio. En el caso de la autopista I-66 del estado de Virginia hemos logrado mejorar el uso de los carriles adicionales en un 11%, reduciendo la congesti\u00f3n general de la infraestructura.<\/p>\n<\/div><\/m-wysiwig>\n\n\n\n<m-accordion class=\"wp-block-components-accordion\"><div slot=\"title\"><h3>Beneficios<\/h3><\/div>\n<div slot=\"item\" class=\"wp-block-components-accordion-item\"><div class=\"m-accordion__item\"><h4>Para los usuarios<c-icon icon=\"arrow\" size=\"m\"><\/c-icon><\/h4><p>Soluci\u00f3n segura, predecible y fiable<\/p><\/div><div class=\"m-accordion__content\">\n<m-wysiwig class=\"wp-block-components-wysiwyg\"><div slot=\"maincontent\">\n<ul class=\"wp-block-list\">\n<li>Ofrece a los usuarios una opci\u00f3n, ya que siempre pueden elegir entre los Carriles Administrados y la alternativa sin peaje, en funci\u00f3n de sus necesidades en cada momento.<\/li>\n\n\n\n<li>Dada su fiabilidad, las managed lanes permiten a los usuarios controlar eficazmente sus tiempos de viaje, mejorando as\u00ed su calidad de vida.<\/li>\n\n\n\n<li>Especialmente \u00fatiles en situaciones de emergencia o para usuarios que prestan servicios esenciales o de alto valor.<\/li>\n<\/ul>\n<\/div><\/m-wysiwig>\n<\/div><\/div>\n\n\n\n<div slot=\"item\" class=\"wp-block-components-accordion-item\"><div class=\"m-accordion__item\"><h4>Para los responsables pol\u00edticos<c-icon icon=\"arrow\" size=\"m\"><\/c-icon><\/h4><p>Soluci\u00f3n eficaz y flexible<\/p><\/div><div class=\"m-accordion__content\">\n<m-wysiwig class=\"wp-block-components-wysiwyg\"><div slot=\"maincontent\">\n<ul class=\"wp-block-list\">\n<li>Aumento de la capacidad efectiva de la carretera, incrementando la velocidad media tanto en los carriles gestionados como en los carriles libres<\/li>\n\n\n\n<li>Uso eficiente de los fondos p\u00fablicos: genera un flujo de ingresos que hace viables los proyectos y desbloquea fondos que pueden utilizarse para satisfacer otras necesidades<\/li>\n\n\n\n<li>Proporciona flexibilidad a los responsables pol\u00edticos, ya que el flujo adicional de ingresos puede aplicarse a otras soluciones de movilidad, como subvenciones para el transporte p\u00fablico o descuentos para veh\u00edculos de alta ocupaci\u00f3n (HOV).<\/li>\n<\/ul>\n<\/div><\/m-wysiwig>\n<\/div><\/div>\n\n\n\n<div slot=\"item\" class=\"wp-block-components-accordion-item\"><div class=\"m-accordion__item\"><h4>Para la sociedad<c-icon icon=\"arrow\" size=\"m\"><\/c-icon><\/h4><p>Reducci\u00f3n del ruido del tr\u00e1fico y de las emisiones de carbono<\/p><\/div><div class=\"m-accordion__content\">\n<m-wysiwig class=\"wp-block-components-wysiwyg\"><div slot=\"maincontent\">\n<ul class=\"wp-block-list\">\n<li>Una soluci\u00f3n sostenible que reduce las emisiones de carbono por viajero al disminuir la congesti\u00f3n.<\/li>\n\n\n\n<li>Reducci\u00f3n significativa del ruido del tr\u00e1fico y mejora de la calidad del aire para los residentes locales.<\/li>\n\n\n\n<li>Los carriles gestionados empiezan a aliviar los problemas de congesti\u00f3n desde el primer d\u00eda y, combinados con un enfoque de red, proporcionan una soluci\u00f3n m\u00e1s sostenible a largo plazo para los corredores muy congestionados.<\/li>\n<\/ul>\n<\/div><\/m-wysiwig>\n<\/div><\/div>\n<\/m-accordion>\n\n\n    <m-projects-distributor2 :translations='{\n        &quot;prev&quot;:&quot;Anterior&quot;,\n        &quot;next&quot;:&quot;Siguiente&quot;,\n        &quot;paginationseparator&quot;:&quot;de&quot;\n    }'>\n                        <h2 slot=\"title\">\n                Proyectos relacionados                <\/h2>\n                        <a slot='button' title='Conocer todos los proyectos' href='https:\/\/www.ferrovial.com\/es\/cintra\/proyectos\/'>\n            Conocer todos los proyectos        <\/a>\n\n                            <c-card slot=\"carouselItems\" type=\"type-1\" link=\"https:\/\/www.ferrovial.com\/es\/negocio\/proyectos\/407-etr\/\"  >\n                                                <img slot='background' src='https:\/\/static.ferrovial.com\/wp-content\/uploads\/2019\/09\/13135417\/407-etr-highway-in-toronto-canada-360x640.jpg' alt='autopista en Canad\u00e1 407 ETR en Toronto' \/>\n                                                        <h3 slot=\"title\" role=\"listitem\">\n                                    Autopista 407 ETR                                <\/h3>\n                                                                                <c-link slot=\"link\" type=\"negative\">\n                            <a href=\"https:\/\/www.ferrovial.com\/es\/negocio\/proyectos\/407-etr\/\">\n                                Descubra el proyecto                            <\/a>\n                        <\/c-link>\n                    <\/c-card>\n                                        <c-card slot=\"carouselItems\" type=\"type-1\" link=\"https:\/\/www.ferrovial.com\/es\/negocio\/proyectos\/autopista-407-edg\/\"  >\n                                                <img slot='background' src='https:\/\/static.ferrovial.com\/wp-content\/uploads\/2019\/09\/13135242\/407-east-2015-10-26-aerial-278-jpg-reducida-360x640.jpg' alt='407 Canad\u00e1 05' \/>\n                                                        <h3 slot=\"title\" role=\"listitem\">\n                                    Autopista 407 EDG                                <\/h3>\n                                                                                <c-link slot=\"link\" type=\"negative\">\n                            <a href=\"https:\/\/www.ferrovial.com\/es\/negocio\/proyectos\/autopista-407-edg\/\">\n                                Descubra el proyecto                            <\/a>\n                        <\/c-link>\n                    <\/c-card>\n                                        <c-card slot=\"carouselItems\" type=\"type-1\" link=\"https:\/\/www.ferrovial.com\/es\/negocio\/proyectos\/autopista-lbj-express\/\"  >\n                                                <img slot='background' src='https:\/\/static.ferrovial.com\/wp-content\/uploads\/2019\/09\/13135536\/tr-pic-lbj-002-e1423132327989-360x640.jpg' alt='Autopista LBJ en Dallas, Texas' \/>\n                                                        <h3 slot=\"title\" role=\"listitem\">\n                                    Autopista LBJ en Dallas, Texas, EEUU                                <\/h3>\n                                                                                <c-link slot=\"link\" type=\"negative\">\n                            <a href=\"https:\/\/www.ferrovial.com\/es\/negocio\/proyectos\/autopista-lbj-express\/\">\n                                Descubra el proyecto                            <\/a>\n                        <\/c-link>\n                    <\/c-card>\n                                        <c-card slot=\"carouselItems\" type=\"type-1\" link=\"https:\/\/www.ferrovial.com\/es\/negocio\/proyectos\/autopista-north-tarrant-express\/\"  >\n                                                <img slot='background' src='https:\/\/static.ferrovial.com\/wp-content\/uploads\/2019\/11\/13132124\/north-tarrant-express-nte-in-the-usa-360x640.jpg' alt='autopista north Tarrant Express NTE en Texas, Estados Unidos' \/>\n                                                        <h3 slot=\"title\" role=\"listitem\">\n                                    Autopista North Tarrant Express                                <\/h3>\n                                                                                <c-link slot=\"link\" type=\"negative\">\n                            <a href=\"https:\/\/www.ferrovial.com\/es\/negocio\/proyectos\/autopista-north-tarrant-express\/\">\n                                Descubra el proyecto                            <\/a>\n                        <\/c-link>\n                    <\/c-card>\n                                        <c-card slot=\"carouselItems\" type=\"type-1\" link=\"https:\/\/www.ferrovial.com\/es\/negocio\/proyectos\/north-tarrant-express-35w\/\"  >\n                                                <img slot='background' src='https:\/\/static.ferrovial.com\/wp-content\/uploads\/2019\/12\/13140407\/dsc01572-1024x683-360x640.jpg' alt='North Tarrant Express 35W' \/>\n                                                        <h3 slot=\"title\" role=\"listitem\">\n                                    North Tarrant Express 35W                                <\/h3>\n                                                                                <c-link slot=\"link\" type=\"negative\">\n                            <a href=\"https:\/\/www.ferrovial.com\/es\/negocio\/proyectos\/north-tarrant-express-35w\/\">\n                                Descubra el proyecto                            <\/a>\n                        <\/c-link>\n                    <\/c-card>\n                                        <c-card slot=\"carouselItems\" type=\"type-1\" link=\"https:\/\/www.ferrovial.com\/es\/negocio\/proyectos\/aivia-corredores-conectados-orquestados\/\"  >\n                                                <img slot='background' src='https:\/\/static.ferrovial.com\/wp-content\/uploads\/2021\/10\/15112219\/orchestrated-connected-corridors-aivia-ferrovial-360x640.png' alt='Orchestrated Connected Corridors AIVIA Ferrovial' \/>\n                                                        <h3 slot=\"title\" role=\"listitem\">\n                                    AIVIA &#8211; Corredores Conectados&#8230;                                <\/h3>\n                                                                                <c-link slot=\"link\" type=\"negative\">\n                            <a href=\"https:\/\/www.ferrovial.com\/es\/negocio\/proyectos\/aivia-corredores-conectados-orquestados\/\">\n                                Descubra el proyecto                            <\/a>\n                        <\/c-link>\n                    <\/c-card>\n                        <\/m-projects-distributor2>\n\n    ","protected":false},"excerpt":{"rendered":"","protected":false},"featured_media":0,"parent":0,"menu_order":0,"comment_status":"closed","ping_status":"closed","template":"","meta":{"_acf_changed":false,"footnotes":""},"class_list":["post-68030","page","type-page","status-publish","hentry"],"acf":[],"yoast_head":"<!-- This site is optimized with the Yoast SEO plugin v27.2 - https:\/\/yoast.com\/product\/yoast-seo-wordpress\/ -->\n<title>Managed Lanes: innovaci\u00f3n para resolver la congesti\u00f3n urbana - Ferrovial<\/title>\n<meta name=\"description\" content=\"La congesti\u00f3n del tr\u00e1fico es uno de los grandes desaf\u00edos de la movilidad urbana en el presente y de cara al futuro. Soluci\u00f3n para mejorar la gesti\u00f3n del tr\u00e1fico.\" \/>\n<meta name=\"robots\" content=\"index, follow, max-snippet:-1, max-image-preview:large, max-video-preview:-1\" \/>\n<link rel=\"canonical\" href=\"https:\/\/www.ferrovial.com\/es\/managed-lanes\/\" \/>\n<meta property=\"og:locale\" content=\"es_ES\" \/>\n<meta property=\"og:type\" content=\"article\" \/>\n<meta property=\"og:title\" content=\"Managed Lanes: innovaci\u00f3n para resolver la congesti\u00f3n urbana - Ferrovial\" \/>\n<meta property=\"og:description\" content=\"La congesti\u00f3n del tr\u00e1fico es uno de los grandes desaf\u00edos de la movilidad urbana en el presente y de cara al futuro. Soluci\u00f3n para mejorar la gesti\u00f3n del tr\u00e1fico.\" \/>\n<meta property=\"og:url\" content=\"https:\/\/www.ferrovial.com\/es\/managed-lanes\/\" \/>\n<meta property=\"og:site_name\" content=\"Ferrovial\" \/>\n<meta property=\"article:publisher\" content=\"https:\/\/www.facebook.com\/ferrovial\" \/>\n<meta property=\"article:modified_time\" content=\"2024-10-09T11:39:09+00:00\" \/>\n<meta name=\"twitter:card\" content=\"summary_large_image\" \/>\n<meta name=\"twitter:site\" content=\"@ferrovial\" \/>\n<meta name=\"twitter:label1\" content=\"Est. reading time\" \/>\n\t<meta name=\"twitter:data1\" content=\"4 minutos\" \/>\n<!-- \/ Yoast SEO plugin. -->","yoast_head_json":{"title":"Managed Lanes: innovaci\u00f3n para resolver la congesti\u00f3n urbana - Ferrovial","description":"La congesti\u00f3n del tr\u00e1fico es uno de los grandes desaf\u00edos de la movilidad urbana en el presente y de cara al futuro. Soluci\u00f3n para mejorar la gesti\u00f3n del tr\u00e1fico.","robots":{"index":"index","follow":"follow","max-snippet":"max-snippet:-1","max-image-preview":"max-image-preview:large","max-video-preview":"max-video-preview:-1"},"canonical":"https:\/\/www.ferrovial.com\/es\/managed-lanes\/","og_locale":"es_ES","og_type":"article","og_title":"Managed Lanes: innovaci\u00f3n para resolver la congesti\u00f3n urbana - Ferrovial","og_description":"La congesti\u00f3n del tr\u00e1fico es uno de los grandes desaf\u00edos de la movilidad urbana en el presente y de cara al futuro. Soluci\u00f3n para mejorar la gesti\u00f3n del tr\u00e1fico.","og_url":"https:\/\/www.ferrovial.com\/es\/managed-lanes\/","og_site_name":"Ferrovial","article_publisher":"https:\/\/www.facebook.com\/ferrovial","article_modified_time":"2024-10-09T11:39:09+00:00","twitter_card":"summary_large_image","twitter_site":"@ferrovial","twitter_misc":{"Est. reading time":"4 minutos"},"schema":{"@context":"https:\/\/schema.org","@graph":[{"@type":"WebPage","@id":"https:\/\/www.ferrovial.com\/es\/managed-lanes\/","url":"https:\/\/www.ferrovial.com\/es\/managed-lanes\/","name":"Managed Lanes: innovaci\u00f3n para resolver la congesti\u00f3n urbana - Ferrovial","isPartOf":{"@id":"https:\/\/www.ferrovial.com\/es\/#website"},"datePublished":"2019-11-18T18:08:00+00:00","dateModified":"2024-10-09T11:39:09+00:00","description":"La congesti\u00f3n del tr\u00e1fico es uno de los grandes desaf\u00edos de la movilidad urbana en el presente y de cara al futuro. Soluci\u00f3n para mejorar la gesti\u00f3n del tr\u00e1fico.","breadcrumb":{"@id":"https:\/\/www.ferrovial.com\/es\/managed-lanes\/#breadcrumb"},"inLanguage":"es","potentialAction":[{"@type":"ReadAction","target":["https:\/\/www.ferrovial.com\/es\/managed-lanes\/"]}]},{"@type":"BreadcrumbList","@id":"https:\/\/www.ferrovial.com\/es\/managed-lanes\/#breadcrumb","itemListElement":[{"@type":"ListItem","position":1,"name":"Portada","item":"https:\/\/www.ferrovial.com\/es\/"},{"@type":"ListItem","position":2,"name":"Managed Lanes"}]},{"@type":"WebSite","@id":"https:\/\/www.ferrovial.com\/es\/#website","url":"https:\/\/www.ferrovial.com\/es\/","name":"Ferrovial","description":"Welcome to the Ferrovial&#039;s website, global operator of sustainable infrastructure. Here you can find all the information about the company and subsidiaries.","publisher":{"@id":"https:\/\/www.ferrovial.com\/es\/#organization"},"potentialAction":[{"@type":"SearchAction","target":{"@type":"EntryPoint","urlTemplate":"https:\/\/www.ferrovial.com\/es\/?s={search_term_string}"},"query-input":{"@type":"PropertyValueSpecification","valueRequired":true,"valueName":"search_term_string"}}],"inLanguage":"es"},{"@type":"Organization","@id":"https:\/\/www.ferrovial.com\/es\/#organization","name":"Ferrovial S.A.","url":"https:\/\/www.ferrovial.com\/es\/","logo":{"@type":"ImageObject","inLanguage":"es","@id":"https:\/\/www.ferrovial.com\/es\/#\/schema\/logo\/image\/","url":"https:\/\/static.ferrovial.com\/wp-content\/uploads\/2020\/01\/13124948\/logo-ferrovial-cf7.png","contentUrl":"https:\/\/static.ferrovial.com\/wp-content\/uploads\/2020\/01\/13124948\/logo-ferrovial-cf7.png","width":144,"height":32,"caption":"Ferrovial S.A."},"image":{"@id":"https:\/\/www.ferrovial.com\/es\/#\/schema\/logo\/image\/"},"sameAs":["https:\/\/www.facebook.com\/ferrovial","https:\/\/x.com\/ferrovial","https:\/\/www.instagram.com\/ferrovial\/","https:\/\/www.linkedin.com\/company\/ferrovial","https:\/\/www.pinterest.es\/ferrovial\/","https:\/\/www.youtube.com\/ferrovial","https:\/\/en.wikipedia.org\/wiki\/Ferrovial"]}]}},"_links":{"self":[{"href":"https:\/\/www.ferrovial.com\/es\/wp-json\/wp\/v2\/pages\/68030","targetHints":{"allow":["GET"]}}],"collection":[{"href":"https:\/\/www.ferrovial.com\/es\/wp-json\/wp\/v2\/pages"}],"about":[{"href":"https:\/\/www.ferrovial.com\/es\/wp-json\/wp\/v2\/types\/page"}],"replies":[{"embeddable":true,"href":"https:\/\/www.ferrovial.com\/es\/wp-json\/wp\/v2\/comments?post=68030"}],"version-history":[{"count":3,"href":"https:\/\/www.ferrovial.com\/es\/wp-json\/wp\/v2\/pages\/68030\/revisions"}],"predecessor-version":[{"id":289900,"href":"https:\/\/www.ferrovial.com\/es\/wp-json\/wp\/v2\/pages\/68030\/revisions\/289900"}],"wp:attachment":[{"href":"https:\/\/www.ferrovial.com\/es\/wp-json\/wp\/v2\/media?parent=68030"}],"curies":[{"name":"wp","href":"https:\/\/api.w.org\/{rel}","templated":true}]}}