{"id":68034,"date":"2019-11-18T19:26:41","date_gmt":"2019-11-18T18:26:41","guid":{"rendered":"https:\/\/www.ferrovial.com\/?page_id=68034"},"modified":"2025-07-14T15:06:15","modified_gmt":"2025-07-14T13:06:15","slug":"alianzas-publico-privadas-p3","status":"publish","type":"page","link":"https:\/\/www.ferrovial.com\/es\/negocio\/alianzas-publico-privadas-p3\/","title":{"rendered":"Alianzas p\u00fablico-privadas o el modelo P3"},"content":{"rendered":"    <m-final-content-header >\n            <c-breadcrumb label-text=\"Breadcrumb\" slot=\"breadcrumbs\" type='2' align='left' wrap='wrapped wrapped' aria-label='Vienes de Negocios'>\n                        <ol>\n\n                                                            <li><a href=\"https:\/\/www.ferrovial.com\/es\/\" title=\"Ferrovial\">Ferrovial<\/a><\/li>\n                                                                        <li><a href=\"https:\/\/www.ferrovial.com\/es\/negocio\/\" title=\"Negocios\">Negocios<\/a><\/li>\n                                    \n                <\/ol>\n\n                <\/c-breadcrumb>\n    \n        <div slot=\"header\">\n            <h1>\n                Alianzas p\u00fablico-privadas o el modelo PPP            <\/h1>\n                    <\/div>\n    <\/m-final-content-header>\n\n    \n\n\n<m-wysiwig class=\"wp-block-components-wysiwyg\"><div slot=\"maincontent\">    <p class=\"intro\">En un contexto de creciente privatizaci\u00f3n y reducci\u00f3n de la capacidad inversora de las administraciones p\u00fablicas, el sector privado cobra un papel clave para la renovaci\u00f3n y mejora de las infraestructuras.<\/p>\n    \n\n\n<p>Es en este contexto donde ha surgido el concepto de <strong>alianza p\u00fablico-privada<\/strong>, tambi\u00e9n conocido como <strong>PPP <\/strong>o <strong>P3<\/strong> por las siglas en ingl\u00e9s de&nbsp;<em>public-private partnership<\/em>.<\/p>\n\n\n\n<h2 class=\"wp-block-heading\">Qu\u00e9 son las alianzas p\u00fablico-privadas<\/h2>\n\n\n\n<p>No existe una definici\u00f3n estandarizada del modelo P3. Seg\u00fan recoge&nbsp;<a href=\"https:\/\/ppp.worldbank.org\/public-private-partnership\/es\/asociaciones-publico-privadas\/definicion\">el Banco Mundial<\/a>, una asociaci\u00f3n p\u00fablico-privada se refiere a \u201cun acuerdo entre el sector p\u00fablico y el sector privado en el que parte de los servicios o labores que son responsabilidad del sector p\u00fablico son suministrados por el sector privado, bajo un claro acuerdo de objetivos compartidos para el abastecimiento del servicio p\u00fablico o de la infraestructura p\u00fablica\u201d.<\/p>\n\n\n\n<p> Llevado al \u00e1mbito concreto de las infraestructuras y la construcci\u00f3n, los modelos P3 aportan grandes ventajas, entre las que destacan:  <\/p>\n\n\n\n<ol class=\"wp-block-list\">\n<li><strong>Ejecuci\u00f3n m\u00e1s r\u00e1pida del proyecto<\/strong>. Encarg\u00e1ndose directamente la<br>empresa privada de identificar d\u00f3nde se puede mejorar la eficiencia en las<br>fases iniciales de un proyecto. <\/li>\n\n\n\n<li><strong>Infraestructura m\u00e1s inteligente<\/strong>. El sector privado aporta su<br>conocimiento del sector y de las tecnolog\u00edas y soluciones m\u00e1s innovadoras que<br>se est\u00e1n poniendo en pr\u00e1ctica.<\/li>\n\n\n\n<li><strong>Liberaci\u00f3n de fondos p\u00fablicos<\/strong>. Al contar con los fondos<br>aportados por el sector privado, las administraciones p\u00fablicas pueden destinar<br>los recursos a cubrir otras necesidades.<\/li>\n\n\n\n<li><strong>Transferencia de riesgos del<br>sector p\u00fablico al privado<\/strong>. Disminuyen<br>los riesgos a los que est\u00e1 expuesto el socio p\u00fablico, al trasladar un<br>porcentaje muy considerable de los mismos a la parte privada.<\/li>\n\n\n\n<li><strong>Crecimiento econ\u00f3mico<\/strong>. Los grandes proyectos de<br>infraestructuras generan empleo directo e indirecto y fomentan el desarrollo<br>econ\u00f3mico.<\/li>\n<\/ol>\n\n\n\n<h2 class=\"wp-block-heading\">Nuestro papel en alianzas p\u00fablico-privadas<\/h2>\n\n\n\n<p>Como compa\u00f1\u00eda l\u00edder en construcci\u00f3n y gesti\u00f3n de infraestructuras, participamos en diferentes alianzas p\u00fablico-privadas, con especial importancia en los sectores de autopistas y aeropuertos.<\/p>\n\n\n\n<p>En el sector de las\u00a0<strong><a href=\"https:\/\/www.ferrovial.com\/es\/negocio\/autopistas\/\">autopistas<\/a><\/strong>, a trav\u00e9s de nuestra filial <a href=\"https:\/\/www.ferrovial.com\/es\/cintra\/\">Cintra<\/a>, hemos probado nuestra capacidad de innovaci\u00f3n y la mejora de la eficiencia en la gesti\u00f3n de estas infraestructuras de tr\u00e1fico. Mediante la aplicaci\u00f3n del concepto innovador de tarificaci\u00f3n din\u00e1mica en redes de <em><a href=\"https:\/\/www.ferrovial.com\/es\/managed-lanes\/\">managed lanes<\/a> <\/em>para las autopistas de Texas (LBJ TEXpress y NTE 3A\/3B y NTE 35W), I-77 en Carolina de Norte e I-66 en Virginia, Estados Unidos, Cintra desarroll\u00f3 proyectos de extrema complejidad en tiempo r\u00e9cord gracias a la colaboraci\u00f3n con las entidades p\u00fablicas desde la fase de concepci\u00f3n de los proyectos. Estas autopistas experimentan indiscutibles resultados de mejora de la congesti\u00f3n tanto en los carriles de pago como en el resto del corredor.<\/p>\n\n\n\n<p>En el caso de los&nbsp;<strong><a href=\"https:\/\/www.ferrovial.com\/es\/negocio\/aeropuertos\/\">aeropuertos<\/a><\/strong>, una infraestructura propiedad de una administraci\u00f3n local se ve claramente reforzada bajo la gesti\u00f3n de un actor privado con capacidad de innovaci\u00f3n y de ofrecer soluciones eficaces para incrementar el tr\u00e1fico a\u00e9reo y la actividad comercial del aeropuerto. Gracias a nuestra experiencia y nuestra capacidad financiera, nuestra participaci\u00f3n en alianzas p\u00fablico-privadas permite a la administraci\u00f3n seguir manteniendo el control y propiedad de la infraestructura, mientras aumenta la rentabilidad de los activos, mejora la experiencia de los pasajeros, desarrolla las infraestructuras y optimiza los costes operativos, entre otros.<\/p>\n\n\n\n<p>El papel de nuestra filial de <strong><a href=\"https:\/\/www.ferrovial.com\/es\/negocio\/construccion\/\">construcci\u00f3n<\/a>, <\/strong><a href=\"https:\/\/www.ferrovial.com\/es\/f-construccion\/\" class=\"ek-link\">Ferrovial Construcci\u00f3n<\/a>, es clave. La integraci\u00f3n vertical nos ofrece una ventaja competitiva muy significativa al poder colaborar de forma estrecha tanto durante la fase de oferta, mediante el dise\u00f1o de la soluci\u00f3n \u00f3ptima para el cliente (tanto desde el punto de vista de reducci\u00f3n de costes como de capacidad de generaci\u00f3n de ingresos), como en la posterior ejecuci\u00f3n de las obras. Dado el largo plazo de los contratos de PPP, la capacidad de dise\u00f1ar y construir con el incentivo de asegurar una operaci\u00f3n y mantenimiento eficiente durante toda la concesi\u00f3n, resulta en proyectos m\u00e1s eficientes y que generan m\u00e1s valor. <\/p>\n<\/div><\/m-wysiwig>\n\n\n    <m-projects-distributor2 :translations='{\n        &quot;prev&quot;:&quot;Anterior&quot;,\n        &quot;next&quot;:&quot;Siguiente&quot;,\n        &quot;paginationseparator&quot;:&quot;de&quot;\n    }'>\n                        <h2 slot=\"label\">\n                    Proyectos                <\/h2>\n                                <h3 slot=\"title\">\n                C\u00f3mo aportamos valor en proyectos P3                <\/h3>\n                        <a slot='button' title='Conoce nuestros proyectos' href='https:\/\/www.ferrovial.com\/es\/negocio\/proyectos\/'>\n            Conoce nuestros proyectos        <\/a>\n\n            <\/m-projects-distributor2>\n\n    \n\n\n<p><\/p>\n","protected":false},"excerpt":{"rendered":"","protected":false},"featured_media":0,"parent":19719,"menu_order":0,"comment_status":"closed","ping_status":"closed","template":"","meta":{"_acf_changed":false,"footnotes":""},"class_list":["post-68034","page","type-page","status-publish","hentry"],"acf":[],"yoast_head":"<!-- This site is optimized with the Yoast SEO plugin v27.2 - https:\/\/yoast.com\/product\/yoast-seo-wordpress\/ -->\n<title>Alianzas p\u00fablico-privadas o el modelo P3 - Ferrovial<\/title>\n<meta name=\"description\" content=\"Welcome to the Ferrovial&#039;s website, global operator of sustainable infrastructure. Here you can find all the information about the company and subsidiaries.\" \/>\n<meta name=\"robots\" content=\"index, follow, max-snippet:-1, max-image-preview:large, max-video-preview:-1\" \/>\n<link rel=\"canonical\" href=\"https:\/\/www.ferrovial.com\/es\/negocio\/alianzas-publico-privadas-p3\/\" \/>\n<meta property=\"og:locale\" content=\"es_ES\" \/>\n<meta property=\"og:type\" content=\"article\" \/>\n<meta property=\"og:title\" content=\"Alianzas p\u00fablico-privadas o el modelo P3 - Ferrovial\" \/>\n<meta property=\"og:description\" content=\"Welcome to the Ferrovial&#039;s website, global operator of sustainable infrastructure. Here you can find all the information about the company and subsidiaries.\" \/>\n<meta property=\"og:url\" content=\"https:\/\/www.ferrovial.com\/es\/negocio\/alianzas-publico-privadas-p3\/\" \/>\n<meta property=\"og:site_name\" content=\"Ferrovial\" \/>\n<meta property=\"article:publisher\" content=\"https:\/\/www.facebook.com\/ferrovial\" \/>\n<meta property=\"article:modified_time\" content=\"2025-07-14T13:06:15+00:00\" \/>\n<meta name=\"twitter:card\" content=\"summary_large_image\" \/>\n<meta name=\"twitter:site\" content=\"@ferrovial\" \/>\n<meta name=\"twitter:label1\" content=\"Est. reading time\" \/>\n\t<meta name=\"twitter:data1\" content=\"3 minutos\" \/>\n<!-- \/ Yoast SEO plugin. -->","yoast_head_json":{"title":"Alianzas p\u00fablico-privadas o el modelo P3 - Ferrovial","description":"Welcome to the Ferrovial's website, global operator of sustainable infrastructure. Here you can find all the information about the company and subsidiaries.","robots":{"index":"index","follow":"follow","max-snippet":"max-snippet:-1","max-image-preview":"max-image-preview:large","max-video-preview":"max-video-preview:-1"},"canonical":"https:\/\/www.ferrovial.com\/es\/negocio\/alianzas-publico-privadas-p3\/","og_locale":"es_ES","og_type":"article","og_title":"Alianzas p\u00fablico-privadas o el modelo P3 - Ferrovial","og_description":"Welcome to the Ferrovial's website, global operator of sustainable infrastructure. Here you can find all the information about the company and subsidiaries.","og_url":"https:\/\/www.ferrovial.com\/es\/negocio\/alianzas-publico-privadas-p3\/","og_site_name":"Ferrovial","article_publisher":"https:\/\/www.facebook.com\/ferrovial","article_modified_time":"2025-07-14T13:06:15+00:00","twitter_card":"summary_large_image","twitter_site":"@ferrovial","twitter_misc":{"Est. reading time":"3 minutos"},"schema":{"@context":"https:\/\/schema.org","@graph":[{"@type":"WebPage","@id":"https:\/\/www.ferrovial.com\/es\/negocio\/alianzas-publico-privadas-p3\/","url":"https:\/\/www.ferrovial.com\/es\/negocio\/alianzas-publico-privadas-p3\/","name":"Alianzas p\u00fablico-privadas o el modelo P3 - Ferrovial","isPartOf":{"@id":"https:\/\/www.ferrovial.com\/es\/#website"},"datePublished":"2019-11-18T18:26:41+00:00","dateModified":"2025-07-14T13:06:15+00:00","description":"Welcome to the Ferrovial's website, global operator of sustainable infrastructure. Here you can find all the information about the company and subsidiaries.","breadcrumb":{"@id":"https:\/\/www.ferrovial.com\/es\/negocio\/alianzas-publico-privadas-p3\/#breadcrumb"},"inLanguage":"es","potentialAction":[{"@type":"ReadAction","target":["https:\/\/www.ferrovial.com\/es\/negocio\/alianzas-publico-privadas-p3\/"]}]},{"@type":"BreadcrumbList","@id":"https:\/\/www.ferrovial.com\/es\/negocio\/alianzas-publico-privadas-p3\/#breadcrumb","itemListElement":[{"@type":"ListItem","position":1,"name":"Portada","item":"https:\/\/www.ferrovial.com\/es\/"},{"@type":"ListItem","position":2,"name":"Negocios","item":"https:\/\/www.ferrovial.com\/es\/negocio\/"},{"@type":"ListItem","position":3,"name":"Alianzas p\u00fablico-privadas o el modelo P3"}]},{"@type":"WebSite","@id":"https:\/\/www.ferrovial.com\/es\/#website","url":"https:\/\/www.ferrovial.com\/es\/","name":"Ferrovial","description":"Welcome to the Ferrovial&#039;s website, global operator of sustainable infrastructure. Here you can find all the information about the company and subsidiaries.","publisher":{"@id":"https:\/\/www.ferrovial.com\/es\/#organization"},"potentialAction":[{"@type":"SearchAction","target":{"@type":"EntryPoint","urlTemplate":"https:\/\/www.ferrovial.com\/es\/?s={search_term_string}"},"query-input":{"@type":"PropertyValueSpecification","valueRequired":true,"valueName":"search_term_string"}}],"inLanguage":"es"},{"@type":"Organization","@id":"https:\/\/www.ferrovial.com\/es\/#organization","name":"Ferrovial S.A.","url":"https:\/\/www.ferrovial.com\/es\/","logo":{"@type":"ImageObject","inLanguage":"es","@id":"https:\/\/www.ferrovial.com\/es\/#\/schema\/logo\/image\/","url":"https:\/\/static.ferrovial.com\/wp-content\/uploads\/2020\/01\/13124948\/logo-ferrovial-cf7.png","contentUrl":"https:\/\/static.ferrovial.com\/wp-content\/uploads\/2020\/01\/13124948\/logo-ferrovial-cf7.png","width":144,"height":32,"caption":"Ferrovial S.A."},"image":{"@id":"https:\/\/www.ferrovial.com\/es\/#\/schema\/logo\/image\/"},"sameAs":["https:\/\/www.facebook.com\/ferrovial","https:\/\/x.com\/ferrovial","https:\/\/www.instagram.com\/ferrovial\/","https:\/\/www.linkedin.com\/company\/ferrovial","https:\/\/www.pinterest.es\/ferrovial\/","https:\/\/www.youtube.com\/ferrovial","https:\/\/en.wikipedia.org\/wiki\/Ferrovial"]}]}},"_links":{"self":[{"href":"https:\/\/www.ferrovial.com\/es\/wp-json\/wp\/v2\/pages\/68034","targetHints":{"allow":["GET"]}}],"collection":[{"href":"https:\/\/www.ferrovial.com\/es\/wp-json\/wp\/v2\/pages"}],"about":[{"href":"https:\/\/www.ferrovial.com\/es\/wp-json\/wp\/v2\/types\/page"}],"replies":[{"embeddable":true,"href":"https:\/\/www.ferrovial.com\/es\/wp-json\/wp\/v2\/comments?post=68034"}],"version-history":[{"count":3,"href":"https:\/\/www.ferrovial.com\/es\/wp-json\/wp\/v2\/pages\/68034\/revisions"}],"predecessor-version":[{"id":309730,"href":"https:\/\/www.ferrovial.com\/es\/wp-json\/wp\/v2\/pages\/68034\/revisions\/309730"}],"up":[{"embeddable":true,"href":"https:\/\/www.ferrovial.com\/es\/wp-json\/wp\/v2\/pages\/19719"}],"wp:attachment":[{"href":"https:\/\/www.ferrovial.com\/es\/wp-json\/wp\/v2\/media?parent=68034"}],"curies":[{"name":"wp","href":"https:\/\/api.w.org\/{rel}","templated":true}]}}