{"id":75112,"date":"2019-11-26T09:31:30","date_gmt":"2019-11-26T08:31:30","guid":{"rendered":"https:\/\/www.ferrovial.com\/?page_id=75112"},"modified":"2026-01-29T17:25:16","modified_gmt":"2026-01-29T16:25:16","slug":"buildup","status":"publish","type":"page","link":"https:\/\/www.ferrovial.com\/es\/buildup\/","title":{"rendered":"Build Up!"},"content":{"rendered":"\n    <m-hero type='brand' gutenberg='gutenberg' :translations='{\n        &quot;play&quot;:&quot;Reproducir v\u00eddeo de fondo&quot;,\n        &quot;pause&quot;:&quot;Pausar v\u00eddeo de fondo&quot;,\n        &quot;prev&quot;:&quot;Anterior&quot;,\n        &quot;next&quot;:&quot;Siguiente&quot;,\n        &quot;paginationseparator&quot;:&quot;de&quot;,\n        &quot;goto&quot;:&quot;Ir al slide&quot;\n    }'>\n                        \n                \n                        <picture slot=\"image\">\n                                                            <source media=\"(max-width: 667px)\" srcset=\"https:\/\/static.ferrovial.com\/wp-content\/uploads\/2020\/09\/13123945\/cabecera-build-02-092020-1-600x800.png\">\n                                                                                        <source media=\"(max-width: 1023px)\" srcset=\"https:\/\/static.ferrovial.com\/wp-content\/uploads\/2020\/09\/13123945\/cabecera-build-02-092020-1-1280x720.png\">\n                            \n                            <img decoding=\"async\" src=\"https:\/\/static.ferrovial.com\/wp-content\/uploads\/2020\/09\/13123945\/cabecera-build-02-092020-1.png\" alt=\"\" style=\"object-position: center center;\">\n                        <\/picture>\n                <section slot=\"hero\">\n                    <article bgtype='image'>\n                                                <h1><span label=\"Build Up!\" ><\/span><\/h1>\n                                            <\/article>\n                <\/section>\n                <\/m-hero>\n    \n\n    \n    <m-header-brand>\n                            <a slot='logo' href='https:\/\/www.ferrovial.com\/es\/buildup\/' title='logo Build Up!'>\n                        <span class=\"sr-only\">logo Build Up!<\/span>\n                        <span role=\"img\" aria-label=\"logo Build Up!\" style=\"background-image: url('https:\/\/static.ferrovial.com\/wp-content\/uploads\/2020\/01\/13141115\/builduplogo-4.svg')\"><\/span>\n                    <\/a>\n                                <ul slot=\"links\">\n                                                <li>\n                                <a href='https:\/\/www.ferrovial.com\/es\/buildup\/el-reto\/' title='El Reto'>\n                                    El Reto                                <\/a>\n                            <\/li>\n                                                        <li>\n                                <a href='https:\/\/www.ferrovial.com\/es\/buildup\/launch-day\/' title='Launch Day'>\n                                    Launch Day                                <\/a>\n                            <\/li>\n                                                        <li>\n                                <a href='https:\/\/www.ferrovial.com\/es\/buildup\/contacto\/' title='Contacto'>\n                                    Contacto                                <\/a>\n                            <\/li>\n                                            <\/ul>\n                    <\/m-header-brand>\n    \n\n\n    <m-introduction-brand type=\"primary\" gutenberg>\n                        <h2 slot=\"label\">\n                    Ferrovial Build Up!                <\/h2>\n                                <h3 slot=\"title\">\n                    Ferrovial Build Up! fue una de las iniciativas de innovaci\u00f3n y colaboraci\u00f3n que llevamos a cabo con start-ups                <\/h3>\n                                <p slot=\"description\">\n                    El programa consisti\u00f3 en buscar start-ups, grupos de investigaci\u00f3n y emprendedores de cualquier \u00e1rea tecnol\u00f3gica que quisieran resolver el desaf\u00edo Build Up! y colaborar con Ferrovial en el desarrollo e implementaci\u00f3n de su idea.                <\/p>\n                        <button slot=\"button\" link=\"https:\/\/www.ferrovial.com\/en\/innovation\/our-strategy\/\">\n            Ver m\u00e1s proyectos de innovaci\u00f3n        <\/button>\n    <\/m-introduction-brand>\n\n    \n\n\n\n<m-wysiwig class=\"wp-block-components-wysiwyg\"><div slot=\"maincontent\">    <p class=\"intro\">Entre su lanzamiento y 2019, este programa de innovaci\u00f3n abierta sirvi\u00f3 como palanca para explorar soluciones, acelerar pilotos y estrechar la colaboraci\u00f3n con el ecosistema emprendedor. <\/p>\n    \n\n\n<p>Tras la \u00faltima edici\u00f3n celebrada en 2019, el programa se dio por finalizado como parte de la evoluci\u00f3n natural de la estrategia corporativa de innovaci\u00f3n abierta, con el objetivo de focalizar recursos en iniciativas y veh\u00edculos m\u00e1s alineados con las prioridades estrat\u00e9gicas actuales. Este proceso ha permitido consolidar capacidades, capitalizar aprendizajes y reforzar nuestra propuesta de valor hacia startups, socios tecnol\u00f3gicos e inversores.&nbsp;<\/p>\n<\/div><\/m-wysiwig>\n\n\n\n<m-wysiwig class=\"wp-block-components-wysiwyg\"><div slot=\"maincontent\">\n<h2 class=\"wp-block-heading\">\u00bfQu\u00e9 buscamos?<\/h2>\n\n\n\n<figure class=\"wp-block-image\"><img v-lazy=\"'https:\/\/static.ferrovial.com\/wp-content\/uploads\/2019\/11\/13124141\/que-startups-buscamos-ferrovial-1024x308.jpg'\" alt=\"\" class=\"wp-image-75140\"\/><\/figure>\n\n\n\n<p>Build Up! busca start-ups, grupos de investigaci\u00f3n y emprendedores de cualquier \u00e1rea tecnol\u00f3gica con proyectos o soluciones capaces de resolver total o parcialmente el reto propuesto o alguno de sus casos de \u00e9xito. En concreto, Build Up! aspira a colaborar con:<\/p>\n\n\n\n<ul class=\"wp-block-list\">\n<li>Start-ups de base tecnol\u00f3gica o empresas promovidas por miembros de una instituci\u00f3n cient\u00edfica o de investigaci\u00f3n (spin-offs)<\/li>\n\n\n\n<li>Grupos de investigaci\u00f3n de universidades e instituciones acad\u00e9micas formados por expertos en geotecnia, investigadores, profesores y\/o alumnos<\/li>\n\n\n\n<li>Grupos integrados en centros de investigaci\u00f3n, institutos y laboratorios que est\u00e9n impulsando nuevas l\u00edneas de actuaci\u00f3n en el campo de la geotecnia<\/li>\n\n\n\n<li>Equipos que formen parte de la divisi\u00f3n de I+D de una corporaci\u00f3n y que est\u00e9n desarrollando nuevas soluciones tecnol\u00f3gicas en el campo de la geotecnia<\/li>\n<\/ul>\n<\/div><\/m-wysiwig>\n\n\n\n<m-wysiwig class=\"wp-block-components-wysiwyg\"><div slot=\"maincontent\">\n<h2 class=\"wp-block-heading\">El premio<\/h2>\n\n\n\n<figure class=\"wp-block-image\"><img v-lazy=\"'https:\/\/static.ferrovial.com\/wp-content\/uploads\/2019\/11\/13141606\/web_el-premio.jpg'\" alt=\"\" class=\"wp-image-75172\"\/><\/figure>\n\n\n\n<p>El ganador de&nbsp;<strong>Ferrovial Build Up! <\/strong>&nbsp;ser\u00e1 seleccionado durante el&nbsp;<em>Launch Day<\/em>&nbsp;y tendr\u00e1 acceso a los siguientes beneficios:<\/p>\n\n\n\n<ul class=\"wp-block-list\">\n<li><strong>Pilotos:<\/strong>&nbsp;Conceptualizaci\u00f3n, desarrollo e implementaci\u00f3n de la soluci\u00f3n utilizando los recursos e infraestructuras que Ferrovial ponga a disposici\u00f3n.<\/li>\n\n\n\n<li><strong>Financiaci\u00f3n:<\/strong>&nbsp;Compensaci\u00f3n determinada por Ferrovial para cubrir los gastos relacionados al desarrollo del piloto.<\/li>\n\n\n\n<li><strong>Acompa\u00f1amiento:<\/strong>&nbsp;Acceso al conocimiento y la experiencia de expertos del sector trabajando de la mano de&nbsp;<a aria-label=\" (opens in a new tab)\" href=\"https:\/\/www.ferrovial.com\/es\/negocio\/construccion\/\" target=\"_blank\" rel=\"noreferrer noopener\">Ferrovial Agroman<\/a>.<\/li>\n\n\n\n<li><strong>Networking:<\/strong>&nbsp;Visibilidad y acceso a la red internacional de clientes y proveedores de Ferrovial<\/li>\n<\/ul>\n\n\n\n<h2 class=\"wp-block-heading\">Hitos de la competici\u00f3n<\/h2>\n\n\n\n<figure class=\"wp-block-image\"><img v-lazy=\"'https:\/\/static.ferrovial.com\/wp-content\/uploads\/2019\/11\/13141605\/hitos-1024x308.jpg'\" alt=\"\" class=\"wp-image-75185\"\/><\/figure>\n\n\n\n<ul class=\"wp-block-list\">\n<li><strong>02 octubre:<\/strong>&nbsp;lanzamiento del reto<\/li>\n\n\n\n<li><strong>27 noviembre:<\/strong>&nbsp;cierre de convocatoria<\/li>\n\n\n\n<li><strong>28 noviembre al<\/strong>&nbsp;<strong>10 diciembre:<\/strong>&nbsp;evaluaci\u00f3n de jueces<\/li>\n\n\n\n<li><strong>19 diciembre*:<\/strong>&nbsp;evento de anuncio de ganador<\/li>\n\n\n\n<li>Inicio de negociaciones: despu\u00e9s del anuncio del ganador<\/li>\n<\/ul>\n\n\n\n<p><em>*Fechas tentativas sujetas a modificaciones por la organizaci\u00f3n<\/em><\/p>\n<\/div><\/m-wysiwig>\n\n\n\n    <m-link-list>\n                    <p slot=\"text\">Descripci\u00f3n por defecto<\/p>\n                    <ul slot=\"links\">\n                                    <li>\n                        <c-link external='_blank' sr-only='Abrir en una nueva pesta\u00f1a' icon='download'>\n                            <a href=\"https:\/\/static.ferrovial.com\/wp-content\/uploads\/2019\/11\/13141603\/ferrovial_bases-legales-build-up-2019_191113.pdf\" title=\"Descarga y lee las bases legales\">\n                                Descarga y lee las bases legales (PDF 543 KB)                            <\/a>\n                        <\/c-link>\n                    <\/li>\n                                    <li>\n                        <c-link external='_blank' sr-only='Abrir en una nueva pesta\u00f1a' icon='download'>\n                            <a href=\"https:\/\/static.ferrovial.com\/wp-content\/uploads\/2019\/11\/13141603\/ferrovial_faqs_es_191113.pdf\" title=\"Preguntas m\u00e1s frecuentes\">\n                                Preguntas m\u00e1s frecuentes (PDF 420 KB)                            <\/a>\n                        <\/c-link>\n                    <\/li>\n                            <\/ul>\n            <\/m-link-list>\n    \n\n    <m-distributor-news color='gray' >\n                        <h2 slot=\"title\">M\u00e1s de BuilUp en nuestro blog<\/h2>\n                                        <div slot=\"report\">\n                            <h3><a href=\"https:\/\/www.ferrovial.com\/es\/accionistas-e-inversores\/hechos-relevantes\/ferrovial-comunica-los-acuerdos-adoptados-por-la-junta-general-de-accionistas-celebrada-el-9-de-abril-de-2026\/\" target='_blank' title=\"Ferrovial comunica los acuerdos adoptados por la Junta General de Accionistas celebrada el 9 de abril de 2026\">Ferrovial comunica los acuerdos adoptados por la Junta General de Accionistas celebrada el 9 de abril de 2026<\/a><\/h3>\n                                                                <span>09\/04\/2026<\/span>\n                                                            <\/div>\n                                                <div slot=\"report\">\n                            <h3><a href=\"https:\/\/www.ferrovial.com\/es\/accionistas-e-inversores\/hechos-relevantes\/ignacio-madridejos-fernandez-consejero-ejecutivo-2\/\" target='_blank' title=\"Ignacio Madridejos Fern\u00e1ndez - Consejero Ejecutivo\">Ignacio Madridejos Fern\u00e1ndez &#8211; Consejero Ejecutivo<\/a><\/h3>\n                                                                <span>09\/04\/2026<\/span>\n                                                            <\/div>\n                                                <div slot=\"report\">\n                            <h3><a href=\"https:\/\/www.ferrovial.com\/es\/accionistas-e-inversores\/hechos-relevantes\/rafael-del-pino-calvo-sotelo-consejero-ejecutivo-2\/\" target='_blank' title=\"Rafael del Pino Calvo-Sotelo - Consejero Ejecutivo\">Rafael del Pino Calvo-Sotelo &#8211; Consejero Ejecutivo<\/a><\/h3>\n                                                                <span>09\/04\/2026<\/span>\n                                                            <\/div>\n                                                <div slot=\"report\">\n                            <h3><a href=\"https:\/\/www.ferrovial.com\/es\/accionistas-e-inversores\/hechos-relevantes\/operaciones-efectuadas-por-ferrovial-al-amparo-de-su-programa-de-recompra-de-acciones-propias-entre-el-27-de-marzo-y-el-2-de-abril-de-2026\/\" target='_blank' title=\"Operaciones efectuadas por Ferrovial al amparo de su programa de recompra de acciones propias entre el 27 de marzo y\u00a0el 2 de abril de 2026\">Operaciones efectuadas por Ferrovial al amparo de su programa de recompra de acciones propias entre el 27 de marzo y\u00a0el 2 de abril de 2026<\/a><\/h3>\n                                                                <span>07\/04\/2026<\/span>\n                                                            <\/div>\n                            <\/m-distributor-news>\n    ","protected":false},"excerpt":{"rendered":"","protected":false},"featured_media":0,"parent":0,"menu_order":0,"comment_status":"closed","ping_status":"closed","template":"template-brand.php","meta":{"_acf_changed":false,"footnotes":""},"class_list":["post-75112","page","type-page","status-publish","hentry"],"acf":[],"yoast_head":"<!-- This site is optimized with the Yoast SEO plugin v27.2 - https:\/\/yoast.com\/product\/yoast-seo-wordpress\/ -->\n<title>Build Up! - Ferrovial<\/title>\n<meta name=\"description\" content=\"Welcome to the Ferrovial&#039;s website, global operator of sustainable infrastructure. Here you can find all the information about the company and subsidiaries.\" \/>\n<meta name=\"robots\" content=\"index, follow, max-snippet:-1, max-image-preview:large, max-video-preview:-1\" \/>\n<link rel=\"canonical\" href=\"https:\/\/www.ferrovial.com\/es\/buildup\/\" \/>\n<meta property=\"og:locale\" content=\"es_ES\" \/>\n<meta property=\"og:type\" content=\"article\" \/>\n<meta property=\"og:title\" content=\"Build Up! - Ferrovial\" \/>\n<meta property=\"og:description\" content=\"Welcome to the Ferrovial&#039;s website, global operator of sustainable infrastructure. Here you can find all the information about the company and subsidiaries.\" \/>\n<meta property=\"og:url\" content=\"https:\/\/www.ferrovial.com\/es\/buildup\/\" \/>\n<meta property=\"og:site_name\" content=\"Ferrovial\" \/>\n<meta property=\"article:publisher\" content=\"https:\/\/www.facebook.com\/ferrovial\" \/>\n<meta property=\"article:modified_time\" content=\"2026-01-29T16:25:16+00:00\" \/>\n<meta property=\"og:image\" content=\"https:\/\/www.ferrovial.com\/wp-content\/uploads\/2019\/11\/que-startups-buscamos-ferrovial-1024x308.jpg\" \/>\n<meta name=\"twitter:card\" content=\"summary_large_image\" \/>\n<meta name=\"twitter:site\" content=\"@ferrovial\" \/>\n<meta name=\"twitter:label1\" content=\"Est. reading time\" \/>\n\t<meta name=\"twitter:data1\" content=\"2 minutos\" \/>\n<!-- \/ Yoast SEO plugin. -->","yoast_head_json":{"title":"Build Up! - Ferrovial","description":"Welcome to the Ferrovial's website, global operator of sustainable infrastructure. Here you can find all the information about the company and subsidiaries.","robots":{"index":"index","follow":"follow","max-snippet":"max-snippet:-1","max-image-preview":"max-image-preview:large","max-video-preview":"max-video-preview:-1"},"canonical":"https:\/\/www.ferrovial.com\/es\/buildup\/","og_locale":"es_ES","og_type":"article","og_title":"Build Up! - Ferrovial","og_description":"Welcome to the Ferrovial's website, global operator of sustainable infrastructure. Here you can find all the information about the company and subsidiaries.","og_url":"https:\/\/www.ferrovial.com\/es\/buildup\/","og_site_name":"Ferrovial","article_publisher":"https:\/\/www.facebook.com\/ferrovial","article_modified_time":"2026-01-29T16:25:16+00:00","og_image":[{"url":"https:\/\/www.ferrovial.com\/wp-content\/uploads\/2019\/11\/que-startups-buscamos-ferrovial-1024x308.jpg","type":"","width":"","height":""}],"twitter_card":"summary_large_image","twitter_site":"@ferrovial","twitter_misc":{"Est. reading time":"2 minutos"},"schema":{"@context":"https:\/\/schema.org","@graph":[{"@type":"WebPage","@id":"https:\/\/www.ferrovial.com\/es\/buildup\/","url":"https:\/\/www.ferrovial.com\/es\/buildup\/","name":"Build Up! - Ferrovial","isPartOf":{"@id":"https:\/\/www.ferrovial.com\/es\/#website"},"primaryImageOfPage":{"@id":"https:\/\/www.ferrovial.com\/es\/buildup\/#primaryimage"},"image":{"@id":"https:\/\/www.ferrovial.com\/es\/buildup\/#primaryimage"},"thumbnailUrl":"https:\/\/www.ferrovial.com\/wp-content\/uploads\/2019\/11\/que-startups-buscamos-ferrovial-1024x308.jpg","datePublished":"2019-11-26T08:31:30+00:00","dateModified":"2026-01-29T16:25:16+00:00","description":"Welcome to the Ferrovial's website, global operator of sustainable infrastructure. Here you can find all the information about the company and subsidiaries.","breadcrumb":{"@id":"https:\/\/www.ferrovial.com\/es\/buildup\/#breadcrumb"},"inLanguage":"es","potentialAction":[{"@type":"ReadAction","target":["https:\/\/www.ferrovial.com\/es\/buildup\/"]}]},{"@type":"ImageObject","inLanguage":"es","@id":"https:\/\/www.ferrovial.com\/es\/buildup\/#primaryimage","url":"https:\/\/www.ferrovial.com\/wp-content\/uploads\/2019\/11\/que-startups-buscamos-ferrovial-1024x308.jpg","contentUrl":"https:\/\/www.ferrovial.com\/wp-content\/uploads\/2019\/11\/que-startups-buscamos-ferrovial-1024x308.jpg"},{"@type":"BreadcrumbList","@id":"https:\/\/www.ferrovial.com\/es\/buildup\/#breadcrumb","itemListElement":[{"@type":"ListItem","position":1,"name":"Portada","item":"https:\/\/www.ferrovial.com\/es\/"},{"@type":"ListItem","position":2,"name":"Build Up!"}]},{"@type":"WebSite","@id":"https:\/\/www.ferrovial.com\/es\/#website","url":"https:\/\/www.ferrovial.com\/es\/","name":"Ferrovial","description":"Welcome to the Ferrovial&#039;s website, global operator of sustainable infrastructure. Here you can find all the information about the company and subsidiaries.","publisher":{"@id":"https:\/\/www.ferrovial.com\/es\/#organization"},"potentialAction":[{"@type":"SearchAction","target":{"@type":"EntryPoint","urlTemplate":"https:\/\/www.ferrovial.com\/es\/?s={search_term_string}"},"query-input":{"@type":"PropertyValueSpecification","valueRequired":true,"valueName":"search_term_string"}}],"inLanguage":"es"},{"@type":"Organization","@id":"https:\/\/www.ferrovial.com\/es\/#organization","name":"Ferrovial S.A.","url":"https:\/\/www.ferrovial.com\/es\/","logo":{"@type":"ImageObject","inLanguage":"es","@id":"https:\/\/www.ferrovial.com\/es\/#\/schema\/logo\/image\/","url":"https:\/\/static.ferrovial.com\/wp-content\/uploads\/2020\/01\/13124948\/logo-ferrovial-cf7.png","contentUrl":"https:\/\/static.ferrovial.com\/wp-content\/uploads\/2020\/01\/13124948\/logo-ferrovial-cf7.png","width":144,"height":32,"caption":"Ferrovial S.A."},"image":{"@id":"https:\/\/www.ferrovial.com\/es\/#\/schema\/logo\/image\/"},"sameAs":["https:\/\/www.facebook.com\/ferrovial","https:\/\/x.com\/ferrovial","https:\/\/www.instagram.com\/ferrovial\/","https:\/\/www.linkedin.com\/company\/ferrovial","https:\/\/www.pinterest.es\/ferrovial\/","https:\/\/www.youtube.com\/ferrovial","https:\/\/en.wikipedia.org\/wiki\/Ferrovial"]}]}},"_links":{"self":[{"href":"https:\/\/www.ferrovial.com\/es\/wp-json\/wp\/v2\/pages\/75112","targetHints":{"allow":["GET"]}}],"collection":[{"href":"https:\/\/www.ferrovial.com\/es\/wp-json\/wp\/v2\/pages"}],"about":[{"href":"https:\/\/www.ferrovial.com\/es\/wp-json\/wp\/v2\/types\/page"}],"replies":[{"embeddable":true,"href":"https:\/\/www.ferrovial.com\/es\/wp-json\/wp\/v2\/comments?post=75112"}],"version-history":[{"count":3,"href":"https:\/\/www.ferrovial.com\/es\/wp-json\/wp\/v2\/pages\/75112\/revisions"}],"predecessor-version":[{"id":323366,"href":"https:\/\/www.ferrovial.com\/es\/wp-json\/wp\/v2\/pages\/75112\/revisions\/323366"}],"wp:attachment":[{"href":"https:\/\/www.ferrovial.com\/es\/wp-json\/wp\/v2\/media?parent=75112"}],"curies":[{"name":"wp","href":"https:\/\/api.w.org\/{rel}","templated":true}]}}