{"id":75240,"date":"2019-11-26T10:15:32","date_gmt":"2019-11-26T09:15:32","guid":{"rendered":"https:\/\/www.ferrovial.com\/?page_id=75240"},"modified":"2026-01-29T17:54:49","modified_gmt":"2026-01-29T16:54:49","slug":"el-reto","status":"publish","type":"page","link":"https:\/\/www.ferrovial.com\/es\/buildup\/el-reto\/","title":{"rendered":"El Reto"},"content":{"rendered":"    <m-final-content-header bgimage='https:\/\/static.ferrovial.com\/wp-content\/uploads\/2019\/11\/13141548\/reto_1280x720-1280x720.jpg'>\n            <c-breadcrumb label-text=\"Breadcrumb\" slot=\"breadcrumbs\" type='2' align='left' wrap='wrapped wrapped' aria-label='Vienes de Build Up!'>\n                        <ol>\n\n                                                            <li><a href=\"https:\/\/www.ferrovial.com\/es\/\" title=\"Ferrovial\">Ferrovial<\/a><\/li>\n                                                                        <li><a href=\"https:\/\/www.ferrovial.com\/es\/buildup\/\" title=\"Build Up!\">Build Up!<\/a><\/li>\n                                    \n                <\/ol>\n\n                <\/c-breadcrumb>\n    \n        <div slot=\"header\">\n            <h1>\n                El Reto            <\/h1>\n                    <\/div>\n    <\/m-final-content-header>\n\n    \n\n\n<m-wysiwig class=\"wp-block-components-wysiwyg\"><div slot=\"maincontent\">\n<h2 class=\"wp-block-heading\">Convocatoria cerrada<\/h2>\n\n\n    <p class=\"intro\">Con Ferrovial Build Up! nos acercarnos a los emprendedores e investigadores m\u00e1s brillantes para que nos ayuden a dar respuesta al desaf\u00edo de Ferrovial Construcci\u00f3n, nuestra unidad de negocio dedicada a la construcci\u00f3n de obra civil e industrial:<\/p>\n    \n\n\n<p>\u00bfC\u00f3mo podr\u00edamos conocer y caracterizar con mayor precisi\u00f3n el terreno sobre el que construimos con el objetivo de optimizar el dise\u00f1o, la planificaci\u00f3n y ejecuci\u00f3n de obras? <\/p>\n<\/div><\/m-wysiwig>\n\n\n    <m-video >\n                <a class='m-video__modal' slot='modal' href='https:\/\/www.youtube-nocookie.com\/embed\/1ofB6WcCy48'>\n            <img slot=\"poster\" v-lazy=\"'https:\/\/static.ferrovial.com\/wp-content\/uploads\/2019\/10\/13140611\/buildup_ferrovial-1280x720.jpg'\" title=\"\" width=\"1280\" height=\"100%\" >\n        <\/a>\n            <\/m-video>\n    \n\n\n<m-wysiwig class=\"wp-block-components-wysiwyg\"><div slot=\"maincontent\">\n<h2 class=\"wp-block-heading\">Contexto<\/h2>\n\n\n\n<figure class=\"wp-block-image\"><img v-lazy=\"'https:\/\/static.ferrovial.com\/wp-content\/uploads\/2019\/11\/13141548\/reto_1280x720-1024x576.jpg'\" alt=\"\" class=\"wp-image-75466\"\/><\/figure>\n\n\n\n<p>El mundo y la tecnolog\u00eda evolucionan de manera vertiginosa. Tambi\u00e9n para el sector de la&nbsp;<strong>construcci\u00f3n<\/strong>. Concretamente, para aquellos profesionales cuyo trabajo implica conocer muy bien el terreno sobre el que se va a construir, la tecnolog\u00eda est\u00e1 yendo un paso por delante.<\/p>\n\n\n\n<p>Las t\u00e9cnicas que hasta ahora se han utilizado para analizar dichos terrenos no son suficientes. No nos aportan la informaci\u00f3n necesaria para alimentar los actuales modelos num\u00e9ricos con los que podemos conocer el impacto que tendr\u00e1 ese terreno en la ejecuci\u00f3n de la obra. Esta falta de informaci\u00f3n nos obliga continuamente a reaccionar ante imprevistos y a gestionar unos altos niveles de incertidumbre. Por ejemplo, podemos descubrir a mitad de un proyecto que el trabajo de tunelado est\u00e1 provocando grietas en las viviendas cercanas, o que el drenaje de un acu\u00edfero est\u00e1 dejando sin agua durante horas a vecindarios enteros.<\/p>\n\n\n\n<p>Para evitar estas sorpresas, en&nbsp;<a href=\"https:\/\/www.ferrovial.com\/es\/lineas-de-negocio\/construccion\/\" target=\"_blank\" rel=\"noreferrer noopener\">Ferrovial Agroman<\/a>&nbsp;necesitamos m\u00e9todos novedosos para conocer par\u00e1metros espec\u00edficos de cada terreno como la permeabilidad, el coeficiente de almacenamiento, su resistencia o su elasticidad, por ejemplo.<\/p>\n\n\n\n<p>\u00bfC\u00f3mo podr\u00edamos medir estos y otros par\u00e1metros de manera m\u00e1s precisa y espec\u00edfica para cada terreno, de manera que optimicemos la planificaci\u00f3n, dise\u00f1o y ejecuci\u00f3n de obras?<\/p>\n\n\n\n<p><strong>Objetivos espec\u00edficos<\/strong><\/p>\n\n\n\n<ul class=\"wp-block-list\">\n<li>Conocer m\u00e1s datos sobre el terreno de los que nos est\u00e1n proporcionando los m\u00e9todos de recogida tradicionales (ensayos, sondeos, etc.).<\/li>\n\n\n\n<li>Reducir la incertidumbre en terrenos a trav\u00e9s de nuevos procesos y t\u00e9cnicas de medici\u00f3n.<\/li>\n\n\n\n<li>Ampliar el conocimiento sobre los diferentes comportamientos del terreno.<\/li>\n\n\n\n<li>Aplicar herramientas y tecnolog\u00edas novedosas que beneficien al sector de la construcci\u00f3n.<\/li>\n<\/ul>\n<\/div><\/m-wysiwig>\n\n\n\n    <m-link-list>\n                    <p slot=\"text\">Descripci\u00f3n por defecto<\/p>\n                    <ul slot=\"links\">\n                                    <li>\n                        <c-link external='_blank' sr-only='Abrir en una nueva pesta\u00f1a' icon='download'>\n                            <a href=\"https:\/\/static.ferrovial.com\/wp-content\/uploads\/2019\/11\/13141603\/ferrovial_bases-legales-build-up-2019_191113.pdf\" title=\"Descarga y lee las bases legales\">\n                                Descarga y lee las bases legales (PDF 543 KB)                            <\/a>\n                        <\/c-link>\n                    <\/li>\n                                    <li>\n                        <c-link external='_blank' sr-only='Abrir en una nueva pesta\u00f1a' icon='download'>\n                            <a href=\"https:\/\/static.ferrovial.com\/wp-content\/uploads\/2019\/11\/13141603\/ferrovial_faqs_es_191113.pdf\" title=\"Preguntas m\u00e1s frecuentes\">\n                                Preguntas m\u00e1s frecuentes (PDF 420 KB)                            <\/a>\n                        <\/c-link>\n                    <\/li>\n                            <\/ul>\n            <\/m-link-list>\n    ","protected":false},"excerpt":{"rendered":"","protected":false},"featured_media":0,"parent":75112,"menu_order":0,"comment_status":"closed","ping_status":"closed","template":"","meta":{"_acf_changed":false,"footnotes":""},"class_list":["post-75240","page","type-page","status-publish","hentry"],"acf":[],"yoast_head":"<!-- This site is optimized with the Yoast SEO plugin v27.2 - https:\/\/yoast.com\/product\/yoast-seo-wordpress\/ -->\n<title>El Reto - Ferrovial<\/title>\n<meta name=\"description\" content=\"Welcome to the Ferrovial&#039;s website, global operator of sustainable infrastructure. Here you can find all the information about the company and subsidiaries.\" \/>\n<meta name=\"robots\" content=\"index, follow, max-snippet:-1, max-image-preview:large, max-video-preview:-1\" \/>\n<link rel=\"canonical\" href=\"https:\/\/www.ferrovial.com\/es\/buildup\/el-reto\/\" \/>\n<meta property=\"og:locale\" content=\"es_ES\" \/>\n<meta property=\"og:type\" content=\"article\" \/>\n<meta property=\"og:title\" content=\"El Reto - Ferrovial\" \/>\n<meta property=\"og:description\" content=\"Welcome to the Ferrovial&#039;s website, global operator of sustainable infrastructure. Here you can find all the information about the company and subsidiaries.\" \/>\n<meta property=\"og:url\" content=\"https:\/\/www.ferrovial.com\/es\/buildup\/el-reto\/\" \/>\n<meta property=\"og:site_name\" content=\"Ferrovial\" \/>\n<meta property=\"article:publisher\" content=\"https:\/\/www.facebook.com\/ferrovial\" \/>\n<meta property=\"article:modified_time\" content=\"2026-01-29T16:54:49+00:00\" \/>\n<meta property=\"og:image\" content=\"https:\/\/www.ferrovial.com\/wp-content\/uploads\/2019\/11\/reto_1280x720-1024x576.jpg\" \/>\n<meta name=\"twitter:card\" content=\"summary_large_image\" \/>\n<meta name=\"twitter:site\" content=\"@ferrovial\" \/>\n<meta name=\"twitter:label1\" content=\"Est. reading time\" \/>\n\t<meta name=\"twitter:data1\" content=\"2 minutos\" \/>\n<!-- \/ Yoast SEO plugin. -->","yoast_head_json":{"title":"El Reto - Ferrovial","description":"Welcome to the Ferrovial's website, global operator of sustainable infrastructure. Here you can find all the information about the company and subsidiaries.","robots":{"index":"index","follow":"follow","max-snippet":"max-snippet:-1","max-image-preview":"max-image-preview:large","max-video-preview":"max-video-preview:-1"},"canonical":"https:\/\/www.ferrovial.com\/es\/buildup\/el-reto\/","og_locale":"es_ES","og_type":"article","og_title":"El Reto - Ferrovial","og_description":"Welcome to the Ferrovial's website, global operator of sustainable infrastructure. Here you can find all the information about the company and subsidiaries.","og_url":"https:\/\/www.ferrovial.com\/es\/buildup\/el-reto\/","og_site_name":"Ferrovial","article_publisher":"https:\/\/www.facebook.com\/ferrovial","article_modified_time":"2026-01-29T16:54:49+00:00","og_image":[{"url":"https:\/\/www.ferrovial.com\/wp-content\/uploads\/2019\/11\/reto_1280x720-1024x576.jpg","type":"","width":"","height":""}],"twitter_card":"summary_large_image","twitter_site":"@ferrovial","twitter_misc":{"Est. reading time":"2 minutos"},"schema":{"@context":"https:\/\/schema.org","@graph":[{"@type":"WebPage","@id":"https:\/\/www.ferrovial.com\/es\/buildup\/el-reto\/","url":"https:\/\/www.ferrovial.com\/es\/buildup\/el-reto\/","name":"El Reto - Ferrovial","isPartOf":{"@id":"https:\/\/www.ferrovial.com\/es\/#website"},"primaryImageOfPage":{"@id":"https:\/\/www.ferrovial.com\/es\/buildup\/el-reto\/#primaryimage"},"image":{"@id":"https:\/\/www.ferrovial.com\/es\/buildup\/el-reto\/#primaryimage"},"thumbnailUrl":"https:\/\/www.ferrovial.com\/wp-content\/uploads\/2019\/11\/reto_1280x720-1024x576.jpg","datePublished":"2019-11-26T09:15:32+00:00","dateModified":"2026-01-29T16:54:49+00:00","description":"Welcome to the Ferrovial's website, global operator of sustainable infrastructure. Here you can find all the information about the company and subsidiaries.","breadcrumb":{"@id":"https:\/\/www.ferrovial.com\/es\/buildup\/el-reto\/#breadcrumb"},"inLanguage":"es","potentialAction":[{"@type":"ReadAction","target":["https:\/\/www.ferrovial.com\/es\/buildup\/el-reto\/"]}]},{"@type":"ImageObject","inLanguage":"es","@id":"https:\/\/www.ferrovial.com\/es\/buildup\/el-reto\/#primaryimage","url":"https:\/\/www.ferrovial.com\/wp-content\/uploads\/2019\/11\/reto_1280x720-1024x576.jpg","contentUrl":"https:\/\/www.ferrovial.com\/wp-content\/uploads\/2019\/11\/reto_1280x720-1024x576.jpg"},{"@type":"BreadcrumbList","@id":"https:\/\/www.ferrovial.com\/es\/buildup\/el-reto\/#breadcrumb","itemListElement":[{"@type":"ListItem","position":1,"name":"Portada","item":"https:\/\/www.ferrovial.com\/es\/"},{"@type":"ListItem","position":2,"name":"Build Up!","item":"https:\/\/www.ferrovial.com\/es\/buildup\/"},{"@type":"ListItem","position":3,"name":"El Reto"}]},{"@type":"WebSite","@id":"https:\/\/www.ferrovial.com\/es\/#website","url":"https:\/\/www.ferrovial.com\/es\/","name":"Ferrovial","description":"Welcome to the Ferrovial&#039;s website, global operator of sustainable infrastructure. Here you can find all the information about the company and subsidiaries.","publisher":{"@id":"https:\/\/www.ferrovial.com\/es\/#organization"},"potentialAction":[{"@type":"SearchAction","target":{"@type":"EntryPoint","urlTemplate":"https:\/\/www.ferrovial.com\/es\/?s={search_term_string}"},"query-input":{"@type":"PropertyValueSpecification","valueRequired":true,"valueName":"search_term_string"}}],"inLanguage":"es"},{"@type":"Organization","@id":"https:\/\/www.ferrovial.com\/es\/#organization","name":"Ferrovial S.A.","url":"https:\/\/www.ferrovial.com\/es\/","logo":{"@type":"ImageObject","inLanguage":"es","@id":"https:\/\/www.ferrovial.com\/es\/#\/schema\/logo\/image\/","url":"https:\/\/static.ferrovial.com\/wp-content\/uploads\/2020\/01\/13124948\/logo-ferrovial-cf7.png","contentUrl":"https:\/\/static.ferrovial.com\/wp-content\/uploads\/2020\/01\/13124948\/logo-ferrovial-cf7.png","width":144,"height":32,"caption":"Ferrovial S.A."},"image":{"@id":"https:\/\/www.ferrovial.com\/es\/#\/schema\/logo\/image\/"},"sameAs":["https:\/\/www.facebook.com\/ferrovial","https:\/\/x.com\/ferrovial","https:\/\/www.instagram.com\/ferrovial\/","https:\/\/www.linkedin.com\/company\/ferrovial","https:\/\/www.pinterest.es\/ferrovial\/","https:\/\/www.youtube.com\/ferrovial","https:\/\/en.wikipedia.org\/wiki\/Ferrovial"]}]}},"_links":{"self":[{"href":"https:\/\/www.ferrovial.com\/es\/wp-json\/wp\/v2\/pages\/75240","targetHints":{"allow":["GET"]}}],"collection":[{"href":"https:\/\/www.ferrovial.com\/es\/wp-json\/wp\/v2\/pages"}],"about":[{"href":"https:\/\/www.ferrovial.com\/es\/wp-json\/wp\/v2\/types\/page"}],"replies":[{"embeddable":true,"href":"https:\/\/www.ferrovial.com\/es\/wp-json\/wp\/v2\/comments?post=75240"}],"version-history":[{"count":3,"href":"https:\/\/www.ferrovial.com\/es\/wp-json\/wp\/v2\/pages\/75240\/revisions"}],"predecessor-version":[{"id":323371,"href":"https:\/\/www.ferrovial.com\/es\/wp-json\/wp\/v2\/pages\/75240\/revisions\/323371"}],"up":[{"embeddable":true,"href":"https:\/\/www.ferrovial.com\/es\/wp-json\/wp\/v2\/pages\/75112"}],"wp:attachment":[{"href":"https:\/\/www.ferrovial.com\/es\/wp-json\/wp\/v2\/media?parent=75240"}],"curies":[{"name":"wp","href":"https:\/\/api.w.org\/{rel}","templated":true}]}}