{"id":75277,"date":"2019-11-26T10:35:49","date_gmt":"2019-11-26T09:35:49","guid":{"rendered":"https:\/\/www.ferrovial.com\/?page_id=75277"},"modified":"2026-01-29T17:54:25","modified_gmt":"2026-01-29T16:54:25","slug":"launch-day","status":"publish","type":"page","link":"https:\/\/www.ferrovial.com\/es\/buildup\/launch-day\/","title":{"rendered":"Launch Day"},"content":{"rendered":"    <m-final-content-header >\n            <c-breadcrumb label-text=\"Breadcrumb\" slot=\"breadcrumbs\" type='2' align='left' wrap='wrapped wrapped' aria-label='Vienes de Build Up!'>\n                        <ol>\n\n                                                            <li><a href=\"https:\/\/www.ferrovial.com\/es\/\" title=\"Ferrovial\">Ferrovial<\/a><\/li>\n                                                                        <li><a href=\"https:\/\/www.ferrovial.com\/es\/buildup\/\" title=\"Build Up!\">Build Up!<\/a><\/li>\n                                    \n                <\/ol>\n\n                <\/c-breadcrumb>\n    \n        <div slot=\"header\">\n            <h1>\n                Launch Day            <\/h1>\n                    <\/div>\n    <\/m-final-content-header>\n\n    \n\n\n<m-wysiwig class=\"wp-block-components-wysiwyg\"><div slot=\"maincontent\">\n<h2 class=\"wp-block-heading\">Convocatoria cerrada<\/h2>\n\n\n    <p class=\"intro\">El evento de selecci\u00f3n del ganador o Launch Day tuvo lugar en Madrid el 19 de diciembre de 2019, Durante este d\u00eda, los 5 proyectos finalistas presentaron sus soluciones ante el Comit\u00e9 Decisor de Ferrovial, quien elegi\u00f3 a la start-up ganadora.<\/p>\n    \n\n\n<figure class=\"wp-block-image\"><img v-lazy=\"'https:\/\/static.ferrovial.com\/wp-content\/uploads\/2019\/11\/13141559\/launchday_el-premio-copia_745x224-1024x308.jpg'\" alt=\"\" class=\"wp-image-75284\"\/><\/figure>\n\n\n\n<p><strong>El proyecto ganador tuvo acceso a los siguientes beneficios:<\/strong><\/p>\n\n\n\n<ul class=\"wp-block-list\">\n<li>Pilotos: Conceptualizaci\u00f3n, desarrollo e implementaci\u00f3n de la soluci\u00f3n utilizando los recursos e infraestructuras que Ferrovial ponga a disposici\u00f3n<\/li>\n\n\n\n<li>Financiaci\u00f3n: Compensaci\u00f3n determinada por Ferrovial para cubrir los gastos relacionados al desarrollo del piloto<\/li>\n\n\n\n<li>Acompa\u00f1amiento: Acceso al conocimiento y la experiencia de expertos del sector trabajando de la mano de Ferrovial Agroman<\/li>\n\n\n\n<li>Networking: Visibilidad y acceso a la red internacional de clientes y proveedores de Ferrovial<\/li>\n<\/ul>\n<\/div><\/m-wysiwig>\n\n\n\n    <m-link-list>\n                    <p slot=\"text\">Descripci\u00f3n por defecto<\/p>\n                    <ul slot=\"links\">\n                                    <li>\n                        <c-link external='_blank' sr-only='Abrir en una nueva pesta\u00f1a' icon='download'>\n                            <a href=\"https:\/\/static.ferrovial.com\/wp-content\/uploads\/2019\/11\/13141603\/ferrovial_bases-legales-build-up-2019_191113.pdf\" title=\"Descarga y lee las bases legales\">\n                                Descarga y lee las bases legales (PDF 543 KB)                            <\/a>\n                        <\/c-link>\n                    <\/li>\n                                    <li>\n                        <c-link external='_blank' sr-only='Abrir en una nueva pesta\u00f1a' icon='download'>\n                            <a href=\"https:\/\/static.ferrovial.com\/wp-content\/uploads\/2019\/11\/13141603\/ferrovial_faqs_es_191113.pdf\" title=\"Preguntas m\u00e1s frecuentes\">\n                                Preguntas m\u00e1s frecuentes (PDF 420 KB)                            <\/a>\n                        <\/c-link>\n                    <\/li>\n                            <\/ul>\n            <\/m-link-list>\n    ","protected":false},"excerpt":{"rendered":"","protected":false},"featured_media":0,"parent":75112,"menu_order":0,"comment_status":"closed","ping_status":"closed","template":"","meta":{"_acf_changed":false,"footnotes":""},"class_list":["post-75277","page","type-page","status-publish","hentry"],"acf":[],"yoast_head":"<!-- This site is optimized with the Yoast SEO plugin v27.2 - https:\/\/yoast.com\/product\/yoast-seo-wordpress\/ -->\n<title>Launch Day - Ferrovial<\/title>\n<meta name=\"description\" content=\"Welcome to the Ferrovial&#039;s website, global operator of sustainable infrastructure. Here you can find all the information about the company and subsidiaries.\" \/>\n<meta name=\"robots\" content=\"index, follow, max-snippet:-1, max-image-preview:large, max-video-preview:-1\" \/>\n<link rel=\"canonical\" href=\"https:\/\/www.ferrovial.com\/es\/buildup\/launch-day\/\" \/>\n<meta property=\"og:locale\" content=\"es_ES\" \/>\n<meta property=\"og:type\" content=\"article\" \/>\n<meta property=\"og:title\" content=\"Launch Day - Ferrovial\" \/>\n<meta property=\"og:description\" content=\"Welcome to the Ferrovial&#039;s website, global operator of sustainable infrastructure. Here you can find all the information about the company and subsidiaries.\" \/>\n<meta property=\"og:url\" content=\"https:\/\/www.ferrovial.com\/es\/buildup\/launch-day\/\" \/>\n<meta property=\"og:site_name\" content=\"Ferrovial\" \/>\n<meta property=\"article:publisher\" content=\"https:\/\/www.facebook.com\/ferrovial\" \/>\n<meta property=\"article:modified_time\" content=\"2026-01-29T16:54:25+00:00\" \/>\n<meta property=\"og:image\" content=\"https:\/\/www.ferrovial.com\/wp-content\/uploads\/2019\/11\/launchday_el-premio-copia_745x224-1024x308.jpg\" \/>\n<meta name=\"twitter:card\" content=\"summary_large_image\" \/>\n<meta name=\"twitter:site\" content=\"@ferrovial\" \/>\n<meta name=\"twitter:label1\" content=\"Est. reading time\" \/>\n\t<meta name=\"twitter:data1\" content=\"1 minuto\" \/>\n<!-- \/ Yoast SEO plugin. -->","yoast_head_json":{"title":"Launch Day - Ferrovial","description":"Welcome to the Ferrovial's website, global operator of sustainable infrastructure. Here you can find all the information about the company and subsidiaries.","robots":{"index":"index","follow":"follow","max-snippet":"max-snippet:-1","max-image-preview":"max-image-preview:large","max-video-preview":"max-video-preview:-1"},"canonical":"https:\/\/www.ferrovial.com\/es\/buildup\/launch-day\/","og_locale":"es_ES","og_type":"article","og_title":"Launch Day - Ferrovial","og_description":"Welcome to the Ferrovial's website, global operator of sustainable infrastructure. Here you can find all the information about the company and subsidiaries.","og_url":"https:\/\/www.ferrovial.com\/es\/buildup\/launch-day\/","og_site_name":"Ferrovial","article_publisher":"https:\/\/www.facebook.com\/ferrovial","article_modified_time":"2026-01-29T16:54:25+00:00","og_image":[{"url":"https:\/\/www.ferrovial.com\/wp-content\/uploads\/2019\/11\/launchday_el-premio-copia_745x224-1024x308.jpg","type":"","width":"","height":""}],"twitter_card":"summary_large_image","twitter_site":"@ferrovial","twitter_misc":{"Est. reading time":"1 minuto"},"schema":{"@context":"https:\/\/schema.org","@graph":[{"@type":"WebPage","@id":"https:\/\/www.ferrovial.com\/es\/buildup\/launch-day\/","url":"https:\/\/www.ferrovial.com\/es\/buildup\/launch-day\/","name":"Launch Day - Ferrovial","isPartOf":{"@id":"https:\/\/www.ferrovial.com\/es\/#website"},"primaryImageOfPage":{"@id":"https:\/\/www.ferrovial.com\/es\/buildup\/launch-day\/#primaryimage"},"image":{"@id":"https:\/\/www.ferrovial.com\/es\/buildup\/launch-day\/#primaryimage"},"thumbnailUrl":"https:\/\/www.ferrovial.com\/wp-content\/uploads\/2019\/11\/launchday_el-premio-copia_745x224-1024x308.jpg","datePublished":"2019-11-26T09:35:49+00:00","dateModified":"2026-01-29T16:54:25+00:00","description":"Welcome to the Ferrovial's website, global operator of sustainable infrastructure. Here you can find all the information about the company and subsidiaries.","breadcrumb":{"@id":"https:\/\/www.ferrovial.com\/es\/buildup\/launch-day\/#breadcrumb"},"inLanguage":"es","potentialAction":[{"@type":"ReadAction","target":["https:\/\/www.ferrovial.com\/es\/buildup\/launch-day\/"]}]},{"@type":"ImageObject","inLanguage":"es","@id":"https:\/\/www.ferrovial.com\/es\/buildup\/launch-day\/#primaryimage","url":"https:\/\/www.ferrovial.com\/wp-content\/uploads\/2019\/11\/launchday_el-premio-copia_745x224-1024x308.jpg","contentUrl":"https:\/\/www.ferrovial.com\/wp-content\/uploads\/2019\/11\/launchday_el-premio-copia_745x224-1024x308.jpg"},{"@type":"BreadcrumbList","@id":"https:\/\/www.ferrovial.com\/es\/buildup\/launch-day\/#breadcrumb","itemListElement":[{"@type":"ListItem","position":1,"name":"Portada","item":"https:\/\/www.ferrovial.com\/es\/"},{"@type":"ListItem","position":2,"name":"Build Up!","item":"https:\/\/www.ferrovial.com\/es\/buildup\/"},{"@type":"ListItem","position":3,"name":"Launch Day"}]},{"@type":"WebSite","@id":"https:\/\/www.ferrovial.com\/es\/#website","url":"https:\/\/www.ferrovial.com\/es\/","name":"Ferrovial","description":"Welcome to the Ferrovial&#039;s website, global operator of sustainable infrastructure. Here you can find all the information about the company and subsidiaries.","publisher":{"@id":"https:\/\/www.ferrovial.com\/es\/#organization"},"potentialAction":[{"@type":"SearchAction","target":{"@type":"EntryPoint","urlTemplate":"https:\/\/www.ferrovial.com\/es\/?s={search_term_string}"},"query-input":{"@type":"PropertyValueSpecification","valueRequired":true,"valueName":"search_term_string"}}],"inLanguage":"es"},{"@type":"Organization","@id":"https:\/\/www.ferrovial.com\/es\/#organization","name":"Ferrovial S.A.","url":"https:\/\/www.ferrovial.com\/es\/","logo":{"@type":"ImageObject","inLanguage":"es","@id":"https:\/\/www.ferrovial.com\/es\/#\/schema\/logo\/image\/","url":"https:\/\/static.ferrovial.com\/wp-content\/uploads\/2020\/01\/13124948\/logo-ferrovial-cf7.png","contentUrl":"https:\/\/static.ferrovial.com\/wp-content\/uploads\/2020\/01\/13124948\/logo-ferrovial-cf7.png","width":144,"height":32,"caption":"Ferrovial S.A."},"image":{"@id":"https:\/\/www.ferrovial.com\/es\/#\/schema\/logo\/image\/"},"sameAs":["https:\/\/www.facebook.com\/ferrovial","https:\/\/x.com\/ferrovial","https:\/\/www.instagram.com\/ferrovial\/","https:\/\/www.linkedin.com\/company\/ferrovial","https:\/\/www.pinterest.es\/ferrovial\/","https:\/\/www.youtube.com\/ferrovial","https:\/\/en.wikipedia.org\/wiki\/Ferrovial"]}]}},"_links":{"self":[{"href":"https:\/\/www.ferrovial.com\/es\/wp-json\/wp\/v2\/pages\/75277","targetHints":{"allow":["GET"]}}],"collection":[{"href":"https:\/\/www.ferrovial.com\/es\/wp-json\/wp\/v2\/pages"}],"about":[{"href":"https:\/\/www.ferrovial.com\/es\/wp-json\/wp\/v2\/types\/page"}],"replies":[{"embeddable":true,"href":"https:\/\/www.ferrovial.com\/es\/wp-json\/wp\/v2\/comments?post=75277"}],"version-history":[{"count":3,"href":"https:\/\/www.ferrovial.com\/es\/wp-json\/wp\/v2\/pages\/75277\/revisions"}],"predecessor-version":[{"id":323370,"href":"https:\/\/www.ferrovial.com\/es\/wp-json\/wp\/v2\/pages\/75277\/revisions\/323370"}],"up":[{"embeddable":true,"href":"https:\/\/www.ferrovial.com\/es\/wp-json\/wp\/v2\/pages\/75112"}],"wp:attachment":[{"href":"https:\/\/www.ferrovial.com\/es\/wp-json\/wp\/v2\/media?parent=75277"}],"curies":[{"name":"wp","href":"https:\/\/api.w.org\/{rel}","templated":true}]}}