{"id":76206,"date":"2019-11-26T13:14:07","date_gmt":"2019-11-26T12:14:07","guid":{"rendered":"https:\/\/www.ferrovial.com\/?page_id=76206"},"modified":"2023-07-26T12:54:31","modified_gmt":"2023-07-26T10:54:31","slug":"fusiones","status":"publish","type":"page","link":"https:\/\/www.ferrovial.com\/es\/accionistas-e-inversores\/gobierno-corporativo\/fusiones\/","title":{"rendered":"Fusiones"},"content":{"rendered":"    <m-final-content-header bgimage='https:\/\/static.ferrovial.com\/wp-content\/uploads\/2019\/11\/13140119\/crossrail-300-410-1280x720.jpg'>\n            <c-breadcrumb label-text=\"Breadcrumb\" slot=\"breadcrumbs\" type='2' align='left' wrap='wrapped wrapped' aria-label='Vienes de Gobierno corporativo'>\n                        <ol>\n\n                                                            <li><a href=\"https:\/\/www.ferrovial.com\/es\/\" title=\"Ferrovial\">Ferrovial<\/a><\/li>\n                                                                        <li><a href=\"https:\/\/www.ferrovial.com\/es\/accionistas-e-inversores\/\" title=\"Accionistas e inversores\">Accionistas e inversores<\/a><\/li>\n                                                                        <li><a href=\"https:\/\/www.ferrovial.com\/es\/accionistas-e-inversores\/gobierno-corporativo\/\" title=\"Gobierno corporativo\">Gobierno corporativo<\/a><\/li>\n                                    \n                <\/ol>\n\n                <\/c-breadcrumb>\n    \n        <div slot=\"header\">\n            <h1>\n                Fusiones            <\/h1>\n                    <\/div>\n    <\/m-final-content-header>\n\n    \n\n\n<m-wysiwig class=\"wp-block-components-wysiwyg\"><div slot=\"maincontent\">\n<h3 class=\"wp-block-heading\">Fusi\u00f3n entre Ferrovial, S.A., como entidad absorbida y Ferrovial International SE, como entidad absorbente<\/h3>\n\n\n\n<p><a href=\"https:\/\/www.ferrovial.com\/es\/documentos-de-fusion\/\">Ver m\u00e1s sobre la fusi\u00f3n<\/a><\/p>\n<\/div><\/m-wysiwig>\n\n\n\n<m-wysiwig class=\"wp-block-components-wysiwyg\"><div slot=\"maincontent\">\n<h3 class=\"wp-block-heading\">Informaci\u00f3n relativa a la fusi\u00f3n por absorci\u00f3n de Ferrovial, S.A., como sociedad absorbente, y Ferrovial Internacional, S.L.U., como sociedad absorbida<\/h3>\n\n\n\n<p> En cumplimiento de lo previsto en el art\u00edculo 32 de la Ley 3\/2009, de 3 de abril, sobre Modificaciones Estructurales de las Sociedades Mercantiles, se incluye en esta p\u00e1gina web corporativa desde el 5 de febrero de 2019 el proyecto com\u00fan de fusi\u00f3n de Ferrovial, S.A. y Ferrovial Internacional, S.L.U., aprobado por los consejos de administraci\u00f3n de las sociedades intervinientes en la fusi\u00f3n el 18 y el 20 de diciembre de 2018, respectivamente. <\/p>\n\n\n\n<p>\n\nAsimismo, en cumplimiento de lo previsto en el art\u00edculo 39 en relaci\u00f3n con los art\u00edculos 49 y 51, todos ellos de la Ley 3\/2009, de 3 de abril, sobre Modificaciones Estructurales de las Sociedades Mercantiles, se incluye en esta p\u00e1gina web corporativa la siguiente documentaci\u00f3n relativa a la fusi\u00f3n por absorci\u00f3n de Ferrovial Internacional, S.L.U. por parte de Ferrovial, S.A.:\n\n<\/p>\n<\/div><\/m-wysiwig>\n\n\n\n    <m-link-list>\n                    <h3 slot=\"maintitle\">\n                Documentaci\u00f3n relativa a la fusi\u00f3n            <\/h3>\n                    <p slot=\"text\">Descripci\u00f3n por defecto<\/p>\n                    <ul slot=\"links\">\n                                    <li>\n                        <c-link external='_blank' sr-only='Abrir en una nueva pesta\u00f1a' icon='download'>\n                            <a href=\"https:\/\/static.ferrovial.com\/wp-content\/uploads\/2019\/11\/13141447\/1proyectofusion.pdf\" title=\"Proyecto com\u00fan de fusi\u00f3n entre Ferrovial, S.A. y Ferrovial Internacional, S.L.U.\">\n                                Proyecto com\u00fan de fusi\u00f3n entre Ferrovial, S.A. y Ferrovial Internacional, S.L.U. (PDF 681 KB)                            <\/a>\n                        <\/c-link>\n                    <\/li>\n                                    <li>\n                        <c-link external='_blank' sr-only='Abrir en una nueva pesta\u00f1a' icon='download'>\n                            <a href=\"https:\/\/static.ferrovial.com\/wp-content\/uploads\/2023\/07\/26125051\/ferrovial-se-form-8937.pdf\" title=\"Ferrovial SE Form 8937\">\n                                Ferrovial SE Form 8937 (PDF 253 KB)                            <\/a>\n                        <\/c-link>\n                    <\/li>\n                                    <li>\n                        <c-link external='_blank' sr-only='Abrir en una nueva pesta\u00f1a' icon='download'>\n                            <a href=\"https:\/\/static.ferrovial.com\/wp-content\/uploads\/2019\/11\/13141447\/2fsaccaa2015individuales.pdf\" title=\"Cuentas anuales, informe de gesti\u00f3n e informe de auditor\u00eda de Ferrovial, S.A. Ejercicio 2015 - Individuales\">\n                                Cuentas anuales, informe de gesti\u00f3n e informe de auditor\u00eda de Ferrovial, S.A. Ejercicio 2015 &#8211; Individuales (PDF 2 MB)                            <\/a>\n                        <\/c-link>\n                    <\/li>\n                                    <li>\n                        <c-link external='_blank' sr-only='Abrir en una nueva pesta\u00f1a' icon='download'>\n                            <a href=\"https:\/\/static.ferrovial.com\/wp-content\/uploads\/2019\/11\/13141446\/3fsaccaa2015consolidadas.pdf\" title=\"Cuentas anuales, informe de gesti\u00f3n e informe de auditor\u00eda de Ferrovial, S.A. Ejercicio 2015 - Consolidadas\">\n                                Cuentas anuales, informe de gesti\u00f3n e informe de auditor\u00eda de Ferrovial, S.A. Ejercicio 2015 &#8211; Consolidadas (PDF 6 MB)                            <\/a>\n                        <\/c-link>\n                    <\/li>\n                                    <li>\n                        <c-link external='_blank' sr-only='Abrir en una nueva pesta\u00f1a' icon='download'>\n                            <a href=\"https:\/\/static.ferrovial.com\/wp-content\/uploads\/2019\/11\/13141446\/4fsaccaa2016individuales.pdf\" title=\"Cuentas anuales, informe de gesti\u00f3n e informe de auditor\u00eda de Ferrovial, S.A. Ejercicio 2016 - Individuales\">\n                                Cuentas anuales, informe de gesti\u00f3n e informe de auditor\u00eda de Ferrovial, S.A. Ejercicio 2016 &#8211; Individuales (PDF 1 MB)                            <\/a>\n                        <\/c-link>\n                    <\/li>\n                                    <li>\n                        <c-link external='_blank' sr-only='Abrir en una nueva pesta\u00f1a' icon='download'>\n                            <a href=\"https:\/\/static.ferrovial.com\/wp-content\/uploads\/2019\/11\/13141445\/5fsaccaa2016consolidadas-1.pdf\" title=\"Cuentas anuales, informe de gesti\u00f3n e informe de auditor\u00eda de Ferrovial, S.A. Ejercicio 2016 - Consolidadas\">\n                                Cuentas anuales, informe de gesti\u00f3n e informe de auditor\u00eda de Ferrovial, S.A. Ejercicio 2016 &#8211; Consolidadas (PDF 12 MB)                            <\/a>\n                        <\/c-link>\n                    <\/li>\n                                    <li>\n                        <c-link external='_blank' sr-only='Abrir en una nueva pesta\u00f1a' icon='download'>\n                            <a href=\"https:\/\/static.ferrovial.com\/wp-content\/uploads\/2019\/11\/13141445\/6fsaccaa2017individuales.pdf\" title=\"Cuentas anuales, informe de gesti\u00f3n e informe de auditor\u00eda de Ferrovial, S.A. Ejercicio 2017 - Individuales\">\n                                Cuentas anuales, informe de gesti\u00f3n e informe de auditor\u00eda de Ferrovial, S.A. Ejercicio 2017 &#8211; Individuales (PDF 1 MB)                            <\/a>\n                        <\/c-link>\n                    <\/li>\n                                    <li>\n                        <c-link external='_blank' sr-only='Abrir en una nueva pesta\u00f1a' icon='download'>\n                            <a href=\"https:\/\/static.ferrovial.com\/wp-content\/uploads\/2019\/11\/13141444\/7fsaccaa2017consolidadas.pdf\" title=\"Cuentas anuales, informe de gesti\u00f3n e informe de auditor\u00eda de Ferrovial, S.A. Ejercicio 2017 - Consolidadas\">\n                                Cuentas anuales, informe de gesti\u00f3n e informe de auditor\u00eda de Ferrovial, S.A. Ejercicio 2017 &#8211; Consolidadas (PDF 11 MB)                            <\/a>\n                        <\/c-link>\n                    <\/li>\n                                    <li>\n                        <c-link external='_blank' sr-only='Abrir en una nueva pesta\u00f1a' icon='download'>\n                            <a href=\"https:\/\/static.ferrovial.com\/wp-content\/uploads\/2019\/11\/13141444\/8fisluccaa2015.pdf\" title=\"Cuentas anuales, informe de gesti\u00f3n e informe de auditor\u00eda de Ferrovial Internacional, S.L.U. \u00a0Ejercicio 2015 - Individuales\">\n                                Cuentas anuales, informe de gesti\u00f3n e informe de auditor\u00eda de Ferrovial Internacional, S.L.U. \u00a0Ejercicio 2015 &#8211; Individuales (PDF 2 MB)                            <\/a>\n                        <\/c-link>\n                    <\/li>\n                                    <li>\n                        <c-link external='_blank' sr-only='Abrir en una nueva pesta\u00f1a' icon='download'>\n                            <a href=\"https:\/\/static.ferrovial.com\/wp-content\/uploads\/2019\/11\/13141443\/9fisluccaa2016.pdf\" title=\"Cuentas anuales, informe de gesti\u00f3n e informe de auditor\u00eda de Ferrovial Internacional, S.L.U. Ejercicio 2016 - Individuales\">\n                                Cuentas anuales, informe de gesti\u00f3n e informe de auditor\u00eda de Ferrovial Internacional, S.L.U. Ejercicio 2016 &#8211; Individuales (PDF 3 MB)                            <\/a>\n                        <\/c-link>\n                    <\/li>\n                                    <li>\n                        <c-link external='_blank' sr-only='Abrir en una nueva pesta\u00f1a' icon='download'>\n                            <a href=\"https:\/\/static.ferrovial.com\/wp-content\/uploads\/2019\/11\/13141443\/10fisluccaa2017.pdf\" title=\"Cuentas anuales, informe de gesti\u00f3n e informe de auditor\u00eda de Ferrovial Internacional, S.L.U. Ejercicio 2017 - Individuales\">\n                                Cuentas anuales, informe de gesti\u00f3n e informe de auditor\u00eda de Ferrovial Internacional, S.L.U. Ejercicio 2017 &#8211; Individuales (PDF 2 MB)                            <\/a>\n                        <\/c-link>\n                    <\/li>\n                                    <li>\n                        <c-link external='_blank' sr-only='Abrir en una nueva pesta\u00f1a' icon='download'>\n                            <a href=\"https:\/\/static.ferrovial.com\/wp-content\/uploads\/2019\/11\/13141442\/11fsainformefinancierosemestral20180630.pdf\" title=\"Informe financiero semestral de Ferrovial, S.A., cerrado a 30 de junio de 2018, que fue aprobado como el balance de fusi\u00f3n de esa sociedad\">\n                                Informe financiero semestral de Ferrovial, S.A., cerrado a 30 de junio de 2018, que fue aprobado como el balance de fusi\u00f3n de esa sociedad (PDF 3 MB)                            <\/a>\n                        <\/c-link>\n                    <\/li>\n                                    <li>\n                        <c-link external='_blank' sr-only='Abrir en una nueva pesta\u00f1a' icon='download'>\n                            <a href=\"https:\/\/static.ferrovial.com\/wp-content\/uploads\/2019\/11\/13141442\/12fislubalancefusion20190930.pdf\" title=\"Balance de Fusi\u00f3n de Ferrovial Internacional, S.L.U., cerrado a 30 de Septiembre de 2018, y su correspondiente Informe de Auditor\u00eda\">\n                                Balance de Fusi\u00f3n de Ferrovial Internacional, S.L.U., cerrado a 30 de Septiembre de 2018, y su correspondiente Informe de Auditor\u00eda (PDF 2 MB)                            <\/a>\n                        <\/c-link>\n                    <\/li>\n                                    <li>\n                        <c-link external='_blank' sr-only='Abrir en una nueva pesta\u00f1a' icon='download'>\n                            <a href=\"https:\/\/static.ferrovial.com\/wp-content\/uploads\/2019\/11\/13141441\/13fsaacuerdofusion.pdf\" title=\"Acuerdo del Consejo de Administraci\u00f3n de Ferrovial, S.A. de 18 de diciembre de 2018\">\n                                Acuerdo del Consejo de Administraci\u00f3n de Ferrovial, S.A. de 18 de diciembre de 2018 (PDF 422 KB)                            <\/a>\n                        <\/c-link>\n                    <\/li>\n                                    <li>\n                        <c-link external='_blank' sr-only='Abrir en una nueva pesta\u00f1a' icon='download'>\n                            <a href=\"https:\/\/static.ferrovial.com\/wp-content\/uploads\/2019\/11\/13141441\/14fisluacuerdofusion.pdf\" title=\"Acuerdo del Consejo de Administraci\u00f3n de Ferrovial Internacional, S.L.U. de 20 de diciembre de 2018\">\n                                Acuerdo del Consejo de Administraci\u00f3n de Ferrovial Internacional, S.L.U. de 20 de diciembre de 2018 (PDF 377 KB)                            <\/a>\n                        <\/c-link>\n                    <\/li>\n                            <\/ul>\n            <\/m-link-list>\n    \n\n\n<m-wysiwig class=\"wp-block-components-wysiwyg\"><div slot=\"maincontent\">\n<p> De conformidad con lo establecido en el art\u00edculo 51 de la Ley 3\/2009, de 3 de abril, sobre Modificaciones Estructurales de las Sociedades Mercantiles, se publica en esta p\u00e1gina web desde el 5 de febrero de 2019 el anuncio del proyecto com\u00fan de fusi\u00f3n de Ferrovial, S.A. y Ferrovial Internacional, S.L.U. <\/p>\n\n\n\n\n             <a class='rich-link' href='https:\/\/static.ferrovial.com\/wp-content\/uploads\/2019\/11\/13141440\/15anunciofusion.pdf' title='Anuncio del proyecto com\u00fan de fusi\u00f3n de Ferrovial, S.A. y Ferrovial Internacional, S.L.U.' target='_blank'>\n                <span>Anuncio del proyecto com\u00fan de fusi\u00f3n de Ferrovial, S.A. y Ferrovial Internacional, S.L.U.<\/span>\n                <img src='https:\/\/www.ferrovial.com\/wp-content\/themes\/global\/front\/dist\/static\/img\/icon-download.svg' alt='download link'>\n            <\/a>\n        \n\n\n\n<p><\/p>\n<\/div><\/m-wysiwig>\n","protected":false},"excerpt":{"rendered":"","protected":false},"featured_media":0,"parent":22831,"menu_order":0,"comment_status":"closed","ping_status":"closed","template":"","meta":{"_acf_changed":false,"footnotes":""},"class_list":["post-76206","page","type-page","status-publish","hentry"],"acf":[],"yoast_head":"<!-- This site is optimized with the Yoast SEO plugin v27.2 - https:\/\/yoast.com\/product\/yoast-seo-wordpress\/ -->\n<title>Fusiones - Ferrovial<\/title>\n<meta name=\"description\" content=\"Welcome to the Ferrovial&#039;s website, global operator of sustainable infrastructure. Here you can find all the information about the company and subsidiaries.\" \/>\n<meta name=\"robots\" content=\"index, follow, max-snippet:-1, max-image-preview:large, max-video-preview:-1\" \/>\n<link rel=\"canonical\" href=\"https:\/\/www.ferrovial.com\/es\/accionistas-e-inversores\/gobierno-corporativo\/fusiones\/\" \/>\n<meta property=\"og:locale\" content=\"es_ES\" \/>\n<meta property=\"og:type\" content=\"article\" \/>\n<meta property=\"og:title\" content=\"Fusiones - Ferrovial\" \/>\n<meta property=\"og:description\" content=\"Welcome to the Ferrovial&#039;s website, global operator of sustainable infrastructure. Here you can find all the information about the company and subsidiaries.\" \/>\n<meta property=\"og:url\" content=\"https:\/\/www.ferrovial.com\/es\/accionistas-e-inversores\/gobierno-corporativo\/fusiones\/\" \/>\n<meta property=\"og:site_name\" content=\"Ferrovial\" \/>\n<meta property=\"article:publisher\" content=\"https:\/\/www.facebook.com\/ferrovial\" \/>\n<meta property=\"article:modified_time\" content=\"2023-07-26T10:54:31+00:00\" \/>\n<meta name=\"twitter:card\" content=\"summary_large_image\" \/>\n<meta name=\"twitter:site\" content=\"@ferrovial\" \/>\n<meta name=\"twitter:label1\" content=\"Est. reading time\" \/>\n\t<meta name=\"twitter:data1\" content=\"2 minutos\" \/>\n<!-- \/ Yoast SEO plugin. -->","yoast_head_json":{"title":"Fusiones - Ferrovial","description":"Welcome to the Ferrovial's website, global operator of sustainable infrastructure. Here you can find all the information about the company and subsidiaries.","robots":{"index":"index","follow":"follow","max-snippet":"max-snippet:-1","max-image-preview":"max-image-preview:large","max-video-preview":"max-video-preview:-1"},"canonical":"https:\/\/www.ferrovial.com\/es\/accionistas-e-inversores\/gobierno-corporativo\/fusiones\/","og_locale":"es_ES","og_type":"article","og_title":"Fusiones - Ferrovial","og_description":"Welcome to the Ferrovial's website, global operator of sustainable infrastructure. Here you can find all the information about the company and subsidiaries.","og_url":"https:\/\/www.ferrovial.com\/es\/accionistas-e-inversores\/gobierno-corporativo\/fusiones\/","og_site_name":"Ferrovial","article_publisher":"https:\/\/www.facebook.com\/ferrovial","article_modified_time":"2023-07-26T10:54:31+00:00","twitter_card":"summary_large_image","twitter_site":"@ferrovial","twitter_misc":{"Est. reading time":"2 minutos"},"schema":{"@context":"https:\/\/schema.org","@graph":[{"@type":"WebPage","@id":"https:\/\/www.ferrovial.com\/es\/accionistas-e-inversores\/gobierno-corporativo\/fusiones\/","url":"https:\/\/www.ferrovial.com\/es\/accionistas-e-inversores\/gobierno-corporativo\/fusiones\/","name":"Fusiones - Ferrovial","isPartOf":{"@id":"https:\/\/www.ferrovial.com\/es\/#website"},"datePublished":"2019-11-26T12:14:07+00:00","dateModified":"2023-07-26T10:54:31+00:00","description":"Welcome to the Ferrovial's website, global operator of sustainable infrastructure. Here you can find all the information about the company and subsidiaries.","breadcrumb":{"@id":"https:\/\/www.ferrovial.com\/es\/accionistas-e-inversores\/gobierno-corporativo\/fusiones\/#breadcrumb"},"inLanguage":"es","potentialAction":[{"@type":"ReadAction","target":["https:\/\/www.ferrovial.com\/es\/accionistas-e-inversores\/gobierno-corporativo\/fusiones\/"]}]},{"@type":"BreadcrumbList","@id":"https:\/\/www.ferrovial.com\/es\/accionistas-e-inversores\/gobierno-corporativo\/fusiones\/#breadcrumb","itemListElement":[{"@type":"ListItem","position":1,"name":"Portada","item":"https:\/\/www.ferrovial.com\/es\/"},{"@type":"ListItem","position":2,"name":"Accionistas e inversores","item":"https:\/\/www.ferrovial.com\/es\/accionistas-e-inversores\/"},{"@type":"ListItem","position":3,"name":"Gobierno corporativo","item":"https:\/\/www.ferrovial.com\/es\/accionistas-e-inversores\/gobierno-corporativo\/"},{"@type":"ListItem","position":4,"name":"Fusiones"}]},{"@type":"WebSite","@id":"https:\/\/www.ferrovial.com\/es\/#website","url":"https:\/\/www.ferrovial.com\/es\/","name":"Ferrovial","description":"Welcome to the Ferrovial&#039;s website, global operator of sustainable infrastructure. Here you can find all the information about the company and subsidiaries.","publisher":{"@id":"https:\/\/www.ferrovial.com\/es\/#organization"},"potentialAction":[{"@type":"SearchAction","target":{"@type":"EntryPoint","urlTemplate":"https:\/\/www.ferrovial.com\/es\/?s={search_term_string}"},"query-input":{"@type":"PropertyValueSpecification","valueRequired":true,"valueName":"search_term_string"}}],"inLanguage":"es"},{"@type":"Organization","@id":"https:\/\/www.ferrovial.com\/es\/#organization","name":"Ferrovial S.A.","url":"https:\/\/www.ferrovial.com\/es\/","logo":{"@type":"ImageObject","inLanguage":"es","@id":"https:\/\/www.ferrovial.com\/es\/#\/schema\/logo\/image\/","url":"https:\/\/static.ferrovial.com\/wp-content\/uploads\/2020\/01\/13124948\/logo-ferrovial-cf7.png","contentUrl":"https:\/\/static.ferrovial.com\/wp-content\/uploads\/2020\/01\/13124948\/logo-ferrovial-cf7.png","width":144,"height":32,"caption":"Ferrovial S.A."},"image":{"@id":"https:\/\/www.ferrovial.com\/es\/#\/schema\/logo\/image\/"},"sameAs":["https:\/\/www.facebook.com\/ferrovial","https:\/\/x.com\/ferrovial","https:\/\/www.instagram.com\/ferrovial\/","https:\/\/www.linkedin.com\/company\/ferrovial","https:\/\/www.pinterest.es\/ferrovial\/","https:\/\/www.youtube.com\/ferrovial","https:\/\/en.wikipedia.org\/wiki\/Ferrovial"]}]}},"_links":{"self":[{"href":"https:\/\/www.ferrovial.com\/es\/wp-json\/wp\/v2\/pages\/76206","targetHints":{"allow":["GET"]}}],"collection":[{"href":"https:\/\/www.ferrovial.com\/es\/wp-json\/wp\/v2\/pages"}],"about":[{"href":"https:\/\/www.ferrovial.com\/es\/wp-json\/wp\/v2\/types\/page"}],"replies":[{"embeddable":true,"href":"https:\/\/www.ferrovial.com\/es\/wp-json\/wp\/v2\/comments?post=76206"}],"version-history":[{"count":4,"href":"https:\/\/www.ferrovial.com\/es\/wp-json\/wp\/v2\/pages\/76206\/revisions"}],"predecessor-version":[{"id":265828,"href":"https:\/\/www.ferrovial.com\/es\/wp-json\/wp\/v2\/pages\/76206\/revisions\/265828"}],"up":[{"embeddable":true,"href":"https:\/\/www.ferrovial.com\/es\/wp-json\/wp\/v2\/pages\/22831"}],"wp:attachment":[{"href":"https:\/\/www.ferrovial.com\/es\/wp-json\/wp\/v2\/media?parent=76206"}],"curies":[{"name":"wp","href":"https:\/\/api.w.org\/{rel}","templated":true}]}}