{"id":123826,"date":"2019-09-05T11:55:28","date_gmt":"2019-09-05T09:55:28","guid":{"rendered":"https:\/\/www.ferrovial.com\/budimex\/what-we-do\/"},"modified":"2020-04-21T23:54:57","modified_gmt":"2020-04-21T21:54:57","slug":"czym-sie-zajmujemy","status":"publish","type":"page","link":"https:\/\/www.ferrovial.com\/pl\/budimex\/czym-sie-zajmujemy\/","title":{"rendered":"Czym si\u0119 zajmujemy"},"content":{"rendered":"    <m-final-content-header bgimage='https:\/\/static.ferrovial.com\/wp-content\/uploads\/2019\/12\/13131959\/bridge-over-vistula-river-in-kwidzyn-budimex-2-1280x720.jpg'>\n            <c-breadcrumb label-text=\"Okruszki\" slot=\"breadcrumbs\" type='2' align='left' wrap='wrapped wrapped' aria-label='Adres, z\u00a0kt\u00f3rego nast\u0105pi\u0142o przekierowanie to Budimex'>\n                        <ol>\n\n                                                            <li><a href=\"https:\/\/www.ferrovial.com\/pl\/\" title=\"Ferrovial\">Ferrovial<\/a><\/li>\n                                                                        <li><a href=\"https:\/\/www.ferrovial.com\/pl\/budimex\/\" title=\"Budimex\">Budimex<\/a><\/li>\n                                    \n                <\/ol>\n\n                <\/c-breadcrumb>\n    \n        <div slot=\"header\">\n            <h1>\n                Czym si\u0119 zajmujemy            <\/h1>\n                    <\/div>\n    <\/m-final-content-header>\n\n    \n\n\n<m-wysiwig class=\"wp-block-components-wysiwyg\"><div slot=\"maincontent\">    <p class=\"intro\">Budimex oferuje us\u0142ugi z zakresu budownictwa og\u00f3lnego, ekologicznego, energetycznego i przemys\u0142owego, a tak\u017ce us\u0142ugi sprz\u0119towe i laboratoryjne, jednocze\u015bnie prowadz\u0105c sie\u0107 wytw\u00f3rni mas bitumicznych na terenie ca\u0142ej Polski.<\/p>\n    \n\n\n<p>Jeste\u015bmy firm\u0105 budowlan\u0105 oferuj\u0105c\u0105 szeroki zakres us\u0142ug, w&nbsp;tym generalne wykonawstwo budynk\u00f3w u\u017cyteczno\u015bci publicznej, budownictwa komercyjnego, przemys\u0142owego, mieszkaniowego oraz obiekt\u00f3w sportowych. Stopniowo zwi\u0119kszamy nasze zaanga\u017cowanie w&nbsp;sektorze zarz\u0105dzania obiektami (obs\u0142uga nieruchomo\u015bci i&nbsp;obiekt\u00f3w infrastrukturalnych) oraz gospodarki odpadami.&nbsp;<\/p>\n\n\n\n<p>Ponadto jako\nuzupe\u0142nienie naszej dzia\u0142alno\u015bci posiadamy i&nbsp;prowadzimy wytw\u00f3rni\u0119 mas\nbitumicznych o&nbsp;ugruntowanej pozycji oraz rozbudowane zaplecze laboratoryjno-technologiczne.&nbsp;<\/p>\n\n\n\n<h2 class=\"wp-block-heading\"><strong>Budownictwo og\u00f3lne<\/strong><\/h2>\n\n\n\n<p>Nasza dzia\u0142alno\u015b\u0107 budowlana ma zasi\u0119g og\u00f3lnopolski i&nbsp;obejmuje pe\u0142en zakres us\u0142ug w&nbsp;obszarze budownictwa og\u00f3lnego. Potencja\u0142 sp\u00f3\u0142ki umo\u017cliwia nam realizacj\u0119 wielu z\u0142o\u017conych projekt\u00f3w r\u00f3wnocze\u015bnie.&nbsp;<\/p>\n\n\n\n<p>Zapewniamy kompleksow\u0105 obs\u0142ug\u0119 na wszystkich etapach procesu budowlanego i&nbsp;proponujemy naszym klientom optymalne rozwi\u0105zania technologiczne.&nbsp;<\/p>\n\n\n\n<p>Nasz\u0105 ofert\u0119\nuzupe\u0142niaj\u0105 sp\u00f3\u0142ki nale\u017c\u0105ce do grupy: FBSerwis \u2013 oferuj\u0105ca kompleksowe us\u0142ugi\nw&nbsp;zakresie Facility Management oraz Mostostal Krak\u00f3w \u2013 specjalizuj\u0105ca si\u0119\nw&nbsp;wykonywaniu konstrukcji stalowych.&nbsp;&nbsp;<\/p>\n\n\n\n<h2 class=\"wp-block-heading\"><strong>Ochrona \u015brodowiska<\/strong><\/h2>\n\n\n\n<p>Poprzez\nbudow\u0119, modernizacj\u0119 i&nbsp;rozbudow\u0119 obiekt\u00f3w z&nbsp;obszaru gospodarki\n\u015bciekami oraz zagospodarowania i&nbsp;utylizacji odpad\u00f3w przyczyniamy si\u0119 do\nzmniejszenia negatywnego wp\u0142ywu naszej dzia\u0142alno\u015bci na \u015brodowisko\nnaturalne.&nbsp;<\/p>\n\n\n\n<p>Jednym\nz&nbsp;przyk\u0142ad\u00f3w takich realizacji jest Wroc\u0142awska Oczyszczalnia \u015aciek\u00f3w.\nZrealizowana przez nas przebudowa zwi\u0119kszy\u0142a przepustowo\u015b\u0107 do \u015brednio\n140&nbsp;000&nbsp;m3 na dob\u0119. Takie zwi\u0119kszenie przepustowo\u015bci umo\u017cliwi\u0142o\nodbi\u00f3r nieczysto\u015bci nie tylko z&nbsp;ca\u0142ego miasta, ale tak\u017ce z&nbsp;s\u0105siednich\ngmin.<\/p>\n\n\n\n<p>Uczestniczyli\u015bmy r\u00f3wnie\u017c w&nbsp;budowie pierwszego w&nbsp;Polsce zak\u0142adu utylizacji odpad\u00f3w. Nowa spalarnia \u015bmieci w&nbsp;Warszawie stanowi istotny element systemu gospodarki odpadami komunalnymi w&nbsp;kraju. <\/p>\n\n\n\n<h2 class=\"wp-block-heading\"><strong>Projekty z&nbsp;zakresu energetyki i&nbsp;przemys\u0142u<\/strong><\/h2>\n\n\n\n<p>Sektory energetyczny i&nbsp;przemys\u0142owy s\u0105 kluczowymi obszarami naszej mi\u0119dzynarodowej ekspansji. Jeste\u015bmy obecni na tym rynku od wielu lat. Aby dostarczy\u0107 naszym klientom najbardziej innowacyjne rozwi\u0105zania, oferujemy realizacj\u0119 projekt\u00f3w zar\u00f3wno jako generalny wykonawca, jak i&nbsp;w&nbsp;konsorcjach z&nbsp;wiod\u0105cymi firmami z&nbsp;bran\u017cy energetycznej i&nbsp;przemys\u0142owej. <br><\/p>\n\n\n\n<h2 class=\"wp-block-heading\"><strong>Us\u0142ugi sprz\u0119towe<\/strong><\/h2>\n\n\n\n<p>Zapewniamy wysoko wykwalifikowane kadry oraz nowoczesny sprz\u0119t do rob\u00f3t ziemnych, rozk\u0142adania masy, frezowania nawierzchni, palowania i&nbsp;us\u0142ug d\u017awigowych oraz profesjonalny transport niskopodwoziowy.<\/p>\n\n\n\n<h2 class=\"wp-block-heading\"><strong>Mieszanki mineralno-asfaltowe<\/strong><\/h2>\n\n\n\n<p>Dysponujemy sieci\u0105 wytw\u00f3rni mas bitumicznych na terenie ca\u0142ej Polski o&nbsp;\u0142\u0105cznej wydajno\u015bci 320 ton na godzin\u0119 i&nbsp;oko\u0142o 3,5 mln ton rocznie.&nbsp;<\/p>\n\n\n\n<p>\n\nMamy bardzo du\u017ce do\u015bwiadczenie w&nbsp;zakresie technologii recyklingu destruktu. Znakomite zaplecze technologiczno-laboratoryjne umo\u017cliwia nam optymalizacj\u0119 produkcji mieszanek mineralno-asfaltowych pod wzgl\u0119dem wymaga\u0144 technicznych oraz koszt\u00f3w materia\u0142\u00f3w. Nasze mieszanki spe\u0142niaj\u0105 wymagania norm europejskich dla wyrob\u00f3w budowlanych i&nbsp;s\u0105 oferowane w&nbsp;konkurencyjnych cenach.&nbsp;\n\n<\/p>\n\n\n\n<h2 class=\"wp-block-heading\"><strong>Us\u0142ugi laboratoryjne<\/strong><\/h2>\n\n\n\n<p>Posiadamy w\u0142asne rozbudowane zaplecze laboratoryjno-technologiczne na terenie ca\u0142ej Polski, co pozwala nam na prowadzenie efektywnej bie\u017c\u0105cej kontroli jako\u015bci rob\u00f3t budowlanych oraz analiz\u0119 powykonawcz\u0105. Uzyskali\u015bmy akredytacj\u0119 Polskiego Centrum Akredytacji o&nbsp;numerze AB1414.<\/p>\n\n\n\n<p>Rozumiemy potrzeb\u0119 sta\u0142ego doskonalenia metod badawczych. Dlatego wsp\u00f3\u0142pracujemy z&nbsp;renomowanymi jednostkami badawczymi i&nbsp;naukowymi w&nbsp;por\u00f3wnawczych badaniach mi\u0119dzylaboratoryjnych i&nbsp;badaniach bieg\u0142o\u015bci. Dzi\u0119ki temu cieszymy si\u0119 opini\u0105 wiarygodnego i&nbsp;cenionego partnera biznesowego.<\/p>\n<\/div><\/m-wysiwig>\n","protected":false},"excerpt":{"rendered":"","protected":false},"featured_media":0,"parent":41358,"menu_order":0,"comment_status":"closed","ping_status":"closed","template":"","meta":{"_acf_changed":false,"footnotes":""},"class_list":["post-123826","page","type-page","status-publish","hentry"],"acf":[],"yoast_head":"<!-- This site is optimized with the Yoast SEO plugin v27.2 - https:\/\/yoast.com\/product\/yoast-seo-wordpress\/ -->\n<title>Czym si\u0119 zajmujemy<\/title>\n<meta name=\"description\" content=\"Welcome to the Ferrovial&#039;s website, global operator of sustainable infrastructure. Here you can find all the information about the company and subsidiaries.\" \/>\n<meta name=\"robots\" content=\"index, follow, max-snippet:-1, max-image-preview:large, max-video-preview:-1\" \/>\n<link rel=\"canonical\" href=\"https:\/\/www.ferrovial.com\/pl\/budimex\/czym-sie-zajmujemy\/\" \/>\n<meta property=\"og:locale\" content=\"pl_PL\" \/>\n<meta property=\"og:type\" content=\"article\" \/>\n<meta property=\"og:title\" content=\"Czym si\u0119 zajmujemy\" \/>\n<meta property=\"og:description\" content=\"Welcome to the Ferrovial&#039;s website, global operator of sustainable infrastructure. Here you can find all the information about the company and subsidiaries.\" \/>\n<meta property=\"og:url\" content=\"https:\/\/www.ferrovial.com\/pl\/budimex\/czym-sie-zajmujemy\/\" \/>\n<meta property=\"og:site_name\" content=\"Ferrovial\" \/>\n<meta property=\"article:publisher\" content=\"https:\/\/www.facebook.com\/ferrovial\" \/>\n<meta property=\"article:modified_time\" content=\"2020-04-21T21:54:57+00:00\" \/>\n<meta name=\"twitter:card\" content=\"summary_large_image\" \/>\n<meta name=\"twitter:site\" content=\"@ferrovial\" \/>\n<meta name=\"twitter:label1\" content=\"Est. reading time\" \/>\n\t<meta name=\"twitter:data1\" content=\"3 minutes\" \/>\n<!-- \/ Yoast SEO plugin. -->","yoast_head_json":{"title":"Czym si\u0119 zajmujemy","description":"Welcome to the Ferrovial's website, global operator of sustainable infrastructure. Here you can find all the information about the company and subsidiaries.","robots":{"index":"index","follow":"follow","max-snippet":"max-snippet:-1","max-image-preview":"max-image-preview:large","max-video-preview":"max-video-preview:-1"},"canonical":"https:\/\/www.ferrovial.com\/pl\/budimex\/czym-sie-zajmujemy\/","og_locale":"pl_PL","og_type":"article","og_title":"Czym si\u0119 zajmujemy","og_description":"Welcome to the Ferrovial's website, global operator of sustainable infrastructure. Here you can find all the information about the company and subsidiaries.","og_url":"https:\/\/www.ferrovial.com\/pl\/budimex\/czym-sie-zajmujemy\/","og_site_name":"Ferrovial","article_publisher":"https:\/\/www.facebook.com\/ferrovial","article_modified_time":"2020-04-21T21:54:57+00:00","twitter_card":"summary_large_image","twitter_site":"@ferrovial","twitter_misc":{"Est. reading time":"3 minutes"},"schema":{"@context":"https:\/\/schema.org","@graph":[{"@type":"WebPage","@id":"https:\/\/www.ferrovial.com\/pl\/budimex\/czym-sie-zajmujemy\/","url":"https:\/\/www.ferrovial.com\/pl\/budimex\/czym-sie-zajmujemy\/","name":"Czym si\u0119 zajmujemy","isPartOf":{"@id":"https:\/\/www.ferrovial.com\/pl\/#website"},"datePublished":"2019-09-05T09:55:28+00:00","dateModified":"2020-04-21T21:54:57+00:00","description":"Welcome to the Ferrovial's website, global operator of sustainable infrastructure. Here you can find all the information about the company and subsidiaries.","breadcrumb":{"@id":"https:\/\/www.ferrovial.com\/pl\/budimex\/czym-sie-zajmujemy\/#breadcrumb"},"inLanguage":"pl","potentialAction":[{"@type":"ReadAction","target":["https:\/\/www.ferrovial.com\/pl\/budimex\/czym-sie-zajmujemy\/"]}]},{"@type":"BreadcrumbList","@id":"https:\/\/www.ferrovial.com\/pl\/budimex\/czym-sie-zajmujemy\/#breadcrumb","itemListElement":[{"@type":"ListItem","position":1,"name":"Portada","item":"https:\/\/www.ferrovial.com\/pl\/"},{"@type":"ListItem","position":2,"name":"Budimex","item":"https:\/\/www.ferrovial.com\/pl\/budimex\/"},{"@type":"ListItem","position":3,"name":"Czym si\u0119 zajmujemy"}]},{"@type":"WebSite","@id":"https:\/\/www.ferrovial.com\/pl\/#website","url":"https:\/\/www.ferrovial.com\/pl\/","name":"Ferrovial","description":"Welcome to the Ferrovial&#039;s website, global operator of sustainable infrastructure. Here you can find all the information about the company and subsidiaries.","publisher":{"@id":"https:\/\/www.ferrovial.com\/pl\/#organization"},"potentialAction":[{"@type":"SearchAction","target":{"@type":"EntryPoint","urlTemplate":"https:\/\/www.ferrovial.com\/pl\/?s={search_term_string}"},"query-input":{"@type":"PropertyValueSpecification","valueRequired":true,"valueName":"search_term_string"}}],"inLanguage":"pl"},{"@type":"Organization","@id":"https:\/\/www.ferrovial.com\/pl\/#organization","name":"Ferrovial S.A.","url":"https:\/\/www.ferrovial.com\/pl\/","logo":{"@type":"ImageObject","inLanguage":"pl","@id":"https:\/\/www.ferrovial.com\/pl\/#\/schema\/logo\/image\/","url":"https:\/\/static.ferrovial.com\/wp-content\/uploads\/2020\/01\/13124948\/logo-ferrovial-cf7.png","contentUrl":"https:\/\/static.ferrovial.com\/wp-content\/uploads\/2020\/01\/13124948\/logo-ferrovial-cf7.png","width":144,"height":32,"caption":"Ferrovial S.A."},"image":{"@id":"https:\/\/www.ferrovial.com\/pl\/#\/schema\/logo\/image\/"},"sameAs":["https:\/\/www.facebook.com\/ferrovial","https:\/\/x.com\/ferrovial","https:\/\/www.instagram.com\/ferrovial\/","https:\/\/www.linkedin.com\/company\/ferrovial","https:\/\/www.pinterest.es\/ferrovial\/","https:\/\/www.youtube.com\/ferrovial","https:\/\/en.wikipedia.org\/wiki\/Ferrovial"]}]}},"_links":{"self":[{"href":"https:\/\/www.ferrovial.com\/pl\/wp-json\/wp\/v2\/pages\/123826","targetHints":{"allow":["GET"]}}],"collection":[{"href":"https:\/\/www.ferrovial.com\/pl\/wp-json\/wp\/v2\/pages"}],"about":[{"href":"https:\/\/www.ferrovial.com\/pl\/wp-json\/wp\/v2\/types\/page"}],"replies":[{"embeddable":true,"href":"https:\/\/www.ferrovial.com\/pl\/wp-json\/wp\/v2\/comments?post=123826"}],"version-history":[{"count":3,"href":"https:\/\/www.ferrovial.com\/pl\/wp-json\/wp\/v2\/pages\/123826\/revisions"}],"predecessor-version":[{"id":124070,"href":"https:\/\/www.ferrovial.com\/pl\/wp-json\/wp\/v2\/pages\/123826\/revisions\/124070"}],"up":[{"embeddable":true,"href":"https:\/\/www.ferrovial.com\/pl\/wp-json\/wp\/v2\/pages\/41358"}],"wp:attachment":[{"href":"https:\/\/www.ferrovial.com\/pl\/wp-json\/wp\/v2\/media?parent=123826"}],"curies":[{"name":"wp","href":"https:\/\/api.w.org\/{rel}","templated":true}]}}