{"id":123881,"date":"2019-09-05T11:54:55","date_gmt":"2019-09-05T09:54:55","guid":{"rendered":"https:\/\/www.ferrovial.com\/budimex\/who-we-are\/"},"modified":"2020-04-21T23:55:06","modified_gmt":"2020-04-21T21:55:06","slug":"kim-jestesmy","status":"publish","type":"page","link":"https:\/\/www.ferrovial.com\/pl\/budimex\/kim-jestesmy\/","title":{"rendered":"Kim jeste\u015bmy"},"content":{"rendered":"    <m-final-content-header bgimage='https:\/\/static.ferrovial.com\/wp-content\/uploads\/2019\/12\/13131957\/budimex-construction-work-695x390.jpg'>\n            <c-breadcrumb label-text=\"Okruszki\" slot=\"breadcrumbs\" type='2' align='left' wrap='wrapped wrapped' aria-label='Adres, z\u00a0kt\u00f3rego nast\u0105pi\u0142o przekierowanie to Budimex'>\n                        <ol>\n\n                                                            <li><a href=\"https:\/\/www.ferrovial.com\/pl\/\" title=\"Ferrovial\">Ferrovial<\/a><\/li>\n                                                                        <li><a href=\"https:\/\/www.ferrovial.com\/pl\/budimex\/\" title=\"Budimex\">Budimex<\/a><\/li>\n                                    \n                <\/ol>\n\n                <\/c-breadcrumb>\n    \n        <div slot=\"header\">\n            <h1>\n                Kim jeste\u015bmy            <\/h1>\n                    <\/div>\n    <\/m-final-content-header>\n\n    \n\n\n<m-wysiwig class=\"wp-block-components-wysiwyg\"><div slot=\"maincontent\">    <p class=\"intro\">Budimex jest jedn\u0105 z najwi\u0119kszych komercyjnych grup budowlanych dzia\u0142aj\u0105cych w Polsce, cenion\u0105 na ca\u0142ym \u015bwiecie ze wzgl\u0119du na do\u015bwiadczenie, wiedz\u0119, wykwalifikowanych pracownik\u00f3w i rozpoznawalne projekty.<\/p>\n    \n\n\n<p>Jeste\u015bmy jedn\u0105 z&nbsp;najwi\u0119kszych grup budowlanych dzia\u0142aj\u0105cych w&nbsp;Polsce, cenion\u0105 w&nbsp;kraju i&nbsp;za granic\u0105 ze wzgl\u0119du na nasze bogate do\u015bwiadczenie, wiedz\u0119, wykwalifikowanych pracownik\u00f3w i&nbsp;wysokiej jako\u015bci projekty.<\/p>\n\n\n\n<p>Jako\ngeneralny wykonawca \u015bwiadczymy us\u0142ugi w&nbsp;sektorze infrastruktury,\nw&nbsp;tym w&nbsp;zakresie budowy i&nbsp;utrzymania dr\u00f3g, linii kolejowych,\nlotnisk i&nbsp;budynk\u00f3w komercyjnych, a&nbsp;tak\u017ce w&nbsp;sektorach\nenergetycznym, przemys\u0142owym i&nbsp;ekologicznym. Zajmujemy si\u0119 r\u00f3wnie\u017c\nzarz\u0105dzaniem obiektami (obs\u0142uga nieruchomo\u015bci i&nbsp;obiekt\u00f3w infrastrukturalnych)\noraz gospodark\u0105 odpadami.<\/p>\n\n\n\n<p>Nasz\u0105 misj\u0105\njest realizacja zr\u00f3wnowa\u017conych inwestycji budowlanych oraz \u015bwiadczenie us\u0142ug\nzapewniaj\u0105cych rozw\u00f3j gospodarczy i&nbsp;spo\u0142eczny.<\/p>\n\n\n\n<p>Du\u017c\u0105 cz\u0119\u015b\u0107\nnaszego sukcesu zawdzi\u0119czamy ludziom, bez kt\u00f3rych sp\u00f3\u0142ka nie osi\u0105gn\u0119\u0142aby\nobecnej pozycji.&nbsp; To dzi\u0119ki wysoko\nwykwalifikowanym pracownikom jeste\u015bmy w&nbsp;stanie oferowa\u0107 us\u0142ugi dostosowane\ndo potrzeb naszych klient\u00f3w. Nasi klienci polegaj\u0105 na naszym do\u015bwiadczeniu,\numiej\u0119tno\u015bciach i&nbsp;profesjonalizmie przy realizacji kontrakt\u00f3w\nw&nbsp;oparciu o&nbsp;mi\u0119dzynarodowe standardy zarz\u0105dzania.<\/p>\n\n\n\n<h2 class=\"wp-block-heading\"><strong>Zr\u00f3wnowa\u017cony rozw\u00f3j <\/strong><strong><\/strong><\/h2>\n\n\n\n<p>Zr\u00f3wnowa\u017cony rozw\u00f3j\nobejmuje poszanowanie \u015brodowiska naturalnego, zasady etyczne, zadowolenie\nklienta i&nbsp;komfort u\u017cytkownik\u00f3w. Zr\u00f3wnowa\u017cone\npraktyki realizujemy dzi\u0119ki naszemu profesjonalizmowi, pasji, skuteczno\u015bci\ni&nbsp;partnerskim relacjom z&nbsp;naszymi dostawcami.&nbsp; <\/p>\n\n\n\n<p>Zr\u00f3wnowa\u017cony\nrozw\u00f3j jest zobowi\u0105zaniem, kt\u00f3re podejmujemy wobec przysz\u0142ych pokole\u0144 poprzez\nstosowanie si\u0119 do sze\u015bciu kluczowych element\u00f3w: bezpiecze\u0144stwo, jako\u015b\u0107, ochrona\n\u015brodowiska, zintegrowane zarz\u0105dzanie, odpowiedzialny biznes i&nbsp;spo\u0142eczna\nodpowiedzialno\u015b\u0107 biznesu.<\/p>\n\n\n\n<h2 class=\"wp-block-heading\"><strong>Nasza historia <\/strong><strong><\/strong><\/h2>\n\n\n\n<p>Nasza\nhistoria rozpocz\u0119\u0142a si\u0119 w&nbsp;1968 r. wraz z&nbsp;powstaniem Centrum Handlu\nZagranicznego Budownictwa Budimex, kt\u00f3rego g\u0142\u00f3wnym celem by\u0142 eksport us\u0142ug\nbudowlanych. <\/p>\n\n\n\n<p>Od tego czasu\nosi\u0105gn\u0119li\u015bmy takie kamienie milowe, jak udany debiut na Warszawskiej Gie\u0142dzie Papier\u00f3w\nWarto\u015bciowych w&nbsp;1995&nbsp;r., ekspansja na rynku mi\u0119dzynarodowym\ni&nbsp;tytu\u0142 najwi\u0119kszej firmy budowlanej w&nbsp;Polsce w&nbsp;1997 r. oraz\nutworzenie Budimeksu Unibud, do kt\u00f3rego w&nbsp;1999&nbsp;r. do\u0142\u0105czy\u0142y Budimex\nPozna\u0144 i&nbsp;Mostostal Krak\u00f3w.&nbsp; <\/p>\n\n\n\n<p>W&nbsp;2000\nr. udowodnili\u015bmy nasz\u0105 siln\u0105 pozycj\u0119 rynkow\u0105 i&nbsp;jeszcze j\u0105 umocnili\u015bmy po\nprzej\u0119ciu pakietu kontrolnego w&nbsp;naszej sp\u00f3\u0142ce przez Ferrovial \u2013 \u015bwiatowego\nlidera w&nbsp;dziedzinie infrastruktury. Dzi\u0119ki temu przej\u0119ciu zyskali\u015bmy\npotencja\u0142 sp\u00f3\u0142ki Ferrovial, jej pozycj\u0119 rynkow\u0105 i&nbsp;know-how wspieraj\u0105ce\nnasz\u0105 przewag\u0119 konkurencyjn\u0105. Od&nbsp;2005 r. znajdujemy si\u0119 w&nbsp;sk\u0142adzie\nindeksu RESPECT, obejmujacego najbardziej odpowiedzialne sp\u00f3\u0142ki na \u015bwiecie pod\nwzgl\u0119dem m.in. \u0142adu korporacyjnego, polityki \u015brodowiskowej i&nbsp;praktyk\nspo\u0142ecznych. <\/p>\n\n\n\n<p>Obecnie\nzatrudniamy blisko 8000 pracownik\u00f3w i&nbsp;co roku wsp\u00f3\u0142pracujemy z&nbsp;17&nbsp;000\npartner\u00f3w biznesowych przy realizacji ponad 200 kontrakt\u00f3w rocznie.<\/p>\n<\/div><\/m-wysiwig>\n","protected":false},"excerpt":{"rendered":"","protected":false},"featured_media":0,"parent":41358,"menu_order":0,"comment_status":"closed","ping_status":"closed","template":"","meta":{"_acf_changed":false,"footnotes":""},"class_list":["post-123881","page","type-page","status-publish","hentry"],"acf":[],"yoast_head":"<!-- This site is optimized with the Yoast SEO plugin v27.2 - https:\/\/yoast.com\/product\/yoast-seo-wordpress\/ -->\n<title>Kim jeste\u015bmy<\/title>\n<meta name=\"description\" content=\"Welcome to the Ferrovial&#039;s website, global operator of sustainable infrastructure. Here you can find all the information about the company and subsidiaries.\" \/>\n<meta name=\"robots\" content=\"index, follow, max-snippet:-1, max-image-preview:large, max-video-preview:-1\" \/>\n<link rel=\"canonical\" href=\"https:\/\/www.ferrovial.com\/pl\/budimex\/kim-jestesmy\/\" \/>\n<meta property=\"og:locale\" content=\"pl_PL\" \/>\n<meta property=\"og:type\" content=\"article\" \/>\n<meta property=\"og:title\" content=\"Kim jeste\u015bmy\" \/>\n<meta property=\"og:description\" content=\"Welcome to the Ferrovial&#039;s website, global operator of sustainable infrastructure. Here you can find all the information about the company and subsidiaries.\" \/>\n<meta property=\"og:url\" content=\"https:\/\/www.ferrovial.com\/pl\/budimex\/kim-jestesmy\/\" \/>\n<meta property=\"og:site_name\" content=\"Ferrovial\" \/>\n<meta property=\"article:publisher\" content=\"https:\/\/www.facebook.com\/ferrovial\" \/>\n<meta property=\"article:modified_time\" content=\"2020-04-21T21:55:06+00:00\" \/>\n<meta name=\"twitter:card\" content=\"summary_large_image\" \/>\n<meta name=\"twitter:site\" content=\"@ferrovial\" \/>\n<meta name=\"twitter:label1\" content=\"Est. reading time\" \/>\n\t<meta name=\"twitter:data1\" content=\"2 minutes\" \/>\n<!-- \/ Yoast SEO plugin. -->","yoast_head_json":{"title":"Kim jeste\u015bmy","description":"Welcome to the Ferrovial's website, global operator of sustainable infrastructure. Here you can find all the information about the company and subsidiaries.","robots":{"index":"index","follow":"follow","max-snippet":"max-snippet:-1","max-image-preview":"max-image-preview:large","max-video-preview":"max-video-preview:-1"},"canonical":"https:\/\/www.ferrovial.com\/pl\/budimex\/kim-jestesmy\/","og_locale":"pl_PL","og_type":"article","og_title":"Kim jeste\u015bmy","og_description":"Welcome to the Ferrovial's website, global operator of sustainable infrastructure. Here you can find all the information about the company and subsidiaries.","og_url":"https:\/\/www.ferrovial.com\/pl\/budimex\/kim-jestesmy\/","og_site_name":"Ferrovial","article_publisher":"https:\/\/www.facebook.com\/ferrovial","article_modified_time":"2020-04-21T21:55:06+00:00","twitter_card":"summary_large_image","twitter_site":"@ferrovial","twitter_misc":{"Est. reading time":"2 minutes"},"schema":{"@context":"https:\/\/schema.org","@graph":[{"@type":"WebPage","@id":"https:\/\/www.ferrovial.com\/pl\/budimex\/kim-jestesmy\/","url":"https:\/\/www.ferrovial.com\/pl\/budimex\/kim-jestesmy\/","name":"Kim jeste\u015bmy","isPartOf":{"@id":"https:\/\/www.ferrovial.com\/pl\/#website"},"datePublished":"2019-09-05T09:54:55+00:00","dateModified":"2020-04-21T21:55:06+00:00","description":"Welcome to the Ferrovial's website, global operator of sustainable infrastructure. Here you can find all the information about the company and subsidiaries.","breadcrumb":{"@id":"https:\/\/www.ferrovial.com\/pl\/budimex\/kim-jestesmy\/#breadcrumb"},"inLanguage":"pl","potentialAction":[{"@type":"ReadAction","target":["https:\/\/www.ferrovial.com\/pl\/budimex\/kim-jestesmy\/"]}]},{"@type":"BreadcrumbList","@id":"https:\/\/www.ferrovial.com\/pl\/budimex\/kim-jestesmy\/#breadcrumb","itemListElement":[{"@type":"ListItem","position":1,"name":"Portada","item":"https:\/\/www.ferrovial.com\/pl\/"},{"@type":"ListItem","position":2,"name":"Budimex","item":"https:\/\/www.ferrovial.com\/pl\/budimex\/"},{"@type":"ListItem","position":3,"name":"Kim jeste\u015bmy"}]},{"@type":"WebSite","@id":"https:\/\/www.ferrovial.com\/pl\/#website","url":"https:\/\/www.ferrovial.com\/pl\/","name":"Ferrovial","description":"Welcome to the Ferrovial&#039;s website, global operator of sustainable infrastructure. Here you can find all the information about the company and subsidiaries.","publisher":{"@id":"https:\/\/www.ferrovial.com\/pl\/#organization"},"potentialAction":[{"@type":"SearchAction","target":{"@type":"EntryPoint","urlTemplate":"https:\/\/www.ferrovial.com\/pl\/?s={search_term_string}"},"query-input":{"@type":"PropertyValueSpecification","valueRequired":true,"valueName":"search_term_string"}}],"inLanguage":"pl"},{"@type":"Organization","@id":"https:\/\/www.ferrovial.com\/pl\/#organization","name":"Ferrovial S.A.","url":"https:\/\/www.ferrovial.com\/pl\/","logo":{"@type":"ImageObject","inLanguage":"pl","@id":"https:\/\/www.ferrovial.com\/pl\/#\/schema\/logo\/image\/","url":"https:\/\/static.ferrovial.com\/wp-content\/uploads\/2020\/01\/13124948\/logo-ferrovial-cf7.png","contentUrl":"https:\/\/static.ferrovial.com\/wp-content\/uploads\/2020\/01\/13124948\/logo-ferrovial-cf7.png","width":144,"height":32,"caption":"Ferrovial S.A."},"image":{"@id":"https:\/\/www.ferrovial.com\/pl\/#\/schema\/logo\/image\/"},"sameAs":["https:\/\/www.facebook.com\/ferrovial","https:\/\/x.com\/ferrovial","https:\/\/www.instagram.com\/ferrovial\/","https:\/\/www.linkedin.com\/company\/ferrovial","https:\/\/www.pinterest.es\/ferrovial\/","https:\/\/www.youtube.com\/ferrovial","https:\/\/en.wikipedia.org\/wiki\/Ferrovial"]}]}},"_links":{"self":[{"href":"https:\/\/www.ferrovial.com\/pl\/wp-json\/wp\/v2\/pages\/123881","targetHints":{"allow":["GET"]}}],"collection":[{"href":"https:\/\/www.ferrovial.com\/pl\/wp-json\/wp\/v2\/pages"}],"about":[{"href":"https:\/\/www.ferrovial.com\/pl\/wp-json\/wp\/v2\/types\/page"}],"replies":[{"embeddable":true,"href":"https:\/\/www.ferrovial.com\/pl\/wp-json\/wp\/v2\/comments?post=123881"}],"version-history":[{"count":3,"href":"https:\/\/www.ferrovial.com\/pl\/wp-json\/wp\/v2\/pages\/123881\/revisions"}],"predecessor-version":[{"id":124075,"href":"https:\/\/www.ferrovial.com\/pl\/wp-json\/wp\/v2\/pages\/123881\/revisions\/124075"}],"up":[{"embeddable":true,"href":"https:\/\/www.ferrovial.com\/pl\/wp-json\/wp\/v2\/pages\/41358"}],"wp:attachment":[{"href":"https:\/\/www.ferrovial.com\/pl\/wp-json\/wp\/v2\/media?parent=123881"}],"curies":[{"name":"wp","href":"https:\/\/api.w.org\/{rel}","templated":true}]}}