{"id":141841,"date":"2019-09-05T13:04:33","date_gmt":"2019-09-05T11:04:33","guid":{"rendered":"https:\/\/www.ferrovial.com\/construction\/"},"modified":"2025-02-11T17:22:22","modified_gmt":"2025-02-11T16:22:22","slug":"construction","status":"publish","type":"page","link":"https:\/\/www.ferrovial.com\/pl\/construction\/","title":{"rendered":"Construction"},"content":{"rendered":"    <m-hero type='reduced' :translations='{\n        &quot;play&quot;:&quot;Odtw\u00f3rz wideo w tle&quot;,\n        &quot;pause&quot;:&quot;Wstrzymaj wideo w tle&quot;,\n        &quot;prev&quot;:&quot;Poprzedni&quot;,\n        &quot;next&quot;:&quot;Nast\u0119pny&quot;,\n        &quot;paginationseparator&quot;:&quot;z&quot;,\n        &quot;goto&quot;:&quot;Go to slide&quot;,\n        &quot;external&quot;:&quot;Otw\u00f3rz nowe okno&quot;\n    }'>\n            <c-breadcrumb label-text=\"Okruszki\" slot=\"breadcrumbs\" type='1' align='left left' wrap='wrapped wrapped'>\n                        <ol>\n\n                                                            <li><a href=\"https:\/\/www.ferrovial.com\/pl\/\" title=\"Ferrovial\">Ferrovial<\/a><\/li>\n                                    \n                <\/ol>\n\n                <\/c-breadcrumb>\n                            <div slot=\"carouselItem\">\n                            <c-background-image>\n                                <picture>\n                                                                            <source media=\"(max-width: 667px)\" srcset=\"https:\/\/static.ferrovial.com\/wp-content\/uploads\/2019\/12\/13140531\/construction-d4r7-bratislava-ferrovial-agroman-600x800.jpg\">\n                                                                                                                <source media=\"(max-width: 1023px)\" srcset=\"https:\/\/static.ferrovial.com\/wp-content\/uploads\/2019\/12\/13140531\/construction-d4r7-bratislava-ferrovial-agroman-1280x720.jpg\">\n                                    \n                                    <img decoding=\"async\" src=\"https:\/\/static.ferrovial.com\/wp-content\/uploads\/2019\/12\/13140531\/construction-d4r7-bratislava-ferrovial-agroman.jpg\" alt=\"\" style=\"object-position: center center;\">\n                                <\/picture>\n                            <\/c-background-image>\n                        <\/div>\n        <section slot=\"hero\">\n            <article>\n                                        <h1>\n                            Konstrukcja                        <\/h1>\n                                                <p>Symbol zast\u0119pczy opisu<\/p>\n                                    <\/article>\n        <\/section>\n    <\/m-hero>\n\n    \n\n    <m-introduction-subhome type='primary' pathfront='1' pathback='2' icon='construction'>\n        <img decoding=\"async\" class=\"dots hidden\" slot=\"bg\" src=\"https:\/\/www.ferrovial.com\/wp-content\/themes\/global\/front\/dist\/static\/img\/dots.svg\" alt=\"\" \/>\n                        <p slot=\"description\">\n                    Ponad 90 lat do\u015bwiadczenia w budownictwie i rozwoju innowacji. Ponad 50 kraj\u00f3w, w kt\u00f3rych realizowali\u015bmy nasze projekty, w tym autostrady, tunele, mosty i lotniska. R\u00f3\u017cnorodne us\u0142ugi \u015bwiadczone przez wyspecjalizowane oddzia\u0142y.                <\/p>\n                    <\/m-introduction-subhome>\n    \n\n    <m-cyphers-extended>\n                            <h2 slot=\"title\">\n                        Nacisk na doskona\u0142o\u015b\u0107 i innowacyjno\u015b\u0107                    <\/h2>\n                    \n                                            <div slot=\"cypher\">\n                                                        \n                                                            <div>\n                                    +<span >4678<\/span>km                                <\/div>\n                            \n                                                            <span>\n                                    Autostrady PPP                                 <\/span>\n                                                    <\/div>\n                    \n                    \n                                            <div slot=\"cypher\">\n                                                        \n                                                            <div>\n                                    +<span >5720<\/span>km                                <\/div>\n                            \n                                                            <span>\n                                    Nowe linie kolejowe                                 <\/span>\n                                                    <\/div>\n                    \n                    \n                                            <div slot=\"cypher\">\n                                                        \n                                                            <div>\n                                    <span >546<\/span>km                                <\/div>\n                            \n                                                            <span>\n                                    Wszelkiego rodzaju tunele                                 <\/span>\n                                                    <\/div>\n                    \n                                <\/m-cyphers-extended>\n    \n\n    <m-distributor-brands-basic>\n                        <h2 slot=\"label\">\n                    Nasze marki                <\/h2>\n                                <h3 slot=\"title\">\n                    Nasze marki budowlane                <\/h3>\n                                    <a slot='card'>\n                                                        <img src='https:\/\/static.ferrovial.com\/wp-content\/uploads\/2020\/05\/13124703\/fconstruction_principal_rgb.svg' alt='FCONSTRUCTION' \/>\n                                                        <p class=\"description\">\n                            Firma budowlana doceniana na ca\u0142ym \u015bwiecie za swoje projekty flagowe.                        <\/p>\n                                                        <p class=\"country\">\n                                    Przejd\u017a do strony Ferrovial Construction                                <\/p>\n                                                    <\/a>\n                                        <a slot='card' href='https:\/\/www.ferrovial.com\/en-us\/webber\/' target='_blank'>\n                                                        <img src='https:\/\/static.ferrovial.com\/wp-content\/uploads\/2019\/10\/13134001\/CNT-PRINCIPAL-WEBBER.svg' alt='Logo Webber' \/>\n                                                        <p class=\"description\">\n                            Wiod\u0105ca firma budowlana z siedzib\u0105 w USA.                        <\/p>\n                                                        <p class=\"country\">\n                                    Przejd\u017a do strony Webber                                <\/p>\n                                                    <\/a>\n                                        <a slot='card' href='https:\/\/www.ferrovial.com\/pl\/budimex\/' target='_blank'>\n                                                        <img src='https:\/\/static.ferrovial.com\/wp-content\/uploads\/2019\/10\/13134005\/CNT-PRINCIPAL-BUDIMEX.svg' alt='logo budimex' \/>\n                                                        <p class=\"description\">\n                            Jedna z najbardziej znanych w Polsce firm budowlano-us\u0142ugowych.                        <\/p>\n                                                        <p class=\"country\">\n                                    Przejd\u017a do strony Budimex                                <\/p>\n                                                    <\/a>\n                        <\/m-distributor-brands-basic>\n\n    \n\n    <m-distributor-brands-basic>\n                        <h3 slot=\"title\">\n                    Our specialized brands                <\/h3>\n                                <p slot=\"description\">\n                    Meet the Companies That Work in Specialized Construction Sectors                <\/p>\n                                    <a slot='card' href='https:\/\/www.ferrovial.com\/en\/ditecpesa\/ ' target='_blank'>\n                                                        <img src='https:\/\/static.ferrovial.com\/wp-content\/uploads\/2019\/10\/13134003\/CNT-PRINCIPAL-DITECPESA-AP.svg' alt='ditecpesa' \/>\n                                                        <p class=\"description\">\n                            Company dedicated to the development, manufacturing and marketing of asphalt products.                        <\/p>\n                                                        <p class=\"country\">\n                                    Go to Ditecpesa                                <\/p>\n                                                    <\/a>\n                                        <a slot='card' href='https:\/\/www.ferrovial.com\/en\/cadagua\/ ' target='_blank'>\n                                                        <img src='https:\/\/static.ferrovial.com\/wp-content\/uploads\/2019\/10\/13134004\/CNT-PRINCIPAL-CADAGUA.svg' alt='logotipo cadagua' \/>\n                                                        <p class=\"description\">\n                            Specialized in the design, construction and operation of water treatment plants.                        <\/p>\n                                                        <p class=\"country\">\n                                    Go to Cadagua                                <\/p>\n                                                    <\/a>\n                                        <a slot='card' href='https:\/\/www.ferrovial.com\/en\/edytesa\/' target='_blank'>\n                                                        <img src='https:\/\/static.ferrovial.com\/wp-content\/uploads\/2019\/10\/13134003\/CNT-PRINCIPAL-EDYTESA.svg' alt='edytesa' \/>\n                                                        <p class=\"description\">\n                            Specialized in sliding formwork and lifting displacement.                        <\/p>\n                                                        <p class=\"country\">\n                                    Go to Edytesa                                <\/p>\n                                                    <\/a>\n                                        <a slot='card' href='https:\/\/www.ferrovial.com\/en\/tecpresa\/' target='_blank'>\n                                                        <img src='https:\/\/static.ferrovial.com\/wp-content\/uploads\/2019\/10\/13134002\/CNT-PRINCIPAL-TECPRESA.svg' alt='logo tecpresa' \/>\n                                                        <p class=\"description\">\n                            Specialists in the design of constructive solutions for post-tensioning and tensioning.                        <\/p>\n                                                        <p class=\"country\">\n                                    Go to Tecpresa                                <\/p>\n                                                    <\/a>\n                                        <a slot='card' href='https:\/\/www.ferrovial.com\/en\/ferconsa\/' target='_blank'>\n                                                        <img src='https:\/\/static.ferrovial.com\/wp-content\/uploads\/2019\/12\/13140529\/logo_ferconsa_instalaciones_principal-149x64.png' alt='ferconsa instalaciones' \/>\n                                                        <p class=\"description\">\n                            A company that centralizes conservation and mantainance services.                        <\/p>\n                                                        <p class=\"country\">\n                                    Go to Ferconsa                                <\/p>\n                                                    <\/a>\n                        <\/m-distributor-brands-basic>\n\n    \n\n    <m-projects-distributor2 :translations='{\n        &quot;prev&quot;:&quot;Poprzedni&quot;,\n        &quot;next&quot;:&quot;Nast\u0119pny&quot;,\n        &quot;paginationseparator&quot;:&quot;z&quot;\n    }'>\n                        <h2 slot=\"title\">\n                Wyr\u00f3\u017cnione projekty                <\/h2>\n                        <a slot='button' title='Wi\u0119cej o naszych projektach' href='https:\/\/www.ferrovial.com\/pl\/construction\/'>\n            Wi\u0119cej o naszych projektach        <\/a>\n\n            <\/m-projects-distributor2>\n\n    \n\n    <m-annual-report :whitetext='false' :gutenberg='true'>\n                        <p slot=\"cta\">\n                    Key Figures in Construction From 2025                <\/p>\n                \n                        <c-button href='https:\/\/informeanualintegrado2025.ferrovial.com\/en\/' title='Access our Integrated Annual Report' slot='cta' disabled='false' type='ghost-positive-alt' target='_blank' rel='noopener' >\n                Access our Integrated Annual Report                <span class=\"sr-only\">Open in a new tab<\/span>\n                                <\/c-button>\n                \n        \n            <ul slot=\"cypher\">\n\n                                            <li>\n                                \n                                <div>\n                                    <span>\u20ac<\/span><span >7.7<\/span><span>B<\/span>\n                                <\/div>\n\n                                                                        <span>\n                                            Revenues                                        <\/span>\n                                                                    <\/li>\n                                                    <li>\n                                \n                                <div>\n                                    <span><\/span><span >18832<\/span><span><\/span>\n                                <\/div>\n\n                                                                        <span>\n                                            Employees                                        <\/span>\n                                                                    <\/li>\n                                                    <li>\n                                \n                                <div>\n                                    <span><\/span><span >4,6<\/span><span>%<\/span>\n                                <\/div>\n\n                                                                        <span>\n                                            adjusted EBIT margin                                        <\/span>\n                                                                    <\/li>\n                                                    <li>\n                                \n                                <div>\n                                    <span>\u20ac<\/span><span >17.4<\/span><span>B<\/span>\n                                <\/div>\n\n                                                                        <span>\n                                            Order Book                                        <\/span>\n                                                                    <\/li>\n                        \n            <\/ul>\n            <\/m-annual-report>\n\n    ","protected":false},"excerpt":{"rendered":"","protected":false},"featured_media":0,"parent":0,"menu_order":0,"comment_status":"closed","ping_status":"closed","template":"","meta":{"_acf_changed":false,"footnotes":""},"class_list":["post-141841","page","type-page","status-publish","hentry"],"acf":[],"yoast_head":"<!-- This site is optimized with the Yoast SEO plugin v27.2 - https:\/\/yoast.com\/product\/yoast-seo-wordpress\/ -->\n<title>Construction: design and construction of public works - Ferrovial<\/title>\n<meta name=\"description\" content=\"Since 1927, Ferrovial has been working on public works, building, and industrial construction projects all over the world. More than 780 projects successfully completed.\" \/>\n<meta name=\"robots\" content=\"index, follow, max-snippet:-1, max-image-preview:large, max-video-preview:-1\" \/>\n<link rel=\"canonical\" href=\"https:\/\/www.ferrovial.com\/pl\/construction\/\" \/>\n<meta property=\"og:locale\" content=\"pl_PL\" \/>\n<meta property=\"og:type\" content=\"article\" \/>\n<meta property=\"og:title\" content=\"Construction: design and construction of public works - Ferrovial\" \/>\n<meta property=\"og:description\" content=\"Since 1927, Ferrovial has been working on public works, building, and industrial construction projects all over the world. More than 780 projects successfully completed.\" \/>\n<meta property=\"og:url\" content=\"https:\/\/www.ferrovial.com\/pl\/construction\/\" \/>\n<meta property=\"og:site_name\" content=\"Ferrovial\" \/>\n<meta property=\"article:publisher\" content=\"https:\/\/www.facebook.com\/ferrovial\" \/>\n<meta property=\"article:modified_time\" content=\"2025-02-11T16:22:22+00:00\" \/>\n<meta property=\"og:image\" content=\"https:\/\/www.ferrovial.com\/wp-content\/themes\/global\/front\/dist\/static\/img\/dots.svg\" \/>\n<meta name=\"twitter:card\" content=\"summary_large_image\" \/>\n<meta name=\"twitter:site\" content=\"@ferrovial\" \/>\n<meta name=\"twitter:label1\" content=\"Est. reading time\" \/>\n\t<meta name=\"twitter:data1\" content=\"1 minute\" \/>\n<!-- \/ Yoast SEO plugin. -->","yoast_head_json":{"title":"Construction: design and construction of public works - Ferrovial","description":"Since 1927, Ferrovial has been working on public works, building, and industrial construction projects all over the world. More than 780 projects successfully completed.","robots":{"index":"index","follow":"follow","max-snippet":"max-snippet:-1","max-image-preview":"max-image-preview:large","max-video-preview":"max-video-preview:-1"},"canonical":"https:\/\/www.ferrovial.com\/pl\/construction\/","og_locale":"pl_PL","og_type":"article","og_title":"Construction: design and construction of public works - Ferrovial","og_description":"Since 1927, Ferrovial has been working on public works, building, and industrial construction projects all over the world. More than 780 projects successfully completed.","og_url":"https:\/\/www.ferrovial.com\/pl\/construction\/","og_site_name":"Ferrovial","article_publisher":"https:\/\/www.facebook.com\/ferrovial","article_modified_time":"2025-02-11T16:22:22+00:00","og_image":[{"url":"https:\/\/www.ferrovial.com\/wp-content\/themes\/global\/front\/dist\/static\/img\/dots.svg","type":"","width":"","height":""}],"twitter_card":"summary_large_image","twitter_site":"@ferrovial","twitter_misc":{"Est. reading time":"1 minute"},"schema":{"@context":"https:\/\/schema.org","@graph":[{"@type":"WebPage","@id":"https:\/\/www.ferrovial.com\/pl\/construction\/","url":"https:\/\/www.ferrovial.com\/pl\/construction\/","name":"Construction: design and construction of public works - Ferrovial","isPartOf":{"@id":"https:\/\/www.ferrovial.com\/pl\/#website"},"primaryImageOfPage":{"@id":"https:\/\/www.ferrovial.com\/pl\/construction\/#primaryimage"},"image":{"@id":"https:\/\/www.ferrovial.com\/pl\/construction\/#primaryimage"},"thumbnailUrl":"https:\/\/www.ferrovial.com\/wp-content\/themes\/global\/front\/dist\/static\/img\/dots.svg","datePublished":"2019-09-05T11:04:33+00:00","dateModified":"2025-02-11T16:22:22+00:00","description":"Since 1927, Ferrovial has been working on public works, building, and industrial construction projects all over the world. More than 780 projects successfully completed.","breadcrumb":{"@id":"https:\/\/www.ferrovial.com\/pl\/construction\/#breadcrumb"},"inLanguage":"pl","potentialAction":[{"@type":"ReadAction","target":["https:\/\/www.ferrovial.com\/pl\/construction\/"]}]},{"@type":"ImageObject","inLanguage":"pl","@id":"https:\/\/www.ferrovial.com\/pl\/construction\/#primaryimage","url":"https:\/\/www.ferrovial.com\/wp-content\/themes\/global\/front\/dist\/static\/img\/dots.svg","contentUrl":"https:\/\/www.ferrovial.com\/wp-content\/themes\/global\/front\/dist\/static\/img\/dots.svg"},{"@type":"BreadcrumbList","@id":"https:\/\/www.ferrovial.com\/pl\/construction\/#breadcrumb","itemListElement":[{"@type":"ListItem","position":1,"name":"Portada","item":"https:\/\/www.ferrovial.com\/pl\/"},{"@type":"ListItem","position":2,"name":"Construction"}]},{"@type":"WebSite","@id":"https:\/\/www.ferrovial.com\/pl\/#website","url":"https:\/\/www.ferrovial.com\/pl\/","name":"Ferrovial","description":"Welcome to the Ferrovial&#039;s website, global operator of sustainable infrastructure. Here you can find all the information about the company and subsidiaries.","publisher":{"@id":"https:\/\/www.ferrovial.com\/pl\/#organization"},"potentialAction":[{"@type":"SearchAction","target":{"@type":"EntryPoint","urlTemplate":"https:\/\/www.ferrovial.com\/pl\/?s={search_term_string}"},"query-input":{"@type":"PropertyValueSpecification","valueRequired":true,"valueName":"search_term_string"}}],"inLanguage":"pl"},{"@type":"Organization","@id":"https:\/\/www.ferrovial.com\/pl\/#organization","name":"Ferrovial S.A.","url":"https:\/\/www.ferrovial.com\/pl\/","logo":{"@type":"ImageObject","inLanguage":"pl","@id":"https:\/\/www.ferrovial.com\/pl\/#\/schema\/logo\/image\/","url":"https:\/\/static.ferrovial.com\/wp-content\/uploads\/2020\/01\/13124948\/logo-ferrovial-cf7.png","contentUrl":"https:\/\/static.ferrovial.com\/wp-content\/uploads\/2020\/01\/13124948\/logo-ferrovial-cf7.png","width":144,"height":32,"caption":"Ferrovial S.A."},"image":{"@id":"https:\/\/www.ferrovial.com\/pl\/#\/schema\/logo\/image\/"},"sameAs":["https:\/\/www.facebook.com\/ferrovial","https:\/\/x.com\/ferrovial","https:\/\/www.instagram.com\/ferrovial\/","https:\/\/www.linkedin.com\/company\/ferrovial","https:\/\/www.pinterest.es\/ferrovial\/","https:\/\/www.youtube.com\/ferrovial","https:\/\/en.wikipedia.org\/wiki\/Ferrovial"]}]}},"_links":{"self":[{"href":"https:\/\/www.ferrovial.com\/pl\/wp-json\/wp\/v2\/pages\/141841","targetHints":{"allow":["GET"]}}],"collection":[{"href":"https:\/\/www.ferrovial.com\/pl\/wp-json\/wp\/v2\/pages"}],"about":[{"href":"https:\/\/www.ferrovial.com\/pl\/wp-json\/wp\/v2\/types\/page"}],"replies":[{"embeddable":true,"href":"https:\/\/www.ferrovial.com\/pl\/wp-json\/wp\/v2\/comments?post=141841"}],"version-history":[{"count":3,"href":"https:\/\/www.ferrovial.com\/pl\/wp-json\/wp\/v2\/pages\/141841\/revisions"}],"predecessor-version":[{"id":299518,"href":"https:\/\/www.ferrovial.com\/pl\/wp-json\/wp\/v2\/pages\/141841\/revisions\/299518"}],"wp:attachment":[{"href":"https:\/\/www.ferrovial.com\/pl\/wp-json\/wp\/v2\/media?parent=141841"}],"curies":[{"name":"wp","href":"https:\/\/api.w.org\/{rel}","templated":true}]}}