{"id":193218,"date":"2020-01-20T18:58:11","date_gmt":"2020-01-20T17:58:11","guid":{"rendered":"https:\/\/www.ferrovial.com\/what-are-managed-lanes\/"},"modified":"2021-09-02T15:24:49","modified_gmt":"2021-09-02T13:24:49","slug":"what-are-managed-lanes","status":"publish","type":"page","link":"https:\/\/www.ferrovial.com\/pl\/what-are-managed-lanes\/","title":{"rendered":"What are Managed Lanes?"},"content":{"rendered":"    <m-final-content-header >\n            <c-breadcrumb label-text=\"Okruszki\" slot=\"breadcrumbs\" type='2' align='left' wrap='wrapped wrapped' aria-label='Adres, z\u00a0kt\u00f3rego nast\u0105pi\u0142o przekierowanie to Resources'>\n                        <ol>\n\n                                                            <li><a href=\"https:\/\/www.ferrovial.com\/pl\/\" title=\"Ferrovial\">Ferrovial<\/a><\/li>\n                                                                        <li><a href=\"https:\/\/www.ferrovial.com\/en\/resources\/\" title=\"Resources\">Resources<\/a><\/li>\n                                    \n                <\/ol>\n\n                <\/c-breadcrumb>\n    \n        <div slot=\"header\">\n            <h1>\n                What are Managed Lanes?            <\/h1>\n                    <\/div>\n    <\/m-final-content-header>\n\n    \n\n\n<p><script type=\"application\/ld+json\">\n{\n  \"@context\": \"https:\/\/schema.org\",\n  \"@type\": \"FAQPage\",\n  \"mainEntity\": [{\n    \"@type\": \"Question\",\n    \"name\": \"What are Managed Lanes?\",\n    \"acceptedAnswer\": {\n      \"@type\": \"Answer\",\n      \"text\": \"Managed lanes are a necessary motor vehicle solution for urban corridors congested with high-intensity traffic.\"\n    }\n  },{\n    \"@type\": \"Question\",\n    \"name\": \"How do Managed Lanes work?\",\n    \"acceptedAnswer\": {\n      \"@type\": \"Answer\",\n      \"text\": \"Managed Lanes use a vehicle identification technology known as fingerprinting that allows identification by license plate of the vehicles that enter from their marked entrances. Drivers do not have to stop to pay at a tollbooth or brake during the trip, again saving energy.\"\n    }\n  }]\n}\n<\/script><\/p>\n\n\n\n<m-wysiwig class=\"wp-block-components-wysiwyg\"><div slot=\"maincontent\">\n<p>Managed lanes are a necessary motor vehicle solution for urban corridors congested with high-intensity traffic.<\/p>\n\n\n\n<p>In some parts of the world, especially in the United States, the presence of motor vehicles is such that new services and solutions are required to help improve their fluidity and reduce transit times.<\/p>\n\n\n\n<p>This type of fast route allows some of the traffic to access additional paid lanes and maintain higher speeds, even during peak transit times. Furthermore, opening these lanes prevents some of the traffic jams that require vehicles to brake and accelerate over long distances, also reducing motor vehicles\u2019 CO<sub>2<\/sub> and NO<sub>x<\/sub> emissions.<\/p>\n\n\n\n<h2 class=\"wp-block-heading\"><strong>How do Managed Lanes work?&nbsp;<\/strong><\/h2>\n\n\n\n<p>Managed Lanes use a vehicle identification technology known as <em>fingerprinting <\/em>that allows <strong>identification by license plate of the vehicles that enter<\/strong> from their marked entrances. Drivers do not have to stop to pay at a tollbooth or brake during the trip, again saving energy.<\/p>\n\n\n\n<p>Payment is made using a mobile phone application. Before accessing the Managed Lane, the driver may check the prices\u2014which vary in real time to adjust to demand thanks to tools like the <em>Dynamic Toll Setting Module<\/em>\u2014and choose whether or not they are interested in taking the fast lane.<\/p>\n\n\n\n<p>Even drivers who do not use these priority lanes benefit from them, since <strong>they relieve traffic on the main road and reduce stress related to driving in traffic jams<\/strong>. This technology incorporates cameras and traffic sensors. It keeps prices up-to-date and allows the average speed in the Managed Lane to stay close to 75 mph (120 km\/h) at all times or for it not to drop below 50 mph (80 km\/h). This technology is called <em>Toll Flow<\/em>.<\/p>\n\n\n\n<p>Highways where this use has already been demonstrated include the LBJ highway (27 km) in Texas, the NTE (21.4 km) and NTE 35W (16.4) highways in Dallas, I-77 (41.8 km) in North Carolina and I-66 (35) km in Virginia. All of them are designed, constructed and managed by Cintra, a subsidiary of Ferrovial.<\/p>\n<\/div><\/m-wysiwig>\n","protected":false},"excerpt":{"rendered":"","protected":false},"featured_media":0,"parent":0,"menu_order":0,"comment_status":"closed","ping_status":"closed","template":"","meta":{"_acf_changed":false,"footnotes":""},"class_list":["post-193218","page","type-page","status-publish","hentry"],"acf":[],"yoast_head":"<!-- This site is optimized with the Yoast SEO plugin v27.2 - https:\/\/yoast.com\/product\/yoast-seo-wordpress\/ -->\n<title>What are Managed Lanes? - Ferrovial<\/title>\n<meta name=\"description\" content=\"Welcome to the Ferrovial&#039;s website, global operator of sustainable infrastructure. Here you can find all the information about the company and subsidiaries.\" \/>\n<meta name=\"robots\" content=\"index, follow, max-snippet:-1, max-image-preview:large, max-video-preview:-1\" \/>\n<link rel=\"canonical\" href=\"https:\/\/www.ferrovial.com\/pl\/what-are-managed-lanes\/\" \/>\n<meta property=\"og:locale\" content=\"pl_PL\" \/>\n<meta property=\"og:type\" content=\"article\" \/>\n<meta property=\"og:title\" content=\"What are Managed Lanes? - Ferrovial\" \/>\n<meta property=\"og:description\" content=\"Welcome to the Ferrovial&#039;s website, global operator of sustainable infrastructure. Here you can find all the information about the company and subsidiaries.\" \/>\n<meta property=\"og:url\" content=\"https:\/\/www.ferrovial.com\/pl\/what-are-managed-lanes\/\" \/>\n<meta property=\"og:site_name\" content=\"Ferrovial\" \/>\n<meta property=\"article:publisher\" content=\"https:\/\/www.facebook.com\/ferrovial\" \/>\n<meta property=\"article:modified_time\" content=\"2021-09-02T13:24:49+00:00\" \/>\n<meta name=\"twitter:card\" content=\"summary_large_image\" \/>\n<meta name=\"twitter:site\" content=\"@ferrovial\" \/>\n<meta name=\"twitter:label1\" content=\"Est. reading time\" \/>\n\t<meta name=\"twitter:data1\" content=\"2 minutes\" \/>\n<!-- \/ Yoast SEO plugin. -->","yoast_head_json":{"title":"What are Managed Lanes? - Ferrovial","description":"Welcome to the Ferrovial's website, global operator of sustainable infrastructure. Here you can find all the information about the company and subsidiaries.","robots":{"index":"index","follow":"follow","max-snippet":"max-snippet:-1","max-image-preview":"max-image-preview:large","max-video-preview":"max-video-preview:-1"},"canonical":"https:\/\/www.ferrovial.com\/pl\/what-are-managed-lanes\/","og_locale":"pl_PL","og_type":"article","og_title":"What are Managed Lanes? - Ferrovial","og_description":"Welcome to the Ferrovial's website, global operator of sustainable infrastructure. Here you can find all the information about the company and subsidiaries.","og_url":"https:\/\/www.ferrovial.com\/pl\/what-are-managed-lanes\/","og_site_name":"Ferrovial","article_publisher":"https:\/\/www.facebook.com\/ferrovial","article_modified_time":"2021-09-02T13:24:49+00:00","twitter_card":"summary_large_image","twitter_site":"@ferrovial","twitter_misc":{"Est. reading time":"2 minutes"},"schema":{"@context":"https:\/\/schema.org","@graph":[{"@type":"WebPage","@id":"https:\/\/www.ferrovial.com\/pl\/what-are-managed-lanes\/","url":"https:\/\/www.ferrovial.com\/pl\/what-are-managed-lanes\/","name":"What are Managed Lanes? - Ferrovial","isPartOf":{"@id":"https:\/\/www.ferrovial.com\/pl\/#website"},"datePublished":"2020-01-20T17:58:11+00:00","dateModified":"2021-09-02T13:24:49+00:00","description":"Welcome to the Ferrovial's website, global operator of sustainable infrastructure. Here you can find all the information about the company and subsidiaries.","breadcrumb":{"@id":"https:\/\/www.ferrovial.com\/pl\/what-are-managed-lanes\/#breadcrumb"},"inLanguage":"pl","potentialAction":[{"@type":"ReadAction","target":["https:\/\/www.ferrovial.com\/pl\/what-are-managed-lanes\/"]}]},{"@type":"BreadcrumbList","@id":"https:\/\/www.ferrovial.com\/pl\/what-are-managed-lanes\/#breadcrumb","itemListElement":[{"@type":"ListItem","position":1,"name":"Portada","item":"https:\/\/www.ferrovial.com\/pl\/"},{"@type":"ListItem","position":2,"name":"What are Managed Lanes?"}]},{"@type":"WebSite","@id":"https:\/\/www.ferrovial.com\/pl\/#website","url":"https:\/\/www.ferrovial.com\/pl\/","name":"Ferrovial","description":"Welcome to the Ferrovial&#039;s website, global operator of sustainable infrastructure. Here you can find all the information about the company and subsidiaries.","publisher":{"@id":"https:\/\/www.ferrovial.com\/pl\/#organization"},"potentialAction":[{"@type":"SearchAction","target":{"@type":"EntryPoint","urlTemplate":"https:\/\/www.ferrovial.com\/pl\/?s={search_term_string}"},"query-input":{"@type":"PropertyValueSpecification","valueRequired":true,"valueName":"search_term_string"}}],"inLanguage":"pl"},{"@type":"Organization","@id":"https:\/\/www.ferrovial.com\/pl\/#organization","name":"Ferrovial S.A.","url":"https:\/\/www.ferrovial.com\/pl\/","logo":{"@type":"ImageObject","inLanguage":"pl","@id":"https:\/\/www.ferrovial.com\/pl\/#\/schema\/logo\/image\/","url":"https:\/\/static.ferrovial.com\/wp-content\/uploads\/2020\/01\/13124948\/logo-ferrovial-cf7.png","contentUrl":"https:\/\/static.ferrovial.com\/wp-content\/uploads\/2020\/01\/13124948\/logo-ferrovial-cf7.png","width":144,"height":32,"caption":"Ferrovial S.A."},"image":{"@id":"https:\/\/www.ferrovial.com\/pl\/#\/schema\/logo\/image\/"},"sameAs":["https:\/\/www.facebook.com\/ferrovial","https:\/\/x.com\/ferrovial","https:\/\/www.instagram.com\/ferrovial\/","https:\/\/www.linkedin.com\/company\/ferrovial","https:\/\/www.pinterest.es\/ferrovial\/","https:\/\/www.youtube.com\/ferrovial","https:\/\/en.wikipedia.org\/wiki\/Ferrovial"]}]}},"_links":{"self":[{"href":"https:\/\/www.ferrovial.com\/pl\/wp-json\/wp\/v2\/pages\/193218","targetHints":{"allow":["GET"]}}],"collection":[{"href":"https:\/\/www.ferrovial.com\/pl\/wp-json\/wp\/v2\/pages"}],"about":[{"href":"https:\/\/www.ferrovial.com\/pl\/wp-json\/wp\/v2\/types\/page"}],"replies":[{"embeddable":true,"href":"https:\/\/www.ferrovial.com\/pl\/wp-json\/wp\/v2\/comments?post=193218"}],"version-history":[{"count":1,"href":"https:\/\/www.ferrovial.com\/pl\/wp-json\/wp\/v2\/pages\/193218\/revisions"}],"predecessor-version":[{"id":200703,"href":"https:\/\/www.ferrovial.com\/pl\/wp-json\/wp\/v2\/pages\/193218\/revisions\/200703"}],"wp:attachment":[{"href":"https:\/\/www.ferrovial.com\/pl\/wp-json\/wp\/v2\/media?parent=193218"}],"curies":[{"name":"wp","href":"https:\/\/api.w.org\/{rel}","templated":true}]}}