{"id":195064,"date":"2021-05-25T12:52:26","date_gmt":"2021-05-25T10:52:26","guid":{"rendered":"https:\/\/www.ferrovial.com\/?page_id=195064"},"modified":"2026-01-04T17:50:58","modified_gmt":"2026-01-04T16:50:58","slug":"law-on-climate-change-and-energy-transition","status":"publish","type":"page","link":"https:\/\/www.ferrovial.com\/pl\/law-on-climate-change-and-energy-transition\/","title":{"rendered":"Law on Climate Change and Energy Transition"},"content":{"rendered":"    <m-final-content-header >\n            <c-breadcrumb label-text=\"Okruszki\" slot=\"breadcrumbs\" type='2' align='left' wrap='wrapped wrapped' aria-label='Adres, z\u00a0kt\u00f3rego nast\u0105pi\u0142o przekierowanie to Resources'>\n                        <ol>\n\n                                                            <li><a href=\"https:\/\/www.ferrovial.com\/pl\/\" title=\"Ferrovial\">Ferrovial<\/a><\/li>\n                                                                        <li><a href=\"https:\/\/www.ferrovial.com\/en\/resources\/\" title=\"Resources\">Resources<\/a><\/li>\n                                    \n                <\/ol>\n\n                <\/c-breadcrumb>\n    \n        <div slot=\"header\">\n            <h1>\n                Law on Climate Change and Energy Transition            <\/h1>\n                    <\/div>\n    <\/m-final-content-header>\n\n    \n\n\n<p><script type=\"application\/ld+json\">\n{\n  \"@context\": \"https:\/\/schema.org\",\n  \"@type\": \"FAQPage\",\n  \"mainEntity\": [{\n    \"@type\": \"Question\",\n    \"name\": \"What is climate change?\",\n    \"acceptedAnswer\": {\n      \"@type\": \"Answer\",\n      \"text\": \"Climate change is simply a change in the climate. The current change is anthropogenic, which means that the origin of global warming is human activities. Specifically, the release of greenhouse gases (GHG) over several centuries is increasing the temperature of the atmosphere and the ocean.\"\n    }\n  },{\n    \"@type\": \"Question\",\n    \"name\": \"What is the Energy Transition?\",\n    \"acceptedAnswer\": {\n      \"@type\": \"Answer\",\n      \"text\": \"The energy transition is a necessary step in decarbonizing the economy. It entails both creating and consuming energy. The focus tends to be on swapping out power plants and thermal mobilities for solutions like renewable or low-emission sources and electrification, though it is much more than this.\n\nThis transition is a period of adaptation from an economy that depends on fossil fuels to one without a carbon footprint. It also includes efficiency improvements with smart grids, more sustainable use of renewable resources, and changes in people\u2019s habits.\"\n    }\n  },{\n    \"@type\": \"Question\",\n    \"name\": \"What Spain\u2019s Law on Climate Change and Energy Transition will be\",\n    \"acceptedAnswer\": {\n      \"@type\": \"Answer\",\n      \"text\": \"The end of hydrocarbons and uranium\nMore renewables and less thermal generation\nMobility\nProtecting biodiversity\nThe role played by companies and societies\nClimate education\"\n    }\n  }]\n}\n<\/script><\/p>\n\n\n\n<m-wysiwig class=\"wp-block-components-wysiwyg\"><div slot=\"maincontent\">\n<p>Following years of work, the <a href=\"https:\/\/www.miteco.gob.es\/es\/ministerio\/proyecto-de-ley-de-cambio-climatico-y-transicion-energetica.aspx\" target=\"_blank\" aria-label=\" (opens in a new tab)\" rel=\"noreferrer noopener\" class=\"ek-link\">Law on Climate Change and Energy Transition<\/a> will be approved in 2021. Some of its goals include <strong>reducing greenhouse gas<\/strong> (GHG) emissions 23% by 2030, compared to 1990 levels. It will also promote renewable energies, emission-free mobility, the end of using hydrocarbons, environmental education, and the protection of biodiversity. Why is this law important?<\/p>\n\n\n\n<h2 class=\"wp-block-heading\">What is climate change?<\/h2>\n\n\n\n<p>Climate change is simply a <a href=\"http:\/\/unfccc.int\/portal_espanol\/informacion_basica\/la_convencion\/items\/6196.php\" target=\"_blank\" aria-label=\" (opens in a new tab)\" rel=\"noreferrer noopener\" class=\"ek-link\">change in the climate<\/a>. The current change is anthropogenic, which means that <strong>the origin of global warming is human activities<\/strong>. Specifically, the release of greenhouse gases (GHG) over several centuries is increasing the temperature of the atmosphere and the ocean.<\/p>\n\n\n\n<p>The accumulation of pollutants and rising temperatures is harmful to health, and it impacts the biosphere, its ecology, and biodiversity. To name a few issues, it increases the ocean&#8217;s acidity, causes biomes to shift, and significantly reduces ecosystem complexity, making the biosphere more vulnerable to future events.<\/p>\n\n\n\n<h2 class=\"wp-block-heading\">What is the Energy Transition?<\/h2>\n\n\n\n<p>The <strong>energy transition<\/strong> is a necessary step in decarbonizing the economy. It entails both creating and consuming energy. The focus tends to be on swapping out power plants and thermal mobilities for solutions like renewable or low-emission sources and electrification, though it is much more than this.<\/p>\n\n\n\n<p>This transition is a <strong>period of adaptation<\/strong> from an economy that depends on fossil fuels to one without a carbon footprint. It also includes efficiency improvements with smart grids, more sustainable use of renewable resources, and changes in people&#8217;s habits.<\/p>\n\n\n\n<h2 class=\"wp-block-heading\">What Spain&#8217;s Law on Climate Change and Energy Transition will be<\/h2>\n\n\n\n<p>The new Law on Climate Change and Energy Transition targets decarbonization as its main objective, but it also has environmental sustainability goals in other fields over the long term. These are some of its key ideas:<\/p>\n\n\n\n<ul class=\"wp-block-list\">\n<li><strong>The end of hydrocarbons and uranium<\/strong>. Soon, it won&#8217;t be possible to open new hydrocarbon extraction operations in Spain, either on land or at sea. This includes <em>fracking<\/em>. New uranium surveys won&#8217;t be started, either. The existing ones have deadlines of December 31, 2042.<\/li>\n\n\n\n<li><strong>More renewables and less thermal generation<\/strong>. To reach the goal of 100% renewable energy by 2050, it should be at 74% by 2030. At the end of 2020, 43.6% of all the energy generated was already renewable, according to REE, but that was not the case for energy consumed. Every 1% achieved becomes a little more complicated than the last, making this a long-term challenge.<\/li>\n\n\n\n<li><strong>Mobility: less gases in the atmosphere<\/strong>. Cities with 50,000 inhabitants must establish Low Emission Zones by 2023. They must also promote shared mobility and mass public transportation, commit to the electrification of fleets, and move traffic away from schools and health centers.<\/li>\n\n\n\n<li><strong>Protecting biodiversity<\/strong>. It has long been known that people&#8217;s health depends on the biosphere and its biodiversity. Protecting the environment is an essential part of a climate law. That is why the conservation and restoration of ecosystems and species that are particularly vulnerable to climate change or anthropization will be encouraged.<\/li>\n\n\n\n<li><strong>The role played by companies and societies<\/strong>. Measuring environmental impacts will now be mandatory for large companies. They must submit annual reports on the risks that their activity may present to stay in compliance with the transition law. That way, challenges can be anticipated as we move forward.<\/li>\n\n\n\n<li><strong>Climate education<\/strong>. The law also involves including climate education as part of the school curriculum in the educational system. Environmental education is one of the basic pillars that have helped reach historic milestones such as these proposals, so it is essential for future generations to stay informed.<\/li>\n<\/ul>\n<\/div><\/m-wysiwig>\n\n\n\n<p><\/p>\n","protected":false},"excerpt":{"rendered":"","protected":false},"featured_media":0,"parent":0,"menu_order":0,"comment_status":"closed","ping_status":"closed","template":"","meta":{"_acf_changed":false,"footnotes":""},"class_list":["post-195064","page","type-page","status-publish","hentry"],"acf":[],"yoast_head":"<!-- This site is optimized with the Yoast SEO plugin v27.2 - https:\/\/yoast.com\/product\/yoast-seo-wordpress\/ -->\n<title>Law on Climate Change and Energy Transition - Ferrovial<\/title>\n<meta name=\"description\" content=\"Welcome to the Ferrovial&#039;s website, global operator of sustainable infrastructure. Here you can find all the information about the company and subsidiaries.\" \/>\n<meta name=\"robots\" content=\"index, follow, max-snippet:-1, max-image-preview:large, max-video-preview:-1\" \/>\n<link rel=\"canonical\" href=\"https:\/\/www.ferrovial.com\/pl\/law-on-climate-change-and-energy-transition\/\" \/>\n<meta property=\"og:locale\" content=\"pl_PL\" \/>\n<meta property=\"og:type\" content=\"article\" \/>\n<meta property=\"og:title\" content=\"Law on Climate Change and Energy Transition - Ferrovial\" \/>\n<meta property=\"og:description\" content=\"Welcome to the Ferrovial&#039;s website, global operator of sustainable infrastructure. Here you can find all the information about the company and subsidiaries.\" \/>\n<meta property=\"og:url\" content=\"https:\/\/www.ferrovial.com\/pl\/law-on-climate-change-and-energy-transition\/\" \/>\n<meta property=\"og:site_name\" content=\"Ferrovial\" \/>\n<meta property=\"article:publisher\" content=\"https:\/\/www.facebook.com\/ferrovial\" \/>\n<meta property=\"article:modified_time\" content=\"2026-01-04T16:50:58+00:00\" \/>\n<meta name=\"twitter:card\" content=\"summary_large_image\" \/>\n<meta name=\"twitter:site\" content=\"@ferrovial\" \/>\n<meta name=\"twitter:label1\" content=\"Est. reading time\" \/>\n\t<meta name=\"twitter:data1\" content=\"4 minutes\" \/>\n<!-- \/ Yoast SEO plugin. -->","yoast_head_json":{"title":"Law on Climate Change and Energy Transition - Ferrovial","description":"Welcome to the Ferrovial's website, global operator of sustainable infrastructure. Here you can find all the information about the company and subsidiaries.","robots":{"index":"index","follow":"follow","max-snippet":"max-snippet:-1","max-image-preview":"max-image-preview:large","max-video-preview":"max-video-preview:-1"},"canonical":"https:\/\/www.ferrovial.com\/pl\/law-on-climate-change-and-energy-transition\/","og_locale":"pl_PL","og_type":"article","og_title":"Law on Climate Change and Energy Transition - Ferrovial","og_description":"Welcome to the Ferrovial's website, global operator of sustainable infrastructure. Here you can find all the information about the company and subsidiaries.","og_url":"https:\/\/www.ferrovial.com\/pl\/law-on-climate-change-and-energy-transition\/","og_site_name":"Ferrovial","article_publisher":"https:\/\/www.facebook.com\/ferrovial","article_modified_time":"2026-01-04T16:50:58+00:00","twitter_card":"summary_large_image","twitter_site":"@ferrovial","twitter_misc":{"Est. reading time":"4 minutes"},"schema":{"@context":"https:\/\/schema.org","@graph":[{"@type":"WebPage","@id":"https:\/\/www.ferrovial.com\/pl\/law-on-climate-change-and-energy-transition\/","url":"https:\/\/www.ferrovial.com\/pl\/law-on-climate-change-and-energy-transition\/","name":"Law on Climate Change and Energy Transition - Ferrovial","isPartOf":{"@id":"https:\/\/www.ferrovial.com\/pl\/#website"},"datePublished":"2021-05-25T10:52:26+00:00","dateModified":"2026-01-04T16:50:58+00:00","description":"Welcome to the Ferrovial's website, global operator of sustainable infrastructure. Here you can find all the information about the company and subsidiaries.","breadcrumb":{"@id":"https:\/\/www.ferrovial.com\/pl\/law-on-climate-change-and-energy-transition\/#breadcrumb"},"inLanguage":"pl","potentialAction":[{"@type":"ReadAction","target":["https:\/\/www.ferrovial.com\/pl\/law-on-climate-change-and-energy-transition\/"]}]},{"@type":"BreadcrumbList","@id":"https:\/\/www.ferrovial.com\/pl\/law-on-climate-change-and-energy-transition\/#breadcrumb","itemListElement":[{"@type":"ListItem","position":1,"name":"Portada","item":"https:\/\/www.ferrovial.com\/pl\/"},{"@type":"ListItem","position":2,"name":"Law on Climate Change and Energy Transition"}]},{"@type":"WebSite","@id":"https:\/\/www.ferrovial.com\/pl\/#website","url":"https:\/\/www.ferrovial.com\/pl\/","name":"Ferrovial","description":"Welcome to the Ferrovial&#039;s website, global operator of sustainable infrastructure. Here you can find all the information about the company and subsidiaries.","publisher":{"@id":"https:\/\/www.ferrovial.com\/pl\/#organization"},"potentialAction":[{"@type":"SearchAction","target":{"@type":"EntryPoint","urlTemplate":"https:\/\/www.ferrovial.com\/pl\/?s={search_term_string}"},"query-input":{"@type":"PropertyValueSpecification","valueRequired":true,"valueName":"search_term_string"}}],"inLanguage":"pl"},{"@type":"Organization","@id":"https:\/\/www.ferrovial.com\/pl\/#organization","name":"Ferrovial S.A.","url":"https:\/\/www.ferrovial.com\/pl\/","logo":{"@type":"ImageObject","inLanguage":"pl","@id":"https:\/\/www.ferrovial.com\/pl\/#\/schema\/logo\/image\/","url":"https:\/\/static.ferrovial.com\/wp-content\/uploads\/2020\/01\/13124948\/logo-ferrovial-cf7.png","contentUrl":"https:\/\/static.ferrovial.com\/wp-content\/uploads\/2020\/01\/13124948\/logo-ferrovial-cf7.png","width":144,"height":32,"caption":"Ferrovial S.A."},"image":{"@id":"https:\/\/www.ferrovial.com\/pl\/#\/schema\/logo\/image\/"},"sameAs":["https:\/\/www.facebook.com\/ferrovial","https:\/\/x.com\/ferrovial","https:\/\/www.instagram.com\/ferrovial\/","https:\/\/www.linkedin.com\/company\/ferrovial","https:\/\/www.pinterest.es\/ferrovial\/","https:\/\/www.youtube.com\/ferrovial","https:\/\/en.wikipedia.org\/wiki\/Ferrovial"]}]}},"_links":{"self":[{"href":"https:\/\/www.ferrovial.com\/pl\/wp-json\/wp\/v2\/pages\/195064","targetHints":{"allow":["GET"]}}],"collection":[{"href":"https:\/\/www.ferrovial.com\/pl\/wp-json\/wp\/v2\/pages"}],"about":[{"href":"https:\/\/www.ferrovial.com\/pl\/wp-json\/wp\/v2\/types\/page"}],"replies":[{"embeddable":true,"href":"https:\/\/www.ferrovial.com\/pl\/wp-json\/wp\/v2\/comments?post=195064"}],"version-history":[{"count":3,"href":"https:\/\/www.ferrovial.com\/pl\/wp-json\/wp\/v2\/pages\/195064\/revisions"}],"predecessor-version":[{"id":321287,"href":"https:\/\/www.ferrovial.com\/pl\/wp-json\/wp\/v2\/pages\/195064\/revisions\/321287"}],"wp:attachment":[{"href":"https:\/\/www.ferrovial.com\/pl\/wp-json\/wp\/v2\/media?parent=195064"}],"curies":[{"name":"wp","href":"https:\/\/api.w.org\/{rel}","templated":true}]}}