{"id":195107,"date":"2021-05-26T09:44:35","date_gmt":"2021-05-26T07:44:35","guid":{"rendered":"https:\/\/www.ferrovial.com\/?page_id=195107"},"modified":"2025-06-25T18:42:01","modified_gmt":"2025-06-25T16:42:01","slug":"sustainability","status":"publish","type":"page","link":"https:\/\/www.ferrovial.com\/pl\/sustainability\/","title":{"rendered":"Sustainability"},"content":{"rendered":"    <m-final-content-header >\n            <c-breadcrumb label-text=\"Okruszki\" slot=\"breadcrumbs\" type='2' align='left' wrap='wrapped wrapped' aria-label='Adres, z\u00a0kt\u00f3rego nast\u0105pi\u0142o przekierowanie to Resources'>\n                        <ol>\n\n                                                            <li><a href=\"https:\/\/www.ferrovial.com\/pl\/\" title=\"Ferrovial\">Ferrovial<\/a><\/li>\n                                                                        <li><a href=\"https:\/\/www.ferrovial.com\/en\/resources\/\" title=\"Resources\">Resources<\/a><\/li>\n                                    \n                <\/ol>\n\n                <\/c-breadcrumb>\n    \n        <div slot=\"header\">\n            <h1>\n                Sustainability            <\/h1>\n                    <\/div>\n    <\/m-final-content-header>\n\n    \n\n\n<p><script type=\"application\/ld+json\">\n{\n  \"@context\": \"https:\/\/schema.org\",\n  \"@type\": \"FAQPage\",\n  \"mainEntity\": [{\n    \"@type\": \"Question\",\n    \"name\": \"What is sustainability?\",\n    \"acceptedAnswer\": {\n      \"@type\": \"Answer\",\n      \"text\": \"For the UN and other international organizations, sustainability is a series of characteristics of development that ensures the needs of the present without compromising the needs of future generations.\"\n    }\n  },{\n    \"@type\": \"Question\",\n    \"name\": \"What types of sustainability are there?\",\n    \"acceptedAnswer\": {\n      \"@type\": \"Answer\",\n      \"text\": \"The truth is, there are many types of sustainability, which are outlined in the 17 Sustainable Development Goals and their aims. Roughly speaking, these fall into: social sustainability, economic sustainability, and environmental sustainability.\"\n    }\n  }]\n}\n<\/script><\/p>\n\n\n\n<m-wysiwig class=\"wp-block-components-wysiwyg\"><div slot=\"maincontent\">\n<p><strong>Sustainability<\/strong> is a concept that&#8217;s gaining more and more followers. At the personal, business, and governmental levels, society is seeking values that are aligned with the concept of <em>sustainability<\/em>. This is the only way to build a society founded in a viable long-term economy. This is called circular society and economy.<\/p>\n\n\n\n<h2 class=\"wp-block-heading\">What is sustainability?<\/h2>\n\n\n\n<p>For the UN and other international organizations, sustainability is a series of characteristics of development that <strong>ensures the needs of the present without compromising the needs of future generations<\/strong>. This definition was proposed in the Brundtland Report of 1987. Today, this is known as <strong>sustainable development<\/strong> of the economy, the environment, and society.<\/p>\n\n\n\n<h2 class=\"wp-block-heading\">How many types of sustainability are there?<\/h2>\n\n\n\n<p>Environmental sustainability, which is perhaps the best known form, does not have to be tied to workplace, economic, or urban sustainability. It does undoubtedly have many points in common with them, though, and it&#8217;s been shown that these values do align.<\/p>\n\n\n\n<p>The truth is, <strong>there are many types of sustainability<\/strong>, which are outlined in the 17 Sustainable Development Goals and their aims. Roughly speaking, these fall into: social sustainability, economic sustainability, and environmental sustainability.<\/p>\n<\/div><\/m-wysiwig>\n\n\n\n<p><\/p>\n","protected":false},"excerpt":{"rendered":"","protected":false},"featured_media":0,"parent":0,"menu_order":0,"comment_status":"closed","ping_status":"closed","template":"","meta":{"_acf_changed":false,"footnotes":""},"class_list":["post-195107","page","type-page","status-publish","hentry"],"acf":[],"yoast_head":"<!-- This site is optimized with the Yoast SEO plugin v27.2 - https:\/\/yoast.com\/product\/yoast-seo-wordpress\/ -->\n<title>Sustainability - Ferrovial<\/title>\n<meta name=\"description\" content=\"Sustainability is a series of characteristics of development that ensures the needs of the present without compromising the needs of future generations.\" \/>\n<meta name=\"robots\" content=\"index, follow, max-snippet:-1, max-image-preview:large, max-video-preview:-1\" \/>\n<link rel=\"canonical\" href=\"https:\/\/www.ferrovial.com\/pl\/sustainability\/\" \/>\n<meta property=\"og:locale\" content=\"pl_PL\" \/>\n<meta property=\"og:type\" content=\"article\" \/>\n<meta property=\"og:title\" content=\"Sustainability - Ferrovial\" \/>\n<meta property=\"og:description\" content=\"Sustainability is a series of characteristics of development that ensures the needs of the present without compromising the needs of future generations.\" \/>\n<meta property=\"og:url\" content=\"https:\/\/www.ferrovial.com\/pl\/sustainability\/\" \/>\n<meta property=\"og:site_name\" content=\"Ferrovial\" \/>\n<meta property=\"article:publisher\" content=\"https:\/\/www.facebook.com\/ferrovial\" \/>\n<meta property=\"article:modified_time\" content=\"2025-06-25T16:42:01+00:00\" \/>\n<meta name=\"twitter:card\" content=\"summary_large_image\" \/>\n<meta name=\"twitter:site\" content=\"@ferrovial\" \/>\n<meta name=\"twitter:label1\" content=\"Est. reading time\" \/>\n\t<meta name=\"twitter:data1\" content=\"2 minutes\" \/>\n<!-- \/ Yoast SEO plugin. -->","yoast_head_json":{"title":"Sustainability - Ferrovial","description":"Sustainability is a series of characteristics of development that ensures the needs of the present without compromising the needs of future generations.","robots":{"index":"index","follow":"follow","max-snippet":"max-snippet:-1","max-image-preview":"max-image-preview:large","max-video-preview":"max-video-preview:-1"},"canonical":"https:\/\/www.ferrovial.com\/pl\/sustainability\/","og_locale":"pl_PL","og_type":"article","og_title":"Sustainability - Ferrovial","og_description":"Sustainability is a series of characteristics of development that ensures the needs of the present without compromising the needs of future generations.","og_url":"https:\/\/www.ferrovial.com\/pl\/sustainability\/","og_site_name":"Ferrovial","article_publisher":"https:\/\/www.facebook.com\/ferrovial","article_modified_time":"2025-06-25T16:42:01+00:00","twitter_card":"summary_large_image","twitter_site":"@ferrovial","twitter_misc":{"Est. reading time":"2 minutes"},"schema":{"@context":"https:\/\/schema.org","@graph":[{"@type":"WebPage","@id":"https:\/\/www.ferrovial.com\/pl\/sustainability\/","url":"https:\/\/www.ferrovial.com\/pl\/sustainability\/","name":"Sustainability - Ferrovial","isPartOf":{"@id":"https:\/\/www.ferrovial.com\/pl\/#website"},"datePublished":"2021-05-26T07:44:35+00:00","dateModified":"2025-06-25T16:42:01+00:00","description":"Sustainability is a series of characteristics of development that ensures the needs of the present without compromising the needs of future generations.","breadcrumb":{"@id":"https:\/\/www.ferrovial.com\/pl\/sustainability\/#breadcrumb"},"inLanguage":"pl","potentialAction":[{"@type":"ReadAction","target":["https:\/\/www.ferrovial.com\/pl\/sustainability\/"]}]},{"@type":"BreadcrumbList","@id":"https:\/\/www.ferrovial.com\/pl\/sustainability\/#breadcrumb","itemListElement":[{"@type":"ListItem","position":1,"name":"Portada","item":"https:\/\/www.ferrovial.com\/pl\/"},{"@type":"ListItem","position":2,"name":"Sustainability"}]},{"@type":"WebSite","@id":"https:\/\/www.ferrovial.com\/pl\/#website","url":"https:\/\/www.ferrovial.com\/pl\/","name":"Ferrovial","description":"Welcome to the Ferrovial&#039;s website, global operator of sustainable infrastructure. Here you can find all the information about the company and subsidiaries.","publisher":{"@id":"https:\/\/www.ferrovial.com\/pl\/#organization"},"potentialAction":[{"@type":"SearchAction","target":{"@type":"EntryPoint","urlTemplate":"https:\/\/www.ferrovial.com\/pl\/?s={search_term_string}"},"query-input":{"@type":"PropertyValueSpecification","valueRequired":true,"valueName":"search_term_string"}}],"inLanguage":"pl"},{"@type":"Organization","@id":"https:\/\/www.ferrovial.com\/pl\/#organization","name":"Ferrovial S.A.","url":"https:\/\/www.ferrovial.com\/pl\/","logo":{"@type":"ImageObject","inLanguage":"pl","@id":"https:\/\/www.ferrovial.com\/pl\/#\/schema\/logo\/image\/","url":"https:\/\/static.ferrovial.com\/wp-content\/uploads\/2020\/01\/13124948\/logo-ferrovial-cf7.png","contentUrl":"https:\/\/static.ferrovial.com\/wp-content\/uploads\/2020\/01\/13124948\/logo-ferrovial-cf7.png","width":144,"height":32,"caption":"Ferrovial S.A."},"image":{"@id":"https:\/\/www.ferrovial.com\/pl\/#\/schema\/logo\/image\/"},"sameAs":["https:\/\/www.facebook.com\/ferrovial","https:\/\/x.com\/ferrovial","https:\/\/www.instagram.com\/ferrovial\/","https:\/\/www.linkedin.com\/company\/ferrovial","https:\/\/www.pinterest.es\/ferrovial\/","https:\/\/www.youtube.com\/ferrovial","https:\/\/en.wikipedia.org\/wiki\/Ferrovial"]}]}},"_links":{"self":[{"href":"https:\/\/www.ferrovial.com\/pl\/wp-json\/wp\/v2\/pages\/195107","targetHints":{"allow":["GET"]}}],"collection":[{"href":"https:\/\/www.ferrovial.com\/pl\/wp-json\/wp\/v2\/pages"}],"about":[{"href":"https:\/\/www.ferrovial.com\/pl\/wp-json\/wp\/v2\/types\/page"}],"replies":[{"embeddable":true,"href":"https:\/\/www.ferrovial.com\/pl\/wp-json\/wp\/v2\/comments?post=195107"}],"version-history":[{"count":3,"href":"https:\/\/www.ferrovial.com\/pl\/wp-json\/wp\/v2\/pages\/195107\/revisions"}],"predecessor-version":[{"id":308223,"href":"https:\/\/www.ferrovial.com\/pl\/wp-json\/wp\/v2\/pages\/195107\/revisions\/308223"}],"wp:attachment":[{"href":"https:\/\/www.ferrovial.com\/pl\/wp-json\/wp\/v2\/media?parent=195107"}],"curies":[{"name":"wp","href":"https:\/\/api.w.org\/{rel}","templated":true}]}}