{"id":39018,"date":"2019-09-02T17:31:46","date_gmt":"2019-09-02T15:31:46","guid":{"rendered":"https:\/\/www.ferrovial.com\/home\/"},"modified":"2026-02-26T12:04:52","modified_gmt":"2026-02-26T11:04:52","slug":"home","status":"publish","type":"page","link":"https:\/\/www.ferrovial.com\/pl\/","title":{"rendered":"Home"},"content":{"rendered":"    <m-hero type='multipanel' :translations='{\n        &quot;play&quot;:&quot;Odtw\u00f3rz wideo w tle&quot;,\n        &quot;pause&quot;:&quot;Wstrzymaj wideo w tle&quot;,\n        &quot;external&quot;:&quot;Otw\u00f3rz nowe okno&quot;\n    }'>\n        <section slot=\"hero\">\n                                    <article handlertext='Dowiedz si\u0119 wi\u0119cej' bgtype='video' bgsource='https:\/\/static.ferrovial.com\/wp-content\/uploads\/2019\/12\/13141135\/17_budimex.mp4' bgposition='center center' poster='https:\/\/static.ferrovial.com\/wp-content\/uploads\/2019\/12\/13141133\/fotobucle-budimex-17.png' aria-label='Dowiedz si\u0119 wi\u0119cej'>\n\n                            \n                                                                <h2>\n                                                                                        <span position=\"1\">Infrastruktura<\/span>\n                                                                                                <span position=\"2\">kt\u00f3ra porusza ludzi<\/span>\n                                                                                    <\/h2>\n                                                                        <p>Symbol zast\u0119pczy opisu<\/p>\n                                                                        <a external='false'>About us<\/a>\n                                                            <\/article>\n                                                <article handlertext='Dowiedz si\u0119 wi\u0119cej' bgtype='video' bgsource='https:\/\/static.ferrovial.com\/wp-content\/uploads\/2019\/12\/13141135\/18_budimex.mp4' bgposition='center center' poster='https:\/\/static.ferrovial.com\/wp-content\/uploads\/2019\/12\/13141131\/fotobucle-budimex-18.png' aria-label='Dowiedz si\u0119 wi\u0119cej'>\n\n                            \n                                                                <h2>\n                                                                                        <span position=\"0\">Innowacja<\/span>\n                                                                                                <span position=\"1\">w<\/span>\n                                                                                                <span position=\"2\">we wszystkim<\/span>\n                                                                                    <\/h2>\n                                                                        <p>Symbol zast\u0119pczy opisu<\/p>\n                                                            <\/article>\n                                                <article handlertext='Dowiedz si\u0119 wi\u0119cej' bgtype='video' bgsource='https:\/\/static.ferrovial.com\/wp-content\/uploads\/2019\/12\/13141135\/19_budimex.mp4' bgposition='center center' poster='https:\/\/static.ferrovial.com\/wp-content\/uploads\/2019\/12\/13141129\/fotobucle-budimex-19.png' aria-label='Dowiedz si\u0119 wi\u0119cej'>\n\n                            \n                                                                <h2>\n                                                                                        <span position=\"0\">Zawsze w<\/span>\n                                                                                                <span position=\"1\">ruchu<\/span>\n                                                                                    <\/h2>\n                                                                        <p>Symbol zast\u0119pczy opisu<\/p>\n                                                            <\/article>\n                                <\/section>\n    <\/m-hero>\n\n    \n\n    \n    <m-services-distributor color='yellow'>\n                        <ul slot=\"services\">\n                                                <li>\n                                <a href=\"https:\/\/www.ferrovial.com\/pl\/construction\/\" title=\"Obszary dzia\u0142alno\u015bci\">\n                                                                                <c-icon icon=\"construction\"><\/c-icon>\n                                                                                <span>\n                                        Obszary dzia\u0142alno\u015bci                                    <\/span>\n                                    \n                                <\/a>\n                            <\/li>\n                                            <\/ul>\n                    <\/m-services-distributor>\n\n    \n\n    <m-distributor-brands-extended>\n                        <h2 slot=\"label\">\n                    Marka                <\/h2>\n                                <h3 slot=\"title\">\n                    Poznaj lepiej nasz\u0105 mark\u0119 w Polsce                <\/h3>\n                                    <a slot='card' href='https:\/\/www.ferrovial.com\/pl\/' title='Budimex'>\n                        <h3>\n                                                                <img src='https:\/\/static.ferrovial.com\/wp-content\/uploads\/2019\/10\/13134005\/CNT-PRINCIPAL-BUDIMEX.svg' alt='logo budimex' \/>\n                                                            <\/h3>\n                                                        <label>\n                                    Dowiedz si\u0119 wi\u0119cej                                <\/label>\n                                                        <c-masked-image path='3' src='https:\/\/static.ferrovial.com\/wp-content\/uploads\/2019\/12\/13131956\/bridge-over-vistula-river-in-kwidzyn-budimex-350x350.jpg'>\n\t\t\t\t\t\t<\/c-masked-image>\n                    <\/a>\n                        <\/m-distributor-brands-extended>\n\n    \n\n    <m-hero type='carousel' slot='carousel' :translations='{\n        &quot;play&quot;:&quot;Odtw\u00f3rz wideo w tle&quot;,\n        &quot;pause&quot;:&quot;Wstrzymaj wideo w tle&quot;,\n        &quot;prev&quot;:&quot;Poprzedni&quot;,\n        &quot;next&quot;:&quot;Nast\u0119pny&quot;,\n        &quot;paginationseparator&quot;:&quot;z&quot;,\n        &quot;goto&quot;:&quot;Go to slide&quot;,\n        &quot;external&quot;:&quot;Otw\u00f3rz nowe okno&quot;\n    }'>\n                            <div slot=\"carouselItem\">\n                                                        <c-background-video :sources=\"['https:\/\/static.ferrovial.com\/wp-content\/uploads\/2020\/01\/13130642\/22-looking-at-sb-hwy-400-from-hwy.mp4']\" position=\"center center\" poster=\"https:\/\/static.ferrovial.com\/wp-content\/uploads\/2019\/09\/13135419\/407etr-toll-road-canada.jpg\" :translations=\"{&quot;play&quot;:&quot;Odtw\u00f3rz wideo w tle&quot;,&quot;pause&quot;:&quot;Wstrzymaj wideo w tle&quot;}\">\n                                <\/c-background-video>\n                                \n                        <div class=\"m-hero__section__content\">\n                                                                <h2>Zintegrowany raport roczny<\/h2>\n                                                                        <c-link external=\"false\" icon=\"arrow\" iconsize=\"s\" iconposition=\"right\" sr-only=\"\">\n                                        <a href=\"https:\/\/www.ferrovial.com\/en\/ir-shareholders\/financial-information\/integrated-annual-report\/\" target=\"\" title=\"View more\">View more<\/a>\n                                    <\/c-link>\n                                                            <\/div>\n                    <\/div>\n                                        <div slot=\"carouselItem\">\n                                                        <c-background-video :sources=\"['https:\/\/static.ferrovial.com\/wp-content\/uploads\/2020\/01\/13130439\/autopistas_managed-lanes-bucle-02_1-1.mp4']\" position=\"center center\" poster=\"https:\/\/static.ferrovial.com\/wp-content\/uploads\/2019\/09\/13141709\/toll-roads-us-texas-lbj-express-1.jpg\" :translations=\"{&quot;play&quot;:&quot;Odtw\u00f3rz wideo w tle&quot;,&quot;pause&quot;:&quot;Wstrzymaj wideo w tle&quot;}\">\n                                <\/c-background-video>\n                                \n                        <div class=\"m-hero__section__content\">\n                                                                <h2>Kwartalna informacja finansowa<\/h2>\n                                                                        <c-link external=\"false\" icon=\"arrow\" iconsize=\"s\" iconposition=\"right\" sr-only=\"\">\n                                        <a href=\"https:\/\/www.ferrovial.com\/en\/ir-shareholders\/financial-information\/quarterly-financial-information\/\" target=\"\" title=\"Zobacz wi\u0119cej\">Zobacz wi\u0119cej<\/a>\n                                    <\/c-link>\n                                                            <\/div>\n                    <\/div>\n                        <\/m-hero>\n    \n\n    <m-projects-distributor2 :translations='{\n        &quot;prev&quot;:&quot;Poprzedni&quot;,\n        &quot;next&quot;:&quot;Nast\u0119pny&quot;,\n        &quot;paginationseparator&quot;:&quot;z&quot;\n    }'>\n                        <h2 slot=\"title\">\n                Wyr\u00f3\u017cnione projekty                 <\/h2>\n                        <a slot='button' title='Wi\u0119cej o naszych projektach' href='https:\/\/www.ferrovial.com\/pl\/projects\/'>\n            Wi\u0119cej o naszych projektach        <\/a>\n\n            <\/m-projects-distributor2>\n\n    \n\n    <m-careers>\n                            <section slot=\"careers\">\n                        <div>\n                                                                <h2>\n                                        Praca                                    <\/h2>\n                                                                        <h3>\n                                        Do\u0142\u0105cz do naszego zespo\u0142u                                    <\/h3>\n                                                                <blockquote>\n                                                                <img decoding=\"async\" src=\"https:\/\/static.ferrovial.com\/wp-content\/uploads\/2019\/12\/13141148\/poland_testimonios.png\" alt=\"real employee in poland\" \/>\n                                <p>Jestem cz\u0119\u015bci\u0105 firmy, kt\u00f3ra przyczyni\u0142a si\u0119 do rozwoju kraju zamieszka\u0142ego przez 38 milion\u00f3w os\u00f3b.<\/p>\n\n                                                                        <footer>\n                                                                                                <cite>\n                                                        Tomasz Franczewski                                                    <\/cite>\n                                                                                                        <p>\n                                                        Dyrektor Pionu Realizacji                                                     <\/p>\n                                                                                            <\/footer>\n                                                                    <\/blockquote>\n\n                                                                <nav>\n                                        <ul>\n                                                                                                <li>\n                                                        <a href=\"https:\/\/www.ferrovial.com\/en\/careers\/\" title=\"Kariera\" target=\"_blank\" icon=\"offers\">\n                                                            Kariera                                                        <\/a>\n                                                    <\/li>\n                                                                                            <\/ul>\n                                    <\/nav>\n                                                            <\/div>\n                    <\/section>\n                    <\/m-careers>\n\n    \n\n    <m-annual-report :whitetext='false' :gutenberg='true'>\n                        <p slot=\"cta\">\n                    Ferrovial&#8217;s Key Figures from 2025                <\/p>\n                \n                        <c-button href='https:\/\/informeanualintegrado2025.ferrovial.com\/en\/' title='Integrated Annual Report' slot='cta' disabled='false' type='ghost-positive-alt' target='_blank' rel='noopener' >\n                Integrated Annual Report                <span class=\"sr-only\">Open in a new tab<\/span>\n                                <\/c-button>\n                \n        \n            <ul slot=\"cypher\">\n\n                                            <li>\n                                \n                                <div>\n                                    <span>\u20ac<\/span><span >9.6<\/span><span>B<\/span>\n                                <\/div>\n\n                                                                        <span>\n                                            Revenues                                        <\/span>\n                                                                    <\/li>\n                                                    <li>\n                                \n                                <div>\n                                    <span>\u20ac<\/span><span >40.6<\/span><span>B<\/span>\n                                <\/div>\n\n                                                                        <span>\n                                            Capitalization                                        <\/span>\n                                                                    <\/li>\n                                                    <li>\n                                \n                                <div>\n                                    <span>\u20ac<\/span><span >5.1<\/span><span>B<\/span>\n                                <\/div>\n\n                                                                        <span>\n                                            Total liquidity                                        <\/span>\n                                                                    <\/li>\n                                                    <li>\n                                \n                                <div>\n                                    <span><\/span><span >22609<\/span><span><\/span>\n                                <\/div>\n\n                                                                        <span>\n                                            Employees                                        <\/span>\n                                                                    <\/li>\n                        \n            <\/ul>\n            <\/m-annual-report>\n\n    \n\n\n<p><\/p>\n","protected":false},"excerpt":{"rendered":"","protected":false},"featured_media":0,"parent":0,"menu_order":0,"comment_status":"closed","ping_status":"closed","template":"template-home.php","meta":{"_acf_changed":false,"footnotes":""},"class_list":["post-39018","page","type-page","status-publish","hentry"],"acf":[],"yoast_head":"<!-- This site is optimized with the Yoast SEO plugin v27.2 - https:\/\/yoast.com\/product\/yoast-seo-wordpress\/ -->\n<title>Ferrovial: Sustainable Infrastructure<\/title>\n<meta name=\"description\" content=\"Welcome to the Ferrovial&#039;s website, global operator of mobility and infrastructure. Here you can find all the information about the company and subsidiaries.\" \/>\n<meta name=\"robots\" content=\"index, follow, max-snippet:-1, max-image-preview:large, max-video-preview:-1\" \/>\n<link rel=\"canonical\" href=\"https:\/\/www.ferrovial.com\/pl\/\" \/>\n<meta property=\"og:locale\" content=\"pl_PL\" \/>\n<meta property=\"og:type\" content=\"article\" \/>\n<meta property=\"og:title\" content=\"Ferrovial: Sustainable Infrastructure\" \/>\n<meta property=\"og:description\" content=\"Welcome to the Ferrovial&#039;s website, global operator of mobility and infrastructure. Here you can find all the information about the company and subsidiaries.\" \/>\n<meta property=\"og:url\" content=\"https:\/\/www.ferrovial.com\/pl\/\" \/>\n<meta property=\"og:site_name\" content=\"Ferrovial\" \/>\n<meta property=\"article:publisher\" content=\"https:\/\/www.facebook.com\/ferrovial\" \/>\n<meta property=\"article:modified_time\" content=\"2026-02-26T11:04:52+00:00\" \/>\n<meta name=\"twitter:card\" content=\"summary_large_image\" \/>\n<meta name=\"twitter:site\" content=\"@ferrovial\" \/>\n<!-- \/ Yoast SEO plugin. -->","yoast_head_json":{"title":"Ferrovial: Sustainable Infrastructure","description":"Welcome to the Ferrovial's website, global operator of mobility and infrastructure. Here you can find all the information about the company and subsidiaries.","robots":{"index":"index","follow":"follow","max-snippet":"max-snippet:-1","max-image-preview":"max-image-preview:large","max-video-preview":"max-video-preview:-1"},"canonical":"https:\/\/www.ferrovial.com\/pl\/","og_locale":"pl_PL","og_type":"article","og_title":"Ferrovial: Sustainable Infrastructure","og_description":"Welcome to the Ferrovial's website, global operator of mobility and infrastructure. Here you can find all the information about the company and subsidiaries.","og_url":"https:\/\/www.ferrovial.com\/pl\/","og_site_name":"Ferrovial","article_publisher":"https:\/\/www.facebook.com\/ferrovial","article_modified_time":"2026-02-26T11:04:52+00:00","twitter_card":"summary_large_image","twitter_site":"@ferrovial","schema":{"@context":"https:\/\/schema.org","@graph":[{"@type":"WebPage","@id":"https:\/\/www.ferrovial.com\/pl\/","url":"https:\/\/www.ferrovial.com\/pl\/","name":"Ferrovial: Sustainable Infrastructure","isPartOf":{"@id":"https:\/\/www.ferrovial.com\/pl\/#website"},"datePublished":"2019-09-02T15:31:46+00:00","dateModified":"2026-02-26T11:04:52+00:00","description":"Welcome to the Ferrovial's website, global operator of mobility and infrastructure. Here you can find all the information about the company and subsidiaries.","breadcrumb":{"@id":"https:\/\/www.ferrovial.com\/pl\/#breadcrumb"},"inLanguage":"pl","potentialAction":[{"@type":"ReadAction","target":["https:\/\/www.ferrovial.com\/pl\/"]}]},{"@type":"BreadcrumbList","@id":"https:\/\/www.ferrovial.com\/pl\/#breadcrumb","itemListElement":[{"@type":"ListItem","position":1,"name":"Portada","item":"https:\/\/www.ferrovial.com\/pl\/"},{"@type":"ListItem","position":2,"name":"Home"}]},{"@type":"WebSite","@id":"https:\/\/www.ferrovial.com\/pl\/#website","url":"https:\/\/www.ferrovial.com\/pl\/","name":"Ferrovial","description":"Welcome to the Ferrovial&#039;s website, global operator of sustainable infrastructure. Here you can find all the information about the company and subsidiaries.","publisher":{"@id":"https:\/\/www.ferrovial.com\/pl\/#organization"},"potentialAction":[{"@type":"SearchAction","target":{"@type":"EntryPoint","urlTemplate":"https:\/\/www.ferrovial.com\/pl\/?s={search_term_string}"},"query-input":{"@type":"PropertyValueSpecification","valueRequired":true,"valueName":"search_term_string"}}],"inLanguage":"pl"},{"@type":"Organization","@id":"https:\/\/www.ferrovial.com\/pl\/#organization","name":"Ferrovial S.A.","url":"https:\/\/www.ferrovial.com\/pl\/","logo":{"@type":"ImageObject","inLanguage":"pl","@id":"https:\/\/www.ferrovial.com\/pl\/#\/schema\/logo\/image\/","url":"https:\/\/static.ferrovial.com\/wp-content\/uploads\/2020\/01\/13124948\/logo-ferrovial-cf7.png","contentUrl":"https:\/\/static.ferrovial.com\/wp-content\/uploads\/2020\/01\/13124948\/logo-ferrovial-cf7.png","width":144,"height":32,"caption":"Ferrovial S.A."},"image":{"@id":"https:\/\/www.ferrovial.com\/pl\/#\/schema\/logo\/image\/"},"sameAs":["https:\/\/www.facebook.com\/ferrovial","https:\/\/x.com\/ferrovial","https:\/\/www.instagram.com\/ferrovial\/","https:\/\/www.linkedin.com\/company\/ferrovial","https:\/\/www.pinterest.es\/ferrovial\/","https:\/\/www.youtube.com\/ferrovial","https:\/\/en.wikipedia.org\/wiki\/Ferrovial"]}]}},"_links":{"self":[{"href":"https:\/\/www.ferrovial.com\/pl\/wp-json\/wp\/v2\/pages\/39018","targetHints":{"allow":["GET"]}}],"collection":[{"href":"https:\/\/www.ferrovial.com\/pl\/wp-json\/wp\/v2\/pages"}],"about":[{"href":"https:\/\/www.ferrovial.com\/pl\/wp-json\/wp\/v2\/types\/page"}],"replies":[{"embeddable":true,"href":"https:\/\/www.ferrovial.com\/pl\/wp-json\/wp\/v2\/comments?post=39018"}],"version-history":[{"count":3,"href":"https:\/\/www.ferrovial.com\/pl\/wp-json\/wp\/v2\/pages\/39018\/revisions"}],"predecessor-version":[{"id":325537,"href":"https:\/\/www.ferrovial.com\/pl\/wp-json\/wp\/v2\/pages\/39018\/revisions\/325537"}],"wp:attachment":[{"href":"https:\/\/www.ferrovial.com\/pl\/wp-json\/wp\/v2\/media?parent=39018"}],"curies":[{"name":"wp","href":"https:\/\/api.w.org\/{rel}","templated":true}]}}