{"id":41358,"date":"2019-09-05T11:47:16","date_gmt":"2019-09-05T09:47:16","guid":{"rendered":"https:\/\/www.ferrovial.com\/budimex\/"},"modified":"2020-04-21T23:53:19","modified_gmt":"2020-04-21T21:53:19","slug":"budimex","status":"publish","type":"page","link":"https:\/\/www.ferrovial.com\/pl\/budimex\/","title":{"rendered":"Budimex"},"content":{"rendered":"\n    <m-hero type='brand' gutenberg='gutenberg' :translations='{\n        &quot;play&quot;:&quot;Odtw\u00f3rz wideo w tle&quot;,\n        &quot;pause&quot;:&quot;Wstrzymaj wideo w tle&quot;,\n        &quot;prev&quot;:&quot;Poprzedni&quot;,\n        &quot;next&quot;:&quot;Nast\u0119pny&quot;,\n        &quot;paginationseparator&quot;:&quot;z&quot;,\n        &quot;goto&quot;:&quot;Go to slide&quot;\n    }'>\n                        \n                \n                <section slot=\"hero\">\n                    <article bgtype='video' bgsource='https:\/\/static.ferrovial.com\/wp-content\/uploads\/2020\/01\/13130731\/05-budimex_1_1.mp4' bgposition='center center' poster='https:\/\/static.ferrovial.com\/wp-content\/uploads\/2019\/12\/13131959\/bridge-over-vistula-river-in-kwidzyn-budimex-2-1920x1080.jpg'>\n                                                <h1><span label=\"Budimex\" bg=\"background-image: url('https:\/\/static.ferrovial.com\/wp-content\/uploads\/2019\/10\/13134010\/CNT-BL-BUDIMEX.svg')\"><\/span><\/h1>\n                                            <\/article>\n                <\/section>\n                <\/m-hero>\n    \n\n    \n    <m-header-brand>\n                            <a slot='logo' href='https:\/\/www.ferrovial.com\/pl\/budimex\/' title='Logo Budimex'>\n                        <span class=\"sr-only\">Logo Budimex<\/span>\n                        <span role=\"img\" aria-label=\"Logo Budimex\" style=\"background-image: url('https:\/\/static.ferrovial.com\/wp-content\/uploads\/2020\/01\/13131510\/cnt-bl-budimex.svg')\"><\/span>\n                    <\/a>\n                                <ul slot=\"links\">\n                                                <li>\n                                <a href='https:\/\/www.ferrovial.com\/pl\/budimex\/czym-sie-zajmujemy\/' title='Czym si\u0119 zajmujemy'>\n                                    Czym si\u0119 zajmujemy                                <\/a>\n                            <\/li>\n                                                        <li>\n                                <a href='https:\/\/www.ferrovial.com\/pl\/budimex\/kim-jestesmy\/' title='Kim jeste\u015bmy'>\n                                    Kim jeste\u015bmy                                <\/a>\n                            <\/li>\n                                            <\/ul>\n                    <\/m-header-brand>\n    \n\n\n    <m-introduction-brand type=\"primary\" gutenberg>\n                        <h2 slot=\"label\">\n                    +50 LAT DO\u015aWIADCZENIA                <\/h2>\n                                <h3 slot=\"title\">\n                    Najwi\u0119ksza firma budowlana w Polsce                <\/h3>\n                                <p slot=\"description\">\n                    Jako generalny wykonawca \u015bwiadczymy us\u0142ugi w sektorze infrastruktury, w tym w zakresie budowy i utrzymania dr\u00f3g, linii kolejowych, lotnisk i budynk\u00f3w komercyjnych, a tak\u017ce w sektorach energetycznym, przemys\u0142owym i ekologicznym.                <\/p>\n                        <button slot=\"button\" link=\"https:\/\/www.ferrovial.com\/pl\/budimex\/kim-jestesmy\/\">\n            WI\u0118CEJ O NAS        <\/button>\n    <\/m-introduction-brand>\n\n    \n\n\n    <m-projects-distributor2 :translations='{\n        &quot;prev&quot;:&quot;Poprzedni&quot;,\n        &quot;next&quot;:&quot;Nast\u0119pny&quot;,\n        &quot;paginationseparator&quot;:&quot;z&quot;\n    }'>\n                        <h2 slot=\"title\">\n                Wyr\u00f3\u017cnione projekty                 <\/h2>\n                        <a slot='button' title='Wi\u0119cej o naszych projektach' href='https:\/\/www.ferrovial.com\/pl\/projects\/'>\n            Wi\u0119cej o naszych projektach        <\/a>\n\n            <\/m-projects-distributor2>\n\n    \n\n    <m-careers>\n                            <section slot=\"careers\">\n                        <div>\n                                                                <h2>\n                                        Praca                                    <\/h2>\n                                                                        <h3>\n                                        Do\u0142\u0105cz do naszego zespo\u0142u                                    <\/h3>\n                                                                <blockquote>\n                                                                <img decoding=\"async\" src=\"https:\/\/static.ferrovial.com\/wp-content\/uploads\/2019\/12\/13141148\/poland_testimonios.png\" alt=\"real employee in poland\" \/>\n                                <p>Jestem cz\u0119\u015bci\u0105 firmy, kt\u00f3ra przyczyni\u0142a si\u0119 do rozwoju kraju zamieszka\u0142ego przez 38 milion\u00f3w os\u00f3b.<\/p>\n\n                                                                        <footer>\n                                                                                                <cite>\n                                                        Tomasz Franczewski                                                    <\/cite>\n                                                                                                        <p>\n                                                        Dyrektor biura technicznego                                                    <\/p>\n                                                                                            <\/footer>\n                                                                    <\/blockquote>\n\n                                                                <nav>\n                                        <ul>\n                                                                                                <li>\n                                                        <a href=\"https:\/\/www.ferrovial.com\/en\/careers\/\" title=\"Kariera\" target=\"_blank\" icon=\"offers\">\n                                                            Kariera                                                        <\/a>\n                                                    <\/li>\n                                                                                            <\/ul>\n                                    <\/nav>\n                                                            <\/div>\n                    <\/section>\n                    <\/m-careers>\n\n    \n\n    <m-annual-report :whitetext='false' :gutenberg='true'>\n                        <p slot=\"cta\">\n                    Zobacz wyniki Ferrovial za zesz\u0142y rok                <\/p>\n                \n                        <c-button title='Zintegrowany raport roczny' slot='cta' disabled='false' type='ghost-positive-alt' >\n                Zintegrowany raport roczny                <\/c-button>\n                \n        \n            <ul slot=\"cypher\">\n\n                                            <li>\n                                \n                                <div>\n                                    <span>\u20ac<\/span><span >6054<\/span><span>M<\/span>\n                                <\/div>\n\n                                                                        <span>\n                                            Odsprzeda\u017c                                        <\/span>\n                                                                    <\/li>\n                                                    <li>\n                                \n                                <div>\n                                    <span>\u20ac<\/span><span >19829<\/span><span>M<\/span>\n                                <\/div>\n\n                                                                        <span>\n                                            Kapitalizacja                                        <\/span>\n                                                                    <\/li>\n                                                    <li>\n                                \n                                <div>\n                                    <span>\u20ac<\/span><span >810<\/span><span>M<\/span>\n                                <\/div>\n\n                                                                        <span>\n                                            Operacyjny przep\u0142yw got\u00f3wki                                        <\/span>\n                                                                    <\/li>\n                                                    <li>\n                                \n                                <div>\n                                    <span><\/span><span >89968<\/span><span><\/span>\n                                <\/div>\n\n                                                                        <span>\n                                            Pracownicy                                        <\/span>\n                                                                    <\/li>\n                        \n            <\/ul>\n            <\/m-annual-report>\n\n    \n\n\n<p><\/p>\n","protected":false},"excerpt":{"rendered":"","protected":false},"featured_media":0,"parent":0,"menu_order":0,"comment_status":"closed","ping_status":"closed","template":"template-brand.php","meta":{"_acf_changed":false,"footnotes":""},"class_list":["post-41358","page","type-page","status-publish","hentry"],"acf":[],"yoast_head":"<!-- This site is optimized with the Yoast SEO plugin v27.2 - https:\/\/yoast.com\/product\/yoast-seo-wordpress\/ -->\n<title>Budimex - Ferrovial<\/title>\n<meta name=\"description\" content=\"Welcome to the Ferrovial&#039;s website, global operator of sustainable infrastructure. Here you can find all the information about the company and subsidiaries.\" \/>\n<meta name=\"robots\" content=\"index, follow, max-snippet:-1, max-image-preview:large, max-video-preview:-1\" \/>\n<link rel=\"canonical\" href=\"https:\/\/www.ferrovial.com\/pl\/budimex\/\" \/>\n<meta property=\"og:locale\" content=\"pl_PL\" \/>\n<meta property=\"og:type\" content=\"article\" \/>\n<meta property=\"og:title\" content=\"Budimex - Ferrovial\" \/>\n<meta property=\"og:description\" content=\"Welcome to the Ferrovial&#039;s website, global operator of sustainable infrastructure. Here you can find all the information about the company and subsidiaries.\" \/>\n<meta property=\"og:url\" content=\"https:\/\/www.ferrovial.com\/pl\/budimex\/\" \/>\n<meta property=\"og:site_name\" content=\"Ferrovial\" \/>\n<meta property=\"article:publisher\" content=\"https:\/\/www.facebook.com\/ferrovial\" \/>\n<meta property=\"article:modified_time\" content=\"2020-04-21T21:53:19+00:00\" \/>\n<meta name=\"twitter:card\" content=\"summary_large_image\" \/>\n<meta name=\"twitter:site\" content=\"@ferrovial\" \/>\n<!-- \/ Yoast SEO plugin. -->","yoast_head_json":{"title":"Budimex - Ferrovial","description":"Welcome to the Ferrovial's website, global operator of sustainable infrastructure. Here you can find all the information about the company and subsidiaries.","robots":{"index":"index","follow":"follow","max-snippet":"max-snippet:-1","max-image-preview":"max-image-preview:large","max-video-preview":"max-video-preview:-1"},"canonical":"https:\/\/www.ferrovial.com\/pl\/budimex\/","og_locale":"pl_PL","og_type":"article","og_title":"Budimex - Ferrovial","og_description":"Welcome to the Ferrovial's website, global operator of sustainable infrastructure. Here you can find all the information about the company and subsidiaries.","og_url":"https:\/\/www.ferrovial.com\/pl\/budimex\/","og_site_name":"Ferrovial","article_publisher":"https:\/\/www.facebook.com\/ferrovial","article_modified_time":"2020-04-21T21:53:19+00:00","twitter_card":"summary_large_image","twitter_site":"@ferrovial","schema":{"@context":"https:\/\/schema.org","@graph":[{"@type":"WebPage","@id":"https:\/\/www.ferrovial.com\/pl\/budimex\/","url":"https:\/\/www.ferrovial.com\/pl\/budimex\/","name":"Budimex - Ferrovial","isPartOf":{"@id":"https:\/\/www.ferrovial.com\/pl\/#website"},"datePublished":"2019-09-05T09:47:16+00:00","dateModified":"2020-04-21T21:53:19+00:00","description":"Welcome to the Ferrovial's website, global operator of sustainable infrastructure. Here you can find all the information about the company and subsidiaries.","breadcrumb":{"@id":"https:\/\/www.ferrovial.com\/pl\/budimex\/#breadcrumb"},"inLanguage":"pl","potentialAction":[{"@type":"ReadAction","target":["https:\/\/www.ferrovial.com\/pl\/budimex\/"]}]},{"@type":"BreadcrumbList","@id":"https:\/\/www.ferrovial.com\/pl\/budimex\/#breadcrumb","itemListElement":[{"@type":"ListItem","position":1,"name":"Portada","item":"https:\/\/www.ferrovial.com\/pl\/"},{"@type":"ListItem","position":2,"name":"Budimex"}]},{"@type":"WebSite","@id":"https:\/\/www.ferrovial.com\/pl\/#website","url":"https:\/\/www.ferrovial.com\/pl\/","name":"Ferrovial","description":"Welcome to the Ferrovial&#039;s website, global operator of sustainable infrastructure. Here you can find all the information about the company and subsidiaries.","publisher":{"@id":"https:\/\/www.ferrovial.com\/pl\/#organization"},"potentialAction":[{"@type":"SearchAction","target":{"@type":"EntryPoint","urlTemplate":"https:\/\/www.ferrovial.com\/pl\/?s={search_term_string}"},"query-input":{"@type":"PropertyValueSpecification","valueRequired":true,"valueName":"search_term_string"}}],"inLanguage":"pl"},{"@type":"Organization","@id":"https:\/\/www.ferrovial.com\/pl\/#organization","name":"Ferrovial S.A.","url":"https:\/\/www.ferrovial.com\/pl\/","logo":{"@type":"ImageObject","inLanguage":"pl","@id":"https:\/\/www.ferrovial.com\/pl\/#\/schema\/logo\/image\/","url":"https:\/\/static.ferrovial.com\/wp-content\/uploads\/2020\/01\/13124948\/logo-ferrovial-cf7.png","contentUrl":"https:\/\/static.ferrovial.com\/wp-content\/uploads\/2020\/01\/13124948\/logo-ferrovial-cf7.png","width":144,"height":32,"caption":"Ferrovial S.A."},"image":{"@id":"https:\/\/www.ferrovial.com\/pl\/#\/schema\/logo\/image\/"},"sameAs":["https:\/\/www.facebook.com\/ferrovial","https:\/\/x.com\/ferrovial","https:\/\/www.instagram.com\/ferrovial\/","https:\/\/www.linkedin.com\/company\/ferrovial","https:\/\/www.pinterest.es\/ferrovial\/","https:\/\/www.youtube.com\/ferrovial","https:\/\/en.wikipedia.org\/wiki\/Ferrovial"]}]}},"_links":{"self":[{"href":"https:\/\/www.ferrovial.com\/pl\/wp-json\/wp\/v2\/pages\/41358","targetHints":{"allow":["GET"]}}],"collection":[{"href":"https:\/\/www.ferrovial.com\/pl\/wp-json\/wp\/v2\/pages"}],"about":[{"href":"https:\/\/www.ferrovial.com\/pl\/wp-json\/wp\/v2\/types\/page"}],"replies":[{"embeddable":true,"href":"https:\/\/www.ferrovial.com\/pl\/wp-json\/wp\/v2\/comments?post=41358"}],"version-history":[{"count":2,"href":"https:\/\/www.ferrovial.com\/pl\/wp-json\/wp\/v2\/pages\/41358\/revisions"}],"predecessor-version":[{"id":164150,"href":"https:\/\/www.ferrovial.com\/pl\/wp-json\/wp\/v2\/pages\/41358\/revisions\/164150"}],"wp:attachment":[{"href":"https:\/\/www.ferrovial.com\/pl\/wp-json\/wp\/v2\/media?parent=41358"}],"curies":[{"name":"wp","href":"https:\/\/api.w.org\/{rel}","templated":true}]}}